{"id":4182,"date":"2015-06-20T16:11:19","date_gmt":"2015-06-20T16:11:19","guid":{"rendered":"https:\/\/koroglucivata.com\/?page_id=4182"},"modified":"2022-02-10T21:51:50","modified_gmt":"2022-02-10T21:51:50","slug":"hakkimizda","status":"publish","type":"page","link":"https:\/\/korogluhirdavat.com.tr\/?page_id=4182","title":{"rendered":"Hakk\u0131m\u0131zda"},"content":{"rendered":"<p>[vc_row content_placement=&#8221;middle&#8221; gap=&#8221;0&#8243; css=&#8221;.vc_custom_1630489589407{margin-top: -20px !important;margin-bottom: 50px !important;background-color: #f0f2f5 !important;background-position: 0 0 !important;background-repeat: no-repeat !important;}&#8221; el_class=&#8221;bg-right banner-radius&#8221;][vc_column width=&#8221;1\/2&#8243; css=&#8221;.vc_custom_1599461313455{padding-top: 30px !important;padding-bottom: 30px !important;padding-left: 5% !important;}&#8221;][vc_column_text css=&#8221;.vc_custom_1631859858159{margin-bottom: 0px !important;}&#8221;]<\/p>\n<h2 class=\"h1-big\" style=\"margin-bottom: 25px;\"><img loading=\"lazy\" decoding=\"async\" class=\"alignnone size-full wp-image-17723\" src=\"https:\/\/koroglucivata.com\/wp-content\/uploads\/2021\/08\/logo-kucuk-1.png\" alt=\"\" width=\"190\" height=\"46\" \/><\/h2>\n<h1 class=\"h1-big\" style=\"margin-bottom: 25px;\">Ba\u011flant\u0131n\u0131z\u0131 Bizimle Kurun!<\/h1>\n<ul class=\"ul-style-none style-horizontal font-bold body-color\" style=\"margin-bottom: 25px; font-size: 18px;\">\n<li><img loading=\"lazy\" decoding=\"async\" class=\"size-full wp-image-17182 alignnone\" src=\"https:\/\/koroglucivata.com\/wp-content\/uploads\/2020\/09\/truck.png\" alt=\"\" width=\"20\" height=\"21\" \/>Y\u00fczbinlerce \u00dcr\u00fcn \u00c7e\u015fidi<\/li>\n<li><img loading=\"lazy\" decoding=\"async\" class=\"size-full wp-image-17181 alignnone\" src=\"https:\/\/koroglucivata.com\/wp-content\/uploads\/2020\/09\/package.png\" alt=\"\" width=\"20\" height=\"21\" \/>Kaliteli \u00dcr\u00fcn Anlay\u0131\u015f\u0131<\/li>\n<\/ul>\n<p>[\/vc_column_text][\/vc_column][vc_column width=&#8221;1\/2&#8243; css=&#8221;.vc_custom_1596622644623{padding-top: 20px !important;}&#8221;][vc_single_image image=&#8221;17748&#8243; img_size=&#8221;full&#8221; alignment=&#8221;center&#8221; css=&#8221;.vc_custom_1630489505489{margin-bottom: 0px !important;}&#8221;][vc_single_image image=&#8221;21062&#8243; img_size=&#8221;500&#215;500&#8243; alignment=&#8221;center&#8221;][vc_empty_space][\/vc_column][\/vc_row][vc_row][vc_column offset=&#8221;vc_hidden-md vc_hidden-sm vc_hidden-xs&#8221;][vc_empty_space height=&#8221;30px&#8221;][vc_btn title=&#8221;K\u00d6RO\u011eLU HIRDAVAT K\u0130MD\u0130R?&#8221; style=&#8221;3d&#8221; size=&#8221;lg&#8221; align=&#8221;center&#8221; button_block=&#8221;true&#8221;][\/vc_column][\/vc_row][vc_row css=&#8221;.vc_custom_1599461007416{margin-bottom: 20px !important;}&#8221; el_class=&#8221;mobile-border-0&#8243;][vc_column][vc_column_text css=&#8221;.vc_custom_1644529416652{margin-bottom: 50px !important;}&#8221;]<\/p>\n<pre>2004 y\u0131l\u0131nda \u0130stanbul\u2019da , d\u00f6rt karde\u015fin i\u015fbirli\u011fi ve ortakl\u0131\u011f\u0131yla kurulan K\u00f6ro\u011flu Civata H\u0131rdavat LTD.\u015eT\u0130 , her ge\u00e7en g\u00fcn kendini yenileyen ve geli\u015ftiren firma anlay\u0131\u015f\u0131yla 100,000 \u2018i a\u015fk\u0131n \u00fcr\u00fcn \u00e7e\u015fitiyle sanayi ve ticaret ekipmanlar\u0131 sekt\u00f6r\u00fcnde hizmet vermektedir.Bu sekt\u00f6rde K\u00f6ro\u011flu Civata H\u0131rdavat LTD.\u015eT\u0130 olarak 2004'ten beri edindi\u011fimiz bilgi ve deneyimi koroglucivata.com olarak siz m\u00fc\u015fterilerimize daha kolay ve h\u0131zl\u0131 bir \u015fekilde ula\u015ft\u0131rmaya devam ediyoruz. Uzun y\u0131llar i\u00e7inde edindi\u011fimiz deneyim ve i\u015f ahlak\u0131 ile , Bosch, Dewalt, Ceta-Form, Karbosan, Black&amp;Decker gibi b\u00fcy\u00fck markalar\u0131 sizlere sunuyoruz.Gerek her biri d\u00fcnya markas\u0131 olan kaliteli \u00fcr\u00fcnleri, gerek hobileriniz i\u00e7in \u00f6zel imal \u00fcr\u00fcnleri h\u0131zl\u0131 ve sorunsuz bir \u015fekilde ula\u015ft\u0131r\u0131yoruz.\n\nProfesyonel ve tecr\u00fcbeli m\u00fc\u015fteri temsilcilerimiz bizlere ula\u015ft\u0131\u011f\u0131n\u0131z her a\u015famada sizi bilgilendirir ve istekleriniz do\u011frultusunda yard\u0131mc\u0131 olurlar.\n\nKoroglucivata.com'a (0216) 487 13 70 numaral\u0131 telefondan , (0216) 487 35 92 numaral\u0131 fax'tan veya info@korogluh\u0131rdavat.com adresinden hafta i\u00e7i 08:30-18.30 ve hafta sonu saat 08:30 - 13.30 aras\u0131nda ula\u015fabilirsiniz.<\/pre>\n<p>[\/vc_column_text][vc_empty_space][\/vc_column][\/vc_row][vc_row full_width=&#8221;stretch_row&#8221; css=&#8221;.vc_custom_1630519873594{margin-bottom: 50px !important;padding-top: 60px !important;padding-bottom: 60px !important;background: #ffffff url(https:\/\/koroglucivata.com\/wp-content\/uploads\/2020\/08\/rounds.png?id=16757) !important;background-position: 0 0 !important;background-repeat: no-repeat !important;}&#8221; el_class=&#8221;bg-center&#8221;][vc_column][vc_custom_heading text=&#8221;Google Yorumlar\u0131&#8221; google_fonts=&#8221;font_family:Josefin%20Sans%3A100%2C100italic%2C300%2C300italic%2Cregular%2Citalic%2C600%2C600italic%2C700%2C700italic|font_style:400%20regular%3A400%3Anormal&#8221; link=&#8221;url:https%3A%2F%2Fwww.google.com%2Fsearch%3Fq%3Dkoroglu%2Bh%25C4%25B1rdavat%26oq%3Dko%26aqs%3Dchrome.1.69i60j69i59j69i57j69i59j35i39j69i61j69i60l2.1083j0j1%26sourceid%3Dchrome%26ie%3DUTF-8%23lrd%3D0x14cad099b3a07973%3A0xe7e0a59724860883%2C1%2C%2C%2C|title:https%3A%2F%2Fwww.google.com%2Fsearch%3Fq%3Dkoroglu%2Bh%25C4%25B1rdavat%26oq%3Dko%26aqs%3Dchrome.1.69i60j69i59j69i57j69i59j35i39j69i61j69i60l2.1083j0j1%26sourceid%3Dchrome%26ie%3DUTF-8%23lrd%3D0x14cad099b3a07973%3A0xe7e0a59724860883%2C1%2C%2C%2C|target:_blank&#8221;][vc_row_inner][vc_column_inner][vc_message icon_fontawesome=&#8221;fab fa-google&#8221;]Cevat Bayrakci<\/p>\n<p>Her \u015fey var ilgili \u00e7al\u0131\u015fan bir hirdavatcida g\u00f6r\u00fclmesi imkans\u0131z hijyen \u00e7ok takdirlik bir isletme[\/vc_message][vc_message icon_fontawesome=&#8221;fab fa-google&#8221;]sinancan \u015fanl\u0131<\/p>\n<p>Ho\u015fg\u00f6r\u00fc ile kar\u015f\u0131lama uygun ve kaliteli \u00fcr\u00fcnlerin bulunmas\u0131 en \u00f6nemlisi de sat\u0131lan mal\u0131n arkas\u0131nda durulmas\u0131 bu firmada g\u00fcven veriyor[\/vc_message][vc_message icon_fontawesome=&#8221;fab fa-google&#8221;]Sedat \u00c7al\u0131\u015fkan<\/p>\n<p>Kurumsal \u00e7\u00f6z\u00fcmler g\u00fcvenilir hizmet ucuz malzeme fiyatlar\u0131[\/vc_message][vc_message icon_fontawesome=&#8221;fab fa-google&#8221;]enver \u015fahbudak<\/p>\n<p>T\u00fcm \u00e7al\u0131\u015fanlar\u0131 G\u00fclery\u00fczl\u00fc iyi niyetli ve ho\u015fg\u00f6r\u00fcl\u00fc Rabbim bol ve hay\u0131rl\u0131 kazan\u00e7 versin in\u015fallah\u2026[\/vc_message][vc_message icon_fontawesome=&#8221;fab fa-google&#8221;]Mustafa Akif \u00c7ANKAYA<\/p>\n<div class=\"jxjCjc\">\n<div>\n<div class=\"Jtu6Td\">H\u0131zl\u0131 teslimat geni\u015f \u00fcr\u00fcn yelpazesi<\/div>\n<\/div>\n<\/div>\n<p>[\/vc_message][vc_message icon_fontawesome=&#8221;fab fa-google&#8221;]NECEF AKINCI<\/p>\n<div class=\"jxjCjc\">\n<div class=\"Jtu6Td\">H\u0131rdavat konusunda ne ararsan\u0131z bulabileceginiz bir mekan<\/div>\n<\/div>\n<p>[\/vc_message][vc_message icon_fontawesome=&#8221;fab fa-google&#8221;]Kemal Ercan<\/p>\n<div class=\"jxjCjc\">\n<div class=\"Jtu6Td\">H\u0131rdavat da arad\u0131\u011f\u0131n her\u015fey burada. Hizmet s\u00fcper. Te\u015fekk\u00fcrler K\u00f6ro\u011flu C\u0131vata.\u00a0<img decoding=\"async\" class=\"emoji\" role=\"img\" draggable=\"false\" src=\"https:\/\/s.w.org\/images\/core\/emoji\/13.1.0\/svg\/1f44d.svg\" alt=\"?\" \/><img decoding=\"async\" class=\"emoji\" role=\"img\" draggable=\"false\" src=\"https:\/\/s.w.org\/images\/core\/emoji\/13.1.0\/svg\/1f44d.svg\" alt=\"?\" \/><img decoding=\"async\" class=\"emoji\" role=\"img\" draggable=\"false\" src=\"https:\/\/s.w.org\/images\/core\/emoji\/13.1.0\/svg\/1f44d.svg\" alt=\"?\" \/><img decoding=\"async\" class=\"emoji\" role=\"img\" draggable=\"false\" src=\"https:\/\/s.w.org\/images\/core\/emoji\/13.1.0\/svg\/1f44f.svg\" alt=\"?\" \/><img decoding=\"async\" class=\"emoji\" role=\"img\" draggable=\"false\" src=\"https:\/\/s.w.org\/images\/core\/emoji\/13.1.0\/svg\/1f44f.svg\" alt=\"?\" \/><img decoding=\"async\" class=\"emoji\" role=\"img\" draggable=\"false\" src=\"https:\/\/s.w.org\/images\/core\/emoji\/13.1.0\/svg\/1f44f.svg\" alt=\"?\" \/><\/div>\n<\/div>\n<p>[\/vc_message][vc_message icon_fontawesome=&#8221;fab fa-google&#8221;]MERT \u00d6ZGEN<\/p>\n<div class=\"jxjCjc\">\n<div class=\"Jtu6Td\">Tecrubeli \u00fcretici ve sat\u0131c\u0131 d\u00fcr\u00fcst ve g\u00fcvenilir firma<\/div>\n<\/div>\n<p>[\/vc_message][vc_message icon_fontawesome=&#8221;fab fa-google&#8221;]Necef AKINCI<\/p>\n<div class=\"jxjCjc\">\n<div class=\"Jtu6Td\">Park alan\u0131 var ilgi alaka \u00e7ok iyi\u2026.<\/div>\n<\/div>\n<p>[\/vc_message][vc_message icon_fontawesome=&#8221;fab fa-google&#8221;]Sel\u00e7uk OKTAY<\/p>\n<div class=\"jxjCjc\">\n<div class=\"Jtu6Td\">H\u0131rdavat ad\u0131na her\u015fey\u2026..<\/div>\n<\/div>\n<p>[\/vc_message][\/vc_column_inner][\/vc_row_inner][\/vc_column][\/vc_row][vc_row][vc_column offset=&#8221;vc_hidden-md vc_hidden-sm vc_hidden-xs&#8221;][vc_empty_space height=&#8221;30px&#8221;][\/vc_column][\/vc_row][vc_row][vc_column offset=&#8221;vc_hidden-md vc_hidden-sm vc_hidden-xs&#8221;][vc_empty_space height=&#8221;30px&#8221;][\/vc_column][\/vc_row]<\/p>\n","protected":false},"excerpt":{"rendered":"<p>[vc_row content_placement=&#8221;middle&#8221; gap=&#8221;0&#8243; css=&#8221;.vc_custom_1630489589407{margin-top: -20px !important;margin-bottom: 50px !important;background-color: #f0f2f5 !important;background-position: 0 0 !important;background-repeat: no-repeat !important;}&#8221; el_class=&#8221;bg-right banner-radius&#8221;][vc_column width=&#8221;1\/2&#8243; css=&#8221;.vc_custom_1599461313455{padding-top: 30px !important;padding-bottom: 30px !important;padding-left: 5% !important;}&#8221;][vc_column_text css=&#8221;.vc_custom_1631859858159{margin-bottom: 0px !important;}&#8221;] Ba\u011flant\u0131n\u0131z\u0131 Bizimle Kurun! Y\u00fczbinlerce \u00dcr\u00fcn \u00c7e\u015fidi Kaliteli \u00dcr\u00fcn Anlay\u0131\u015f\u0131 [\/vc_column_text][\/vc_column][vc_column width=&#8221;1\/2&#8243; css=&#8221;.vc_custom_1596622644623{padding-top: 20px !important;}&#8221;][vc_single_image image=&#8221;17748&#8243; img_size=&#8221;full&#8221; alignment=&#8221;center&#8221; css=&#8221;.vc_custom_1630489505489{margin-bottom: 0px !important;}&#8221;][vc_single_image image=&#8221;21062&#8243; img_size=&#8221;500&#215;500&#8243; alignment=&#8221;center&#8221;][vc_empty_space][\/vc_column][\/vc_row][vc_row][vc_column offset=&#8221;vc_hidden-md vc_hidden-sm vc_hidden-xs&#8221;][vc_empty_space height=&#8221;30px&#8221;][vc_btn [&hellip;]<\/p>\n","protected":false},"author":1,"featured_media":0,"parent":0,"menu_order":0,"comment_status":"closed","ping_status":"closed","template":"","meta":{"footnotes":""},"class_list":["post-4182","page","type-page","status-publish","hentry"],"_links":{"self":[{"href":"https:\/\/korogluhirdavat.com.tr\/index.php?rest_route=\/wp\/v2\/pages\/4182","targetHints":{"allow":["GET"]}}],"collection":[{"href":"https:\/\/korogluhirdavat.com.tr\/index.php?rest_route=\/wp\/v2\/pages"}],"about":[{"href":"https:\/\/korogluhirdavat.com.tr\/index.php?rest_route=\/wp\/v2\/types\/page"}],"author":[{"embeddable":true,"href":"https:\/\/korogluhirdavat.com.tr\/index.php?rest_route=\/wp\/v2\/users\/1"}],"replies":[{"embeddable":true,"href":"https:\/\/korogluhirdavat.com.tr\/index.php?rest_route=%2Fwp%2Fv2%2Fcomments&post=4182"}],"version-history":[{"count":29,"href":"https:\/\/korogluhirdavat.com.tr\/index.php?rest_route=\/wp\/v2\/pages\/4182\/revisions"}],"predecessor-version":[{"id":21101,"href":"https:\/\/korogluhirdavat.com.tr\/index.php?rest_route=\/wp\/v2\/pages\/4182\/revisions\/21101"}],"wp:attachment":[{"href":"https:\/\/korogluhirdavat.com.tr\/index.php?rest_route=%2Fwp%2Fv2%2Fmedia&parent=4182"}],"curies":[{"name":"wp","href":"https:\/\/api.w.org\/{rel}","templated":true}]}}