{"id":19827,"date":"2021-09-03T21:00:40","date_gmt":"2021-09-03T21:00:40","guid":{"rendered":"https:\/\/koroglucivata.com\/?post_type=product&#038;p=19827"},"modified":"2021-09-03T21:00:43","modified_gmt":"2021-09-03T21:00:43","slug":"gav-havali-somun-sokme-1-4","status":"publish","type":"product","link":"https:\/\/korogluhirdavat.com.tr\/?product=gav-havali-somun-sokme-1-4","title":{"rendered":"Gav Haval\u0131 Somun S\u00f6kme 1\/4"},"content":{"rendered":"<table class=\"table table-responsive table-bordered uruntbl\">\n<tbody>\n<tr>\n<td colspan=\"2\">TEK \u00c7EK\u0130\u00c7<\/td>\n<\/tr>\n<tr>\n<td>Civata \u00d6l\u00e7\u00fcs\u00fc<\/td>\n<td>8mm<\/td>\n<\/tr>\n<tr>\n<td>Soket Karesi<\/td>\n<td>1\/4&#8243;&#8221;<\/td>\n<\/tr>\n<tr>\n<td>Uzunluk<\/td>\n<td>150 mm<\/td>\n<\/tr>\n<tr>\n<td>Bo\u015fta Devir<\/td>\n<td>12.500 RPM<\/td>\n<\/tr>\n<tr>\n<td>Maksimum Tork<\/td>\n<td>68 NM<\/td>\n<\/tr>\n<tr>\n<td>Hortum \u00d6l\u00e7\u00fcs\u00fc<\/td>\n<td>8 mm<\/td>\n<\/tr>\n<tr>\n<td>Hava T\u00fcketimi<\/td>\n<td>160 LT\/DK<\/td>\n<\/tr>\n<tr>\n<td>\u00c7al\u0131\u015fma Bas\u0131nc\u0131<\/td>\n<td>6,3-8,0 AT\u00dc<\/td>\n<\/tr>\n<tr>\n<td>Hava Giri\u015f Nipeli<\/td>\n<td>1\/4&#8243;<\/td>\n<\/tr>\n<tr>\n<td>A\u011f\u0131rl\u0131k<\/td>\n<td>0,90 Kg<\/td>\n<\/tr>\n<\/tbody>\n<\/table>\n","protected":false},"excerpt":{"rendered":"<p>TEK \u00c7EK\u0130\u00c7 Civata \u00d6l\u00e7\u00fcs\u00fc 8mm Soket Karesi 1\/4&#8243;&#8221; Uzunluk 150 mm Bo\u015fta Devir 12.500 RPM Maksimum Tork 68 NM Hortum \u00d6l\u00e7\u00fcs\u00fc 8 mm Hava T\u00fcketimi 160 LT\/DK \u00c7al\u0131\u015fma Bas\u0131nc\u0131 6,3-8,0 AT\u00dc Hava Giri\u015f Nipeli 1\/4&#8243; A\u011f\u0131rl\u0131k 0,90 Kg<\/p>\n","protected":false},"featured_media":17977,"comment_status":"closed","ping_status":"closed","template":"","meta":[],"product_brand":[],"product_cat":[257,258],"product_tag":[],"class_list":{"0":"post-19827","1":"product","2":"type-product","3":"status-publish","4":"has-post-thumbnail","6":"product_cat-el-aletleri","7":"product_cat-somun-sokme","9":"first","10":"instock","11":"shipping-taxable","12":"product-type-simple"},"_links":{"self":[{"href":"https:\/\/korogluhirdavat.com.tr\/index.php?rest_route=\/wp\/v2\/product\/19827","targetHints":{"allow":["GET"]}}],"collection":[{"href":"https:\/\/korogluhirdavat.com.tr\/index.php?rest_route=\/wp\/v2\/product"}],"about":[{"href":"https:\/\/korogluhirdavat.com.tr\/index.php?rest_route=\/wp\/v2\/types\/product"}],"replies":[{"embeddable":true,"href":"https:\/\/korogluhirdavat.com.tr\/index.php?rest_route=%2Fwp%2Fv2%2Fcomments&post=19827"}],"wp:featuredmedia":[{"embeddable":true,"href":"https:\/\/korogluhirdavat.com.tr\/index.php?rest_route=\/wp\/v2\/media\/17977"}],"wp:attachment":[{"href":"https:\/\/korogluhirdavat.com.tr\/index.php?rest_route=%2Fwp%2Fv2%2Fmedia&parent=19827"}],"wp:term":[{"taxonomy":"product_brand","embeddable":true,"href":"https:\/\/korogluhirdavat.com.tr\/index.php?rest_route=%2Fwp%2Fv2%2Fproduct_brand&post=19827"},{"taxonomy":"product_cat","embeddable":true,"href":"https:\/\/korogluhirdavat.com.tr\/index.php?rest_route=%2Fwp%2Fv2%2Fproduct_cat&post=19827"},{"taxonomy":"product_tag","embeddable":true,"href":"https:\/\/korogluhirdavat.com.tr\/index.php?rest_route=%2Fwp%2Fv2%2Fproduct_tag&post=19827"}],"curies":[{"name":"wp","href":"https:\/\/api.w.org\/{rel}","templated":true}]}}