{"id":19851,"date":"2021-09-03T21:00:46","date_gmt":"2021-09-03T21:00:46","guid":{"rendered":"https:\/\/koroglucivata.com\/?post_type=product&#038;p=19851"},"modified":"2021-09-03T21:00:48","modified_gmt":"2021-09-03T21:00:48","slug":"gav-havali-somun-sokme-1-2-5","status":"publish","type":"product","link":"https:\/\/korogluhirdavat.com.tr\/?product=gav-havali-somun-sokme-1-2-5","title":{"rendered":"Gav Haval\u0131 Somun S\u00f6kme 1\/2"},"content":{"rendered":"<table class=\"table table-responsive table-bordered uruntbl\">\n<tbody>\n<tr>\n<td>Civata \u00d6l\u00e7\u00fcs\u00fc<\/td>\n<td>16 mm<\/td>\n<\/tr>\n<tr>\n<td>Soket Karesi<\/td>\n<td>1\/2&#8243;&#8221;<\/td>\n<\/tr>\n<tr>\n<td>Uzunluk<\/td>\n<td>170 mm<\/td>\n<\/tr>\n<tr>\n<td>Bo\u015fta Devir<\/td>\n<td>8.000 RPM<\/td>\n<\/tr>\n<tr>\n<td>Maksimum Tork<\/td>\n<td>660 NM<\/td>\n<\/tr>\n<tr>\n<td>Hortum \u00d6l\u00e7\u00fcs\u00fc<\/td>\n<td>10 mm<\/td>\n<\/tr>\n<tr>\n<td>Hava T\u00fcketimi<\/td>\n<td>180 LT\/DK<\/td>\n<\/tr>\n<tr>\n<td>\u00c7al\u0131\u015fma Bas\u0131nc\u0131<\/td>\n<td>6,3-8,0 AT\u00dc<\/td>\n<\/tr>\n<tr>\n<td>Hava Giri\u015f Nipeli<\/td>\n<td>1\/4&#8243;<\/td>\n<\/tr>\n<tr>\n<td>A\u011f\u0131rl\u0131k<\/td>\n<td>2,50 Kg<\/td>\n<\/tr>\n<\/tbody>\n<\/table>\n","protected":false},"excerpt":{"rendered":"<p>Civata \u00d6l\u00e7\u00fcs\u00fc 16 mm Soket Karesi 1\/2&#8243;&#8221; Uzunluk 170 mm Bo\u015fta Devir 8.000 RPM Maksimum Tork 660 NM Hortum \u00d6l\u00e7\u00fcs\u00fc 10 mm Hava T\u00fcketimi 180 LT\/DK \u00c7al\u0131\u015fma Bas\u0131nc\u0131 6,3-8,0 AT\u00dc Hava Giri\u015f Nipeli 1\/4&#8243; A\u011f\u0131rl\u0131k 2,50 Kg<\/p>\n","protected":false},"featured_media":18025,"comment_status":"closed","ping_status":"closed","template":"","meta":[],"product_brand":[],"product_cat":[257,258],"product_tag":[],"class_list":{"0":"post-19851","1":"product","2":"type-product","3":"status-publish","4":"has-post-thumbnail","6":"product_cat-el-aletleri","7":"product_cat-somun-sokme","9":"first","10":"instock","11":"shipping-taxable","12":"product-type-simple"},"_links":{"self":[{"href":"https:\/\/korogluhirdavat.com.tr\/index.php?rest_route=\/wp\/v2\/product\/19851","targetHints":{"allow":["GET"]}}],"collection":[{"href":"https:\/\/korogluhirdavat.com.tr\/index.php?rest_route=\/wp\/v2\/product"}],"about":[{"href":"https:\/\/korogluhirdavat.com.tr\/index.php?rest_route=\/wp\/v2\/types\/product"}],"replies":[{"embeddable":true,"href":"https:\/\/korogluhirdavat.com.tr\/index.php?rest_route=%2Fwp%2Fv2%2Fcomments&post=19851"}],"wp:featuredmedia":[{"embeddable":true,"href":"https:\/\/korogluhirdavat.com.tr\/index.php?rest_route=\/wp\/v2\/media\/18025"}],"wp:attachment":[{"href":"https:\/\/korogluhirdavat.com.tr\/index.php?rest_route=%2Fwp%2Fv2%2Fmedia&parent=19851"}],"wp:term":[{"taxonomy":"product_brand","embeddable":true,"href":"https:\/\/korogluhirdavat.com.tr\/index.php?rest_route=%2Fwp%2Fv2%2Fproduct_brand&post=19851"},{"taxonomy":"product_cat","embeddable":true,"href":"https:\/\/korogluhirdavat.com.tr\/index.php?rest_route=%2Fwp%2Fv2%2Fproduct_cat&post=19851"},{"taxonomy":"product_tag","embeddable":true,"href":"https:\/\/korogluhirdavat.com.tr\/index.php?rest_route=%2Fwp%2Fv2%2Fproduct_tag&post=19851"}],"curies":[{"name":"wp","href":"https:\/\/api.w.org\/{rel}","templated":true}]}}