{"id":19857,"date":"2021-09-03T21:00:46","date_gmt":"2021-09-03T21:00:46","guid":{"rendered":"https:\/\/koroglucivata.com\/?post_type=product&#038;p=19857"},"modified":"2021-09-03T21:00:49","modified_gmt":"2021-09-03T21:00:49","slug":"gav-havali-somun-sokme-6","status":"publish","type":"product","link":"https:\/\/korogluhirdavat.com.tr\/?product=gav-havali-somun-sokme-6","title":{"rendered":"Gav Haval\u0131 Somun S\u00f6kme"},"content":{"rendered":"<table class=\"table table-responsive table-bordered uruntbl\">\n<tbody>\n<tr>\n<td colspan=\"2\">TEK\u00a0\u00c7EK\u0130\u00c7<\/td>\n<\/tr>\n<tr>\n<td>Civata \u00d6l\u00e7\u00fcs\u00fc<\/td>\n<td>\u00a0 \u00a058 mm<\/td>\n<\/tr>\n<tr>\n<td>Soket Karesi<\/td>\n<td>\u00a0 \u00a0 \u00a01-1\/2&#8243;<\/td>\n<\/tr>\n<tr>\n<td>Uzunluk<\/td>\n<td>\u00a0\u00a0\u00a0720 mm<\/td>\n<\/tr>\n<tr>\n<td>Bo\u015fta Devir<\/td>\n<td>\u00a0\u00a0\u00a02800 RPM<\/td>\n<\/tr>\n<tr>\n<td>Maksimum Tork<\/td>\n<td>\u00a0\u00a0\u00a05.500 NM<\/td>\n<\/tr>\n<tr>\n<td>Hortum \u00d6l\u00e7\u00fcs\u00fc<\/td>\n<td>\u00a0 \u00a016 mm<\/td>\n<\/tr>\n<tr>\n<td>Hava T\u00fcketimi<\/td>\n<td>\u00a0\u00a0\u00a0460 LT\/DK<\/td>\n<\/tr>\n<tr>\n<td>\u00c7al\u0131\u015fma Bas\u0131nc\u0131<\/td>\n<td>\u00a0 \u00a06,3-8,0 AT\u00dc<\/td>\n<\/tr>\n<tr>\n<td>Hava Giri\u015f Nipeli<\/td>\n<td>\u00a0 \u00a0 \u00a01\/2&#8243;<\/td>\n<\/tr>\n<tr>\n<td>A\u011f\u0131rl\u0131k<\/td>\n<td>\u00a0\u00a0\u00a0\u00a0\u00a020,00 Kg<\/td>\n<\/tr>\n<\/tbody>\n<\/table>\n","protected":false},"excerpt":{"rendered":"<p>TEK\u00a0\u00c7EK\u0130\u00c7 Civata \u00d6l\u00e7\u00fcs\u00fc \u00a0 \u00a058 mm Soket Karesi \u00a0 \u00a0 \u00a01-1\/2&#8243; Uzunluk \u00a0\u00a0\u00a0720 mm Bo\u015fta Devir \u00a0\u00a0\u00a02800 RPM Maksimum Tork \u00a0\u00a0\u00a05.500 NM Hortum \u00d6l\u00e7\u00fcs\u00fc \u00a0 \u00a016 mm Hava T\u00fcketimi \u00a0\u00a0\u00a0460 LT\/DK \u00c7al\u0131\u015fma Bas\u0131nc\u0131 \u00a0 \u00a06,3-8,0 AT\u00dc Hava Giri\u015f Nipeli \u00a0 \u00a0 \u00a01\/2&#8243; A\u011f\u0131rl\u0131k \u00a0\u00a0\u00a0\u00a0\u00a020,00 Kg<\/p>\n","protected":false},"featured_media":18051,"comment_status":"closed","ping_status":"closed","template":"","meta":[],"product_brand":[],"product_cat":[257,258],"product_tag":[],"class_list":{"0":"post-19857","1":"product","2":"type-product","3":"status-publish","4":"has-post-thumbnail","6":"product_cat-el-aletleri","7":"product_cat-somun-sokme","9":"first","10":"instock","11":"shipping-taxable","12":"product-type-simple"},"_links":{"self":[{"href":"https:\/\/korogluhirdavat.com.tr\/index.php?rest_route=\/wp\/v2\/product\/19857","targetHints":{"allow":["GET"]}}],"collection":[{"href":"https:\/\/korogluhirdavat.com.tr\/index.php?rest_route=\/wp\/v2\/product"}],"about":[{"href":"https:\/\/korogluhirdavat.com.tr\/index.php?rest_route=\/wp\/v2\/types\/product"}],"replies":[{"embeddable":true,"href":"https:\/\/korogluhirdavat.com.tr\/index.php?rest_route=%2Fwp%2Fv2%2Fcomments&post=19857"}],"wp:featuredmedia":[{"embeddable":true,"href":"https:\/\/korogluhirdavat.com.tr\/index.php?rest_route=\/wp\/v2\/media\/18051"}],"wp:attachment":[{"href":"https:\/\/korogluhirdavat.com.tr\/index.php?rest_route=%2Fwp%2Fv2%2Fmedia&parent=19857"}],"wp:term":[{"taxonomy":"product_brand","embeddable":true,"href":"https:\/\/korogluhirdavat.com.tr\/index.php?rest_route=%2Fwp%2Fv2%2Fproduct_brand&post=19857"},{"taxonomy":"product_cat","embeddable":true,"href":"https:\/\/korogluhirdavat.com.tr\/index.php?rest_route=%2Fwp%2Fv2%2Fproduct_cat&post=19857"},{"taxonomy":"product_tag","embeddable":true,"href":"https:\/\/korogluhirdavat.com.tr\/index.php?rest_route=%2Fwp%2Fv2%2Fproduct_tag&post=19857"}],"curies":[{"name":"wp","href":"https:\/\/api.w.org\/{rel}","templated":true}]}}