{"id":19860,"date":"2021-09-03T21:00:46","date_gmt":"2021-09-03T21:00:46","guid":{"rendered":"https:\/\/koroglucivata.com\/?post_type=product&#038;p=19860"},"modified":"2021-09-03T21:00:49","modified_gmt":"2021-09-03T21:00:49","slug":"gav-havali-somun-sokme-7","status":"publish","type":"product","link":"https:\/\/korogluhirdavat.com.tr\/?product=gav-havali-somun-sokme-7","title":{"rendered":"Gav Haval\u0131 Somun S\u00f6kme"},"content":{"rendered":"<table class=\"table table-responsive table-bordered uruntbl\">\n<tbody>\n<tr>\n<td colspan=\"2\"><strong>\u0130K\u0130Z \u00c7EK\u0130\u00c7 \u00a0 \u00a0 \u00a0 \u00a0 \u00a0 \u00a0 \u00a0 \u00a0 \u00a0 \u00a0 \u00a0 \u00a0 \u00a0 \u00a0 \u00a0 \u00a0 \u00a0 \u00a0 \u00a0 \u00a0 \u00a0 \u00a0 \u00a0 \u00a0 \u00a0 \u00a0 \u00a0\u00a0<\/strong><\/td>\n<\/tr>\n<tr>\n<td><strong>Civata \u00d6l\u00e7\u00fcs\u00fc<\/strong><\/td>\n<td><strong>\u00a0\u00a0\u00a042 mm<\/strong><\/td>\n<\/tr>\n<tr>\n<td><strong>Soket Karesi<\/strong><\/td>\n<td><strong>\u00a0 \u00a0 \u00a01&#8243;<\/strong><\/td>\n<\/tr>\n<tr>\n<td><strong>Uzunluk<\/strong><\/td>\n<td><strong>\u00a0 \u00a0630 mm<\/strong><\/td>\n<\/tr>\n<tr>\n<td><strong>Bo\u015fta Devir<\/strong><\/td>\n<td><strong>\u00a0 \u00a03.000 RPM<\/strong><\/td>\n<\/tr>\n<tr>\n<td><strong>Maksimum Tork<\/strong><\/td>\n<td><strong>\u00a0 \u00a03.800 NM<\/strong><\/td>\n<\/tr>\n<tr>\n<td><strong>Hortum \u00d6l\u00e7\u00fcs\u00fc<\/strong><\/td>\n<td><strong>\u00a0 \u00a013 mm<\/strong><\/td>\n<\/tr>\n<tr>\n<td><strong>Hava T\u00fcketimi<\/strong><\/td>\n<td><strong>\u00a0 \u00a0450 LT\/DK<\/strong><\/td>\n<\/tr>\n<tr>\n<td><strong>\u00c7al\u0131\u015fma Bas\u0131nc\u0131<\/strong><\/td>\n<td><strong>\u00a0 \u00a06,3-8,0 AT\u00dc<\/strong><\/td>\n<\/tr>\n<tr>\n<td><strong>Hava Giri\u015f Nipeli<\/strong><\/td>\n<td><strong>\u00a0 \u00a0 \u00a01\/2&#8243;<\/strong><\/td>\n<\/tr>\n<tr>\n<td><strong>A\u011f\u0131rl\u0131k<\/strong><\/td>\n<td><strong>\u00a0 \u00a0 \u00a017.10 Kg<\/strong><\/td>\n<\/tr>\n<\/tbody>\n<\/table>\n","protected":false},"excerpt":{"rendered":"<p>\u0130K\u0130Z \u00c7EK\u0130\u00c7 \u00a0 \u00a0 \u00a0 \u00a0 \u00a0 \u00a0 \u00a0 \u00a0 \u00a0 \u00a0 \u00a0 \u00a0 \u00a0 \u00a0 \u00a0 \u00a0 \u00a0 \u00a0 \u00a0 \u00a0 \u00a0 \u00a0 \u00a0 \u00a0 \u00a0 \u00a0 \u00a0\u00a0 Civata \u00d6l\u00e7\u00fcs\u00fc \u00a0\u00a0\u00a042 mm Soket Karesi \u00a0 \u00a0 \u00a01&#8243; Uzunluk \u00a0 \u00a0630 mm Bo\u015fta Devir \u00a0 \u00a03.000 RPM Maksimum Tork \u00a0 \u00a03.800 NM Hortum \u00d6l\u00e7\u00fcs\u00fc \u00a0 [&hellip;]<\/p>\n","protected":false},"featured_media":18054,"comment_status":"closed","ping_status":"closed","template":"","meta":[],"product_brand":[],"product_cat":[257,258],"product_tag":[],"class_list":{"0":"post-19860","1":"product","2":"type-product","3":"status-publish","4":"has-post-thumbnail","6":"product_cat-el-aletleri","7":"product_cat-somun-sokme","9":"first","10":"instock","11":"shipping-taxable","12":"product-type-simple"},"_links":{"self":[{"href":"https:\/\/korogluhirdavat.com.tr\/index.php?rest_route=\/wp\/v2\/product\/19860","targetHints":{"allow":["GET"]}}],"collection":[{"href":"https:\/\/korogluhirdavat.com.tr\/index.php?rest_route=\/wp\/v2\/product"}],"about":[{"href":"https:\/\/korogluhirdavat.com.tr\/index.php?rest_route=\/wp\/v2\/types\/product"}],"replies":[{"embeddable":true,"href":"https:\/\/korogluhirdavat.com.tr\/index.php?rest_route=%2Fwp%2Fv2%2Fcomments&post=19860"}],"wp:featuredmedia":[{"embeddable":true,"href":"https:\/\/korogluhirdavat.com.tr\/index.php?rest_route=\/wp\/v2\/media\/18054"}],"wp:attachment":[{"href":"https:\/\/korogluhirdavat.com.tr\/index.php?rest_route=%2Fwp%2Fv2%2Fmedia&parent=19860"}],"wp:term":[{"taxonomy":"product_brand","embeddable":true,"href":"https:\/\/korogluhirdavat.com.tr\/index.php?rest_route=%2Fwp%2Fv2%2Fproduct_brand&post=19860"},{"taxonomy":"product_cat","embeddable":true,"href":"https:\/\/korogluhirdavat.com.tr\/index.php?rest_route=%2Fwp%2Fv2%2Fproduct_cat&post=19860"},{"taxonomy":"product_tag","embeddable":true,"href":"https:\/\/korogluhirdavat.com.tr\/index.php?rest_route=%2Fwp%2Fv2%2Fproduct_tag&post=19860"}],"curies":[{"name":"wp","href":"https:\/\/api.w.org\/{rel}","templated":true}]}}