{"id":19893,"date":"2021-09-03T21:00:54","date_gmt":"2021-09-03T21:00:54","guid":{"rendered":"https:\/\/koroglucivata.com\/?post_type=product&#038;p=19893"},"modified":"2021-09-03T21:00:58","modified_gmt":"2021-09-03T21:00:58","slug":"havali-kalipci-taslama-3","status":"publish","type":"product","link":"https:\/\/korogluhirdavat.com.tr\/?product=havali-kalipci-taslama-3","title":{"rendered":"Haval\u0131 Kal\u0131p\u00e7\u0131 Ta\u015flama"},"content":{"rendered":"<table border=\"1\" cellspacing=\"1\" cellpadding=\"1\">\n<tbody>\n<tr>\n<td>Pens \u00c7ap\u0131<\/td>\n<td>\u00a06 mm(3mm*)<\/td>\n<\/tr>\n<tr>\n<td>Uzunluk<\/td>\n<td>170 mm<\/td>\n<\/tr>\n<tr>\n<td>Set \u0130\u00e7eri\u011fi<\/td>\n<td>10 Ad.Sapl\u0131 Ta\u015f-3 mm.Pens-Rekor\u00bc&#8221;<\/td>\n<\/tr>\n<tr>\n<td>Bo\u015fta Devir<\/td>\n<td>22.000 RPM<\/td>\n<\/tr>\n<tr>\n<td>Hortum \u00d6l\u00e7\u00fcs\u00fc<\/td>\n<td>8 mm<\/td>\n<\/tr>\n<tr>\n<td>Hava T\u00fcketimi<\/td>\n<td>180 LT\/DK<\/td>\n<\/tr>\n<tr>\n<td>\u00c7al\u0131\u015fma Bas\u0131nc\u0131<\/td>\n<td>6,3-8,0 AT\u00dc<\/td>\n<\/tr>\n<tr>\n<td>Hava Giri\u015f Nipeli<\/td>\n<td>1\/4&#8243;<\/td>\n<\/tr>\n<tr>\n<td>A\u011f\u0131rl\u0131k<\/td>\n<td>0,70 Kg<\/td>\n<\/tr>\n<\/tbody>\n<\/table>\n","protected":false},"excerpt":{"rendered":"<p>Pens \u00c7ap\u0131 \u00a06 mm(3mm*) Uzunluk 170 mm Set \u0130\u00e7eri\u011fi 10 Ad.Sapl\u0131 Ta\u015f-3 mm.Pens-Rekor\u00bc&#8221; Bo\u015fta Devir 22.000 RPM Hortum \u00d6l\u00e7\u00fcs\u00fc 8 mm Hava T\u00fcketimi 180 LT\/DK \u00c7al\u0131\u015fma Bas\u0131nc\u0131 6,3-8,0 AT\u00dc Hava Giri\u015f Nipeli 1\/4&#8243; A\u011f\u0131rl\u0131k 0,70 Kg<\/p>\n","protected":false},"featured_media":18110,"comment_status":"closed","ping_status":"closed","template":"","meta":[],"product_brand":[],"product_cat":[259],"product_tag":[],"class_list":{"0":"post-19893","1":"product","2":"type-product","3":"status-publish","4":"has-post-thumbnail","6":"product_cat-havali-el-aletleri","8":"first","9":"instock","10":"shipping-taxable","11":"product-type-simple"},"_links":{"self":[{"href":"https:\/\/korogluhirdavat.com.tr\/index.php?rest_route=\/wp\/v2\/product\/19893","targetHints":{"allow":["GET"]}}],"collection":[{"href":"https:\/\/korogluhirdavat.com.tr\/index.php?rest_route=\/wp\/v2\/product"}],"about":[{"href":"https:\/\/korogluhirdavat.com.tr\/index.php?rest_route=\/wp\/v2\/types\/product"}],"replies":[{"embeddable":true,"href":"https:\/\/korogluhirdavat.com.tr\/index.php?rest_route=%2Fwp%2Fv2%2Fcomments&post=19893"}],"wp:featuredmedia":[{"embeddable":true,"href":"https:\/\/korogluhirdavat.com.tr\/index.php?rest_route=\/wp\/v2\/media\/18110"}],"wp:attachment":[{"href":"https:\/\/korogluhirdavat.com.tr\/index.php?rest_route=%2Fwp%2Fv2%2Fmedia&parent=19893"}],"wp:term":[{"taxonomy":"product_brand","embeddable":true,"href":"https:\/\/korogluhirdavat.com.tr\/index.php?rest_route=%2Fwp%2Fv2%2Fproduct_brand&post=19893"},{"taxonomy":"product_cat","embeddable":true,"href":"https:\/\/korogluhirdavat.com.tr\/index.php?rest_route=%2Fwp%2Fv2%2Fproduct_cat&post=19893"},{"taxonomy":"product_tag","embeddable":true,"href":"https:\/\/korogluhirdavat.com.tr\/index.php?rest_route=%2Fwp%2Fv2%2Fproduct_tag&post=19893"}],"curies":[{"name":"wp","href":"https:\/\/api.w.org\/{rel}","templated":true}]}}