{"id":19912,"date":"2021-09-03T21:01:01","date_gmt":"2021-09-03T21:01:01","guid":{"rendered":"https:\/\/koroglucivata.com\/?post_type=product&#038;p=19912"},"modified":"2021-09-03T21:01:05","modified_gmt":"2021-09-03T21:01:05","slug":"gav-havali-circir-motoru-3-8","status":"publish","type":"product","link":"https:\/\/korogluhirdavat.com.tr\/?product=gav-havali-circir-motoru-3-8","title":{"rendered":"Gav Haval\u0131 C\u0131rc\u0131r Motoru 3\/8"},"content":{"rendered":"<table class=\"table table-responsive table-bordered uruntbl\">\n<tbody>\n<tr>\n<td>Civata \u00d6l\u00e7\u00fcs\u00fc<\/td>\n<td>\u00a0 8 mm<\/td>\n<\/tr>\n<tr>\n<td>Soket Karesi<\/td>\n<td>\u00a0 \u00a03\/8&#8243;<\/td>\n<\/tr>\n<tr>\n<td>Uzunluk<\/td>\n<td>\u00a0 170 mm<\/td>\n<\/tr>\n<tr>\n<td>Bo\u015fta Devir<\/td>\n<td>\u00a0300 RPM<\/td>\n<\/tr>\n<tr>\n<td>Maksimum Tork<\/td>\n<td>\u00a0 42 NM<\/td>\n<\/tr>\n<tr>\n<td>Hortum \u00d6l\u00e7\u00fcs\u00fc<\/td>\n<td>\u00a0 8 mm<\/td>\n<\/tr>\n<tr>\n<td>Hava T\u00fcketimi<\/td>\n<td>\u00a090 LT\/DK<\/td>\n<\/tr>\n<tr>\n<td>\u00c7al\u0131\u015fma Bas\u0131nc\u0131<\/td>\n<td>\u00a06,3-8,0 AT\u00dc<\/td>\n<\/tr>\n<tr>\n<td>Hava Giri\u015f Nipeli<\/td>\n<td>\u00a01\/4&#8243;<\/td>\n<\/tr>\n<tr>\n<td>A\u011f\u0131rl\u0131k<\/td>\n<td>\u00a00,65 Kg<\/td>\n<\/tr>\n<\/tbody>\n<\/table>\n","protected":false},"excerpt":{"rendered":"<p>Civata \u00d6l\u00e7\u00fcs\u00fc \u00a0 8 mm Soket Karesi \u00a0 \u00a03\/8&#8243; Uzunluk \u00a0 170 mm Bo\u015fta Devir \u00a0300 RPM Maksimum Tork \u00a0 42 NM Hortum \u00d6l\u00e7\u00fcs\u00fc \u00a0 8 mm Hava T\u00fcketimi \u00a090 LT\/DK \u00c7al\u0131\u015fma Bas\u0131nc\u0131 \u00a06,3-8,0 AT\u00dc Hava Giri\u015f Nipeli \u00a01\/4&#8243; A\u011f\u0131rl\u0131k \u00a00,65 Kg<\/p>\n","protected":false},"featured_media":18148,"comment_status":"closed","ping_status":"closed","template":"","meta":[],"product_brand":[],"product_cat":[259],"product_tag":[],"class_list":{"0":"post-19912","1":"product","2":"type-product","3":"status-publish","4":"has-post-thumbnail","6":"product_cat-havali-el-aletleri","8":"first","9":"instock","10":"shipping-taxable","11":"product-type-simple"},"_links":{"self":[{"href":"https:\/\/korogluhirdavat.com.tr\/index.php?rest_route=\/wp\/v2\/product\/19912","targetHints":{"allow":["GET"]}}],"collection":[{"href":"https:\/\/korogluhirdavat.com.tr\/index.php?rest_route=\/wp\/v2\/product"}],"about":[{"href":"https:\/\/korogluhirdavat.com.tr\/index.php?rest_route=\/wp\/v2\/types\/product"}],"replies":[{"embeddable":true,"href":"https:\/\/korogluhirdavat.com.tr\/index.php?rest_route=%2Fwp%2Fv2%2Fcomments&post=19912"}],"wp:featuredmedia":[{"embeddable":true,"href":"https:\/\/korogluhirdavat.com.tr\/index.php?rest_route=\/wp\/v2\/media\/18148"}],"wp:attachment":[{"href":"https:\/\/korogluhirdavat.com.tr\/index.php?rest_route=%2Fwp%2Fv2%2Fmedia&parent=19912"}],"wp:term":[{"taxonomy":"product_brand","embeddable":true,"href":"https:\/\/korogluhirdavat.com.tr\/index.php?rest_route=%2Fwp%2Fv2%2Fproduct_brand&post=19912"},{"taxonomy":"product_cat","embeddable":true,"href":"https:\/\/korogluhirdavat.com.tr\/index.php?rest_route=%2Fwp%2Fv2%2Fproduct_cat&post=19912"},{"taxonomy":"product_tag","embeddable":true,"href":"https:\/\/korogluhirdavat.com.tr\/index.php?rest_route=%2Fwp%2Fv2%2Fproduct_tag&post=19912"}],"curies":[{"name":"wp","href":"https:\/\/api.w.org\/{rel}","templated":true}]}}