{"id":19917,"date":"2021-09-03T21:01:02","date_gmt":"2021-09-03T21:01:02","guid":{"rendered":"https:\/\/koroglucivata.com\/?post_type=product&#038;p=19917"},"modified":"2021-09-03T21:01:06","modified_gmt":"2021-09-03T21:01:06","slug":"gav-havali-mikro-kalipci-taslama-5","status":"publish","type":"product","link":"https:\/\/korogluhirdavat.com.tr\/?product=gav-havali-mikro-kalipci-taslama-5","title":{"rendered":"Gav Haval\u0131 Mikro Kal\u0131p\u00e7\u0131 Ta\u015flama"},"content":{"rendered":"<table border=\"1\" cellspacing=\"1\" cellpadding=\"1\">\n<tbody>\n<tr>\n<td>Pens \u00c7ap\u0131<\/td>\n<td>\u00a03 mm<\/td>\n<\/tr>\n<tr>\n<td>Uzunluk<\/td>\n<td>\u00a0150 mm<\/td>\n<\/tr>\n<tr>\n<td>Bo\u015fta Devir<\/td>\n<td>\u00a070.000 RPM<\/td>\n<\/tr>\n<tr>\n<td>Hortum \u00d6l\u00e7\u00fcs\u00fc<\/td>\n<td>\u00a08 mm<\/td>\n<\/tr>\n<tr>\n<td>Hava T\u00fcketimi<\/td>\n<td>\u00a060 LT\/DK<\/td>\n<\/tr>\n<tr>\n<td>\u00c7al\u0131\u015fma Bas\u0131nc\u0131<\/td>\n<td>\u00a06,3-8,0 AT\u00dc<\/td>\n<\/tr>\n<tr>\n<td>Hava Giri\u015f Nipeli<\/td>\n<td>\u00a01\/4&#8243;<\/td>\n<\/tr>\n<tr>\n<td>A\u011f\u0131rl\u0131k<\/td>\n<td>\u00a00,30 Kg<\/td>\n<\/tr>\n<\/tbody>\n<\/table>\n","protected":false},"excerpt":{"rendered":"<p>Pens \u00c7ap\u0131 \u00a03 mm Uzunluk \u00a0150 mm Bo\u015fta Devir \u00a070.000 RPM Hortum \u00d6l\u00e7\u00fcs\u00fc \u00a08 mm Hava T\u00fcketimi \u00a060 LT\/DK \u00c7al\u0131\u015fma Bas\u0131nc\u0131 \u00a06,3-8,0 AT\u00dc Hava Giri\u015f Nipeli \u00a01\/4&#8243; A\u011f\u0131rl\u0131k \u00a00,30 Kg<\/p>\n","protected":false},"featured_media":18153,"comment_status":"closed","ping_status":"closed","template":"","meta":[],"product_brand":[],"product_cat":[259],"product_tag":[],"class_list":{"0":"post-19917","1":"product","2":"type-product","3":"status-publish","4":"has-post-thumbnail","6":"product_cat-havali-el-aletleri","8":"first","9":"instock","10":"shipping-taxable","11":"product-type-simple"},"_links":{"self":[{"href":"https:\/\/korogluhirdavat.com.tr\/index.php?rest_route=\/wp\/v2\/product\/19917","targetHints":{"allow":["GET"]}}],"collection":[{"href":"https:\/\/korogluhirdavat.com.tr\/index.php?rest_route=\/wp\/v2\/product"}],"about":[{"href":"https:\/\/korogluhirdavat.com.tr\/index.php?rest_route=\/wp\/v2\/types\/product"}],"replies":[{"embeddable":true,"href":"https:\/\/korogluhirdavat.com.tr\/index.php?rest_route=%2Fwp%2Fv2%2Fcomments&post=19917"}],"wp:featuredmedia":[{"embeddable":true,"href":"https:\/\/korogluhirdavat.com.tr\/index.php?rest_route=\/wp\/v2\/media\/18153"}],"wp:attachment":[{"href":"https:\/\/korogluhirdavat.com.tr\/index.php?rest_route=%2Fwp%2Fv2%2Fmedia&parent=19917"}],"wp:term":[{"taxonomy":"product_brand","embeddable":true,"href":"https:\/\/korogluhirdavat.com.tr\/index.php?rest_route=%2Fwp%2Fv2%2Fproduct_brand&post=19917"},{"taxonomy":"product_cat","embeddable":true,"href":"https:\/\/korogluhirdavat.com.tr\/index.php?rest_route=%2Fwp%2Fv2%2Fproduct_cat&post=19917"},{"taxonomy":"product_tag","embeddable":true,"href":"https:\/\/korogluhirdavat.com.tr\/index.php?rest_route=%2Fwp%2Fv2%2Fproduct_tag&post=19917"}],"curies":[{"name":"wp","href":"https:\/\/api.w.org\/{rel}","templated":true}]}}