{"id":19921,"date":"2021-09-03T21:01:02","date_gmt":"2021-09-03T21:01:02","guid":{"rendered":"https:\/\/koroglucivata.com\/?post_type=product&#038;p=19921"},"modified":"2021-09-03T21:01:07","modified_gmt":"2021-09-03T21:01:07","slug":"0100-iki-agiz-anahtar-kisa-boy-mm","status":"publish","type":"product","link":"https:\/\/korogluhirdavat.com.tr\/?product=0100-iki-agiz-anahtar-kisa-boy-mm","title":{"rendered":"0100 \u0130ki A\u011f\u0131z Anahtar K\u0131sa Boy (mm)"},"content":{"rendered":"<table border=\"0\" width=\"1011\" cellspacing=\"2\" cellpadding=\"2\">\n<tbody>\n<tr>\n<td align=\"center\" bgcolor=\"#cecfd1\"><strong>KOD<\/strong><\/td>\n<td align=\"center\" bgcolor=\"#cecfd1\"><img loading=\"lazy\" decoding=\"async\" src=\"https:\/\/www.izeltas.com.tr\/izeltascomtr\/upl\/Image\/altigen.jpg\" alt=\"\" width=\"34\" height=\"34\" \/><\/td>\n<td align=\"center\" bgcolor=\"#cecfd1\"><img loading=\"lazy\" decoding=\"async\" src=\"https:\/\/www.izeltas.com.tr\/izeltascomtr\/upl\/Image\/L.jpg\" alt=\"\" width=\"34\" height=\"34\" \/><\/td>\n<td align=\"center\" bgcolor=\"#cecfd1\"><img loading=\"lazy\" decoding=\"async\" src=\"https:\/\/www.izeltas.com.tr\/izeltascomtr\/upl\/Image\/a1.jpg\" alt=\"\" width=\"34\" height=\"34\" \/><\/td>\n<td align=\"center\" bgcolor=\"#cecfd1\"><img loading=\"lazy\" decoding=\"async\" src=\"https:\/\/www.izeltas.com.tr\/izeltascomtr\/upl\/Image\/b1.jpg\" alt=\"\" width=\"34\" height=\"34\" \/><\/td>\n<td align=\"center\" bgcolor=\"#cecfd1\"><img loading=\"lazy\" decoding=\"async\" src=\"https:\/\/www.izeltas.com.tr\/izeltascomtr\/upl\/Image\/b2.jpg\" alt=\"\" width=\"34\" height=\"34\" \/><\/td>\n<td align=\"center\" bgcolor=\"#cecfd1\"><img loading=\"lazy\" decoding=\"async\" src=\"https:\/\/www.izeltas.com.tr\/izeltascomtr\/upl\/Image\/terazi_G.jpg\" alt=\"\" width=\"34\" height=\"34\" \/><\/td>\n<td align=\"center\" bgcolor=\"#cecfd1\"><img loading=\"lazy\" decoding=\"async\" src=\"https:\/\/www.izeltas.com.tr\/izeltascomtr\/upl\/Image\/kare.jpg\" alt=\"\" width=\"34\" height=\"34\" \/><\/td>\n<\/tr>\n<tr>\n<td bgcolor=\"#ffffff\">0100 01 0405<\/td>\n<td>4&#215;5<\/td>\n<td align=\"center\" bgcolor=\"#ffffff\">97<\/td>\n<td align=\"center\" bgcolor=\"#ffffff\">3.5<\/td>\n<td align=\"center\" bgcolor=\"#ffffff\">11<\/td>\n<td align=\"center\" bgcolor=\"#ffffff\">12.5<\/td>\n<td align=\"center\" bgcolor=\"#ffffff\">15<\/td>\n<td align=\"center\" bgcolor=\"#ffffff\">10<\/td>\n<\/tr>\n<tr>\n<td align=\"center\">0100 01 0607<\/td>\n<td align=\"center\">6&#215;7<\/td>\n<td align=\"center\">97<\/td>\n<td align=\"center\">3.5<\/td>\n<td align=\"center\">14<\/td>\n<td align=\"center\">16<\/td>\n<td align=\"center\">18<\/td>\n<td align=\"center\">10<\/td>\n<\/tr>\n<tr>\n<td align=\"center\" bgcolor=\"#ffffff\">*\u00a00100 01 0608<\/td>\n<td align=\"center\" bgcolor=\"#ffffff\">6&#215;8<\/td>\n<td align=\"center\" bgcolor=\"#ffffff\">108<\/td>\n<td align=\"center\" bgcolor=\"#ffffff\">3.5<\/td>\n<td align=\"center\" bgcolor=\"#ffffff\">14<\/td>\n<td align=\"center\" bgcolor=\"#ffffff\">18<\/td>\n<td align=\"center\" bgcolor=\"#ffffff\">20<\/td>\n<td align=\"center\" bgcolor=\"#ffffff\">10<\/td>\n<\/tr>\n<tr>\n<td align=\"center\">*\u00a00100 01 0708<\/td>\n<td align=\"center\">7&#215;8<\/td>\n<td align=\"center\">108<\/td>\n<td align=\"center\">3.5<\/td>\n<td align=\"center\">16<\/td>\n<td align=\"center\">18<\/td>\n<td align=\"center\">20<\/td>\n<td align=\"center\">10<\/td>\n<\/tr>\n<tr>\n<td align=\"center\" bgcolor=\"#ffffff\">*\u00a00100 01 0709<\/td>\n<td align=\"center\" bgcolor=\"#ffffff\">7&#215;9<\/td>\n<td align=\"center\" bgcolor=\"#ffffff\">108<\/td>\n<td align=\"center\" bgcolor=\"#ffffff\">4<\/td>\n<td align=\"center\" bgcolor=\"#ffffff\">16<\/td>\n<td align=\"center\" bgcolor=\"#ffffff\">20<\/td>\n<td align=\"center\" bgcolor=\"#ffffff\">25<\/td>\n<td align=\"center\" bgcolor=\"#ffffff\">10<\/td>\n<\/tr>\n<tr>\n<td align=\"center\" bgcolor=\"#e2e3e4\">0100 01 0809<\/td>\n<td align=\"center\" bgcolor=\"#e2e3e4\">8&#215;9<\/td>\n<td align=\"center\" bgcolor=\"#e2e3e4\">108<\/td>\n<td align=\"center\" bgcolor=\"#e2e3e4\">4<\/td>\n<td align=\"center\" bgcolor=\"#e2e3e4\">18<\/td>\n<td align=\"center\" bgcolor=\"#e2e3e4\">20<\/td>\n<td align=\"center\" bgcolor=\"#e2e3e4\">30<\/td>\n<td align=\"center\" bgcolor=\"#e2e3e4\">10<\/td>\n<\/tr>\n<tr>\n<td align=\"center\" bgcolor=\"#ffffff\">0100 01 0810<\/td>\n<td align=\"center\" bgcolor=\"#ffffff\">8&#215;10<\/td>\n<td align=\"center\" bgcolor=\"#ffffff\">117<\/td>\n<td align=\"center\" bgcolor=\"#ffffff\">4.6<\/td>\n<td align=\"center\" bgcolor=\"#ffffff\">18<\/td>\n<td align=\"center\" bgcolor=\"#ffffff\">22<\/td>\n<td align=\"center\" bgcolor=\"#ffffff\">33<\/td>\n<td align=\"center\" bgcolor=\"#ffffff\">10<\/td>\n<\/tr>\n<tr>\n<td align=\"center\" bgcolor=\"#e2e3e4\">*\u00a00100 01 0910<\/td>\n<td align=\"center\" bgcolor=\"#e2e3e4\">9&#215;10<\/td>\n<td align=\"center\" bgcolor=\"#e2e3e4\">120<\/td>\n<td align=\"center\" bgcolor=\"#e2e3e4\">4.6<\/td>\n<td align=\"center\" bgcolor=\"#e2e3e4\">20<\/td>\n<td align=\"center\" bgcolor=\"#e2e3e4\">22<\/td>\n<td align=\"center\" bgcolor=\"#e2e3e4\">30<\/td>\n<td align=\"center\" bgcolor=\"#e2e3e4\">10<\/td>\n<\/tr>\n<tr>\n<td align=\"center\" bgcolor=\"#ffffff\">*\u00a00100 01 0911<\/td>\n<td align=\"center\" bgcolor=\"#ffffff\">9&#215;11<\/td>\n<td align=\"center\" bgcolor=\"#ffffff\">120<\/td>\n<td align=\"center\" bgcolor=\"#ffffff\">4.6<\/td>\n<td align=\"center\" bgcolor=\"#ffffff\">20<\/td>\n<td align=\"center\" bgcolor=\"#ffffff\">24<\/td>\n<td align=\"center\" bgcolor=\"#ffffff\">30<\/td>\n<td align=\"center\" bgcolor=\"#ffffff\">10<\/td>\n<\/tr>\n<tr>\n<td align=\"center\" bgcolor=\"#e2e3e4\">0100 01 1011<\/td>\n<td align=\"center\" bgcolor=\"#e2e3e4\">10&#215;11<\/td>\n<td align=\"center\" bgcolor=\"#e2e3e4\">120<\/td>\n<td align=\"center\" bgcolor=\"#e2e3e4\">4.6<\/td>\n<td align=\"center\" bgcolor=\"#e2e3e4\">22<\/td>\n<td align=\"center\" bgcolor=\"#e2e3e4\">24<\/td>\n<td align=\"center\" bgcolor=\"#e2e3e4\">41<\/td>\n<td align=\"center\" bgcolor=\"#e2e3e4\">10<\/td>\n<\/tr>\n<tr>\n<td align=\"center\" bgcolor=\"#ffffff\">0100 01 1012<\/td>\n<td align=\"center\" bgcolor=\"#ffffff\">10&#215;12<\/td>\n<td align=\"center\" bgcolor=\"#ffffff\">120<\/td>\n<td align=\"center\" bgcolor=\"#ffffff\">4.6<\/td>\n<td align=\"center\" bgcolor=\"#ffffff\">22<\/td>\n<td align=\"center\" bgcolor=\"#ffffff\">26<\/td>\n<td align=\"center\" bgcolor=\"#ffffff\">35<\/td>\n<td align=\"center\" bgcolor=\"#ffffff\">10<\/td>\n<\/tr>\n<tr>\n<td align=\"center\" bgcolor=\"#e2e3e4\">0100 01 1013<\/td>\n<td align=\"center\" bgcolor=\"#e2e3e4\">10&#215;13<\/td>\n<td align=\"center\" bgcolor=\"#e2e3e4\">120<\/td>\n<td align=\"center\" bgcolor=\"#e2e3e4\">4.6<\/td>\n<td align=\"center\" bgcolor=\"#e2e3e4\">22<\/td>\n<td align=\"center\" bgcolor=\"#e2e3e4\">28<\/td>\n<td align=\"center\" bgcolor=\"#e2e3e4\">38<\/td>\n<td align=\"center\" bgcolor=\"#e2e3e4\">10<\/td>\n<\/tr>\n<tr>\n<td align=\"center\" bgcolor=\"#ffffff\">*\u00a00100 01 1014<\/td>\n<td align=\"center\" bgcolor=\"#ffffff\">10&#215;14<\/td>\n<td align=\"center\" bgcolor=\"#ffffff\">133<\/td>\n<td align=\"center\" bgcolor=\"#ffffff\">5.2<\/td>\n<td align=\"center\" bgcolor=\"#ffffff\">22<\/td>\n<td align=\"center\" bgcolor=\"#ffffff\">30<\/td>\n<td align=\"center\" bgcolor=\"#ffffff\">50<\/td>\n<td align=\"center\" bgcolor=\"#ffffff\">10<\/td>\n<\/tr>\n<tr>\n<td align=\"center\" bgcolor=\"#e2e3e4\">*\u00a00100 01 1113<\/td>\n<td align=\"center\" bgcolor=\"#e2e3e4\">11&#215;13<\/td>\n<td align=\"center\" bgcolor=\"#e2e3e4\">133<\/td>\n<td align=\"center\" bgcolor=\"#e2e3e4\">5.2<\/td>\n<td align=\"center\" bgcolor=\"#e2e3e4\">26<\/td>\n<td align=\"center\" bgcolor=\"#e2e3e4\">28<\/td>\n<td align=\"center\" bgcolor=\"#e2e3e4\">50<\/td>\n<td align=\"center\" bgcolor=\"#e2e3e4\">10<\/td>\n<\/tr>\n<tr>\n<td align=\"center\" bgcolor=\"#ffffff\">0100 01 1114<\/td>\n<td align=\"center\" bgcolor=\"#ffffff\">11&#215;14<\/td>\n<td align=\"center\" bgcolor=\"#ffffff\">133<\/td>\n<td align=\"center\" bgcolor=\"#ffffff\">5.2<\/td>\n<td align=\"center\" bgcolor=\"#ffffff\">24<\/td>\n<td align=\"center\" bgcolor=\"#ffffff\">30<\/td>\n<td align=\"center\" bgcolor=\"#ffffff\">50<\/td>\n<td align=\"center\" bgcolor=\"#ffffff\">10<\/td>\n<\/tr>\n<tr>\n<td align=\"center\" bgcolor=\"#e2e3e4\">0100 01 1213<\/td>\n<td align=\"center\" bgcolor=\"#e2e3e4\">12&#215;13<\/td>\n<td align=\"center\" bgcolor=\"#e2e3e4\">133<\/td>\n<td align=\"center\" bgcolor=\"#e2e3e4\">5.2<\/td>\n<td align=\"center\" bgcolor=\"#e2e3e4\">26<\/td>\n<td align=\"center\" bgcolor=\"#e2e3e4\">28<\/td>\n<td align=\"center\" bgcolor=\"#e2e3e4\">57<\/td>\n<td align=\"center\" bgcolor=\"#e2e3e4\">10<\/td>\n<\/tr>\n<tr>\n<td align=\"center\" bgcolor=\"#ffffff\">0100 01 1214<\/td>\n<td align=\"center\" bgcolor=\"#ffffff\">12&#215;14<\/td>\n<td align=\"center\" bgcolor=\"#ffffff\">147<\/td>\n<td align=\"center\" bgcolor=\"#ffffff\">5.2<\/td>\n<td align=\"center\" bgcolor=\"#ffffff\">26<\/td>\n<td align=\"center\" bgcolor=\"#ffffff\">30<\/td>\n<td align=\"center\" bgcolor=\"#ffffff\">59<\/td>\n<td align=\"center\" bgcolor=\"#ffffff\">10<\/td>\n<\/tr>\n<tr>\n<td align=\"center\" bgcolor=\"#e2e3e4\">0100 01 1314<\/td>\n<td align=\"center\" bgcolor=\"#e2e3e4\">13&#215;14<\/td>\n<td align=\"center\" bgcolor=\"#e2e3e4\">147<\/td>\n<td align=\"center\" bgcolor=\"#e2e3e4\">5.2<\/td>\n<td align=\"center\" bgcolor=\"#e2e3e4\">28<\/td>\n<td align=\"center\" bgcolor=\"#e2e3e4\">30<\/td>\n<td align=\"center\" bgcolor=\"#e2e3e4\">66<\/td>\n<td align=\"center\" bgcolor=\"#e2e3e4\">10<\/td>\n<\/tr>\n<tr>\n<td align=\"center\" bgcolor=\"#ffffff\">*\u00a00100 01 1315<\/td>\n<td align=\"center\" bgcolor=\"#ffffff\">13&#215;15<\/td>\n<td align=\"center\" bgcolor=\"#ffffff\">147<\/td>\n<td align=\"center\" bgcolor=\"#ffffff\">5.8<\/td>\n<td align=\"center\" bgcolor=\"#ffffff\">28<\/td>\n<td align=\"center\" bgcolor=\"#ffffff\">32<\/td>\n<td align=\"center\" bgcolor=\"#ffffff\">65<\/td>\n<td align=\"center\" bgcolor=\"#ffffff\">10<\/td>\n<\/tr>\n<tr>\n<td align=\"center\" bgcolor=\"#e2e3e4\">0100 01 1415<\/td>\n<td align=\"center\" bgcolor=\"#e2e3e4\">14&#215;15<\/td>\n<td align=\"center\" bgcolor=\"#e2e3e4\">147<\/td>\n<td align=\"center\" bgcolor=\"#e2e3e4\">5.8<\/td>\n<td align=\"center\" bgcolor=\"#e2e3e4\">30<\/td>\n<td align=\"center\" bgcolor=\"#e2e3e4\">32<\/td>\n<td align=\"center\" bgcolor=\"#e2e3e4\">78<\/td>\n<td align=\"center\" bgcolor=\"#e2e3e4\">10<\/td>\n<\/tr>\n<tr>\n<td align=\"center\" bgcolor=\"#ffffff\">0100 01 1317<\/td>\n<td align=\"center\" bgcolor=\"#ffffff\">13&#215;17<\/td>\n<td align=\"center\" bgcolor=\"#ffffff\">162<\/td>\n<td align=\"center\" bgcolor=\"#ffffff\">6.2<\/td>\n<td align=\"center\" bgcolor=\"#ffffff\">28<\/td>\n<td align=\"center\" bgcolor=\"#ffffff\">36<\/td>\n<td align=\"center\" bgcolor=\"#ffffff\">80<\/td>\n<td align=\"center\" bgcolor=\"#ffffff\">10<\/td>\n<\/tr>\n<tr>\n<td align=\"center\" bgcolor=\"#e2e3e4\">0100 01 1417<\/td>\n<td align=\"center\" bgcolor=\"#e2e3e4\">14&#215;17<\/td>\n<td align=\"center\" bgcolor=\"#e2e3e4\">162<\/td>\n<td align=\"center\" bgcolor=\"#e2e3e4\">6.2<\/td>\n<td align=\"center\" bgcolor=\"#e2e3e4\">30<\/td>\n<td align=\"center\" bgcolor=\"#e2e3e4\">36<\/td>\n<td align=\"center\" bgcolor=\"#e2e3e4\">90<\/td>\n<td align=\"center\" bgcolor=\"#e2e3e4\">10<\/td>\n<\/tr>\n<tr>\n<td align=\"center\" bgcolor=\"#ffffff\">0100 01 1617<\/td>\n<td align=\"center\" bgcolor=\"#ffffff\">16&#215;17<\/td>\n<td align=\"center\" bgcolor=\"#ffffff\">162<\/td>\n<td align=\"center\" bgcolor=\"#ffffff\">6.2<\/td>\n<td align=\"center\" bgcolor=\"#ffffff\">34<\/td>\n<td align=\"center\" bgcolor=\"#ffffff\">36<\/td>\n<td align=\"center\" bgcolor=\"#ffffff\">109<\/td>\n<td align=\"center\" bgcolor=\"#ffffff\">10<\/td>\n<\/tr>\n<tr>\n<td align=\"center\" bgcolor=\"#e2e3e4\">0100 01 1719<\/td>\n<td align=\"center\" bgcolor=\"#e2e3e4\">17&#215;19<\/td>\n<td align=\"center\" bgcolor=\"#e2e3e4\">178<\/td>\n<td align=\"center\" bgcolor=\"#e2e3e4\">7<\/td>\n<td align=\"center\" bgcolor=\"#e2e3e4\">36<\/td>\n<td align=\"center\" bgcolor=\"#e2e3e4\">40<\/td>\n<td align=\"center\" bgcolor=\"#e2e3e4\">143<\/td>\n<td align=\"center\" bgcolor=\"#e2e3e4\">10<\/td>\n<\/tr>\n<tr>\n<td align=\"center\" bgcolor=\"#ffffff\">0100 01 1819<\/td>\n<td align=\"center\" bgcolor=\"#ffffff\">18&#215;19<\/td>\n<td align=\"center\" bgcolor=\"#ffffff\">178<\/td>\n<td align=\"center\" bgcolor=\"#ffffff\">7<\/td>\n<td align=\"center\" bgcolor=\"#ffffff\">38<\/td>\n<td align=\"center\" bgcolor=\"#ffffff\">40<\/td>\n<td align=\"center\" bgcolor=\"#ffffff\">144<\/td>\n<td align=\"center\" bgcolor=\"#ffffff\">10<\/td>\n<\/tr>\n<tr>\n<td align=\"center\" bgcolor=\"#e2e3e4\">0100 01 1820<\/td>\n<td align=\"center\" bgcolor=\"#e2e3e4\">18&#215;20<\/td>\n<td align=\"center\" bgcolor=\"#e2e3e4\">178<\/td>\n<td align=\"center\" bgcolor=\"#e2e3e4\">7<\/td>\n<td align=\"center\" bgcolor=\"#e2e3e4\">38<\/td>\n<td align=\"center\" bgcolor=\"#e2e3e4\">42<\/td>\n<td align=\"center\" bgcolor=\"#e2e3e4\">125<\/td>\n<td align=\"center\" bgcolor=\"#e2e3e4\">10<\/td>\n<\/tr>\n<tr>\n<td align=\"center\" bgcolor=\"#ffffff\">0100 01 1822<\/td>\n<td align=\"center\" bgcolor=\"#ffffff\">18&#215;22<\/td>\n<td align=\"center\" bgcolor=\"#ffffff\">195<\/td>\n<td align=\"center\" bgcolor=\"#ffffff\">7.4<\/td>\n<td align=\"center\" bgcolor=\"#ffffff\">38<\/td>\n<td align=\"center\" bgcolor=\"#ffffff\">46<\/td>\n<td align=\"center\" bgcolor=\"#ffffff\">160<\/td>\n<td align=\"center\" bgcolor=\"#ffffff\">10<\/td>\n<\/tr>\n<tr>\n<td align=\"center\" bgcolor=\"#e2e3e4\">*\u00a00100 01 1722<\/td>\n<td align=\"center\" bgcolor=\"#e2e3e4\">17&#215;22<\/td>\n<td align=\"center\" bgcolor=\"#e2e3e4\">195<\/td>\n<td align=\"center\" bgcolor=\"#e2e3e4\">7.4<\/td>\n<td align=\"center\" bgcolor=\"#e2e3e4\">36<\/td>\n<td align=\"center\" bgcolor=\"#e2e3e4\">46<\/td>\n<td align=\"center\" bgcolor=\"#e2e3e4\">160<\/td>\n<td align=\"center\" bgcolor=\"#e2e3e4\">10<\/td>\n<\/tr>\n<tr>\n<td align=\"center\" bgcolor=\"#ffffff\">0100 01 1922<\/td>\n<td align=\"center\" bgcolor=\"#ffffff\">19&#215;22<\/td>\n<td align=\"center\" bgcolor=\"#ffffff\">195<\/td>\n<td align=\"center\" bgcolor=\"#ffffff\">7.4<\/td>\n<td align=\"center\" bgcolor=\"#ffffff\">40<\/td>\n<td align=\"center\" bgcolor=\"#ffffff\">46<\/td>\n<td align=\"center\" bgcolor=\"#ffffff\">175<\/td>\n<td align=\"center\" bgcolor=\"#ffffff\">10<\/td>\n<\/tr>\n<tr>\n<td align=\"center\" bgcolor=\"#e2e3e4\">0100 01 2022<\/td>\n<td align=\"center\" bgcolor=\"#e2e3e4\">20&#215;22<\/td>\n<td align=\"center\" bgcolor=\"#e2e3e4\">195<\/td>\n<td align=\"center\" bgcolor=\"#e2e3e4\">7.4<\/td>\n<td align=\"center\" bgcolor=\"#e2e3e4\">42<\/td>\n<td align=\"center\" bgcolor=\"#e2e3e4\">46<\/td>\n<td align=\"center\" bgcolor=\"#e2e3e4\">196<\/td>\n<td align=\"center\" bgcolor=\"#e2e3e4\">10<\/td>\n<\/tr>\n<tr>\n<td align=\"center\" bgcolor=\"#ffffff\">*\u00a00100 01 1924<\/td>\n<td align=\"center\" bgcolor=\"#ffffff\">19&#215;24<\/td>\n<td align=\"center\" bgcolor=\"#ffffff\">213<\/td>\n<td align=\"center\" bgcolor=\"#ffffff\">7.7<\/td>\n<td align=\"center\" bgcolor=\"#ffffff\">40<\/td>\n<td align=\"center\" bgcolor=\"#ffffff\">50<\/td>\n<td align=\"center\" bgcolor=\"#ffffff\">200<\/td>\n<td align=\"center\" bgcolor=\"#ffffff\">10<\/td>\n<\/tr>\n<tr>\n<td align=\"center\" bgcolor=\"#e2e3e4\">0100 01 2123<\/td>\n<td align=\"center\" bgcolor=\"#e2e3e4\">21&#215;23<\/td>\n<td align=\"center\" bgcolor=\"#e2e3e4\">213<\/td>\n<td align=\"center\" bgcolor=\"#e2e3e4\">7.7<\/td>\n<td align=\"center\" bgcolor=\"#e2e3e4\">44<\/td>\n<td align=\"center\" bgcolor=\"#e2e3e4\">48<\/td>\n<td align=\"center\" bgcolor=\"#e2e3e4\">230<\/td>\n<td align=\"center\" bgcolor=\"#e2e3e4\">10<\/td>\n<\/tr>\n<tr>\n<td align=\"center\" bgcolor=\"#ffffff\">0100 01 2224<\/td>\n<td align=\"center\" bgcolor=\"#ffffff\">22&#215;24<\/td>\n<td align=\"center\" bgcolor=\"#ffffff\">213<\/td>\n<td align=\"center\" bgcolor=\"#ffffff\">8<\/td>\n<td align=\"center\" bgcolor=\"#ffffff\">46<\/td>\n<td align=\"center\" bgcolor=\"#ffffff\">50<\/td>\n<td align=\"center\" bgcolor=\"#ffffff\">239<\/td>\n<td align=\"center\" bgcolor=\"#ffffff\">10<\/td>\n<\/tr>\n<tr>\n<td align=\"center\" bgcolor=\"#e2e3e4\">*\u00a00100 01 2226<\/td>\n<td align=\"center\" bgcolor=\"#e2e3e4\">22&#215;26<\/td>\n<td align=\"center\" bgcolor=\"#e2e3e4\">232<\/td>\n<td align=\"center\" bgcolor=\"#e2e3e4\">8<\/td>\n<td align=\"center\" bgcolor=\"#e2e3e4\">46<\/td>\n<td align=\"center\" bgcolor=\"#e2e3e4\">54<\/td>\n<td align=\"center\" bgcolor=\"#e2e3e4\">250<\/td>\n<td align=\"center\" bgcolor=\"#e2e3e4\">10<\/td>\n<\/tr>\n<tr>\n<td align=\"center\" bgcolor=\"#ffffff\">0100 01 2227<\/td>\n<td align=\"center\" bgcolor=\"#ffffff\">22&#215;27<\/td>\n<td align=\"center\" bgcolor=\"#ffffff\">232<\/td>\n<td align=\"center\" bgcolor=\"#ffffff\">8.2<\/td>\n<td align=\"center\" bgcolor=\"#ffffff\">46<\/td>\n<td align=\"center\" bgcolor=\"#ffffff\">56<\/td>\n<td align=\"center\" bgcolor=\"#ffffff\">260<\/td>\n<td align=\"center\" bgcolor=\"#ffffff\">10<\/td>\n<\/tr>\n<tr>\n<td align=\"center\" bgcolor=\"#e2e3e4\">0100 01 2426<\/td>\n<td align=\"center\" bgcolor=\"#e2e3e4\">24&#215;26<\/td>\n<td align=\"center\" bgcolor=\"#e2e3e4\">232<\/td>\n<td align=\"center\" bgcolor=\"#e2e3e4\">8.2<\/td>\n<td align=\"center\" bgcolor=\"#e2e3e4\">50<\/td>\n<td align=\"center\" bgcolor=\"#e2e3e4\">54<\/td>\n<td align=\"center\" bgcolor=\"#e2e3e4\">297<\/td>\n<td align=\"center\" bgcolor=\"#e2e3e4\">10<\/td>\n<\/tr>\n<tr>\n<td align=\"center\" bgcolor=\"#ffffff\">\u00a00100 01 2427<\/td>\n<td align=\"center\" bgcolor=\"#ffffff\">24&#215;27<\/td>\n<td align=\"center\" bgcolor=\"#ffffff\">232<\/td>\n<td align=\"center\" bgcolor=\"#ffffff\">8.2<\/td>\n<td align=\"center\" bgcolor=\"#ffffff\">50<\/td>\n<td align=\"center\" bgcolor=\"#ffffff\">56<\/td>\n<td align=\"center\" bgcolor=\"#ffffff\">296<\/td>\n<td align=\"center\" bgcolor=\"#ffffff\">10<\/td>\n<\/tr>\n<tr>\n<td align=\"center\" bgcolor=\"#e2e3e4\">0100 01 2528<\/td>\n<td align=\"center\" bgcolor=\"#e2e3e4\">25&#215;28<\/td>\n<td align=\"center\" bgcolor=\"#e2e3e4\">248<\/td>\n<td align=\"center\" bgcolor=\"#e2e3e4\">8.6<\/td>\n<td align=\"center\" bgcolor=\"#e2e3e4\">52<\/td>\n<td align=\"center\" bgcolor=\"#e2e3e4\">57.5<\/td>\n<td align=\"center\" bgcolor=\"#e2e3e4\">366<\/td>\n<td align=\"center\" bgcolor=\"#e2e3e4\">10<\/td>\n<\/tr>\n<tr>\n<td align=\"center\" bgcolor=\"#ffffff\">*\u00a00100 01 2430<\/td>\n<td align=\"center\" bgcolor=\"#ffffff\">24&#215;30<\/td>\n<td align=\"center\" bgcolor=\"#ffffff\">265<\/td>\n<td align=\"center\" bgcolor=\"#ffffff\">9<\/td>\n<td align=\"center\" bgcolor=\"#ffffff\">50<\/td>\n<td align=\"center\" bgcolor=\"#ffffff\">62<\/td>\n<td align=\"center\" bgcolor=\"#ffffff\">370<\/td>\n<td align=\"center\" bgcolor=\"#ffffff\">10<\/td>\n<\/tr>\n<tr>\n<td align=\"center\" bgcolor=\"#e2e3e4\">*\u00a00100 01 2730<\/td>\n<td align=\"center\" bgcolor=\"#e2e3e4\">27&#215;30<\/td>\n<td align=\"center\" bgcolor=\"#e2e3e4\">265<\/td>\n<td align=\"center\" bgcolor=\"#e2e3e4\">9<\/td>\n<td align=\"center\" bgcolor=\"#e2e3e4\">56<\/td>\n<td align=\"center\" bgcolor=\"#e2e3e4\">62<\/td>\n<td align=\"center\" bgcolor=\"#e2e3e4\">380<\/td>\n<td align=\"center\" bgcolor=\"#e2e3e4\">10<\/td>\n<\/tr>\n<tr>\n<td align=\"center\" bgcolor=\"#ffffff\">0100 01 2732<\/td>\n<td align=\"center\" bgcolor=\"#ffffff\">27&#215;32<\/td>\n<td align=\"center\" bgcolor=\"#ffffff\">265<\/td>\n<td align=\"center\" bgcolor=\"#ffffff\">9<\/td>\n<td align=\"center\" bgcolor=\"#ffffff\">56<\/td>\n<td align=\"center\" bgcolor=\"#ffffff\">66<\/td>\n<td align=\"center\" bgcolor=\"#ffffff\">415<\/td>\n<td align=\"center\" bgcolor=\"#ffffff\">10<\/td>\n<\/tr>\n<tr>\n<td align=\"center\" bgcolor=\"#e2e3e4\">0100 01 3032<\/td>\n<td align=\"center\" bgcolor=\"#e2e3e4\">30&#215;32<\/td>\n<td align=\"center\" bgcolor=\"#e2e3e4\">265<\/td>\n<td align=\"center\" bgcolor=\"#e2e3e4\">9<\/td>\n<td align=\"center\" bgcolor=\"#e2e3e4\">62<\/td>\n<td align=\"center\" bgcolor=\"#e2e3e4\">66<\/td>\n<td align=\"center\" bgcolor=\"#e2e3e4\">465<\/td>\n<td align=\"center\" bgcolor=\"#e2e3e4\">10<\/td>\n<\/tr>\n<\/tbody>\n<\/table>\n","protected":false},"excerpt":{"rendered":"<p>KOD 0100 01 0405 4&#215;5 97 3.5 11 12.5 15 10 0100 01 0607 6&#215;7 97 3.5 14 16 18 10 *\u00a00100 01 0608 6&#215;8 108 3.5 14 18 20 10 *\u00a00100 01 0708 7&#215;8 108 3.5 16 18 20 10 *\u00a00100 01 0709 7&#215;9 108 4 16 20 25 10 0100 01 0809 8&#215;9 [&hellip;]<\/p>\n","protected":false},"featured_media":18182,"comment_status":"closed","ping_status":"closed","template":"","meta":[],"product_brand":[],"product_cat":[260,257],"product_tag":[],"class_list":{"0":"post-19921","1":"product","2":"type-product","3":"status-publish","4":"has-post-thumbnail","6":"product_cat-anahtarlar","7":"product_cat-el-aletleri","9":"first","10":"instock","11":"shipping-taxable","12":"product-type-simple"},"_links":{"self":[{"href":"https:\/\/korogluhirdavat.com.tr\/index.php?rest_route=\/wp\/v2\/product\/19921","targetHints":{"allow":["GET"]}}],"collection":[{"href":"https:\/\/korogluhirdavat.com.tr\/index.php?rest_route=\/wp\/v2\/product"}],"about":[{"href":"https:\/\/korogluhirdavat.com.tr\/index.php?rest_route=\/wp\/v2\/types\/product"}],"replies":[{"embeddable":true,"href":"https:\/\/korogluhirdavat.com.tr\/index.php?rest_route=%2Fwp%2Fv2%2Fcomments&post=19921"}],"wp:featuredmedia":[{"embeddable":true,"href":"https:\/\/korogluhirdavat.com.tr\/index.php?rest_route=\/wp\/v2\/media\/18182"}],"wp:attachment":[{"href":"https:\/\/korogluhirdavat.com.tr\/index.php?rest_route=%2Fwp%2Fv2%2Fmedia&parent=19921"}],"wp:term":[{"taxonomy":"product_brand","embeddable":true,"href":"https:\/\/korogluhirdavat.com.tr\/index.php?rest_route=%2Fwp%2Fv2%2Fproduct_brand&post=19921"},{"taxonomy":"product_cat","embeddable":true,"href":"https:\/\/korogluhirdavat.com.tr\/index.php?rest_route=%2Fwp%2Fv2%2Fproduct_cat&post=19921"},{"taxonomy":"product_tag","embeddable":true,"href":"https:\/\/korogluhirdavat.com.tr\/index.php?rest_route=%2Fwp%2Fv2%2Fproduct_tag&post=19921"}],"curies":[{"name":"wp","href":"https:\/\/api.w.org\/{rel}","templated":true}]}}