{"id":19922,"date":"2021-09-03T21:01:02","date_gmt":"2021-09-03T21:01:02","guid":{"rendered":"https:\/\/koroglucivata.com\/?post_type=product&#038;p=19922"},"modified":"2021-09-03T21:01:07","modified_gmt":"2021-09-03T21:01:07","slug":"0130-iki-agiz-anahtar-uzun-boy-mm","status":"publish","type":"product","link":"https:\/\/korogluhirdavat.com.tr\/?product=0130-iki-agiz-anahtar-uzun-boy-mm","title":{"rendered":"0130 \u0130ki A\u011f\u0131z Anahtar Uzun Boy (mm)"},"content":{"rendered":"<table border=\"0\" width=\"100%\" cellspacing=\"2\" cellpadding=\"2\">\n<tbody>\n<tr>\n<td align=\"center\" bgcolor=\"#cecfd1\"><strong>KOD<\/strong><\/td>\n<td align=\"center\" bgcolor=\"#cecfd1\"><img loading=\"lazy\" decoding=\"async\" src=\"https:\/\/www.izeltas.com.tr\/izeltascomtr\/upl\/Image\/altigen.jpg\" alt=\"\" width=\"34\" height=\"34\" \/><\/td>\n<td align=\"center\" bgcolor=\"#cecfd1\"><img loading=\"lazy\" decoding=\"async\" src=\"https:\/\/www.izeltas.com.tr\/izeltascomtr\/upl\/Image\/L.jpg\" alt=\"\" width=\"34\" height=\"34\" \/><\/td>\n<td align=\"center\" bgcolor=\"#cecfd1\"><img loading=\"lazy\" decoding=\"async\" src=\"https:\/\/www.izeltas.com.tr\/izeltascomtr\/upl\/Image\/a1.jpg\" alt=\"\" width=\"34\" height=\"34\" \/><\/td>\n<td align=\"center\" bgcolor=\"#cecfd1\"><img loading=\"lazy\" decoding=\"async\" src=\"https:\/\/www.izeltas.com.tr\/izeltascomtr\/upl\/Image\/b1.jpg\" alt=\"\" width=\"34\" height=\"34\" \/><\/td>\n<td align=\"center\" bgcolor=\"#cecfd1\"><img loading=\"lazy\" decoding=\"async\" src=\"https:\/\/www.izeltas.com.tr\/izeltascomtr\/upl\/Image\/b2.jpg\" alt=\"\" width=\"34\" height=\"34\" \/><\/td>\n<td align=\"center\" bgcolor=\"#cecfd1\"><img loading=\"lazy\" decoding=\"async\" src=\"https:\/\/www.izeltas.com.tr\/izeltascomtr\/upl\/Image\/terazi_G.jpg\" alt=\"\" width=\"34\" height=\"34\" \/><\/td>\n<td align=\"center\" bgcolor=\"#cecfd1\"><img loading=\"lazy\" decoding=\"async\" src=\"https:\/\/www.izeltas.com.tr\/izeltascomtr\/upl\/Image\/kare.jpg\" alt=\"\" width=\"34\" height=\"34\" \/><\/td>\n<\/tr>\n<tr>\n<td align=\"center\" bgcolor=\"#ffffff\">*\u00a00130 01 0555<\/td>\n<td align=\"center\" bgcolor=\"#ffffff\">5&#215;5.5<\/td>\n<td align=\"center\" bgcolor=\"#ffffff\">125<\/td>\n<td align=\"center\" bgcolor=\"#ffffff\">3.5<\/td>\n<td align=\"center\" bgcolor=\"#ffffff\">14<\/td>\n<td align=\"center\" bgcolor=\"#ffffff\">16<\/td>\n<td align=\"center\" bgcolor=\"#ffffff\">15<\/td>\n<td align=\"center\" bgcolor=\"#ffffff\">10<\/td>\n<\/tr>\n<tr>\n<td align=\"center\" bgcolor=\"#e2e3e4\">0130 01 0607<\/td>\n<td align=\"center\" bgcolor=\"#e2e3e4\">6&#215;7<\/td>\n<td align=\"center\" bgcolor=\"#e2e3e4\">125<\/td>\n<td align=\"center\" bgcolor=\"#e2e3e4\">3.5<\/td>\n<td align=\"center\" bgcolor=\"#e2e3e4\">14<\/td>\n<td align=\"center\" bgcolor=\"#e2e3e4\">16<\/td>\n<td align=\"center\" bgcolor=\"#e2e3e4\">24<\/td>\n<td align=\"center\" bgcolor=\"#e2e3e4\">10<\/td>\n<\/tr>\n<tr>\n<td align=\"center\" bgcolor=\"#ffffff\">*\u00a00130 01 0608<\/td>\n<td align=\"center\" bgcolor=\"#ffffff\">6&#215;8<\/td>\n<td align=\"center\" bgcolor=\"#ffffff\">125<\/td>\n<td align=\"center\" bgcolor=\"#ffffff\">3.5<\/td>\n<td align=\"center\" bgcolor=\"#ffffff\">14<\/td>\n<td align=\"center\" bgcolor=\"#ffffff\">18<\/td>\n<td align=\"center\" bgcolor=\"#ffffff\">20<\/td>\n<td align=\"center\" bgcolor=\"#ffffff\">10<\/td>\n<\/tr>\n<tr bgcolor=\"#e2e3e4\">\n<td align=\"center\">*\u00a00130 01 0708<\/td>\n<td align=\"center\">7&#215;8<\/td>\n<td align=\"center\">125<\/td>\n<td align=\"center\">3.5<\/td>\n<td align=\"center\">16<\/td>\n<td align=\"center\">18<\/td>\n<td align=\"center\">20<\/td>\n<td align=\"center\">10<\/td>\n<\/tr>\n<tr>\n<td align=\"center\" bgcolor=\"#ffffff\">*\u00a00130 01 0709<\/td>\n<td align=\"center\" bgcolor=\"#ffffff\">7&#215;9<\/td>\n<td align=\"center\" bgcolor=\"#ffffff\">140<\/td>\n<td align=\"center\" bgcolor=\"#ffffff\">4<\/td>\n<td align=\"center\" bgcolor=\"#ffffff\">16<\/td>\n<td align=\"center\" bgcolor=\"#ffffff\">20<\/td>\n<td align=\"center\" bgcolor=\"#ffffff\">30<\/td>\n<td align=\"center\" bgcolor=\"#ffffff\">10<\/td>\n<\/tr>\n<tr bgcolor=\"#e2e3e4\">\n<td align=\"center\">0130 01 0809<\/td>\n<td align=\"center\">8&#215;9<\/td>\n<td align=\"center\">140<\/td>\n<td align=\"center\">4<\/td>\n<td align=\"center\">18<\/td>\n<td align=\"center\">20<\/td>\n<td align=\"center\">35<\/td>\n<td align=\"center\">10<\/td>\n<\/tr>\n<tr>\n<td align=\"center\" bgcolor=\"#ffffff\">0130 01 0810<\/td>\n<td align=\"center\" bgcolor=\"#ffffff\">8&#215;10<\/td>\n<td align=\"center\" bgcolor=\"#ffffff\">140<\/td>\n<td align=\"center\" bgcolor=\"#ffffff\">4<\/td>\n<td align=\"center\" bgcolor=\"#ffffff\">18<\/td>\n<td align=\"center\" bgcolor=\"#ffffff\">22<\/td>\n<td align=\"center\" bgcolor=\"#ffffff\">36<\/td>\n<td align=\"center\" bgcolor=\"#ffffff\">10<\/td>\n<\/tr>\n<tr bgcolor=\"#e2e3e4\">\n<td align=\"center\">*\u00a00130 01 0910<\/td>\n<td align=\"center\">9&#215;10<\/td>\n<td align=\"center\">155<\/td>\n<td align=\"center\">4.5<\/td>\n<td align=\"center\">20<\/td>\n<td align=\"center\">22<\/td>\n<td align=\"center\">45<\/td>\n<td align=\"center\">10<\/td>\n<\/tr>\n<tr>\n<td align=\"center\" bgcolor=\"#ffffff\">*\u00a00130 01 0911<\/td>\n<td align=\"center\" bgcolor=\"#ffffff\">9&#215;11<\/td>\n<td align=\"center\" bgcolor=\"#ffffff\">155<\/td>\n<td align=\"center\" bgcolor=\"#ffffff\">4.5<\/td>\n<td align=\"center\" bgcolor=\"#ffffff\">20<\/td>\n<td align=\"center\" bgcolor=\"#ffffff\">24<\/td>\n<td align=\"center\" bgcolor=\"#ffffff\">45<\/td>\n<td align=\"center\" bgcolor=\"#ffffff\">10<\/td>\n<\/tr>\n<tr bgcolor=\"#e2e3e4\">\n<td align=\"center\">0130 01 1011<\/td>\n<td align=\"center\">10&#215;11<\/td>\n<td align=\"center\">155<\/td>\n<td align=\"center\">4.5<\/td>\n<td align=\"center\">22<\/td>\n<td align=\"center\">24<\/td>\n<td align=\"center\">47<\/td>\n<td align=\"center\">10<\/td>\n<\/tr>\n<tr>\n<td align=\"center\" bgcolor=\"#ffffff\">0130 01 1012<\/td>\n<td align=\"center\" bgcolor=\"#ffffff\">10&#215;12<\/td>\n<td align=\"center\" bgcolor=\"#ffffff\">162<\/td>\n<td align=\"center\" bgcolor=\"#ffffff\">4.7<\/td>\n<td align=\"center\" bgcolor=\"#ffffff\">22<\/td>\n<td align=\"center\" bgcolor=\"#ffffff\">26<\/td>\n<td align=\"center\" bgcolor=\"#ffffff\">57<\/td>\n<td align=\"center\" bgcolor=\"#ffffff\">10<\/td>\n<\/tr>\n<tr bgcolor=\"#e2e3e4\">\n<td align=\"center\">0130 01 1013<\/td>\n<td align=\"center\">10&#215;13<\/td>\n<td align=\"center\">162<\/td>\n<td align=\"center\">4.7<\/td>\n<td align=\"center\">22<\/td>\n<td align=\"center\">28<\/td>\n<td align=\"center\">61<\/td>\n<td align=\"center\">10<\/td>\n<\/tr>\n<tr>\n<td align=\"center\" bgcolor=\"#ffffff\">0130 01 1014<\/td>\n<td align=\"center\" bgcolor=\"#ffffff\">10&#215;14<\/td>\n<td align=\"center\" bgcolor=\"#ffffff\">172<\/td>\n<td align=\"center\" bgcolor=\"#ffffff\">5<\/td>\n<td align=\"center\" bgcolor=\"#ffffff\">22<\/td>\n<td align=\"center\" bgcolor=\"#ffffff\">30<\/td>\n<td align=\"center\" bgcolor=\"#ffffff\">65<\/td>\n<td align=\"center\" bgcolor=\"#ffffff\">10<\/td>\n<\/tr>\n<tr bgcolor=\"#e2e3e4\">\n<td align=\"center\">*\u00a00130 01 1113<\/td>\n<td align=\"center\">11&#215;13<\/td>\n<td align=\"center\">172<\/td>\n<td align=\"center\">5<\/td>\n<td align=\"center\">24<\/td>\n<td align=\"center\">28<\/td>\n<td align=\"center\">70<\/td>\n<td align=\"center\">10<\/td>\n<\/tr>\n<tr>\n<td align=\"center\" bgcolor=\"#ffffff\">0130 01 1114<\/td>\n<td align=\"center\" bgcolor=\"#ffffff\">11&#215;14<\/td>\n<td align=\"center\" bgcolor=\"#ffffff\">172<\/td>\n<td align=\"center\" bgcolor=\"#ffffff\">5<\/td>\n<td align=\"center\" bgcolor=\"#ffffff\">24<\/td>\n<td align=\"center\" bgcolor=\"#ffffff\">30<\/td>\n<td align=\"center\" bgcolor=\"#ffffff\">65<\/td>\n<td align=\"center\" bgcolor=\"#ffffff\">10<\/td>\n<\/tr>\n<tr bgcolor=\"#e2e3e4\">\n<td align=\"center\">0130 01 1213<\/td>\n<td align=\"center\">12&#215;13<\/td>\n<td align=\"center\">172<\/td>\n<td align=\"center\">5<\/td>\n<td align=\"center\">26<\/td>\n<td align=\"center\">28<\/td>\n<td align=\"center\">67<\/td>\n<td align=\"center\">10<\/td>\n<\/tr>\n<tr>\n<td align=\"center\" bgcolor=\"#ffffff\">0130 01 1214<\/td>\n<td align=\"center\" bgcolor=\"#ffffff\">12&#215;14<\/td>\n<td align=\"center\" bgcolor=\"#ffffff\">172<\/td>\n<td align=\"center\" bgcolor=\"#ffffff\">5<\/td>\n<td align=\"center\" bgcolor=\"#ffffff\">26<\/td>\n<td align=\"center\" bgcolor=\"#ffffff\">30<\/td>\n<td align=\"center\" bgcolor=\"#ffffff\">65<\/td>\n<td align=\"center\" bgcolor=\"#ffffff\">10<\/td>\n<\/tr>\n<tr bgcolor=\"#e2e3e4\">\n<td align=\"center\">0130 01 1314<\/td>\n<td align=\"center\">13&#215;14<\/td>\n<td align=\"center\">188<\/td>\n<td align=\"center\">5.5<\/td>\n<td align=\"center\">28<\/td>\n<td align=\"center\">30<\/td>\n<td align=\"center\">85<\/td>\n<td align=\"center\">10<\/td>\n<\/tr>\n<tr>\n<td align=\"center\" bgcolor=\"#ffffff\">*\u00a00130 01 1315<\/td>\n<td align=\"center\" bgcolor=\"#ffffff\">13&#215;15<\/td>\n<td align=\"center\" bgcolor=\"#ffffff\">188<\/td>\n<td align=\"center\" bgcolor=\"#ffffff\">5,5<\/td>\n<td align=\"center\" bgcolor=\"#ffffff\">30<\/td>\n<td align=\"center\" bgcolor=\"#ffffff\">32<\/td>\n<td align=\"center\" bgcolor=\"#ffffff\">93<\/td>\n<td align=\"center\" bgcolor=\"#ffffff\">10<\/td>\n<\/tr>\n<tr>\n<td align=\"center\" bgcolor=\"#e2e3e4\">0130 01 1415<\/td>\n<td align=\"center\" bgcolor=\"#e2e3e4\">14&#215;15<\/td>\n<td align=\"center\" bgcolor=\"#e2e3e4\">188<\/td>\n<td align=\"center\" bgcolor=\"#e2e3e4\">5.5<\/td>\n<td align=\"center\" bgcolor=\"#e2e3e4\">30<\/td>\n<td align=\"center\" bgcolor=\"#e2e3e4\">32<\/td>\n<td align=\"center\" bgcolor=\"#e2e3e4\">91<\/td>\n<td align=\"center\" bgcolor=\"#e2e3e4\">10<\/td>\n<\/tr>\n<tr>\n<td align=\"center\" bgcolor=\"#ffffff\">0130 01 1317<\/td>\n<td align=\"center\" bgcolor=\"#ffffff\">13&#215;17<\/td>\n<td align=\"center\" bgcolor=\"#ffffff\">205<\/td>\n<td align=\"center\" bgcolor=\"#ffffff\">6.2<\/td>\n<td align=\"center\" bgcolor=\"#ffffff\">28<\/td>\n<td align=\"center\" bgcolor=\"#ffffff\">36<\/td>\n<td align=\"center\" bgcolor=\"#ffffff\">111<\/td>\n<td align=\"center\" bgcolor=\"#ffffff\">10<\/td>\n<\/tr>\n<tr>\n<td align=\"center\" bgcolor=\"#e2e3e4\">0130 01 1417<\/td>\n<td align=\"center\" bgcolor=\"#e2e3e4\">14&#215;17<\/td>\n<td align=\"center\" bgcolor=\"#e2e3e4\">205<\/td>\n<td align=\"center\" bgcolor=\"#e2e3e4\">6.2<\/td>\n<td align=\"center\" bgcolor=\"#e2e3e4\">30<\/td>\n<td align=\"center\" bgcolor=\"#e2e3e4\">36<\/td>\n<td align=\"center\" bgcolor=\"#e2e3e4\">106<\/td>\n<td align=\"center\" bgcolor=\"#e2e3e4\">10<\/td>\n<\/tr>\n<tr>\n<td align=\"center\" bgcolor=\"#ffffff\">0130 01 1617<\/td>\n<td align=\"center\" bgcolor=\"#ffffff\">16&#215;17<\/td>\n<td align=\"center\" bgcolor=\"#ffffff\">205<\/td>\n<td align=\"center\" bgcolor=\"#ffffff\">6.2<\/td>\n<td align=\"center\" bgcolor=\"#ffffff\">34<\/td>\n<td align=\"center\" bgcolor=\"#ffffff\">36<\/td>\n<td align=\"center\" bgcolor=\"#ffffff\">120<\/td>\n<td align=\"center\" bgcolor=\"#ffffff\">10<\/td>\n<\/tr>\n<tr>\n<td align=\"center\" bgcolor=\"#e2e3e4\">0130 01 1618<\/td>\n<td align=\"center\" bgcolor=\"#e2e3e4\">16&#215;18<\/td>\n<td align=\"center\" bgcolor=\"#e2e3e4\">220<\/td>\n<td align=\"center\" bgcolor=\"#e2e3e4\">7<\/td>\n<td align=\"center\" bgcolor=\"#e2e3e4\">34<\/td>\n<td align=\"center\" bgcolor=\"#e2e3e4\">38<\/td>\n<td align=\"center\" bgcolor=\"#e2e3e4\">165<\/td>\n<td align=\"center\" bgcolor=\"#e2e3e4\">10<\/td>\n<\/tr>\n<tr>\n<td align=\"center\" bgcolor=\"#ffffff\">0130 01 1719<\/td>\n<td align=\"center\" bgcolor=\"#ffffff\">17&#215;19<\/td>\n<td align=\"center\" bgcolor=\"#ffffff\">220<\/td>\n<td align=\"center\" bgcolor=\"#ffffff\">7<\/td>\n<td align=\"center\" bgcolor=\"#ffffff\">36<\/td>\n<td align=\"center\" bgcolor=\"#ffffff\">40<\/td>\n<td align=\"center\" bgcolor=\"#ffffff\">160<\/td>\n<td align=\"center\" bgcolor=\"#ffffff\">10<\/td>\n<\/tr>\n<tr>\n<td align=\"center\" bgcolor=\"#e2e3e4\">0130 01 1819<\/td>\n<td align=\"center\" bgcolor=\"#e2e3e4\">18&#215;19<\/td>\n<td align=\"center\" bgcolor=\"#e2e3e4\">220<\/td>\n<td align=\"center\" bgcolor=\"#e2e3e4\">7<\/td>\n<td align=\"center\" bgcolor=\"#e2e3e4\">38<\/td>\n<td align=\"center\" bgcolor=\"#e2e3e4\">40<\/td>\n<td align=\"center\" bgcolor=\"#e2e3e4\">161<\/td>\n<td align=\"center\" bgcolor=\"#e2e3e4\">10<\/td>\n<\/tr>\n<tr bgcolor=\"#e2e3e4\">\n<td align=\"center\" bgcolor=\"#ffffff\">*\u00a00130 01 1722<\/td>\n<td align=\"center\" bgcolor=\"#ffffff\">17&#215;22<\/td>\n<td align=\"center\" bgcolor=\"#ffffff\">235<\/td>\n<td align=\"center\" bgcolor=\"#ffffff\">7.5<\/td>\n<td align=\"center\" bgcolor=\"#ffffff\">36<\/td>\n<td align=\"center\" bgcolor=\"#ffffff\">46<\/td>\n<td align=\"center\" bgcolor=\"#ffffff\">190<\/td>\n<td align=\"center\" bgcolor=\"#ffffff\">5<\/td>\n<\/tr>\n<tr>\n<td align=\"center\" bgcolor=\"#e2e3e4\">0130 01 1921<\/td>\n<td align=\"center\" bgcolor=\"#e2e3e4\">19&#215;21<\/td>\n<td align=\"center\" bgcolor=\"#e2e3e4\">235<\/td>\n<td align=\"center\" bgcolor=\"#e2e3e4\">7.5<\/td>\n<td align=\"center\" bgcolor=\"#e2e3e4\">40<\/td>\n<td align=\"center\" bgcolor=\"#e2e3e4\">44<\/td>\n<td align=\"center\" bgcolor=\"#e2e3e4\">195<\/td>\n<td align=\"center\" bgcolor=\"#e2e3e4\">5<\/td>\n<\/tr>\n<tr bgcolor=\"#e2e3e4\">\n<td align=\"center\" bgcolor=\"#ffffff\">0130 01 1922<\/td>\n<td align=\"center\" bgcolor=\"#ffffff\">19&#215;22<\/td>\n<td align=\"center\" bgcolor=\"#ffffff\">235<\/td>\n<td align=\"center\" bgcolor=\"#ffffff\">7.5<\/td>\n<td align=\"center\" bgcolor=\"#ffffff\">40<\/td>\n<td align=\"center\" bgcolor=\"#ffffff\">46<\/td>\n<td align=\"center\" bgcolor=\"#ffffff\">195<\/td>\n<td align=\"center\" bgcolor=\"#ffffff\">5<\/td>\n<\/tr>\n<tr>\n<td align=\"center\" bgcolor=\"#e2e3e4\">0130 01 2022<\/td>\n<td align=\"center\" bgcolor=\"#e2e3e4\">20&#215;22<\/td>\n<td align=\"center\" bgcolor=\"#e2e3e4\">235<\/td>\n<td align=\"center\" bgcolor=\"#e2e3e4\">7.5<\/td>\n<td align=\"center\" bgcolor=\"#e2e3e4\">42<\/td>\n<td align=\"center\" bgcolor=\"#e2e3e4\">46<\/td>\n<td align=\"center\" bgcolor=\"#e2e3e4\">195<\/td>\n<td align=\"center\" bgcolor=\"#e2e3e4\">5<\/td>\n<\/tr>\n<tr>\n<td align=\"center\" bgcolor=\"#ffffff\">*\u00a00130 01 1724<\/td>\n<td align=\"center\" bgcolor=\"#ffffff\">17&#215;24<\/td>\n<td align=\"center\" bgcolor=\"#ffffff\">248<\/td>\n<td align=\"center\" bgcolor=\"#ffffff\">8,3<\/td>\n<td align=\"center\" bgcolor=\"#ffffff\">36<\/td>\n<td align=\"center\" bgcolor=\"#ffffff\">50<\/td>\n<td align=\"center\" bgcolor=\"#ffffff\">240<\/td>\n<td align=\"center\" bgcolor=\"#ffffff\">5<\/td>\n<\/tr>\n<tr>\n<td align=\"center\" bgcolor=\"#e2e3e4\">0130 01 1924<\/td>\n<td align=\"center\" bgcolor=\"#e2e3e4\">19&#215;24<\/td>\n<td align=\"center\" bgcolor=\"#e2e3e4\">248<\/td>\n<td align=\"center\" bgcolor=\"#e2e3e4\">8,3<\/td>\n<td align=\"center\" bgcolor=\"#e2e3e4\">40<\/td>\n<td align=\"center\" bgcolor=\"#e2e3e4\">50<\/td>\n<td align=\"center\" bgcolor=\"#e2e3e4\">235<\/td>\n<td align=\"center\" bgcolor=\"#e2e3e4\">5<\/td>\n<\/tr>\n<tr>\n<td align=\"center\" bgcolor=\"#ffffff\">0130 01 2123<\/td>\n<td align=\"center\" bgcolor=\"#ffffff\">21&#215;23<\/td>\n<td align=\"center\" bgcolor=\"#ffffff\">248<\/td>\n<td align=\"center\" bgcolor=\"#ffffff\">8,3<\/td>\n<td align=\"center\" bgcolor=\"#ffffff\">44<\/td>\n<td align=\"center\" bgcolor=\"#ffffff\">48<\/td>\n<td align=\"center\" bgcolor=\"#ffffff\">235<\/td>\n<td align=\"center\" bgcolor=\"#ffffff\">5<\/td>\n<\/tr>\n<tr>\n<td align=\"center\" bgcolor=\"#e2e3e4\">0130 01 2224<\/td>\n<td align=\"center\" bgcolor=\"#e2e3e4\">22&#215;24<\/td>\n<td align=\"center\" bgcolor=\"#e2e3e4\">248<\/td>\n<td align=\"center\" bgcolor=\"#e2e3e4\">8,3<\/td>\n<td align=\"center\" bgcolor=\"#e2e3e4\">46<\/td>\n<td align=\"center\" bgcolor=\"#e2e3e4\">50<\/td>\n<td align=\"center\" bgcolor=\"#e2e3e4\">235<\/td>\n<td align=\"center\" bgcolor=\"#e2e3e4\">5<\/td>\n<\/tr>\n<tr>\n<td align=\"center\" bgcolor=\"#ffffff\">*\u00a00130 01 2227<\/td>\n<td align=\"center\" bgcolor=\"#ffffff\">22&#215;27<\/td>\n<td align=\"center\" bgcolor=\"#ffffff\">265<\/td>\n<td align=\"center\" bgcolor=\"#ffffff\">8.8<\/td>\n<td align=\"center\" bgcolor=\"#ffffff\">46<\/td>\n<td align=\"center\" bgcolor=\"#ffffff\">56<\/td>\n<td align=\"center\" bgcolor=\"#ffffff\">300<\/td>\n<td align=\"center\" bgcolor=\"#ffffff\">5<\/td>\n<\/tr>\n<tr>\n<td align=\"center\" bgcolor=\"#e2e3e4\">0130 01 2426<\/td>\n<td align=\"center\" bgcolor=\"#e2e3e4\">24&#215;26<\/td>\n<td align=\"center\" bgcolor=\"#e2e3e4\">265<\/td>\n<td align=\"center\" bgcolor=\"#e2e3e4\">8.8<\/td>\n<td align=\"center\" bgcolor=\"#e2e3e4\">50<\/td>\n<td align=\"center\" bgcolor=\"#e2e3e4\">54<\/td>\n<td align=\"center\" bgcolor=\"#e2e3e4\">300<\/td>\n<td align=\"center\" bgcolor=\"#e2e3e4\">5<\/td>\n<\/tr>\n<tr>\n<td align=\"center\" bgcolor=\"#ffffff\">0130 01 2427<\/td>\n<td align=\"center\" bgcolor=\"#ffffff\">24&#215;27<\/td>\n<td align=\"center\" bgcolor=\"#ffffff\">265<\/td>\n<td align=\"center\" bgcolor=\"#ffffff\">8.8<\/td>\n<td align=\"center\" bgcolor=\"#ffffff\">50<\/td>\n<td align=\"center\" bgcolor=\"#ffffff\">56<\/td>\n<td align=\"center\" bgcolor=\"#ffffff\">300<\/td>\n<td align=\"center\" bgcolor=\"#ffffff\">5<\/td>\n<\/tr>\n<tr>\n<td align=\"center\" bgcolor=\"#e2e3e4\">*\u00a00130 01 2430<\/td>\n<td align=\"center\" bgcolor=\"#e2e3e4\">24&#215;30<\/td>\n<td align=\"center\" bgcolor=\"#e2e3e4\">282<\/td>\n<td align=\"center\" bgcolor=\"#e2e3e4\">9,3<\/td>\n<td align=\"center\" bgcolor=\"#e2e3e4\">50<\/td>\n<td align=\"center\" bgcolor=\"#e2e3e4\">61,5<\/td>\n<td align=\"center\" bgcolor=\"#e2e3e4\">380<\/td>\n<td align=\"center\" bgcolor=\"#e2e3e4\">5<\/td>\n<\/tr>\n<tr>\n<td align=\"center\" bgcolor=\"#ffffff\">0130 01 2528<\/td>\n<td align=\"center\" bgcolor=\"#ffffff\">25&#215;28<\/td>\n<td align=\"center\" bgcolor=\"#ffffff\">282<\/td>\n<td align=\"center\" bgcolor=\"#ffffff\">9,3<\/td>\n<td align=\"center\" bgcolor=\"#ffffff\">52<\/td>\n<td align=\"center\" bgcolor=\"#ffffff\">57.5<\/td>\n<td align=\"center\" bgcolor=\"#ffffff\">390<\/td>\n<td align=\"center\" bgcolor=\"#ffffff\">5<\/td>\n<\/tr>\n<tr>\n<td align=\"center\" bgcolor=\"#e2e3e4\">0130 01 2729<\/td>\n<td align=\"center\" bgcolor=\"#e2e3e4\">27&#215;29<\/td>\n<td align=\"center\" bgcolor=\"#e2e3e4\">300<\/td>\n<td align=\"center\" bgcolor=\"#e2e3e4\">9.8<\/td>\n<td align=\"center\" bgcolor=\"#e2e3e4\">56<\/td>\n<td align=\"center\" bgcolor=\"#e2e3e4\">59<\/td>\n<td align=\"center\" bgcolor=\"#e2e3e4\">400<\/td>\n<td align=\"center\" bgcolor=\"#e2e3e4\">5<\/td>\n<\/tr>\n<tr>\n<td align=\"center\" bgcolor=\"#ffffff\">0130 01 2730<\/td>\n<td align=\"center\" bgcolor=\"#ffffff\">27&#215;30<\/td>\n<td align=\"center\" bgcolor=\"#ffffff\">300<\/td>\n<td align=\"center\" bgcolor=\"#ffffff\">9.8<\/td>\n<td align=\"center\" bgcolor=\"#ffffff\">56<\/td>\n<td align=\"center\" bgcolor=\"#ffffff\">61.5<\/td>\n<td align=\"center\" bgcolor=\"#ffffff\">440<\/td>\n<td align=\"center\" bgcolor=\"#ffffff\">5<\/td>\n<\/tr>\n<tr>\n<td align=\"center\" bgcolor=\"#e2e3e4\">0130 01 2732<\/td>\n<td align=\"center\" bgcolor=\"#e2e3e4\">27&#215;32<\/td>\n<td align=\"center\" bgcolor=\"#e2e3e4\">300<\/td>\n<td align=\"center\" bgcolor=\"#e2e3e4\">9.8<\/td>\n<td align=\"center\" bgcolor=\"#e2e3e4\">56<\/td>\n<td align=\"center\" bgcolor=\"#e2e3e4\">65.5<\/td>\n<td align=\"center\" bgcolor=\"#e2e3e4\">460<\/td>\n<td align=\"center\" bgcolor=\"#e2e3e4\">5<\/td>\n<\/tr>\n<tr>\n<td align=\"center\" bgcolor=\"#ffffff\">0130 01 3032<\/td>\n<td align=\"center\" bgcolor=\"#ffffff\">30&#215;32<\/td>\n<td align=\"center\" bgcolor=\"#ffffff\">300<\/td>\n<td align=\"center\" bgcolor=\"#ffffff\">9.8<\/td>\n<td align=\"center\" bgcolor=\"#ffffff\">61.5<\/td>\n<td align=\"center\" bgcolor=\"#ffffff\">65.5<\/td>\n<td align=\"center\" bgcolor=\"#ffffff\">480<\/td>\n<td align=\"center\" bgcolor=\"#ffffff\">5<\/td>\n<\/tr>\n<tr>\n<td align=\"center\" bgcolor=\"#e2e3e4\">0130 01 3036<\/td>\n<td align=\"center\" bgcolor=\"#e2e3e4\">30&#215;36<\/td>\n<td align=\"center\" bgcolor=\"#e2e3e4\">325<\/td>\n<td align=\"center\" bgcolor=\"#e2e3e4\">10.4<\/td>\n<td align=\"center\" bgcolor=\"#e2e3e4\">61.5<\/td>\n<td align=\"center\" bgcolor=\"#e2e3e4\">76<\/td>\n<td align=\"center\" bgcolor=\"#e2e3e4\">645<\/td>\n<td align=\"center\" bgcolor=\"#e2e3e4\">5<\/td>\n<\/tr>\n<tr>\n<td align=\"center\" bgcolor=\"#ffffff\">0130 01 3236<\/td>\n<td align=\"center\" bgcolor=\"#ffffff\">32&#215;36<\/td>\n<td align=\"center\" bgcolor=\"#ffffff\">325<\/td>\n<td align=\"center\" bgcolor=\"#ffffff\">10.4<\/td>\n<td align=\"center\" bgcolor=\"#ffffff\">65.5<\/td>\n<td align=\"center\" bgcolor=\"#ffffff\">76<\/td>\n<td align=\"center\" bgcolor=\"#ffffff\">680<\/td>\n<td align=\"center\" bgcolor=\"#ffffff\">5<\/td>\n<\/tr>\n<tr>\n<td align=\"center\" bgcolor=\"#e2e3e4\">*\u00a00130 01 3436<\/td>\n<td align=\"center\" bgcolor=\"#e2e3e4\">34&#215;36<\/td>\n<td align=\"center\" bgcolor=\"#e2e3e4\">330<\/td>\n<td align=\"center\" bgcolor=\"#e2e3e4\">10.4<\/td>\n<td align=\"center\" bgcolor=\"#e2e3e4\">71<\/td>\n<td align=\"center\" bgcolor=\"#e2e3e4\">76<\/td>\n<td align=\"center\" bgcolor=\"#e2e3e4\">690<\/td>\n<td align=\"center\" bgcolor=\"#e2e3e4\">5<\/td>\n<\/tr>\n<tr>\n<td align=\"center\" bgcolor=\"#ffffff\">0130 01 3641<\/td>\n<td align=\"center\" bgcolor=\"#ffffff\">36&#215;41<\/td>\n<td align=\"center\" bgcolor=\"#ffffff\">360<\/td>\n<td align=\"center\" bgcolor=\"#ffffff\">12<\/td>\n<td align=\"center\" bgcolor=\"#ffffff\">76<\/td>\n<td align=\"center\" bgcolor=\"#ffffff\">87<\/td>\n<td align=\"center\" bgcolor=\"#ffffff\">955<\/td>\n<td align=\"center\" bgcolor=\"#ffffff\">5<\/td>\n<\/tr>\n<tr>\n<td align=\"center\" bgcolor=\"#e2e3e4\">0130 01 4146<\/td>\n<td align=\"center\" bgcolor=\"#e2e3e4\">41&#215;46<\/td>\n<td align=\"center\" bgcolor=\"#e2e3e4\">400<\/td>\n<td align=\"center\" bgcolor=\"#e2e3e4\">12.5<\/td>\n<td align=\"center\" bgcolor=\"#e2e3e4\">87<\/td>\n<td align=\"center\" bgcolor=\"#e2e3e4\">98<\/td>\n<td align=\"center\" bgcolor=\"#e2e3e4\">1300<\/td>\n<td align=\"center\" bgcolor=\"#e2e3e4\">5<\/td>\n<\/tr>\n<tr>\n<td align=\"center\" bgcolor=\"#ffffff\">0130 01 4650<\/td>\n<td align=\"center\" bgcolor=\"#ffffff\">46&#215;50<\/td>\n<td align=\"center\" bgcolor=\"#ffffff\">450<\/td>\n<td align=\"center\" bgcolor=\"#ffffff\">13<\/td>\n<td align=\"center\" bgcolor=\"#ffffff\">98<\/td>\n<td align=\"center\" bgcolor=\"#ffffff\">107<\/td>\n<td align=\"center\" bgcolor=\"#ffffff\">1635<\/td>\n<td align=\"center\" bgcolor=\"#ffffff\">5<\/td>\n<\/tr>\n<\/tbody>\n<\/table>\n","protected":false},"excerpt":{"rendered":"<p>KOD *\u00a00130 01 0555 5&#215;5.5 125 3.5 14 16 15 10 0130 01 0607 6&#215;7 125 3.5 14 16 24 10 *\u00a00130 01 0608 6&#215;8 125 3.5 14 18 20 10 *\u00a00130 01 0708 7&#215;8 125 3.5 16 18 20 10 *\u00a00130 01 0709 7&#215;9 140 4 16 20 30 10 0130 01 0809 8&#215;9 [&hellip;]<\/p>\n","protected":false},"featured_media":18183,"comment_status":"closed","ping_status":"closed","template":"","meta":[],"product_brand":[],"product_cat":[260,257],"product_tag":[],"class_list":{"0":"post-19922","1":"product","2":"type-product","3":"status-publish","4":"has-post-thumbnail","6":"product_cat-anahtarlar","7":"product_cat-el-aletleri","9":"first","10":"instock","11":"shipping-taxable","12":"product-type-simple"},"_links":{"self":[{"href":"https:\/\/korogluhirdavat.com.tr\/index.php?rest_route=\/wp\/v2\/product\/19922","targetHints":{"allow":["GET"]}}],"collection":[{"href":"https:\/\/korogluhirdavat.com.tr\/index.php?rest_route=\/wp\/v2\/product"}],"about":[{"href":"https:\/\/korogluhirdavat.com.tr\/index.php?rest_route=\/wp\/v2\/types\/product"}],"replies":[{"embeddable":true,"href":"https:\/\/korogluhirdavat.com.tr\/index.php?rest_route=%2Fwp%2Fv2%2Fcomments&post=19922"}],"wp:featuredmedia":[{"embeddable":true,"href":"https:\/\/korogluhirdavat.com.tr\/index.php?rest_route=\/wp\/v2\/media\/18183"}],"wp:attachment":[{"href":"https:\/\/korogluhirdavat.com.tr\/index.php?rest_route=%2Fwp%2Fv2%2Fmedia&parent=19922"}],"wp:term":[{"taxonomy":"product_brand","embeddable":true,"href":"https:\/\/korogluhirdavat.com.tr\/index.php?rest_route=%2Fwp%2Fv2%2Fproduct_brand&post=19922"},{"taxonomy":"product_cat","embeddable":true,"href":"https:\/\/korogluhirdavat.com.tr\/index.php?rest_route=%2Fwp%2Fv2%2Fproduct_cat&post=19922"},{"taxonomy":"product_tag","embeddable":true,"href":"https:\/\/korogluhirdavat.com.tr\/index.php?rest_route=%2Fwp%2Fv2%2Fproduct_tag&post=19922"}],"curies":[{"name":"wp","href":"https:\/\/api.w.org\/{rel}","templated":true}]}}