{"id":19923,"date":"2021-09-03T21:01:03","date_gmt":"2021-09-03T21:01:03","guid":{"rendered":"https:\/\/koroglucivata.com\/?post_type=product&#038;p=19923"},"modified":"2021-09-03T21:01:07","modified_gmt":"2021-09-03T21:01:07","slug":"0132-iki-agiz-anahtar-uzun-boy-master-mm","status":"publish","type":"product","link":"https:\/\/korogluhirdavat.com.tr\/?product=0132-iki-agiz-anahtar-uzun-boy-master-mm","title":{"rendered":"0132 \u0130ki A\u011f\u0131z Anahtar Uzun Boy MASTER (mm)"},"content":{"rendered":"<table border=\"0\" width=\"100%\" cellspacing=\"2\" cellpadding=\"2\">\n<tbody>\n<tr>\n<td align=\"center\" bgcolor=\"#cecfd1\"><strong>KOD<\/strong><\/td>\n<td align=\"center\" bgcolor=\"#cecfd1\"><img loading=\"lazy\" decoding=\"async\" src=\"https:\/\/www.izeltas.com.tr\/izeltascomtr\/upl\/Image\/altigen.jpg\" alt=\"\" width=\"34\" height=\"34\" \/><\/td>\n<td align=\"center\" bgcolor=\"#cecfd1\"><img loading=\"lazy\" decoding=\"async\" src=\"https:\/\/www.izeltas.com.tr\/izeltascomtr\/upl\/Image\/L.jpg\" alt=\"\" width=\"34\" height=\"34\" \/><\/td>\n<td align=\"center\" bgcolor=\"#cecfd1\"><img loading=\"lazy\" decoding=\"async\" src=\"https:\/\/www.izeltas.com.tr\/izeltascomtr\/upl\/Image\/a1.jpg\" alt=\"\" width=\"34\" height=\"34\" \/><\/td>\n<td align=\"center\" bgcolor=\"#cecfd1\"><img loading=\"lazy\" decoding=\"async\" src=\"https:\/\/www.izeltas.com.tr\/izeltascomtr\/upl\/Image\/b1.jpg\" alt=\"\" width=\"34\" height=\"34\" \/><\/td>\n<td align=\"center\" bgcolor=\"#cecfd1\"><img loading=\"lazy\" decoding=\"async\" src=\"https:\/\/www.izeltas.com.tr\/izeltascomtr\/upl\/Image\/b2.jpg\" alt=\"\" width=\"34\" height=\"34\" \/><\/td>\n<td align=\"center\" bgcolor=\"#cecfd1\"><img loading=\"lazy\" decoding=\"async\" src=\"https:\/\/www.izeltas.com.tr\/izeltascomtr\/upl\/Image\/terazi_G.jpg\" alt=\"\" width=\"34\" height=\"34\" \/><\/td>\n<td align=\"center\" bgcolor=\"#cecfd1\"><img loading=\"lazy\" decoding=\"async\" src=\"https:\/\/www.izeltas.com.tr\/izeltascomtr\/upl\/Image\/kare.jpg\" alt=\"\" width=\"34\" height=\"34\" \/><\/td>\n<\/tr>\n<tr>\n<td align=\"center\" bgcolor=\"#ffffff\">0132 01 0607<\/td>\n<td align=\"center\" bgcolor=\"#ffffff\">6&#215;7<\/td>\n<td align=\"center\" bgcolor=\"#ffffff\">125<\/td>\n<td align=\"center\" bgcolor=\"#ffffff\">3.5<\/td>\n<td align=\"center\" bgcolor=\"#ffffff\">14<\/td>\n<td align=\"center\" bgcolor=\"#ffffff\">16<\/td>\n<td align=\"center\" bgcolor=\"#ffffff\">20<\/td>\n<td align=\"center\" bgcolor=\"#ffffff\">10<\/td>\n<\/tr>\n<tr bgcolor=\"#e2e3e4\">\n<td align=\"center\">0132 01 0809<\/td>\n<td align=\"center\">8&#215;9<\/td>\n<td align=\"center\">140<\/td>\n<td align=\"center\">4<\/td>\n<td align=\"center\">18<\/td>\n<td align=\"center\">20<\/td>\n<td align=\"center\">30<\/td>\n<td align=\"center\">10<\/td>\n<\/tr>\n<tr bgcolor=\"#e2e3e4\">\n<td align=\"center\" bgcolor=\"#ffffff\">0132 01 1011<\/td>\n<td align=\"center\" bgcolor=\"#ffffff\">10&#215;11<\/td>\n<td align=\"center\" bgcolor=\"#ffffff\">155<\/td>\n<td align=\"center\" bgcolor=\"#ffffff\">4.5<\/td>\n<td align=\"center\" bgcolor=\"#ffffff\">22<\/td>\n<td align=\"center\" bgcolor=\"#ffffff\">24<\/td>\n<td align=\"center\" bgcolor=\"#ffffff\">45<\/td>\n<td align=\"center\" bgcolor=\"#ffffff\">10<\/td>\n<\/tr>\n<tr bgcolor=\"#e2e3e4\">\n<td align=\"center\">0132 01 1213<\/td>\n<td align=\"center\">12&#215;13<\/td>\n<td align=\"center\">172<\/td>\n<td align=\"center\">5<\/td>\n<td align=\"center\">26<\/td>\n<td align=\"center\">28<\/td>\n<td align=\"center\">65<\/td>\n<td align=\"center\">10<\/td>\n<\/tr>\n<tr>\n<td align=\"center\" bgcolor=\"#ffffff\">0132 01 1415<\/td>\n<td align=\"center\" bgcolor=\"#ffffff\">14&#215;15<\/td>\n<td align=\"center\" bgcolor=\"#ffffff\">188<\/td>\n<td align=\"center\" bgcolor=\"#ffffff\">5.5<\/td>\n<td align=\"center\" bgcolor=\"#ffffff\">30<\/td>\n<td align=\"center\" bgcolor=\"#ffffff\">32<\/td>\n<td align=\"center\" bgcolor=\"#ffffff\">85<\/td>\n<td align=\"center\" bgcolor=\"#ffffff\">10<\/td>\n<\/tr>\n<tr>\n<td align=\"center\" bgcolor=\"#e2e3e4\">0132 01 1617<\/td>\n<td align=\"center\" bgcolor=\"#e2e3e4\">16&#215;17<\/td>\n<td align=\"center\" bgcolor=\"#e2e3e4\">205<\/td>\n<td align=\"center\" bgcolor=\"#e2e3e4\">6.2<\/td>\n<td align=\"center\" bgcolor=\"#e2e3e4\">34<\/td>\n<td align=\"center\" bgcolor=\"#e2e3e4\">36<\/td>\n<td align=\"center\" bgcolor=\"#e2e3e4\">115<\/td>\n<td align=\"center\" bgcolor=\"#e2e3e4\">10<\/td>\n<\/tr>\n<tr>\n<td align=\"center\" bgcolor=\"#ffffff\">0132 01 1819<\/td>\n<td align=\"center\" bgcolor=\"#ffffff\">18&#215;19<\/td>\n<td align=\"center\" bgcolor=\"#ffffff\">220<\/td>\n<td align=\"center\" bgcolor=\"#ffffff\">7<\/td>\n<td align=\"center\" bgcolor=\"#ffffff\">38<\/td>\n<td align=\"center\" bgcolor=\"#ffffff\">40<\/td>\n<td align=\"center\" bgcolor=\"#ffffff\">160<\/td>\n<td align=\"center\" bgcolor=\"#ffffff\">10<\/td>\n<\/tr>\n<tr>\n<td align=\"center\" bgcolor=\"#e2e3e4\">0132 01 2022<\/td>\n<td align=\"center\" bgcolor=\"#e2e3e4\">20&#215;22<\/td>\n<td align=\"center\" bgcolor=\"#e2e3e4\">235<\/td>\n<td align=\"center\" bgcolor=\"#e2e3e4\">7.5<\/td>\n<td align=\"center\" bgcolor=\"#e2e3e4\">42<\/td>\n<td align=\"center\" bgcolor=\"#e2e3e4\">46<\/td>\n<td align=\"center\" bgcolor=\"#e2e3e4\">195<\/td>\n<td align=\"center\" bgcolor=\"#e2e3e4\">5<\/td>\n<\/tr>\n<tr>\n<td align=\"center\" bgcolor=\"#ffffff\">0132 01 2123<\/td>\n<td align=\"center\" bgcolor=\"#ffffff\">21&#215;23<\/td>\n<td align=\"center\" bgcolor=\"#ffffff\">248<\/td>\n<td align=\"center\" bgcolor=\"#ffffff\">8,3<\/td>\n<td align=\"center\" bgcolor=\"#ffffff\">44<\/td>\n<td align=\"center\" bgcolor=\"#ffffff\">48<\/td>\n<td align=\"center\" bgcolor=\"#ffffff\">235<\/td>\n<td align=\"center\" bgcolor=\"#ffffff\">5<\/td>\n<\/tr>\n<tr>\n<td align=\"center\" bgcolor=\"#e2e3e4\">0132 01 2426<\/td>\n<td align=\"center\" bgcolor=\"#e2e3e4\">24&#215;26<\/td>\n<td align=\"center\" bgcolor=\"#e2e3e4\">265<\/td>\n<td align=\"center\" bgcolor=\"#e2e3e4\">8.8<\/td>\n<td align=\"center\" bgcolor=\"#e2e3e4\">50<\/td>\n<td align=\"center\" bgcolor=\"#e2e3e4\">54<\/td>\n<td align=\"center\" bgcolor=\"#e2e3e4\">300<\/td>\n<td align=\"center\" bgcolor=\"#e2e3e4\">5<\/td>\n<\/tr>\n<tr>\n<td align=\"center\" bgcolor=\"#ffffff\">0132 01 2528<\/td>\n<td align=\"center\" bgcolor=\"#ffffff\">25&#215;28<\/td>\n<td align=\"center\" bgcolor=\"#ffffff\">282<\/td>\n<td align=\"center\" bgcolor=\"#ffffff\">9,3<\/td>\n<td align=\"center\" bgcolor=\"#ffffff\">52<\/td>\n<td align=\"center\" bgcolor=\"#ffffff\">57.5<\/td>\n<td align=\"center\" bgcolor=\"#ffffff\">390<\/td>\n<td align=\"center\" bgcolor=\"#ffffff\">5<\/td>\n<\/tr>\n<tr>\n<td align=\"center\" bgcolor=\"#e2e3e4\">0132 01 2732<\/td>\n<td align=\"center\" bgcolor=\"#e2e3e4\">27&#215;32<\/td>\n<td align=\"center\" bgcolor=\"#e2e3e4\">300<\/td>\n<td align=\"center\" bgcolor=\"#e2e3e4\">9.8<\/td>\n<td align=\"center\" bgcolor=\"#e2e3e4\">56<\/td>\n<td align=\"center\" bgcolor=\"#e2e3e4\">65.5<\/td>\n<td align=\"center\" bgcolor=\"#e2e3e4\">460<\/td>\n<td align=\"center\" bgcolor=\"#e2e3e4\">5<\/td>\n<\/tr>\n<\/tbody>\n<\/table>\n","protected":false},"excerpt":{"rendered":"<p>KOD 0132 01 0607 6&#215;7 125 3.5 14 16 20 10 0132 01 0809 8&#215;9 140 4 18 20 30 10 0132 01 1011 10&#215;11 155 4.5 22 24 45 10 0132 01 1213 12&#215;13 172 5 26 28 65 10 0132 01 1415 14&#215;15 188 5.5 30 32 85 10 0132 01 1617 16&#215;17 [&hellip;]<\/p>\n","protected":false},"featured_media":18184,"comment_status":"closed","ping_status":"closed","template":"","meta":[],"product_brand":[],"product_cat":[260,257],"product_tag":[],"class_list":{"0":"post-19923","1":"product","2":"type-product","3":"status-publish","4":"has-post-thumbnail","6":"product_cat-anahtarlar","7":"product_cat-el-aletleri","9":"first","10":"instock","11":"shipping-taxable","12":"product-type-simple"},"_links":{"self":[{"href":"https:\/\/korogluhirdavat.com.tr\/index.php?rest_route=\/wp\/v2\/product\/19923","targetHints":{"allow":["GET"]}}],"collection":[{"href":"https:\/\/korogluhirdavat.com.tr\/index.php?rest_route=\/wp\/v2\/product"}],"about":[{"href":"https:\/\/korogluhirdavat.com.tr\/index.php?rest_route=\/wp\/v2\/types\/product"}],"replies":[{"embeddable":true,"href":"https:\/\/korogluhirdavat.com.tr\/index.php?rest_route=%2Fwp%2Fv2%2Fcomments&post=19923"}],"wp:featuredmedia":[{"embeddable":true,"href":"https:\/\/korogluhirdavat.com.tr\/index.php?rest_route=\/wp\/v2\/media\/18184"}],"wp:attachment":[{"href":"https:\/\/korogluhirdavat.com.tr\/index.php?rest_route=%2Fwp%2Fv2%2Fmedia&parent=19923"}],"wp:term":[{"taxonomy":"product_brand","embeddable":true,"href":"https:\/\/korogluhirdavat.com.tr\/index.php?rest_route=%2Fwp%2Fv2%2Fproduct_brand&post=19923"},{"taxonomy":"product_cat","embeddable":true,"href":"https:\/\/korogluhirdavat.com.tr\/index.php?rest_route=%2Fwp%2Fv2%2Fproduct_cat&post=19923"},{"taxonomy":"product_tag","embeddable":true,"href":"https:\/\/korogluhirdavat.com.tr\/index.php?rest_route=%2Fwp%2Fv2%2Fproduct_tag&post=19923"}],"curies":[{"name":"wp","href":"https:\/\/api.w.org\/{rel}","templated":true}]}}