{"id":19924,"date":"2021-09-03T21:01:03","date_gmt":"2021-09-03T21:01:03","guid":{"rendered":"https:\/\/koroglucivata.com\/?post_type=product&#038;p=19924"},"modified":"2021-09-03T21:01:07","modified_gmt":"2021-09-03T21:01:07","slug":"0161-iki-agiz-anahtar-uzun-boy-sae","status":"publish","type":"product","link":"https:\/\/korogluhirdavat.com.tr\/?product=0161-iki-agiz-anahtar-uzun-boy-sae","title":{"rendered":"0161 \u0130ki A\u011f\u0131z Anahtar Uzun Boy (SAE)"},"content":{"rendered":"<table border=\"0\" width=\"100%\" cellspacing=\"2\" cellpadding=\"2\">\n<tbody>\n<tr>\n<td align=\"center\" bgcolor=\"#cecfd1\"><strong>KOD<\/strong><\/td>\n<td align=\"center\" bgcolor=\"#cecfd1\"><img loading=\"lazy\" decoding=\"async\" src=\"https:\/\/www.izeltas.com.tr\/izeltascomtr\/upl\/Image\/altigen_inch.jpg\" alt=\"\" width=\"34\" height=\"34\" \/><\/td>\n<td align=\"center\" bgcolor=\"#cecfd1\"><img loading=\"lazy\" decoding=\"async\" src=\"https:\/\/www.izeltas.com.tr\/izeltascomtr\/upl\/Image\/L.jpg\" alt=\"\" width=\"34\" height=\"34\" \/><\/td>\n<td align=\"center\" bgcolor=\"#cecfd1\"><img loading=\"lazy\" decoding=\"async\" src=\"https:\/\/www.izeltas.com.tr\/izeltascomtr\/upl\/Image\/a1.jpg\" alt=\"\" width=\"34\" height=\"34\" \/><\/td>\n<td align=\"center\" bgcolor=\"#cecfd1\"><img loading=\"lazy\" decoding=\"async\" src=\"https:\/\/www.izeltas.com.tr\/izeltascomtr\/upl\/Image\/b1.jpg\" alt=\"\" width=\"34\" height=\"34\" \/><\/td>\n<td align=\"center\" bgcolor=\"#cecfd1\"><img loading=\"lazy\" decoding=\"async\" src=\"https:\/\/www.izeltas.com.tr\/izeltascomtr\/upl\/Image\/b2.jpg\" alt=\"\" width=\"34\" height=\"34\" \/><\/td>\n<td align=\"center\" bgcolor=\"#cecfd1\"><img loading=\"lazy\" decoding=\"async\" src=\"https:\/\/www.izeltas.com.tr\/izeltascomtr\/upl\/Image\/terazi_G.jpg\" alt=\"\" width=\"34\" height=\"34\" \/><\/td>\n<td align=\"center\" bgcolor=\"#cecfd1\"><img loading=\"lazy\" decoding=\"async\" src=\"https:\/\/www.izeltas.com.tr\/izeltascomtr\/upl\/Image\/kare.jpg\" alt=\"\" width=\"34\" height=\"34\" \/><\/td>\n<\/tr>\n<tr>\n<td align=\"center\" bgcolor=\"#ffffff\">0161 01 0608<\/td>\n<td align=\"center\" bgcolor=\"#ffffff\">1\/4&#8243; x 5\/16&#8243;<\/td>\n<td align=\"center\" bgcolor=\"#ffffff\">125<\/td>\n<td align=\"center\" bgcolor=\"#ffffff\">3.5<\/td>\n<td align=\"center\" bgcolor=\"#ffffff\">14<\/td>\n<td align=\"center\" bgcolor=\"#ffffff\">16<\/td>\n<td align=\"center\" bgcolor=\"#ffffff\">20<\/td>\n<td align=\"center\" bgcolor=\"#ffffff\">10<\/td>\n<\/tr>\n<tr>\n<td align=\"center\" bgcolor=\"#e2e3e4\">0161 01 0809<\/td>\n<td align=\"center\" bgcolor=\"#e2e3e4\">5\/16&#8243; x 3\/8&#8243;<\/td>\n<td align=\"center\" bgcolor=\"#e2e3e4\">140<\/td>\n<td align=\"center\" bgcolor=\"#e2e3e4\">4<\/td>\n<td align=\"center\" bgcolor=\"#e2e3e4\">18<\/td>\n<td align=\"center\" bgcolor=\"#e2e3e4\">20<\/td>\n<td align=\"center\" bgcolor=\"#e2e3e4\">30<\/td>\n<td align=\"center\" bgcolor=\"#e2e3e4\">10<\/td>\n<\/tr>\n<tr>\n<td align=\"center\" bgcolor=\"#ffffff\">0161 01 0810<\/td>\n<td align=\"center\" bgcolor=\"#ffffff\">5\/16&#8243; x 11&#215;32&#8243;<\/td>\n<td align=\"center\" bgcolor=\"#ffffff\">140<\/td>\n<td align=\"center\" bgcolor=\"#ffffff\">4<\/td>\n<td align=\"center\" bgcolor=\"#ffffff\">18<\/td>\n<td align=\"center\" bgcolor=\"#ffffff\">22<\/td>\n<td align=\"center\" bgcolor=\"#ffffff\">30<\/td>\n<td align=\"center\" bgcolor=\"#ffffff\">10<\/td>\n<\/tr>\n<tr>\n<td align=\"center\" bgcolor=\"#e2e3e4\">0161 01 0811<\/td>\n<td align=\"center\" bgcolor=\"#e2e3e4\">5\/16&#8243; x 7\/16&#8243;<\/td>\n<td align=\"center\" bgcolor=\"#e2e3e4\">140<\/td>\n<td align=\"center\" bgcolor=\"#e2e3e4\">4<\/td>\n<td align=\"center\" bgcolor=\"#e2e3e4\">18<\/td>\n<td align=\"center\" bgcolor=\"#e2e3e4\">22<\/td>\n<td align=\"center\" bgcolor=\"#e2e3e4\">30<\/td>\n<td align=\"center\" bgcolor=\"#e2e3e4\">10<\/td>\n<\/tr>\n<tr>\n<td align=\"center\" bgcolor=\"#ffffff\">0161 01 0911<\/td>\n<td align=\"center\" bgcolor=\"#ffffff\">3\/8&#8243; x 7\/16&#8243;<\/td>\n<td align=\"center\" bgcolor=\"#ffffff\">155<\/td>\n<td align=\"center\" bgcolor=\"#ffffff\">4.5<\/td>\n<td align=\"center\" bgcolor=\"#ffffff\">22<\/td>\n<td align=\"center\" bgcolor=\"#ffffff\">24<\/td>\n<td align=\"center\" bgcolor=\"#ffffff\">35<\/td>\n<td align=\"center\" bgcolor=\"#ffffff\">10<\/td>\n<\/tr>\n<tr>\n<td align=\"center\" bgcolor=\"#e2e3e4\">0161 01 1112<\/td>\n<td align=\"center\" bgcolor=\"#e2e3e4\">7\/16&#8243; x 1\/2&#8243;<\/td>\n<td align=\"center\" bgcolor=\"#e2e3e4\">172<\/td>\n<td align=\"center\" bgcolor=\"#e2e3e4\">5<\/td>\n<td align=\"center\" bgcolor=\"#e2e3e4\">26<\/td>\n<td align=\"center\" bgcolor=\"#e2e3e4\">28<\/td>\n<td align=\"center\" bgcolor=\"#e2e3e4\">40<\/td>\n<td align=\"center\" bgcolor=\"#e2e3e4\">10<\/td>\n<\/tr>\n<tr>\n<td align=\"center\" bgcolor=\"#ffffff\">0161 01 1214<\/td>\n<td align=\"center\" bgcolor=\"#ffffff\">1\/2&#8243; x 9\/16&#8243;<\/td>\n<td align=\"center\" bgcolor=\"#ffffff\">172<\/td>\n<td align=\"center\" bgcolor=\"#ffffff\">5<\/td>\n<td align=\"center\" bgcolor=\"#ffffff\">26<\/td>\n<td align=\"center\" bgcolor=\"#ffffff\">30<\/td>\n<td align=\"center\" bgcolor=\"#ffffff\">65<\/td>\n<td align=\"center\" bgcolor=\"#ffffff\">10<\/td>\n<\/tr>\n<tr>\n<td align=\"center\" bgcolor=\"#e2e3e4\">0161 01 1416<\/td>\n<td align=\"center\" bgcolor=\"#e2e3e4\">9\/16&#8243; x 5\/8&#8243;<\/td>\n<td align=\"center\" bgcolor=\"#e2e3e4\">188<\/td>\n<td align=\"center\" bgcolor=\"#e2e3e4\">5.5<\/td>\n<td align=\"center\" bgcolor=\"#e2e3e4\">30<\/td>\n<td align=\"center\" bgcolor=\"#e2e3e4\">32<\/td>\n<td align=\"center\" bgcolor=\"#e2e3e4\">85<\/td>\n<td align=\"center\" bgcolor=\"#e2e3e4\">10<\/td>\n<\/tr>\n<tr>\n<td align=\"center\" bgcolor=\"#ffffff\">0161 01 1417<\/td>\n<td align=\"center\" bgcolor=\"#ffffff\">9\/16&#8243; x 11\/16&#8243;<\/td>\n<td align=\"center\" bgcolor=\"#ffffff\">205<\/td>\n<td align=\"center\" bgcolor=\"#ffffff\">6.2<\/td>\n<td align=\"center\" bgcolor=\"#ffffff\">30<\/td>\n<td align=\"center\" bgcolor=\"#ffffff\">36<\/td>\n<td align=\"center\" bgcolor=\"#ffffff\">110<\/td>\n<td align=\"center\" bgcolor=\"#ffffff\">10<\/td>\n<\/tr>\n<tr>\n<td align=\"center\" bgcolor=\"#e2e3e4\">0161 01 1517<\/td>\n<td align=\"center\" bgcolor=\"#e2e3e4\">19\/32&#8243; x 11\/16&#8243;<\/td>\n<td align=\"center\" bgcolor=\"#e2e3e4\">205<\/td>\n<td align=\"center\" bgcolor=\"#e2e3e4\">6.2<\/td>\n<td align=\"center\" bgcolor=\"#e2e3e4\">34<\/td>\n<td align=\"center\" bgcolor=\"#e2e3e4\">36<\/td>\n<td align=\"center\" bgcolor=\"#e2e3e4\">115<\/td>\n<td align=\"center\" bgcolor=\"#e2e3e4\">10<\/td>\n<\/tr>\n<tr>\n<td align=\"center\" bgcolor=\"#ffffff\">0161 01 1619<\/td>\n<td align=\"center\" bgcolor=\"#ffffff\">5\/8&#8243; x 3\/4&#8243;<\/td>\n<td align=\"center\" bgcolor=\"#ffffff\">220<\/td>\n<td align=\"center\" bgcolor=\"#ffffff\">7<\/td>\n<td align=\"center\" bgcolor=\"#ffffff\">36<\/td>\n<td align=\"center\" bgcolor=\"#ffffff\">40<\/td>\n<td align=\"center\" bgcolor=\"#ffffff\">150<\/td>\n<td align=\"center\" bgcolor=\"#ffffff\">10<\/td>\n<\/tr>\n<tr>\n<td align=\"center\" bgcolor=\"#e2e3e4\">0161 01 1920<\/td>\n<td align=\"center\" bgcolor=\"#e2e3e4\">3\/4&#8243; x 25\/32&#8243;<\/td>\n<td align=\"center\" bgcolor=\"#e2e3e4\">220<\/td>\n<td align=\"center\" bgcolor=\"#e2e3e4\">7<\/td>\n<td align=\"center\" bgcolor=\"#e2e3e4\">38<\/td>\n<td align=\"center\" bgcolor=\"#e2e3e4\">40<\/td>\n<td align=\"center\" bgcolor=\"#e2e3e4\">160<\/td>\n<td align=\"center\" bgcolor=\"#e2e3e4\">10<\/td>\n<\/tr>\n<tr>\n<td align=\"center\" bgcolor=\"#ffffff\">0161 01 2021<\/td>\n<td align=\"center\" bgcolor=\"#ffffff\">25\/32&#8243; x 13\/16&#8243;<\/td>\n<td align=\"center\" bgcolor=\"#ffffff\">235<\/td>\n<td align=\"center\" bgcolor=\"#ffffff\">7.5<\/td>\n<td align=\"center\" bgcolor=\"#ffffff\">40<\/td>\n<td align=\"center\" bgcolor=\"#ffffff\">44<\/td>\n<td align=\"center\" bgcolor=\"#ffffff\">195<\/td>\n<td align=\"center\" bgcolor=\"#ffffff\">10<\/td>\n<\/tr>\n<tr>\n<td align=\"center\" bgcolor=\"#e2e3e4\">0161 01 1922<\/td>\n<td align=\"center\" bgcolor=\"#e2e3e4\">3\/4&#8243; x 7\/8&#8243;<\/td>\n<td align=\"center\" bgcolor=\"#e2e3e4\">235<\/td>\n<td align=\"center\" bgcolor=\"#e2e3e4\">7.5<\/td>\n<td align=\"center\" bgcolor=\"#e2e3e4\">40<\/td>\n<td align=\"center\" bgcolor=\"#e2e3e4\">46<\/td>\n<td align=\"center\" bgcolor=\"#e2e3e4\">195<\/td>\n<td align=\"center\" bgcolor=\"#e2e3e4\">10<\/td>\n<\/tr>\n<tr>\n<td align=\"center\" bgcolor=\"#ffffff\">0161 01 2122<\/td>\n<td align=\"center\" bgcolor=\"#ffffff\">13\/16&#8243; x 7\/8&#8243;<\/td>\n<td align=\"center\" bgcolor=\"#ffffff\">248<\/td>\n<td align=\"center\" bgcolor=\"#ffffff\">8,3<\/td>\n<td align=\"center\" bgcolor=\"#ffffff\">44<\/td>\n<td align=\"center\" bgcolor=\"#ffffff\">48<\/td>\n<td align=\"center\" bgcolor=\"#ffffff\">235<\/td>\n<td align=\"center\" bgcolor=\"#ffffff\">10<\/td>\n<\/tr>\n<tr>\n<td align=\"center\" bgcolor=\"#e2e3e4\">0161 01 2325<\/td>\n<td align=\"center\" bgcolor=\"#e2e3e4\">15\/16&#8243; x 1&#8243;<\/td>\n<td align=\"center\" bgcolor=\"#e2e3e4\">265<\/td>\n<td align=\"center\" bgcolor=\"#e2e3e4\">8.8<\/td>\n<td align=\"center\" bgcolor=\"#e2e3e4\">50<\/td>\n<td align=\"center\" bgcolor=\"#e2e3e4\">54<\/td>\n<td align=\"center\" bgcolor=\"#e2e3e4\">300<\/td>\n<td align=\"center\" bgcolor=\"#e2e3e4\">10<\/td>\n<\/tr>\n<tr>\n<td align=\"center\" bgcolor=\"#ffffff\">0161 01 2328<\/td>\n<td align=\"center\" bgcolor=\"#ffffff\">1 5\/16&#8243; x 1 1\/8&#8243;<\/td>\n<td align=\"center\" bgcolor=\"#ffffff\">265<\/td>\n<td align=\"center\" bgcolor=\"#ffffff\">8.8<\/td>\n<td align=\"center\" bgcolor=\"#ffffff\">50<\/td>\n<td align=\"center\" bgcolor=\"#ffffff\">56<\/td>\n<td align=\"center\" bgcolor=\"#ffffff\">300<\/td>\n<td align=\"center\" bgcolor=\"#ffffff\">10<\/td>\n<\/tr>\n<tr>\n<td align=\"center\" bgcolor=\"#e2e3e4\">0161 01 2628<\/td>\n<td align=\"center\" bgcolor=\"#e2e3e4\">1 1\/16&#8243; x 1 1\/8&#8243;<\/td>\n<td align=\"center\" bgcolor=\"#e2e3e4\">300<\/td>\n<td align=\"center\" bgcolor=\"#e2e3e4\">9.8<\/td>\n<td align=\"center\" bgcolor=\"#e2e3e4\">56<\/td>\n<td align=\"center\" bgcolor=\"#e2e3e4\">59.5<\/td>\n<td align=\"center\" bgcolor=\"#e2e3e4\">460<\/td>\n<td align=\"center\" bgcolor=\"#e2e3e4\">10<\/td>\n<\/tr>\n<tr>\n<td align=\"center\" bgcolor=\"#ffffff\">0161 01 2631<\/td>\n<td align=\"center\" bgcolor=\"#ffffff\">1 1\/16&#8243; x 1 1\/4&#8243;<\/td>\n<td align=\"center\" bgcolor=\"#ffffff\">300<\/td>\n<td align=\"center\" bgcolor=\"#ffffff\">9.8<\/td>\n<td align=\"center\" bgcolor=\"#ffffff\">56<\/td>\n<td align=\"center\" bgcolor=\"#ffffff\">65.5<\/td>\n<td align=\"center\" bgcolor=\"#ffffff\">460<\/td>\n<td align=\"center\" bgcolor=\"#ffffff\">10<\/td>\n<\/tr>\n<tr>\n<td align=\"center\" bgcolor=\"#e2e3e4\">0161 01 2833<\/td>\n<td align=\"center\" bgcolor=\"#e2e3e4\">1 1\/8&#8243; x 1 5\/16&#8243;<\/td>\n<td align=\"center\" bgcolor=\"#e2e3e4\">300<\/td>\n<td align=\"center\" bgcolor=\"#e2e3e4\">9.8<\/td>\n<td align=\"center\" bgcolor=\"#e2e3e4\">56<\/td>\n<td align=\"center\" bgcolor=\"#e2e3e4\">65,5<\/td>\n<td align=\"center\" bgcolor=\"#e2e3e4\">460<\/td>\n<td align=\"center\" bgcolor=\"#e2e3e4\">10<\/td>\n<\/tr>\n<\/tbody>\n<\/table>\n","protected":false},"excerpt":{"rendered":"<p>KOD 0161 01 0608 1\/4&#8243; x 5\/16&#8243; 125 3.5 14 16 20 10 0161 01 0809 5\/16&#8243; x 3\/8&#8243; 140 4 18 20 30 10 0161 01 0810 5\/16&#8243; x 11&#215;32&#8243; 140 4 18 22 30 10 0161 01 0811 5\/16&#8243; x 7\/16&#8243; 140 4 18 22 30 10 0161 01 0911 3\/8&#8243; x 7\/16&#8243; [&hellip;]<\/p>\n","protected":false},"featured_media":18185,"comment_status":"closed","ping_status":"closed","template":"","meta":[],"product_brand":[],"product_cat":[260,257],"product_tag":[],"class_list":{"0":"post-19924","1":"product","2":"type-product","3":"status-publish","4":"has-post-thumbnail","6":"product_cat-anahtarlar","7":"product_cat-el-aletleri","9":"first","10":"instock","11":"shipping-taxable","12":"product-type-simple"},"_links":{"self":[{"href":"https:\/\/korogluhirdavat.com.tr\/index.php?rest_route=\/wp\/v2\/product\/19924","targetHints":{"allow":["GET"]}}],"collection":[{"href":"https:\/\/korogluhirdavat.com.tr\/index.php?rest_route=\/wp\/v2\/product"}],"about":[{"href":"https:\/\/korogluhirdavat.com.tr\/index.php?rest_route=\/wp\/v2\/types\/product"}],"replies":[{"embeddable":true,"href":"https:\/\/korogluhirdavat.com.tr\/index.php?rest_route=%2Fwp%2Fv2%2Fcomments&post=19924"}],"wp:featuredmedia":[{"embeddable":true,"href":"https:\/\/korogluhirdavat.com.tr\/index.php?rest_route=\/wp\/v2\/media\/18185"}],"wp:attachment":[{"href":"https:\/\/korogluhirdavat.com.tr\/index.php?rest_route=%2Fwp%2Fv2%2Fmedia&parent=19924"}],"wp:term":[{"taxonomy":"product_brand","embeddable":true,"href":"https:\/\/korogluhirdavat.com.tr\/index.php?rest_route=%2Fwp%2Fv2%2Fproduct_brand&post=19924"},{"taxonomy":"product_cat","embeddable":true,"href":"https:\/\/korogluhirdavat.com.tr\/index.php?rest_route=%2Fwp%2Fv2%2Fproduct_cat&post=19924"},{"taxonomy":"product_tag","embeddable":true,"href":"https:\/\/korogluhirdavat.com.tr\/index.php?rest_route=%2Fwp%2Fv2%2Fproduct_tag&post=19924"}],"curies":[{"name":"wp","href":"https:\/\/api.w.org\/{rel}","templated":true}]}}