{"id":19925,"date":"2021-09-03T21:01:03","date_gmt":"2021-09-03T21:01:03","guid":{"rendered":"https:\/\/koroglucivata.com\/?post_type=product&#038;p=19925"},"modified":"2021-09-03T21:01:07","modified_gmt":"2021-09-03T21:01:07","slug":"0220-iki-agiz-tacli-anahtar-mm","status":"publish","type":"product","link":"https:\/\/korogluhirdavat.com.tr\/?product=0220-iki-agiz-tacli-anahtar-mm","title":{"rendered":"0220 \u0130ki A\u011f\u0131z Ta\u00e7l\u0131 Anahtar (mm)"},"content":{"rendered":"<table border=\"0\" width=\"100%\" cellspacing=\"2\" cellpadding=\"2\">\n<tbody>\n<tr>\n<td align=\"center\" bgcolor=\"#cecfd1\"><strong>KOD<\/strong><\/td>\n<td align=\"center\" bgcolor=\"#cecfd1\"><img loading=\"lazy\" decoding=\"async\" src=\"https:\/\/www.izeltas.com.tr\/izeltascomtr\/upl\/Image\/altigen.jpg\" alt=\"\" width=\"34\" height=\"34\" \/><\/td>\n<td align=\"center\" bgcolor=\"#cecfd1\"><img loading=\"lazy\" decoding=\"async\" src=\"https:\/\/www.izeltas.com.tr\/izeltascomtr\/upl\/Image\/L.jpg\" alt=\"\" width=\"34\" height=\"34\" \/><\/td>\n<td align=\"center\" bgcolor=\"#cecfd1\"><img loading=\"lazy\" decoding=\"async\" src=\"https:\/\/www.izeltas.com.tr\/izeltascomtr\/upl\/Image\/a1.jpg\" alt=\"\" width=\"34\" height=\"34\" \/><\/td>\n<td align=\"center\" bgcolor=\"#cecfd1\"><img loading=\"lazy\" decoding=\"async\" src=\"https:\/\/www.izeltas.com.tr\/izeltascomtr\/upl\/Image\/b1.jpg\" alt=\"\" width=\"34\" height=\"34\" \/><\/td>\n<td align=\"center\" bgcolor=\"#cecfd1\"><img loading=\"lazy\" decoding=\"async\" src=\"https:\/\/www.izeltas.com.tr\/izeltascomtr\/upl\/Image\/b2.jpg\" alt=\"\" width=\"34\" height=\"34\" \/><\/td>\n<td align=\"center\" bgcolor=\"#cecfd1\"><img loading=\"lazy\" decoding=\"async\" src=\"https:\/\/www.izeltas.com.tr\/izeltascomtr\/upl\/Image\/terazi_G.jpg\" alt=\"\" width=\"34\" height=\"34\" \/><\/td>\n<td align=\"center\" bgcolor=\"#cecfd1\"><img loading=\"lazy\" decoding=\"async\" src=\"https:\/\/www.izeltas.com.tr\/izeltascomtr\/upl\/Image\/kare.jpg\" alt=\"\" width=\"34\" height=\"34\" \/><\/td>\n<\/tr>\n<tr>\n<td align=\"center\" bgcolor=\"#ffffff\">*\u00a00220 01 1415<\/td>\n<td align=\"center\" bgcolor=\"#ffffff\">14&#215;15<\/td>\n<td align=\"center\" bgcolor=\"#ffffff\">155<\/td>\n<td align=\"center\" bgcolor=\"#ffffff\">5.8<\/td>\n<td align=\"center\" bgcolor=\"#ffffff\">29.6<\/td>\n<td align=\"center\" bgcolor=\"#ffffff\">31.5<\/td>\n<td align=\"center\" bgcolor=\"#ffffff\">50<\/td>\n<td align=\"center\" bgcolor=\"#ffffff\">10<\/td>\n<\/tr>\n<tr>\n<td align=\"center\" bgcolor=\"#e2e3e4\">0220 01 1317<\/td>\n<td align=\"center\" bgcolor=\"#e2e3e4\">13&#215;17<\/td>\n<td align=\"center\" bgcolor=\"#e2e3e4\">165<\/td>\n<td align=\"center\" bgcolor=\"#e2e3e4\">6<\/td>\n<td align=\"center\" bgcolor=\"#e2e3e4\">28.6<\/td>\n<td align=\"center\" bgcolor=\"#e2e3e4\">35.5<\/td>\n<td align=\"center\" bgcolor=\"#e2e3e4\">60<\/td>\n<td align=\"center\" bgcolor=\"#e2e3e4\">10<\/td>\n<\/tr>\n<tr>\n<td align=\"center\" bgcolor=\"#ffffff\">*\u00a00220 01 1417<\/td>\n<td align=\"center\" bgcolor=\"#ffffff\">14&#215;17<\/td>\n<td align=\"center\" bgcolor=\"#ffffff\">165<\/td>\n<td align=\"center\" bgcolor=\"#ffffff\">6<\/td>\n<td align=\"center\" bgcolor=\"#ffffff\">29.6<\/td>\n<td align=\"center\" bgcolor=\"#ffffff\">35.5<\/td>\n<td align=\"center\" bgcolor=\"#ffffff\">60<\/td>\n<td align=\"center\" bgcolor=\"#ffffff\">10<\/td>\n<\/tr>\n<tr bgcolor=\"#e2e3e4\">\n<td align=\"center\">*\u00a00220 01 1617<\/td>\n<td align=\"center\">16&#215;17<\/td>\n<td align=\"center\">165<\/td>\n<td align=\"center\">6<\/td>\n<td align=\"center\">33.5<\/td>\n<td align=\"center\">35.5<\/td>\n<td align=\"center\">65<\/td>\n<td align=\"center\">10<\/td>\n<\/tr>\n<tr>\n<td align=\"center\" bgcolor=\"#ffffff\">*\u00a00220 01 1819<\/td>\n<td align=\"center\" bgcolor=\"#ffffff\">18&#215;19<\/td>\n<td align=\"center\" bgcolor=\"#ffffff\">180<\/td>\n<td align=\"center\" bgcolor=\"#ffffff\">7<\/td>\n<td align=\"center\" bgcolor=\"#ffffff\">36.5<\/td>\n<td align=\"center\" bgcolor=\"#ffffff\">38.5<\/td>\n<td align=\"center\" bgcolor=\"#ffffff\">100<\/td>\n<td align=\"center\" bgcolor=\"#ffffff\">10<\/td>\n<\/tr>\n<tr>\n<td align=\"center\" bgcolor=\"#e2e3e4\">0220 01 1722<\/td>\n<td align=\"center\" bgcolor=\"#e2e3e4\">17&#215;22<\/td>\n<td align=\"center\" bgcolor=\"#e2e3e4\">195<\/td>\n<td align=\"center\" bgcolor=\"#e2e3e4\">7.5<\/td>\n<td align=\"center\" bgcolor=\"#e2e3e4\">35.5<\/td>\n<td align=\"center\" bgcolor=\"#e2e3e4\">44.5<\/td>\n<td align=\"center\" bgcolor=\"#e2e3e4\">120<\/td>\n<td align=\"center\" bgcolor=\"#e2e3e4\">10<\/td>\n<\/tr>\n<tr>\n<td align=\"center\" bgcolor=\"#ffffff\">0220 01 1922<\/td>\n<td align=\"center\" bgcolor=\"#ffffff\">19&#215;22<\/td>\n<td align=\"center\" bgcolor=\"#ffffff\">195<\/td>\n<td align=\"center\" bgcolor=\"#ffffff\">7.5<\/td>\n<td align=\"center\" bgcolor=\"#ffffff\">38.5<\/td>\n<td align=\"center\" bgcolor=\"#ffffff\">44.5<\/td>\n<td align=\"center\" bgcolor=\"#ffffff\">130<\/td>\n<td align=\"center\" bgcolor=\"#ffffff\">10<\/td>\n<\/tr>\n<tr>\n<td align=\"center\" bgcolor=\"#e2e3e4\">*\u00a00220 01 2022<\/td>\n<td align=\"center\" bgcolor=\"#e2e3e4\">20&#215;22<\/td>\n<td align=\"center\" bgcolor=\"#e2e3e4\">195<\/td>\n<td align=\"center\" bgcolor=\"#e2e3e4\">7.5<\/td>\n<td align=\"center\" bgcolor=\"#e2e3e4\">40.4<\/td>\n<td align=\"center\" bgcolor=\"#e2e3e4\">44.5<\/td>\n<td align=\"center\" bgcolor=\"#e2e3e4\">135<\/td>\n<td align=\"center\" bgcolor=\"#e2e3e4\">10<\/td>\n<\/tr>\n<tr>\n<td align=\"center\" bgcolor=\"#ffffff\">*\u00a00220 01 2123<\/td>\n<td align=\"center\" bgcolor=\"#ffffff\">21&#215;23<\/td>\n<td align=\"center\" bgcolor=\"#ffffff\">225<\/td>\n<td align=\"center\" bgcolor=\"#ffffff\">9<\/td>\n<td align=\"center\" bgcolor=\"#ffffff\">42.4<\/td>\n<td align=\"center\" bgcolor=\"#ffffff\">46.3<\/td>\n<td align=\"center\" bgcolor=\"#ffffff\">180<\/td>\n<td align=\"center\" bgcolor=\"#ffffff\">5<\/td>\n<\/tr>\n<tr>\n<td align=\"center\" bgcolor=\"#e2e3e4\">*\u00a00220 01 2224<\/td>\n<td align=\"center\" bgcolor=\"#e2e3e4\">22&#215;24<\/td>\n<td align=\"center\" bgcolor=\"#e2e3e4\">225<\/td>\n<td align=\"center\" bgcolor=\"#e2e3e4\">9<\/td>\n<td align=\"center\" bgcolor=\"#e2e3e4\">44.5<\/td>\n<td align=\"center\" bgcolor=\"#e2e3e4\">48.3<\/td>\n<td align=\"center\" bgcolor=\"#e2e3e4\">180<\/td>\n<td align=\"center\" bgcolor=\"#e2e3e4\">5<\/td>\n<\/tr>\n<tr>\n<td align=\"center\" bgcolor=\"#ffffff\">*\u00a00220 01 2528<\/td>\n<td align=\"center\" bgcolor=\"#ffffff\">25&#215;28<\/td>\n<td align=\"center\" bgcolor=\"#ffffff\">255<\/td>\n<td align=\"center\" bgcolor=\"#ffffff\">11<\/td>\n<td align=\"center\" bgcolor=\"#ffffff\">50.3<\/td>\n<td align=\"center\" bgcolor=\"#ffffff\">56.2<\/td>\n<td align=\"center\" bgcolor=\"#ffffff\">280<\/td>\n<td align=\"center\" bgcolor=\"#ffffff\">5<\/td>\n<\/tr>\n<tr>\n<td align=\"center\" bgcolor=\"#e2e3e4\">*\u00a00220 01 2730<\/td>\n<td align=\"center\" bgcolor=\"#e2e3e4\">27&#215;30<\/td>\n<td align=\"center\" bgcolor=\"#e2e3e4\">270<\/td>\n<td align=\"center\" bgcolor=\"#e2e3e4\">12<\/td>\n<td align=\"center\" bgcolor=\"#e2e3e4\">54.3<\/td>\n<td align=\"center\" bgcolor=\"#e2e3e4\">60.2<\/td>\n<td align=\"center\" bgcolor=\"#e2e3e4\">380<\/td>\n<td align=\"center\" bgcolor=\"#e2e3e4\">5<\/td>\n<\/tr>\n<tr>\n<td align=\"center\" bgcolor=\"#ffffff\">*\u00a00220 01 2732<\/td>\n<td align=\"center\" bgcolor=\"#ffffff\">27&#215;32<\/td>\n<td align=\"center\" bgcolor=\"#ffffff\">270<\/td>\n<td align=\"center\" bgcolor=\"#ffffff\">12<\/td>\n<td align=\"center\" bgcolor=\"#ffffff\">54.3<\/td>\n<td align=\"center\" bgcolor=\"#ffffff\">64<\/td>\n<td align=\"center\" bgcolor=\"#ffffff\">380<\/td>\n<td align=\"center\" bgcolor=\"#ffffff\">5<\/td>\n<\/tr>\n<\/tbody>\n<\/table>\n","protected":false},"excerpt":{"rendered":"<p>KOD *\u00a00220 01 1415 14&#215;15 155 5.8 29.6 31.5 50 10 0220 01 1317 13&#215;17 165 6 28.6 35.5 60 10 *\u00a00220 01 1417 14&#215;17 165 6 29.6 35.5 60 10 *\u00a00220 01 1617 16&#215;17 165 6 33.5 35.5 65 10 *\u00a00220 01 1819 18&#215;19 180 7 36.5 38.5 100 10 0220 01 1722 17&#215;22 [&hellip;]<\/p>\n","protected":false},"featured_media":18186,"comment_status":"closed","ping_status":"closed","template":"","meta":[],"product_brand":[],"product_cat":[260,257],"product_tag":[],"class_list":{"0":"post-19925","1":"product","2":"type-product","3":"status-publish","4":"has-post-thumbnail","6":"product_cat-anahtarlar","7":"product_cat-el-aletleri","9":"first","10":"instock","11":"shipping-taxable","12":"product-type-simple"},"_links":{"self":[{"href":"https:\/\/korogluhirdavat.com.tr\/index.php?rest_route=\/wp\/v2\/product\/19925","targetHints":{"allow":["GET"]}}],"collection":[{"href":"https:\/\/korogluhirdavat.com.tr\/index.php?rest_route=\/wp\/v2\/product"}],"about":[{"href":"https:\/\/korogluhirdavat.com.tr\/index.php?rest_route=\/wp\/v2\/types\/product"}],"replies":[{"embeddable":true,"href":"https:\/\/korogluhirdavat.com.tr\/index.php?rest_route=%2Fwp%2Fv2%2Fcomments&post=19925"}],"wp:featuredmedia":[{"embeddable":true,"href":"https:\/\/korogluhirdavat.com.tr\/index.php?rest_route=\/wp\/v2\/media\/18186"}],"wp:attachment":[{"href":"https:\/\/korogluhirdavat.com.tr\/index.php?rest_route=%2Fwp%2Fv2%2Fmedia&parent=19925"}],"wp:term":[{"taxonomy":"product_brand","embeddable":true,"href":"https:\/\/korogluhirdavat.com.tr\/index.php?rest_route=%2Fwp%2Fv2%2Fproduct_brand&post=19925"},{"taxonomy":"product_cat","embeddable":true,"href":"https:\/\/korogluhirdavat.com.tr\/index.php?rest_route=%2Fwp%2Fv2%2Fproduct_cat&post=19925"},{"taxonomy":"product_tag","embeddable":true,"href":"https:\/\/korogluhirdavat.com.tr\/index.php?rest_route=%2Fwp%2Fv2%2Fproduct_tag&post=19925"}],"curies":[{"name":"wp","href":"https:\/\/api.w.org\/{rel}","templated":true}]}}