{"id":19929,"date":"2021-09-03T21:01:03","date_gmt":"2021-09-03T21:01:03","guid":{"rendered":"https:\/\/koroglucivata.com\/?post_type=product&#038;p=19929"},"modified":"2021-09-03T21:01:08","modified_gmt":"2021-09-03T21:01:08","slug":"0255-super-izole-catal-bir-agiz-anahtar-mm","status":"publish","type":"product","link":"https:\/\/korogluhirdavat.com.tr\/?product=0255-super-izole-catal-bir-agiz-anahtar-mm","title":{"rendered":"0255 S\u00fcper \u0130zole \u00c7atal Bir A\u011f\u0131z Anahtar (mm)"},"content":{"rendered":"<table border=\"0\" width=\"100%\" cellspacing=\"2\" cellpadding=\"2\">\n<tbody>\n<tr>\n<td align=\"center\" bgcolor=\"#cecfd1\"><strong>KOD<\/strong><\/td>\n<td align=\"center\" bgcolor=\"#cecfd1\"><img loading=\"lazy\" decoding=\"async\" src=\"https:\/\/www.izeltas.com.tr\/izeltascomtr\/upl\/Image\/altigen.jpg\" alt=\"\" width=\"34\" height=\"34\" \/><\/td>\n<td align=\"center\" bgcolor=\"#cecfd1\"><img loading=\"lazy\" decoding=\"async\" src=\"https:\/\/www.izeltas.com.tr\/izeltascomtr\/upl\/Image\/L.jpg\" alt=\"\" width=\"34\" height=\"34\" \/><\/td>\n<td align=\"center\" bgcolor=\"#cecfd1\"><img loading=\"lazy\" decoding=\"async\" src=\"https:\/\/www.izeltas.com.tr\/izeltascomtr\/upl\/Image\/terazi_G.jpg\" alt=\"\" width=\"34\" height=\"34\" \/><\/td>\n<td align=\"center\" bgcolor=\"#cecfd1\"><img loading=\"lazy\" decoding=\"async\" src=\"https:\/\/www.izeltas.com.tr\/izeltascomtr\/upl\/Image\/kare.jpg\" alt=\"\" width=\"34\" height=\"34\" \/><\/td>\n<\/tr>\n<tr>\n<td align=\"center\" bgcolor=\"#ffffff\">0255 01 0010<\/td>\n<td align=\"center\" bgcolor=\"#ffffff\">10<\/td>\n<td align=\"center\" bgcolor=\"#ffffff\">110<\/td>\n<td align=\"center\" bgcolor=\"#ffffff\">40<\/td>\n<td align=\"center\" bgcolor=\"#ffffff\">10<\/td>\n<\/tr>\n<tr bgcolor=\"#e2e3e4\">\n<td align=\"center\">0255 01 0011<\/td>\n<td align=\"center\">11<\/td>\n<td align=\"center\">120<\/td>\n<td align=\"center\">45<\/td>\n<td align=\"center\">10<\/td>\n<\/tr>\n<tr>\n<td align=\"center\" bgcolor=\"#ffffff\">0255 01 0012<\/td>\n<td align=\"center\" bgcolor=\"#ffffff\">12<\/td>\n<td align=\"center\" bgcolor=\"#ffffff\">130<\/td>\n<td align=\"center\" bgcolor=\"#ffffff\">50<\/td>\n<td align=\"center\" bgcolor=\"#ffffff\">10<\/td>\n<\/tr>\n<tr bgcolor=\"#e2e3e4\">\n<td align=\"center\">0255 01 0013<\/td>\n<td align=\"center\">13<\/td>\n<td align=\"center\">140<\/td>\n<td align=\"center\">60<\/td>\n<td align=\"center\">10<\/td>\n<\/tr>\n<tr>\n<td align=\"center\" bgcolor=\"#ffffff\">0255 01 0014<\/td>\n<td align=\"center\" bgcolor=\"#ffffff\">14<\/td>\n<td align=\"center\" bgcolor=\"#ffffff\">155<\/td>\n<td align=\"center\" bgcolor=\"#ffffff\">75<\/td>\n<td align=\"center\" bgcolor=\"#ffffff\">10<\/td>\n<\/tr>\n<tr bgcolor=\"#e2e3e4\">\n<td align=\"center\">0255 01 0017<\/td>\n<td align=\"center\">17<\/td>\n<td align=\"center\">170<\/td>\n<td align=\"center\">100<\/td>\n<td align=\"center\">10<\/td>\n<\/tr>\n<tr>\n<td align=\"center\" bgcolor=\"#ffffff\">0255 01 0019<\/td>\n<td align=\"center\" bgcolor=\"#ffffff\">19<\/td>\n<td align=\"center\" bgcolor=\"#ffffff\">185<\/td>\n<td align=\"center\" bgcolor=\"#ffffff\">150<\/td>\n<td align=\"center\" bgcolor=\"#ffffff\">10<\/td>\n<\/tr>\n<tr bgcolor=\"#e2e3e4\">\n<td align=\"center\">0255 01 0022<\/td>\n<td align=\"center\">22<\/td>\n<td align=\"center\">200<\/td>\n<td align=\"center\">200<\/td>\n<td align=\"center\">10<\/td>\n<\/tr>\n<tr>\n<td align=\"center\" bgcolor=\"#ffffff\">0255 01 0024<\/td>\n<td align=\"center\" bgcolor=\"#ffffff\">24<\/td>\n<td align=\"center\" bgcolor=\"#ffffff\">220<\/td>\n<td align=\"center\" bgcolor=\"#ffffff\">280<\/td>\n<td align=\"center\" bgcolor=\"#ffffff\">10<\/td>\n<\/tr>\n<\/tbody>\n<\/table>\n","protected":false},"excerpt":{"rendered":"<p>KOD 0255 01 0010 10 110 40 10 0255 01 0011 11 120 45 10 0255 01 0012 12 130 50 10 0255 01 0013 13 140 60 10 0255 01 0014 14 155 75 10 0255 01 0017 17 170 100 10 0255 01 0019 19 185 150 10 0255 01 0022 22 200 [&hellip;]<\/p>\n","protected":false},"featured_media":18190,"comment_status":"closed","ping_status":"closed","template":"","meta":[],"product_brand":[],"product_cat":[260,257],"product_tag":[],"class_list":{"0":"post-19929","1":"product","2":"type-product","3":"status-publish","4":"has-post-thumbnail","6":"product_cat-anahtarlar","7":"product_cat-el-aletleri","9":"first","10":"instock","11":"shipping-taxable","12":"product-type-simple"},"_links":{"self":[{"href":"https:\/\/korogluhirdavat.com.tr\/index.php?rest_route=\/wp\/v2\/product\/19929","targetHints":{"allow":["GET"]}}],"collection":[{"href":"https:\/\/korogluhirdavat.com.tr\/index.php?rest_route=\/wp\/v2\/product"}],"about":[{"href":"https:\/\/korogluhirdavat.com.tr\/index.php?rest_route=\/wp\/v2\/types\/product"}],"replies":[{"embeddable":true,"href":"https:\/\/korogluhirdavat.com.tr\/index.php?rest_route=%2Fwp%2Fv2%2Fcomments&post=19929"}],"wp:featuredmedia":[{"embeddable":true,"href":"https:\/\/korogluhirdavat.com.tr\/index.php?rest_route=\/wp\/v2\/media\/18190"}],"wp:attachment":[{"href":"https:\/\/korogluhirdavat.com.tr\/index.php?rest_route=%2Fwp%2Fv2%2Fmedia&parent=19929"}],"wp:term":[{"taxonomy":"product_brand","embeddable":true,"href":"https:\/\/korogluhirdavat.com.tr\/index.php?rest_route=%2Fwp%2Fv2%2Fproduct_brand&post=19929"},{"taxonomy":"product_cat","embeddable":true,"href":"https:\/\/korogluhirdavat.com.tr\/index.php?rest_route=%2Fwp%2Fv2%2Fproduct_cat&post=19929"},{"taxonomy":"product_tag","embeddable":true,"href":"https:\/\/korogluhirdavat.com.tr\/index.php?rest_route=%2Fwp%2Fv2%2Fproduct_tag&post=19929"}],"curies":[{"name":"wp","href":"https:\/\/api.w.org\/{rel}","templated":true}]}}