{"id":19930,"date":"2021-09-03T21:01:09","date_gmt":"2021-09-03T21:01:09","guid":{"rendered":"https:\/\/koroglucivata.com\/?post_type=product&#038;p=19930"},"modified":"2021-09-03T21:01:12","modified_gmt":"2021-09-03T21:01:12","slug":"0320-kombine-anahtar-takimi-kisa-boy-mm","status":"publish","type":"product","link":"https:\/\/korogluhirdavat.com.tr\/?product=0320-kombine-anahtar-takimi-kisa-boy-mm","title":{"rendered":"0320 Kombine Anahtar Tak\u0131m\u0131 K\u0131sa Boy (mm)"},"content":{"rendered":"<table border=\"0\" width=\"100%\" cellspacing=\"2\" cellpadding=\"2\">\n<tbody>\n<tr>\n<td align=\"center\" bgcolor=\"#cecfd1\"><strong>KOD<\/strong><\/td>\n<td align=\"center\" bgcolor=\"#cecfd1\"><img loading=\"lazy\" decoding=\"async\" src=\"https:\/\/www.izeltas.com.tr\/izeltascomtr\/upl\/Image\/altigen.jpg\" alt=\"\" width=\"34\" height=\"34\" \/><\/td>\n<td align=\"center\" bgcolor=\"#cecfd1\"><img loading=\"lazy\" decoding=\"async\" src=\"https:\/\/www.izeltas.com.tr\/izeltascomtr\/upl\/Image\/terazi_G.jpg\" alt=\"\" width=\"34\" height=\"34\" \/><\/td>\n<td align=\"center\" bgcolor=\"#cecfd1\"><img loading=\"lazy\" decoding=\"async\" src=\"https:\/\/www.izeltas.com.tr\/izeltascomtr\/upl\/Image\/kare.jpg\" alt=\"\" width=\"34\" height=\"34\" \/><\/td>\n<\/tr>\n<tr>\n<td align=\"center\" bgcolor=\"#ffffff\">0320 00 2106<\/td>\n<td align=\"center\" bgcolor=\"#ffffff\">8 &#8211; 9 -11<br \/>\n13 &#8211; 17 &#8211; 19<\/td>\n<td align=\"center\" bgcolor=\"#ffffff\">460<\/td>\n<td align=\"center\" bgcolor=\"#ffffff\">6<\/td>\n<\/tr>\n<tr bgcolor=\"#e2e3e4\">\n<td align=\"center\">0320 00 2108<\/td>\n<td align=\"center\">6 &#8211; 7 &#8211; 8 &#8211; 9<br \/>\n10 &#8211; 13 &#8211; 17 &#8211; 19<\/td>\n<td align=\"center\">475<\/td>\n<td align=\"center\">8<\/td>\n<\/tr>\n<tr>\n<td align=\"center\" bgcolor=\"#ffffff\">0320 00 2110<\/td>\n<td align=\"center\" bgcolor=\"#ffffff\">8 &#8211; 9 &#8211; 10 -11<br \/>\n12 &#8211; 13 &#8211; 14 &#8211; 17<br \/>\n19 &#8211; 22<\/td>\n<td align=\"center\" bgcolor=\"#ffffff\">1015<\/td>\n<td align=\"center\" bgcolor=\"#ffffff\">10<\/td>\n<\/tr>\n<tr bgcolor=\"#e2e3e4\">\n<td align=\"center\">0320 00 2112<\/td>\n<td align=\"center\">8 &#8211; 9 &#8211; 10 -11<br \/>\n12 &#8211; 13 &#8211; 14 &#8211; 15<br \/>\n16 &#8211; 17 &#8211; 19 &#8211; 22<\/td>\n<td align=\"center\">1190<\/td>\n<td align=\"center\">12<\/td>\n<\/tr>\n<tr>\n<td align=\"center\" bgcolor=\"#ffffff\">0320 00 2117<\/td>\n<td align=\"center\" bgcolor=\"#ffffff\">6 &#8211; 7 &#8211; 8 &#8211; 9 &#8211; 10<br \/>\n11 &#8211; 12 &#8211; 13 &#8211; 14<br \/>\n15 &#8211; 16 &#8211; 17 &#8211; 18<br \/>\n19 &#8211; 20 &#8211; 21 &#8211; 22<\/td>\n<td align=\"center\" bgcolor=\"#ffffff\">1755<\/td>\n<td align=\"center\" bgcolor=\"#ffffff\">17<\/td>\n<\/tr>\n<tr bgcolor=\"#e2e3e4\">\n<td align=\"center\">0320 00 2121<\/td>\n<td align=\"center\">6 &#8211; 7 &#8211; 8 &#8211; 9 &#8211; 10<br \/>\n11 &#8211; 12 &#8211; 13 &#8211; 14<br \/>\n15 &#8211; 16 &#8211; 17 &#8211; 18<br \/>\n19 &#8211; 20 &#8211; 21 &#8211; 22<br \/>\n24 &#8211; 27 &#8211; 30 &#8211; 32<\/td>\n<td align=\"center\">3650<\/td>\n<td align=\"center\">21<\/td>\n<\/tr>\n<\/tbody>\n<\/table>\n","protected":false},"excerpt":{"rendered":"<p>KOD 0320 00 2106 8 &#8211; 9 -11 13 &#8211; 17 &#8211; 19 460 6 0320 00 2108 6 &#8211; 7 &#8211; 8 &#8211; 9 10 &#8211; 13 &#8211; 17 &#8211; 19 475 8 0320 00 2110 8 &#8211; 9 &#8211; 10 -11 12 &#8211; 13 &#8211; 14 &#8211; 17 19 &#8211; 22 1015 10 [&hellip;]<\/p>\n","protected":false},"featured_media":18191,"comment_status":"closed","ping_status":"closed","template":"","meta":[],"product_brand":[],"product_cat":[260,257],"product_tag":[],"class_list":{"0":"post-19930","1":"product","2":"type-product","3":"status-publish","4":"has-post-thumbnail","6":"product_cat-anahtarlar","7":"product_cat-el-aletleri","9":"first","10":"instock","11":"shipping-taxable","12":"product-type-simple"},"_links":{"self":[{"href":"https:\/\/korogluhirdavat.com.tr\/index.php?rest_route=\/wp\/v2\/product\/19930","targetHints":{"allow":["GET"]}}],"collection":[{"href":"https:\/\/korogluhirdavat.com.tr\/index.php?rest_route=\/wp\/v2\/product"}],"about":[{"href":"https:\/\/korogluhirdavat.com.tr\/index.php?rest_route=\/wp\/v2\/types\/product"}],"replies":[{"embeddable":true,"href":"https:\/\/korogluhirdavat.com.tr\/index.php?rest_route=%2Fwp%2Fv2%2Fcomments&post=19930"}],"wp:featuredmedia":[{"embeddable":true,"href":"https:\/\/korogluhirdavat.com.tr\/index.php?rest_route=\/wp\/v2\/media\/18191"}],"wp:attachment":[{"href":"https:\/\/korogluhirdavat.com.tr\/index.php?rest_route=%2Fwp%2Fv2%2Fmedia&parent=19930"}],"wp:term":[{"taxonomy":"product_brand","embeddable":true,"href":"https:\/\/korogluhirdavat.com.tr\/index.php?rest_route=%2Fwp%2Fv2%2Fproduct_brand&post=19930"},{"taxonomy":"product_cat","embeddable":true,"href":"https:\/\/korogluhirdavat.com.tr\/index.php?rest_route=%2Fwp%2Fv2%2Fproduct_cat&post=19930"},{"taxonomy":"product_tag","embeddable":true,"href":"https:\/\/korogluhirdavat.com.tr\/index.php?rest_route=%2Fwp%2Fv2%2Fproduct_tag&post=19930"}],"curies":[{"name":"wp","href":"https:\/\/api.w.org\/{rel}","templated":true}]}}