{"id":19932,"date":"2021-09-03T21:01:09","date_gmt":"2021-09-03T21:01:09","guid":{"rendered":"https:\/\/koroglucivata.com\/?post_type=product&#038;p=19932"},"modified":"2021-09-03T21:01:13","modified_gmt":"2021-09-03T21:01:13","slug":"0340-circir-kombine-anahtar-takimi-mm","status":"publish","type":"product","link":"https:\/\/korogluhirdavat.com.tr\/?product=0340-circir-kombine-anahtar-takimi-mm","title":{"rendered":"0340 C\u0131rc\u0131r Kombine Anahtar Tak\u0131m\u0131 (mm)"},"content":{"rendered":"<table border=\"0\" width=\"100%\" cellspacing=\"2\" cellpadding=\"2\">\n<tbody>\n<tr>\n<td align=\"center\" bgcolor=\"#cecfd1\"><strong>KOD<\/strong><\/td>\n<td align=\"center\" bgcolor=\"#cecfd1\"><img loading=\"lazy\" decoding=\"async\" src=\"https:\/\/www.izeltas.com.tr\/izeltascomtr\/upl\/Image\/altigen.jpg\" alt=\"\" width=\"34\" height=\"34\" \/><\/td>\n<td align=\"center\" bgcolor=\"#cecfd1\"><img loading=\"lazy\" decoding=\"async\" src=\"https:\/\/www.izeltas.com.tr\/izeltascomtr\/upl\/Image\/terazi_G.jpg\" alt=\"\" width=\"34\" height=\"34\" \/><\/td>\n<td align=\"center\" bgcolor=\"#cecfd1\"><img loading=\"lazy\" decoding=\"async\" src=\"https:\/\/www.izeltas.com.tr\/izeltascomtr\/upl\/Image\/kare.jpg\" alt=\"\" width=\"34\" height=\"34\" \/><\/td>\n<\/tr>\n<tr>\n<td align=\"center\" bgcolor=\"#ffffff\">0340 00 2108<\/td>\n<td align=\"center\" bgcolor=\"#ffffff\">8 &#8211; 9 &#8211; 10 &#8211; 11<br \/>\n12 &#8211; 13 &#8211; 17 -19<\/td>\n<td align=\"center\" bgcolor=\"#ffffff\">720<\/td>\n<td align=\"center\" bgcolor=\"#ffffff\">8<\/td>\n<\/tr>\n<tr bgcolor=\"#e2e3e4\">\n<td align=\"center\">0340 00 2112<\/td>\n<td align=\"center\">8 &#8211; 9 &#8211; 10 &#8211; 11 &#8211; 12<br \/>\n13 &#8211; 14 -15 &#8211; 16<br \/>\n17 &#8211; 18 &#8211; 19<\/td>\n<td align=\"center\">1315<\/td>\n<td align=\"center\">12<\/td>\n<\/tr>\n<tr>\n<td align=\"center\" bgcolor=\"#ffffff\">0340 00 2115<\/td>\n<td align=\"center\" bgcolor=\"#ffffff\">8 &#8211; 9 &#8211; 10 -11 &#8211; 12<br \/>\n13 &#8211; 14 &#8211; 15 &#8211; 16<br \/>\n17 &#8211; 18 &#8211; 19<br \/>\n21 &#8211; 22 &#8211; 24<\/td>\n<td align=\"center\" bgcolor=\"#ffffff\">2445<\/td>\n<td align=\"center\" bgcolor=\"#ffffff\">15<\/td>\n<\/tr>\n<\/tbody>\n<\/table>\n","protected":false},"excerpt":{"rendered":"<p>KOD 0340 00 2108 8 &#8211; 9 &#8211; 10 &#8211; 11 12 &#8211; 13 &#8211; 17 -19 720 8 0340 00 2112 8 &#8211; 9 &#8211; 10 &#8211; 11 &#8211; 12 13 &#8211; 14 -15 &#8211; 16 17 &#8211; 18 &#8211; 19 1315 12 0340 00 2115 8 &#8211; 9 &#8211; 10 -11 &#8211; 12 [&hellip;]<\/p>\n","protected":false},"featured_media":18193,"comment_status":"closed","ping_status":"closed","template":"","meta":[],"product_brand":[],"product_cat":[260,257],"product_tag":[],"class_list":{"0":"post-19932","1":"product","2":"type-product","3":"status-publish","4":"has-post-thumbnail","6":"product_cat-anahtarlar","7":"product_cat-el-aletleri","9":"first","10":"instock","11":"shipping-taxable","12":"product-type-simple"},"_links":{"self":[{"href":"https:\/\/korogluhirdavat.com.tr\/index.php?rest_route=\/wp\/v2\/product\/19932","targetHints":{"allow":["GET"]}}],"collection":[{"href":"https:\/\/korogluhirdavat.com.tr\/index.php?rest_route=\/wp\/v2\/product"}],"about":[{"href":"https:\/\/korogluhirdavat.com.tr\/index.php?rest_route=\/wp\/v2\/types\/product"}],"replies":[{"embeddable":true,"href":"https:\/\/korogluhirdavat.com.tr\/index.php?rest_route=%2Fwp%2Fv2%2Fcomments&post=19932"}],"wp:featuredmedia":[{"embeddable":true,"href":"https:\/\/korogluhirdavat.com.tr\/index.php?rest_route=\/wp\/v2\/media\/18193"}],"wp:attachment":[{"href":"https:\/\/korogluhirdavat.com.tr\/index.php?rest_route=%2Fwp%2Fv2%2Fmedia&parent=19932"}],"wp:term":[{"taxonomy":"product_brand","embeddable":true,"href":"https:\/\/korogluhirdavat.com.tr\/index.php?rest_route=%2Fwp%2Fv2%2Fproduct_brand&post=19932"},{"taxonomy":"product_cat","embeddable":true,"href":"https:\/\/korogluhirdavat.com.tr\/index.php?rest_route=%2Fwp%2Fv2%2Fproduct_cat&post=19932"},{"taxonomy":"product_tag","embeddable":true,"href":"https:\/\/korogluhirdavat.com.tr\/index.php?rest_route=%2Fwp%2Fv2%2Fproduct_tag&post=19932"}],"curies":[{"name":"wp","href":"https:\/\/api.w.org\/{rel}","templated":true}]}}