{"id":19937,"date":"2021-09-03T21:01:10","date_gmt":"2021-09-03T21:01:10","guid":{"rendered":"https:\/\/koroglucivata.com\/?post_type=product&#038;p=19937"},"modified":"2021-09-03T21:01:13","modified_gmt":"2021-09-03T21:01:13","slug":"0431-yildiz-iki-agiz-anahtar-takimi-sae","status":"publish","type":"product","link":"https:\/\/korogluhirdavat.com.tr\/?product=0431-yildiz-iki-agiz-anahtar-takimi-sae","title":{"rendered":"0431 Y\u0131ld\u0131z \u0130ki A\u011f\u0131z Anahtar Tak\u0131m\u0131 (SAE)"},"content":{"rendered":"<table border=\"0\" width=\"100%\" cellspacing=\"2\" cellpadding=\"2\">\n<tbody>\n<tr>\n<td align=\"center\" bgcolor=\"#cecfd1\"><strong>KOD<\/strong><\/td>\n<td align=\"center\" bgcolor=\"#cecfd1\"><img loading=\"lazy\" decoding=\"async\" src=\"https:\/\/www.izeltas.com.tr\/izeltascomtr\/upl\/Image\/altigen_inch.jpg\" alt=\"\" width=\"34\" height=\"34\" \/><\/td>\n<td align=\"center\" bgcolor=\"#cecfd1\"><img loading=\"lazy\" decoding=\"async\" src=\"https:\/\/www.izeltas.com.tr\/izeltascomtr\/upl\/Image\/terazi_G.jpg\" alt=\"\" width=\"34\" height=\"34\" \/><\/td>\n<td align=\"center\" bgcolor=\"#cecfd1\"><img loading=\"lazy\" decoding=\"async\" src=\"https:\/\/www.izeltas.com.tr\/izeltascomtr\/upl\/Image\/kare.jpg\" alt=\"\" width=\"34\" height=\"34\" \/><\/td>\n<\/tr>\n<tr>\n<td align=\"center\" bgcolor=\"#ffffff\">0431 00 2106<\/td>\n<td align=\"center\" bgcolor=\"#ffffff\">3\/8&#8243;x7\/16&#8243; &#8211; 9\/16&#215;5\/8&#8243;<br \/>\n19\/32&#8243;x11\/16&#8243; &#8211; 3\/4&#8243;x25\/32&#8243;<br \/>\n13\/16&#8243;x7\/8&#8243; &#8211; 15\/16&#8243;x1&#8243;<\/td>\n<td align=\"center\" bgcolor=\"#ffffff\">1780<\/td>\n<td align=\"center\" bgcolor=\"#ffffff\">6<\/td>\n<\/tr>\n<tr bgcolor=\"#e2e3e4\">\n<td align=\"center\">0431 00 2108<\/td>\n<td align=\"center\">1\/4&#8243;x5\/16&#8243; &#8211; 5\/16&#8243;x3\/8&#8243;<br \/>\n7\/16&#8243;x1\/2&#8243; &#8211; 9\/16&#8243;x5\/8&#8243;<br \/>\n19\/32&#8243;x11\/16&#8243; &#8211; 3\/4&#8243;x25\/32&#8243;<br \/>\n13\/16&#8243;x7\/8&#8243; &#8211; 15\/16&#8243;x1&#8243;<\/td>\n<td align=\"center\">1915<\/td>\n<td align=\"center\">8<\/td>\n<\/tr>\n<tr>\n<td align=\"center\" bgcolor=\"#ffffff\">0431 00 2110<\/td>\n<td align=\"center\" bgcolor=\"#ffffff\">1\/4&#8243;x5\/16&#8243; &#8211; 5\/16&#215;3\/8&#8243;<br \/>\n7\/16&#8243;x1\/2&#8243; &#8211; 9\/16&#8243;x5\/8&#8243;<br \/>\n19\/32&#8243;x11\/16&#8243; &#8211; 3\/4&#8243;x25\/32&#8243;<br \/>\n13\/16&#8243;x7\/8&#8243; &#8211; 15\/16&#8243;x 1&#8243;<br \/>\n1 1\/16&#8243;x&#8221;1 1\/4&#8243; &#8211; 1 1\/8&#8243;x1 5\/16&#8243;<\/td>\n<td align=\"center\" bgcolor=\"#ffffff\">3275<\/td>\n<td align=\"center\" bgcolor=\"#ffffff\">10<\/td>\n<\/tr>\n<tr bgcolor=\"#e2e3e4\">\n<td align=\"center\">0431 00 2112<\/td>\n<td align=\"center\">1\/4&#8243;x5\/16&#8243; &#8211; 5\/16&#8243;x3\/8&#8243;<br \/>\n3\/8&#8243;x7\/16&#8243; &#8211; 7\/16&#8243;x1\/2&#8243;<br \/>\n9\/16&#8243;x5\/8&#8243; &#8211; 19\/32&#8243;x11\/16&#8243;<br \/>\n3\/4&#8243;x25\/32&#8243; &#8211; 13\/16&#8243;x7\/8&#8243;<br \/>\n15\/16&#8243;x 1&#8243; &#8211; 1 1\/16&#8243;x1 1\/4&#8243;<br \/>\n1 1\/8&#8243;x1 5\/16&#8243; &#8211; 1 3 \/16&#8243;x1 5\/16&#8243;<\/td>\n<td align=\"center\">3985<\/td>\n<td align=\"center\">12<\/td>\n<\/tr>\n<\/tbody>\n<\/table>\n","protected":false},"excerpt":{"rendered":"<p>KOD 0431 00 2106 3\/8&#8243;x7\/16&#8243; &#8211; 9\/16&#215;5\/8&#8243; 19\/32&#8243;x11\/16&#8243; &#8211; 3\/4&#8243;x25\/32&#8243; 13\/16&#8243;x7\/8&#8243; &#8211; 15\/16&#8243;x1&#8243; 1780 6 0431 00 2108 1\/4&#8243;x5\/16&#8243; &#8211; 5\/16&#8243;x3\/8&#8243; 7\/16&#8243;x1\/2&#8243; &#8211; 9\/16&#8243;x5\/8&#8243; 19\/32&#8243;x11\/16&#8243; &#8211; 3\/4&#8243;x25\/32&#8243; 13\/16&#8243;x7\/8&#8243; &#8211; 15\/16&#8243;x1&#8243; 1915 8 0431 00 2110 1\/4&#8243;x5\/16&#8243; &#8211; 5\/16&#215;3\/8&#8243; 7\/16&#8243;x1\/2&#8243; &#8211; 9\/16&#8243;x5\/8&#8243; 19\/32&#8243;x11\/16&#8243; &#8211; 3\/4&#8243;x25\/32&#8243; 13\/16&#8243;x7\/8&#8243; &#8211; 15\/16&#8243;x 1&#8243; 1 1\/16&#8243;x&#8221;1 1\/4&#8243; &#8211; 1 1\/8&#8243;x1 5\/16&#8243; [&hellip;]<\/p>\n","protected":false},"featured_media":18198,"comment_status":"closed","ping_status":"closed","template":"","meta":[],"product_brand":[],"product_cat":[260,257],"product_tag":[],"class_list":{"0":"post-19937","1":"product","2":"type-product","3":"status-publish","4":"has-post-thumbnail","6":"product_cat-anahtarlar","7":"product_cat-el-aletleri","9":"first","10":"instock","11":"shipping-taxable","12":"product-type-simple"},"_links":{"self":[{"href":"https:\/\/korogluhirdavat.com.tr\/index.php?rest_route=\/wp\/v2\/product\/19937","targetHints":{"allow":["GET"]}}],"collection":[{"href":"https:\/\/korogluhirdavat.com.tr\/index.php?rest_route=\/wp\/v2\/product"}],"about":[{"href":"https:\/\/korogluhirdavat.com.tr\/index.php?rest_route=\/wp\/v2\/types\/product"}],"replies":[{"embeddable":true,"href":"https:\/\/korogluhirdavat.com.tr\/index.php?rest_route=%2Fwp%2Fv2%2Fcomments&post=19937"}],"wp:featuredmedia":[{"embeddable":true,"href":"https:\/\/korogluhirdavat.com.tr\/index.php?rest_route=\/wp\/v2\/media\/18198"}],"wp:attachment":[{"href":"https:\/\/korogluhirdavat.com.tr\/index.php?rest_route=%2Fwp%2Fv2%2Fmedia&parent=19937"}],"wp:term":[{"taxonomy":"product_brand","embeddable":true,"href":"https:\/\/korogluhirdavat.com.tr\/index.php?rest_route=%2Fwp%2Fv2%2Fproduct_brand&post=19937"},{"taxonomy":"product_cat","embeddable":true,"href":"https:\/\/korogluhirdavat.com.tr\/index.php?rest_route=%2Fwp%2Fv2%2Fproduct_cat&post=19937"},{"taxonomy":"product_tag","embeddable":true,"href":"https:\/\/korogluhirdavat.com.tr\/index.php?rest_route=%2Fwp%2Fv2%2Fproduct_tag&post=19937"}],"curies":[{"name":"wp","href":"https:\/\/api.w.org\/{rel}","templated":true}]}}