{"id":19939,"date":"2021-09-03T21:01:10","date_gmt":"2021-09-03T21:01:10","guid":{"rendered":"https:\/\/koroglucivata.com\/?post_type=product&#038;p=19939"},"modified":"2021-09-03T21:01:13","modified_gmt":"2021-09-03T21:01:13","slug":"0440-duz-yildiz-anahtar-mm","status":"publish","type":"product","link":"https:\/\/korogluhirdavat.com.tr\/?product=0440-duz-yildiz-anahtar-mm","title":{"rendered":"0440 D\u00fcz Y\u0131ld\u0131z Anahtar (mm)"},"content":{"rendered":"<table border=\"0\" width=\"100%\" cellspacing=\"2\" cellpadding=\"2\">\n<tbody>\n<tr>\n<td align=\"center\" bgcolor=\"#cecfd1\"><strong>KOD<\/strong><\/td>\n<td align=\"center\" bgcolor=\"#cecfd1\"><img loading=\"lazy\" decoding=\"async\" src=\"https:\/\/www.izeltas.com.tr\/izeltascomtr\/upl\/Image\/altigen.jpg\" alt=\"\" width=\"34\" height=\"34\" \/><\/td>\n<td align=\"center\" bgcolor=\"#cecfd1\"><img loading=\"lazy\" decoding=\"async\" src=\"https:\/\/www.izeltas.com.tr\/izeltascomtr\/upl\/Image\/L.jpg\" alt=\"\" width=\"34\" height=\"34\" \/><\/td>\n<td align=\"center\" bgcolor=\"#cecfd1\"><img loading=\"lazy\" decoding=\"async\" src=\"https:\/\/www.izeltas.com.tr\/izeltascomtr\/upl\/Image\/a1.jpg\" alt=\"\" width=\"34\" height=\"34\" \/><\/td>\n<td align=\"center\" bgcolor=\"#cecfd1\"><img loading=\"lazy\" decoding=\"async\" src=\"https:\/\/www.izeltas.com.tr\/izeltascomtr\/upl\/Image\/b1.jpg\" alt=\"\" width=\"34\" height=\"34\" \/><\/td>\n<td align=\"center\" bgcolor=\"#cecfd1\"><img loading=\"lazy\" decoding=\"async\" src=\"https:\/\/www.izeltas.com.tr\/izeltascomtr\/upl\/Image\/b2.jpg\" alt=\"\" width=\"34\" height=\"34\" \/><\/td>\n<td align=\"center\" bgcolor=\"#cecfd1\"><img loading=\"lazy\" decoding=\"async\" src=\"https:\/\/www.izeltas.com.tr\/izeltascomtr\/upl\/Image\/terazi_G.jpg\" alt=\"\" width=\"34\" height=\"34\" \/><\/td>\n<td align=\"center\" bgcolor=\"#cecfd1\"><img loading=\"lazy\" decoding=\"async\" src=\"https:\/\/www.izeltas.com.tr\/izeltascomtr\/upl\/Image\/kare.jpg\" alt=\"\" width=\"34\" height=\"34\" \/><\/td>\n<\/tr>\n<tr>\n<td align=\"center\" bgcolor=\"#ffffff\">0440 03 0607<\/td>\n<td align=\"center\" bgcolor=\"#ffffff\">06&#215;07<\/td>\n<td align=\"center\" bgcolor=\"#ffffff\">99<\/td>\n<td align=\"center\" bgcolor=\"#ffffff\">4.4<\/td>\n<td align=\"center\" bgcolor=\"#ffffff\">9.5<\/td>\n<td align=\"center\" bgcolor=\"#ffffff\">11<\/td>\n<td align=\"center\" bgcolor=\"#ffffff\">10<\/td>\n<td align=\"center\" bgcolor=\"#ffffff\">10<\/td>\n<\/tr>\n<tr bgcolor=\"#e2e3e4\">\n<td align=\"center\">0440 03 0809<\/td>\n<td align=\"center\">08&#215;09<\/td>\n<td align=\"center\">113<\/td>\n<td align=\"center\">5.2<\/td>\n<td align=\"center\">12.5<\/td>\n<td align=\"center\">14<\/td>\n<td align=\"center\">25<\/td>\n<td align=\"center\">10<\/td>\n<\/tr>\n<tr>\n<td align=\"center\" bgcolor=\"#ffffff\">*\u00a00440 03 0810<\/td>\n<td align=\"center\" bgcolor=\"#ffffff\">08&#215;10<\/td>\n<td align=\"center\" bgcolor=\"#ffffff\">120<\/td>\n<td align=\"center\" bgcolor=\"#ffffff\">5.6<\/td>\n<td align=\"center\" bgcolor=\"#ffffff\">12.5<\/td>\n<td align=\"center\" bgcolor=\"#ffffff\">15.5<\/td>\n<td align=\"center\" bgcolor=\"#ffffff\">30<\/td>\n<td align=\"center\" bgcolor=\"#ffffff\">10<\/td>\n<\/tr>\n<tr bgcolor=\"#e2e3e4\">\n<td align=\"center\">0440 03 1011<\/td>\n<td align=\"center\">10&#215;11<\/td>\n<td align=\"center\">125<\/td>\n<td align=\"center\">6<\/td>\n<td align=\"center\">15.5<\/td>\n<td align=\"center\">16.5<\/td>\n<td align=\"center\">30<\/td>\n<td align=\"center\">10<\/td>\n<\/tr>\n<tr>\n<td align=\"center\" bgcolor=\"#ffffff\">*\u00a00440 03 1013<\/td>\n<td align=\"center\" bgcolor=\"#ffffff\">10&#215;13<\/td>\n<td align=\"center\" bgcolor=\"#ffffff\">140<\/td>\n<td align=\"center\" bgcolor=\"#ffffff\">6.6<\/td>\n<td align=\"center\" bgcolor=\"#ffffff\">15.5<\/td>\n<td align=\"center\" bgcolor=\"#ffffff\">20<\/td>\n<td align=\"center\" bgcolor=\"#ffffff\">45<\/td>\n<td align=\"center\" bgcolor=\"#ffffff\">10<\/td>\n<\/tr>\n<tr bgcolor=\"#e2e3e4\">\n<td align=\"center\">0440 03 1213<\/td>\n<td align=\"center\">12&#215;13<\/td>\n<td align=\"center\">140<\/td>\n<td align=\"center\">6.8<\/td>\n<td align=\"center\">18.5<\/td>\n<td align=\"center\">20<\/td>\n<td align=\"center\">45<\/td>\n<td align=\"center\">10<\/td>\n<\/tr>\n<tr>\n<td align=\"center\" bgcolor=\"#ffffff\">*\u00a00440 03 1315<\/td>\n<td align=\"center\" bgcolor=\"#ffffff\">13&#215;15<\/td>\n<td align=\"center\" bgcolor=\"#ffffff\">156<\/td>\n<td align=\"center\" bgcolor=\"#ffffff\">7.2<\/td>\n<td align=\"center\" bgcolor=\"#ffffff\">20<\/td>\n<td align=\"center\" bgcolor=\"#ffffff\">22.5<\/td>\n<td align=\"center\" bgcolor=\"#ffffff\">55<\/td>\n<td align=\"center\" bgcolor=\"#ffffff\">10<\/td>\n<\/tr>\n<tr>\n<td align=\"center\" bgcolor=\"#e2e3e4\">0440 03 1415<\/td>\n<td align=\"center\" bgcolor=\"#e2e3e4\">14&#215;15<\/td>\n<td align=\"center\" bgcolor=\"#e2e3e4\">156<\/td>\n<td align=\"center\" bgcolor=\"#e2e3e4\">7.2<\/td>\n<td align=\"center\" bgcolor=\"#e2e3e4\">21<\/td>\n<td align=\"center\" bgcolor=\"#e2e3e4\">22.5<\/td>\n<td align=\"center\" bgcolor=\"#e2e3e4\">60<\/td>\n<td align=\"center\" bgcolor=\"#e2e3e4\">10<\/td>\n<\/tr>\n<tr bgcolor=\"#e2e3e4\">\n<td align=\"center\" bgcolor=\"#ffffff\">*\u00a00440 03 1317<\/td>\n<td align=\"center\" bgcolor=\"#ffffff\">13&#215;17<\/td>\n<td align=\"center\" bgcolor=\"#ffffff\">170<\/td>\n<td align=\"center\" bgcolor=\"#ffffff\">8<\/td>\n<td align=\"center\" bgcolor=\"#ffffff\">20<\/td>\n<td align=\"center\" bgcolor=\"#ffffff\">25<\/td>\n<td align=\"center\" bgcolor=\"#ffffff\">85<\/td>\n<td align=\"center\" bgcolor=\"#ffffff\">10<\/td>\n<\/tr>\n<tr bgcolor=\"#e2e3e4\">\n<td align=\"center\">0440 03 1617<\/td>\n<td align=\"center\">16&#215;17<\/td>\n<td align=\"center\">170<\/td>\n<td align=\"center\">8<\/td>\n<td align=\"center\">24<\/td>\n<td align=\"center\">25<\/td>\n<td align=\"center\">80<\/td>\n<td align=\"center\">10<\/td>\n<\/tr>\n<tr>\n<td align=\"center\" bgcolor=\"#ffffff\">*\u00a00440 03 1618<\/td>\n<td align=\"center\" bgcolor=\"#ffffff\">16&#215;18<\/td>\n<td align=\"center\" bgcolor=\"#ffffff\">175<\/td>\n<td align=\"center\" bgcolor=\"#ffffff\">8.6<\/td>\n<td align=\"center\" bgcolor=\"#ffffff\">24<\/td>\n<td align=\"center\" bgcolor=\"#ffffff\">26.5<\/td>\n<td align=\"center\" bgcolor=\"#ffffff\">90<\/td>\n<td align=\"center\" bgcolor=\"#ffffff\">10<\/td>\n<\/tr>\n<tr bgcolor=\"#e2e3e4\">\n<td align=\"center\">*\u00a00440 03 1719<\/td>\n<td align=\"center\">17&#215;19<\/td>\n<td align=\"center\">188<\/td>\n<td align=\"center\">8.8<\/td>\n<td align=\"center\">25<\/td>\n<td align=\"center\">27.5<\/td>\n<td align=\"center\">105<\/td>\n<td align=\"center\">10<\/td>\n<\/tr>\n<tr>\n<td align=\"center\" bgcolor=\"#ffffff\">0440 03 1819<\/td>\n<td align=\"center\" bgcolor=\"#ffffff\">18&#215;19<\/td>\n<td align=\"center\" bgcolor=\"#ffffff\">188<\/td>\n<td align=\"center\" bgcolor=\"#ffffff\">8.8<\/td>\n<td align=\"center\" bgcolor=\"#ffffff\">26.5<\/td>\n<td align=\"center\" bgcolor=\"#ffffff\">27.5<\/td>\n<td align=\"center\" bgcolor=\"#ffffff\">105<\/td>\n<td align=\"center\" bgcolor=\"#ffffff\">10<\/td>\n<\/tr>\n<tr bgcolor=\"#e2e3e4\">\n<td align=\"center\">0440 03 2022<\/td>\n<td align=\"center\">20&#215;22<\/td>\n<td align=\"center\">208<\/td>\n<td align=\"center\">9.6<\/td>\n<td align=\"center\">29<\/td>\n<td align=\"center\">32<\/td>\n<td align=\"center\">135<\/td>\n<td align=\"center\">10<\/td>\n<\/tr>\n<tr>\n<td align=\"center\" bgcolor=\"#ffffff\">0440 03 2123<\/td>\n<td align=\"center\" bgcolor=\"#ffffff\">21&#215;23<\/td>\n<td align=\"center\" bgcolor=\"#ffffff\">230<\/td>\n<td align=\"center\" bgcolor=\"#ffffff\">10.6<\/td>\n<td align=\"center\" bgcolor=\"#ffffff\">30<\/td>\n<td align=\"center\" bgcolor=\"#ffffff\">33<\/td>\n<td align=\"center\" bgcolor=\"#ffffff\">170<\/td>\n<td align=\"center\" bgcolor=\"#ffffff\">10<\/td>\n<\/tr>\n<tr bgcolor=\"#e2e3e4\">\n<td align=\"center\">*\u00a00440 03 2224<\/td>\n<td align=\"center\">22&#215;24<\/td>\n<td align=\"center\">230<\/td>\n<td align=\"center\">10.8<\/td>\n<td align=\"center\">32<\/td>\n<td align=\"center\">35<\/td>\n<td align=\"center\">170<\/td>\n<td align=\"center\">10<\/td>\n<\/tr>\n<tr>\n<td align=\"center\" bgcolor=\"#ffffff\">0440 03 2426<\/td>\n<td align=\"center\" bgcolor=\"#ffffff\">24&#215;26<\/td>\n<td align=\"center\" bgcolor=\"#ffffff\">256<\/td>\n<td align=\"center\" bgcolor=\"#ffffff\">10.8<\/td>\n<td align=\"center\" bgcolor=\"#ffffff\">35<\/td>\n<td align=\"center\" bgcolor=\"#ffffff\">37.5<\/td>\n<td align=\"center\" bgcolor=\"#ffffff\">225<\/td>\n<td align=\"center\" bgcolor=\"#ffffff\">10<\/td>\n<\/tr>\n<tr bgcolor=\"#e2e3e4\">\n<td align=\"center\">*\u00a00440 03 2427<\/td>\n<td align=\"center\">24&#215;27<\/td>\n<td align=\"center\">256<\/td>\n<td align=\"center\">10.8<\/td>\n<td align=\"center\">35<\/td>\n<td align=\"center\">38.5<\/td>\n<td align=\"center\">225<\/td>\n<td align=\"center\">10<\/td>\n<\/tr>\n<tr>\n<td align=\"center\" bgcolor=\"#ffffff\">0440 03 2528<\/td>\n<td align=\"center\" bgcolor=\"#ffffff\">25&#215;28<\/td>\n<td align=\"center\" bgcolor=\"#ffffff\">280<\/td>\n<td align=\"center\" bgcolor=\"#ffffff\">11.8<\/td>\n<td align=\"center\" bgcolor=\"#ffffff\">36<\/td>\n<td align=\"center\" bgcolor=\"#ffffff\">40.5<\/td>\n<td align=\"center\" bgcolor=\"#ffffff\">270<\/td>\n<td align=\"center\" bgcolor=\"#ffffff\">10<\/td>\n<\/tr>\n<tr bgcolor=\"#e2e3e4\">\n<td align=\"center\">*\u00a00440 03 2729<\/td>\n<td align=\"center\">27&#215;29<\/td>\n<td align=\"center\">290<\/td>\n<td align=\"center\">12.8<\/td>\n<td align=\"center\">38.5<\/td>\n<td align=\"center\">42.5<\/td>\n<td align=\"center\">285<\/td>\n<td align=\"center\">10<\/td>\n<\/tr>\n<tr>\n<td align=\"center\" bgcolor=\"#ffffff\">0440 03 2732<\/td>\n<td align=\"center\" bgcolor=\"#ffffff\">27&#215;32<\/td>\n<td align=\"center\" bgcolor=\"#ffffff\">310<\/td>\n<td align=\"center\" bgcolor=\"#ffffff\">12.8<\/td>\n<td align=\"center\" bgcolor=\"#ffffff\">38.5<\/td>\n<td align=\"center\" bgcolor=\"#ffffff\">45.5<\/td>\n<td align=\"center\" bgcolor=\"#ffffff\">355<\/td>\n<td align=\"center\" bgcolor=\"#ffffff\">10<\/td>\n<\/tr>\n<tr bgcolor=\"#e2e3e4\">\n<td align=\"center\">*\u00a00440 03 3032<\/td>\n<td align=\"center\">30&#215;32<\/td>\n<td align=\"center\">310<\/td>\n<td align=\"center\">12.8<\/td>\n<td align=\"center\">43<\/td>\n<td align=\"center\">45.5<\/td>\n<td align=\"center\">360<\/td>\n<td align=\"center\">10<\/td>\n<\/tr>\n<\/tbody>\n<\/table>\n","protected":false},"excerpt":{"rendered":"<p>KOD 0440 03 0607 06&#215;07 99 4.4 9.5 11 10 10 0440 03 0809 08&#215;09 113 5.2 12.5 14 25 10 *\u00a00440 03 0810 08&#215;10 120 5.6 12.5 15.5 30 10 0440 03 1011 10&#215;11 125 6 15.5 16.5 30 10 *\u00a00440 03 1013 10&#215;13 140 6.6 15.5 20 45 10 0440 03 1213 12&#215;13 [&hellip;]<\/p>\n","protected":false},"featured_media":18200,"comment_status":"closed","ping_status":"closed","template":"","meta":[],"product_brand":[],"product_cat":[260,257],"product_tag":[],"class_list":{"0":"post-19939","1":"product","2":"type-product","3":"status-publish","4":"has-post-thumbnail","6":"product_cat-anahtarlar","7":"product_cat-el-aletleri","9":"first","10":"instock","11":"shipping-taxable","12":"product-type-simple"},"_links":{"self":[{"href":"https:\/\/korogluhirdavat.com.tr\/index.php?rest_route=\/wp\/v2\/product\/19939","targetHints":{"allow":["GET"]}}],"collection":[{"href":"https:\/\/korogluhirdavat.com.tr\/index.php?rest_route=\/wp\/v2\/product"}],"about":[{"href":"https:\/\/korogluhirdavat.com.tr\/index.php?rest_route=\/wp\/v2\/types\/product"}],"replies":[{"embeddable":true,"href":"https:\/\/korogluhirdavat.com.tr\/index.php?rest_route=%2Fwp%2Fv2%2Fcomments&post=19939"}],"wp:featuredmedia":[{"embeddable":true,"href":"https:\/\/korogluhirdavat.com.tr\/index.php?rest_route=\/wp\/v2\/media\/18200"}],"wp:attachment":[{"href":"https:\/\/korogluhirdavat.com.tr\/index.php?rest_route=%2Fwp%2Fv2%2Fmedia&parent=19939"}],"wp:term":[{"taxonomy":"product_brand","embeddable":true,"href":"https:\/\/korogluhirdavat.com.tr\/index.php?rest_route=%2Fwp%2Fv2%2Fproduct_brand&post=19939"},{"taxonomy":"product_cat","embeddable":true,"href":"https:\/\/korogluhirdavat.com.tr\/index.php?rest_route=%2Fwp%2Fv2%2Fproduct_cat&post=19939"},{"taxonomy":"product_tag","embeddable":true,"href":"https:\/\/korogluhirdavat.com.tr\/index.php?rest_route=%2Fwp%2Fv2%2Fproduct_tag&post=19939"}],"curies":[{"name":"wp","href":"https:\/\/api.w.org\/{rel}","templated":true}]}}