{"id":19949,"date":"2021-09-03T21:01:11","date_gmt":"2021-09-03T21:01:11","guid":{"rendered":"https:\/\/koroglucivata.com\/?post_type=product&#038;p=19949"},"modified":"2021-09-03T21:01:14","modified_gmt":"2021-09-03T21:01:14","slug":"2200-masali-boru-anahtari-45","status":"publish","type":"product","link":"https:\/\/korogluhirdavat.com.tr\/?product=2200-masali-boru-anahtari-45","title":{"rendered":"2200 Ma\u015fal\u0131 Boru Anahtar\u0131 (45\u00b0)"},"content":{"rendered":"<table border=\"0\" width=\"100%\" cellspacing=\"2\" cellpadding=\"2\">\n<tbody>\n<tr>\n<td align=\"center\" bgcolor=\"#cecfd1\"><strong>KOD<\/strong><\/td>\n<td align=\"center\" bgcolor=\"#cecfd1\"><img loading=\"lazy\" decoding=\"async\" src=\"https:\/\/www.izeltas.com.tr\/izeltascomtr\/upl\/Image\/L.jpg\" alt=\"\" width=\"34\" height=\"34\" \/><\/td>\n<td align=\"center\" bgcolor=\"#cecfd1\"><img loading=\"lazy\" decoding=\"async\" src=\"https:\/\/www.izeltas.com.tr\/izeltascomtr\/upl\/Image\/anahtar.jpg\" alt=\"\" width=\"34\" height=\"34\" \/><\/td>\n<td align=\"center\" bgcolor=\"#cecfd1\"><img loading=\"lazy\" decoding=\"async\" src=\"https:\/\/www.izeltas.com.tr\/izeltascomtr\/upl\/Image\/anahtar_inch.jpg\" alt=\"\" width=\"34\" height=\"34\" \/><\/td>\n<td align=\"center\" bgcolor=\"#cecfd1\"><img loading=\"lazy\" decoding=\"async\" src=\"https:\/\/www.izeltas.com.tr\/izeltascomtr\/upl\/Image\/terazi_G.jpg\" alt=\"\" width=\"34\" height=\"34\" \/><\/td>\n<td align=\"center\" bgcolor=\"#cecfd1\"><img loading=\"lazy\" decoding=\"async\" src=\"https:\/\/www.izeltas.com.tr\/izeltascomtr\/upl\/Image\/kare.jpg\" alt=\"\" width=\"34\" height=\"34\" \/><\/td>\n<\/tr>\n<tr bgcolor=\"#ffffff\">\n<td align=\"center\">\u00a02200 10 0005<\/td>\n<td align=\"center\">255<\/td>\n<td align=\"center\">22<\/td>\n<td align=\"center\">1\/2&#8243;<\/td>\n<td align=\"center\">385<\/td>\n<td align=\"center\">1<\/td>\n<\/tr>\n<tr bgcolor=\"#e2e3e4\">\n<td align=\"center\">2200 10 0010<\/td>\n<td align=\"center\">335<\/td>\n<td align=\"center\">35<\/td>\n<td align=\"center\">1&#8243;<\/td>\n<td align=\"center\">720<\/td>\n<td align=\"center\">1<\/td>\n<\/tr>\n<tr bgcolor=\"#ffffff\">\n<td align=\"center\">2200 10 0015<\/td>\n<td align=\"center\">470<\/td>\n<td align=\"center\">46<\/td>\n<td align=\"center\">1\u00a0 1\/2&#8243;<\/td>\n<td align=\"center\">1345<\/td>\n<td align=\"center\">1<\/td>\n<\/tr>\n<tr bgcolor=\"#e2e3e4\">\n<td align=\"center\">2200 10 0020<\/td>\n<td align=\"center\">630<\/td>\n<td align=\"center\">65<\/td>\n<td align=\"center\">2<\/td>\n<td align=\"center\">2470<\/td>\n<td align=\"center\">1<\/td>\n<\/tr>\n<\/tbody>\n<\/table>\n","protected":false},"excerpt":{"rendered":"<p>KOD \u00a02200 10 0005 255 22 1\/2&#8243; 385 1 2200 10 0010 335 35 1&#8243; 720 1 2200 10 0015 470 46 1\u00a0 1\/2&#8243; 1345 1 2200 10 0020 630 65 2 2470 1<\/p>\n","protected":false},"featured_media":18210,"comment_status":"closed","ping_status":"closed","template":"","meta":[],"product_brand":[],"product_cat":[260,257],"product_tag":[],"class_list":{"0":"post-19949","1":"product","2":"type-product","3":"status-publish","4":"has-post-thumbnail","6":"product_cat-anahtarlar","7":"product_cat-el-aletleri","9":"first","10":"instock","11":"shipping-taxable","12":"product-type-simple"},"_links":{"self":[{"href":"https:\/\/korogluhirdavat.com.tr\/index.php?rest_route=\/wp\/v2\/product\/19949","targetHints":{"allow":["GET"]}}],"collection":[{"href":"https:\/\/korogluhirdavat.com.tr\/index.php?rest_route=\/wp\/v2\/product"}],"about":[{"href":"https:\/\/korogluhirdavat.com.tr\/index.php?rest_route=\/wp\/v2\/types\/product"}],"replies":[{"embeddable":true,"href":"https:\/\/korogluhirdavat.com.tr\/index.php?rest_route=%2Fwp%2Fv2%2Fcomments&post=19949"}],"wp:featuredmedia":[{"embeddable":true,"href":"https:\/\/korogluhirdavat.com.tr\/index.php?rest_route=\/wp\/v2\/media\/18210"}],"wp:attachment":[{"href":"https:\/\/korogluhirdavat.com.tr\/index.php?rest_route=%2Fwp%2Fv2%2Fmedia&parent=19949"}],"wp:term":[{"taxonomy":"product_brand","embeddable":true,"href":"https:\/\/korogluhirdavat.com.tr\/index.php?rest_route=%2Fwp%2Fv2%2Fproduct_brand&post=19949"},{"taxonomy":"product_cat","embeddable":true,"href":"https:\/\/korogluhirdavat.com.tr\/index.php?rest_route=%2Fwp%2Fv2%2Fproduct_cat&post=19949"},{"taxonomy":"product_tag","embeddable":true,"href":"https:\/\/korogluhirdavat.com.tr\/index.php?rest_route=%2Fwp%2Fv2%2Fproduct_tag&post=19949"}],"curies":[{"name":"wp","href":"https:\/\/api.w.org\/{rel}","templated":true}]}}