{"id":19967,"date":"2021-09-03T21:01:16","date_gmt":"2021-09-03T21:01:16","guid":{"rendered":"https:\/\/koroglucivata.com\/?post_type=product&#038;p=19967"},"modified":"2021-09-03T21:01:20","modified_gmt":"2021-09-03T21:01:20","slug":"3560-00-2104-elektronikci-keski-ve-pense-seti-4-parca","status":"publish","type":"product","link":"https:\/\/korogluhirdavat.com.tr\/?product=3560-00-2104-elektronikci-keski-ve-pense-seti-4-parca","title":{"rendered":"3560 00 2104 Elektronik\u00e7i Keski ve Pense Seti ( 4 Par\u00e7a )"},"content":{"rendered":"<table border=\"0\" width=\"100%\" cellspacing=\"2\" cellpadding=\"2\">\n<tbody>\n<tr>\n<td align=\"center\" bgcolor=\"#cccccc\"><strong>KOD<\/strong><\/td>\n<td align=\"center\" bgcolor=\"#cccccc\"><img loading=\"lazy\" decoding=\"async\" src=\"https:\/\/www.izeltas.com.tr\/izeltascomtr\/upl\/Image\/L.jpg\" alt=\"\" width=\"34\" height=\"34\" \/><\/td>\n<td align=\"center\" bgcolor=\"#cccccc\"><strong>\u0130\u00c7ER\u0130K<\/strong><\/td>\n<td align=\"center\" bgcolor=\"#cccccc\"><img loading=\"lazy\" decoding=\"async\" src=\"https:\/\/www.izeltas.com.tr\/izeltascomtr\/upl\/Image\/kare.jpg\" alt=\"\" width=\"34\" height=\"34\" \/><\/td>\n<\/tr>\n<tr bgcolor=\"#e2e3e4\">\n<td align=\"center\" bgcolor=\"#ffffff\">3550 14 0125<\/td>\n<td align=\"center\" bgcolor=\"#ffffff\">125<\/td>\n<td align=\"center\" bgcolor=\"#ffffff\">Elektronik\u00e7i Yan Keski<\/td>\n<td align=\"center\" bgcolor=\"#ffffff\">1<\/td>\n<\/tr>\n<tr>\n<td align=\"center\" bgcolor=\"#cccccc\">3551 14 0125<\/td>\n<td align=\"center\" bgcolor=\"#cccccc\">125<\/td>\n<td align=\"center\" bgcolor=\"#cccccc\">\u00a0 Elektronik\u00e7i Tepe Keski<\/td>\n<td align=\"center\" bgcolor=\"#cccccc\">\u00a01<\/td>\n<\/tr>\n<tr>\n<td align=\"center\" bgcolor=\"#ffffff\">3554 14 0150<\/td>\n<td align=\"center\" bgcolor=\"#ffffff\">150<\/td>\n<td align=\"center\" bgcolor=\"#ffffff\">Elektronik\u00e7i Uzun Kargaburun<\/td>\n<td align=\"center\" bgcolor=\"#ffffff\">1<\/td>\n<\/tr>\n<tr>\n<td align=\"center\" bgcolor=\"#cccccc\">3557 14 0125<\/td>\n<td align=\"center\" bgcolor=\"#cccccc\">125<\/td>\n<td align=\"center\" bgcolor=\"#cccccc\">Elektronik\u00e7i Pense<\/td>\n<td align=\"center\" bgcolor=\"#cccccc\">1<\/td>\n<\/tr>\n<\/tbody>\n<\/table>\n<p>&nbsp;<\/p>\n<p>&nbsp;<\/p>\n<p>&nbsp;<\/p>\n<p>&nbsp;<\/p>\n<p>&nbsp;<\/p>\n<p>&nbsp;<\/p>\n<p>&nbsp;<\/p>\n<p>&nbsp;<\/p>\n<p>&nbsp;<\/p>\n<p>&nbsp;<\/p>\n<p>&nbsp;<\/p>\n","protected":false},"excerpt":{"rendered":"<p>KOD \u0130\u00c7ER\u0130K 3550 14 0125 125 Elektronik\u00e7i Yan Keski 1 3551 14 0125 125 \u00a0 Elektronik\u00e7i Tepe Keski \u00a01 3554 14 0150 150 Elektronik\u00e7i Uzun Kargaburun 1 3557 14 0125 125 Elektronik\u00e7i Pense 1 &nbsp; &nbsp; &nbsp; &nbsp; &nbsp; &nbsp; &nbsp; &nbsp; &nbsp; &nbsp; &nbsp;<\/p>\n","protected":false},"featured_media":18274,"comment_status":"closed","ping_status":"closed","template":"","meta":[],"product_brand":[],"product_cat":[257,261],"product_tag":[],"class_list":{"0":"post-19967","1":"product","2":"type-product","3":"status-publish","4":"has-post-thumbnail","6":"product_cat-el-aletleri","7":"product_cat-penseler","9":"first","10":"instock","11":"shipping-taxable","12":"product-type-simple"},"_links":{"self":[{"href":"https:\/\/korogluhirdavat.com.tr\/index.php?rest_route=\/wp\/v2\/product\/19967","targetHints":{"allow":["GET"]}}],"collection":[{"href":"https:\/\/korogluhirdavat.com.tr\/index.php?rest_route=\/wp\/v2\/product"}],"about":[{"href":"https:\/\/korogluhirdavat.com.tr\/index.php?rest_route=\/wp\/v2\/types\/product"}],"replies":[{"embeddable":true,"href":"https:\/\/korogluhirdavat.com.tr\/index.php?rest_route=%2Fwp%2Fv2%2Fcomments&post=19967"}],"wp:featuredmedia":[{"embeddable":true,"href":"https:\/\/korogluhirdavat.com.tr\/index.php?rest_route=\/wp\/v2\/media\/18274"}],"wp:attachment":[{"href":"https:\/\/korogluhirdavat.com.tr\/index.php?rest_route=%2Fwp%2Fv2%2Fmedia&parent=19967"}],"wp:term":[{"taxonomy":"product_brand","embeddable":true,"href":"https:\/\/korogluhirdavat.com.tr\/index.php?rest_route=%2Fwp%2Fv2%2Fproduct_brand&post=19967"},{"taxonomy":"product_cat","embeddable":true,"href":"https:\/\/korogluhirdavat.com.tr\/index.php?rest_route=%2Fwp%2Fv2%2Fproduct_cat&post=19967"},{"taxonomy":"product_tag","embeddable":true,"href":"https:\/\/korogluhirdavat.com.tr\/index.php?rest_route=%2Fwp%2Fv2%2Fproduct_tag&post=19967"}],"curies":[{"name":"wp","href":"https:\/\/api.w.org\/{rel}","templated":true}]}}