{"id":19972,"date":"2021-09-03T21:01:17","date_gmt":"2021-09-03T21:01:17","guid":{"rendered":"https:\/\/koroglucivata.com\/?post_type=product&#038;p=19972"},"modified":"2021-09-03T21:01:21","modified_gmt":"2021-09-03T21:01:21","slug":"5700-kayis-zimba","status":"publish","type":"product","link":"https:\/\/korogluhirdavat.com.tr\/?product=5700-kayis-zimba","title":{"rendered":"5700 Kay\u0131\u015f Z\u0131mba"},"content":{"rendered":"<table border=\"0\" width=\"100%\" cellspacing=\"2\" cellpadding=\"2\">\n<tbody>\n<tr>\n<td align=\"center\" bgcolor=\"#cecfd1\"><strong>KOD<\/strong><\/td>\n<td align=\"center\" bgcolor=\"#cecfd1\"><img loading=\"lazy\" decoding=\"async\" src=\"https:\/\/www.izeltas.com.tr\/izeltascomtr\/upl\/Image\/d.jpg\" alt=\"\" width=\"34\" height=\"34\" \/><\/td>\n<td align=\"center\" bgcolor=\"#cecfd1\"><img loading=\"lazy\" decoding=\"async\" src=\"https:\/\/www.izeltas.com.tr\/izeltascomtr\/upl\/Image\/L.jpg\" alt=\"\" width=\"34\" height=\"34\" \/><\/td>\n<td align=\"center\" bgcolor=\"#cecfd1\"><img loading=\"lazy\" decoding=\"async\" src=\"https:\/\/www.izeltas.com.tr\/izeltascomtr\/upl\/Image\/terazi_G.jpg\" alt=\"\" width=\"34\" height=\"34\" \/><\/td>\n<td align=\"center\" bgcolor=\"#cecfd1\"><img loading=\"lazy\" decoding=\"async\" src=\"https:\/\/www.izeltas.com.tr\/izeltascomtr\/upl\/Image\/kare.jpg\" alt=\"\" width=\"34\" height=\"34\" \/><\/td>\n<\/tr>\n<tr bgcolor=\"#ffffff\">\n<td align=\"center\">5700 24 0003<\/td>\n<td align=\"center\">3<\/td>\n<td align=\"center\">105<\/td>\n<td align=\"center\">35<\/td>\n<td align=\"center\">10<\/td>\n<\/tr>\n<tr bgcolor=\"#e2e3e4\">\n<td align=\"center\">5700 24 0004<\/td>\n<td align=\"center\">4<\/td>\n<td align=\"center\">105<\/td>\n<td align=\"center\">40<\/td>\n<td align=\"center\">10<\/td>\n<\/tr>\n<tr bgcolor=\"#ffffff\">\n<td align=\"center\">5700 24 0005<\/td>\n<td align=\"center\">5<\/td>\n<td align=\"center\">110<\/td>\n<td align=\"center\">50<\/td>\n<td align=\"center\">10<\/td>\n<\/tr>\n<tr bgcolor=\"#e2e3e4\">\n<td align=\"center\">5700 24 0006<\/td>\n<td align=\"center\">6<\/td>\n<td align=\"center\">110<\/td>\n<td align=\"center\">60<\/td>\n<td align=\"center\">10<\/td>\n<\/tr>\n<tr bgcolor=\"#ffffff\">\n<td align=\"center\">5700 24 0007<\/td>\n<td align=\"center\">7<\/td>\n<td align=\"center\">115<\/td>\n<td align=\"center\">75<\/td>\n<td align=\"center\">10<\/td>\n<\/tr>\n<tr bgcolor=\"#e2e3e4\">\n<td align=\"center\">5700 24 0008<\/td>\n<td align=\"center\">8<\/td>\n<td align=\"center\">115<\/td>\n<td align=\"center\">90<\/td>\n<td align=\"center\">10<\/td>\n<\/tr>\n<tr bgcolor=\"#ffffff\">\n<td align=\"center\">5700 24 0009<\/td>\n<td align=\"center\">9<\/td>\n<td align=\"center\">120<\/td>\n<td align=\"center\">100<\/td>\n<td align=\"center\">10<\/td>\n<\/tr>\n<tr bgcolor=\"#e2e3e4\">\n<td align=\"center\">5700 24 0010<\/td>\n<td align=\"center\">10<\/td>\n<td align=\"center\">120<\/td>\n<td align=\"center\">110<\/td>\n<td align=\"center\">10<\/td>\n<\/tr>\n<tr bgcolor=\"#ffffff\">\n<td align=\"center\">5700 24 0011<\/td>\n<td align=\"center\">11<\/td>\n<td align=\"center\">125<\/td>\n<td align=\"center\">130<\/td>\n<td align=\"center\">5<\/td>\n<\/tr>\n<tr bgcolor=\"#e2e3e4\">\n<td align=\"center\">5700 24 0012<\/td>\n<td align=\"center\">12<\/td>\n<td align=\"center\">125<\/td>\n<td align=\"center\">165<\/td>\n<td align=\"center\">5<\/td>\n<\/tr>\n<tr bgcolor=\"#ffffff\">\n<td align=\"center\">5700 24 0013<\/td>\n<td align=\"center\">13<\/td>\n<td align=\"center\">130<\/td>\n<td align=\"center\">165<\/td>\n<td align=\"center\">5<\/td>\n<\/tr>\n<tr bgcolor=\"#e2e3e4\">\n<td align=\"center\">5700 24 0014<\/td>\n<td align=\"center\">14<\/td>\n<td align=\"center\">130<\/td>\n<td align=\"center\">180<\/td>\n<td align=\"center\">5<\/td>\n<\/tr>\n<tr bgcolor=\"#ffffff\">\n<td align=\"center\">5700 24 0015<\/td>\n<td align=\"center\">15<\/td>\n<td align=\"center\">135<\/td>\n<td align=\"center\">245<\/td>\n<td align=\"center\">5<\/td>\n<\/tr>\n<tr bgcolor=\"#e2e3e4\">\n<td align=\"center\">5700 24 0016<\/td>\n<td align=\"center\">16<\/td>\n<td align=\"center\">135<\/td>\n<td align=\"center\">300<\/td>\n<td align=\"center\">5<\/td>\n<\/tr>\n<tr bgcolor=\"#ffffff\">\n<td align=\"center\">5700 24 0017<\/td>\n<td align=\"center\">17<\/td>\n<td align=\"center\">140<\/td>\n<td align=\"center\">365<\/td>\n<td align=\"center\">5<\/td>\n<\/tr>\n<tr bgcolor=\"#e2e3e4\">\n<td align=\"center\">5700 24 0018<\/td>\n<td align=\"center\">18<\/td>\n<td align=\"center\">140<\/td>\n<td align=\"center\">380<\/td>\n<td align=\"center\">5<\/td>\n<\/tr>\n<tr bgcolor=\"#ffffff\">\n<td align=\"center\">5700 24 0019<\/td>\n<td align=\"center\">19<\/td>\n<td align=\"center\">145<\/td>\n<td align=\"center\">405<\/td>\n<td align=\"center\">5<\/td>\n<\/tr>\n<tr bgcolor=\"#e2e3e4\">\n<td align=\"center\">5700 24 0020<\/td>\n<td align=\"center\">20<\/td>\n<td align=\"center\">145<\/td>\n<td align=\"center\">450<\/td>\n<td align=\"center\">5<\/td>\n<\/tr>\n<tr bgcolor=\"#ffffff\">\n<td align=\"center\">5700 24 0021<\/td>\n<td align=\"center\">21<\/td>\n<td align=\"center\">150<\/td>\n<td align=\"center\">250<\/td>\n<td align=\"center\">5<\/td>\n<\/tr>\n<tr bgcolor=\"#e2e3e4\">\n<td align=\"center\">5700 24 0022<\/td>\n<td align=\"center\">22<\/td>\n<td align=\"center\">150<\/td>\n<td align=\"center\">260<\/td>\n<td align=\"center\">5<\/td>\n<\/tr>\n<tr bgcolor=\"#ffffff\">\n<td align=\"center\">5700 24 0023<\/td>\n<td align=\"center\">23<\/td>\n<td align=\"center\">160<\/td>\n<td align=\"center\">305<\/td>\n<td align=\"center\">5<\/td>\n<\/tr>\n<tr bgcolor=\"#e2e3e4\">\n<td align=\"center\">5700 24 0024<\/td>\n<td align=\"center\">24<\/td>\n<td align=\"center\">160<\/td>\n<td align=\"center\">320<\/td>\n<td align=\"center\">5<\/td>\n<\/tr>\n<tr bgcolor=\"#ffffff\">\n<td align=\"center\">5700 24 0025<\/td>\n<td align=\"center\">25<\/td>\n<td align=\"center\">170<\/td>\n<td align=\"center\">365<\/td>\n<td align=\"center\">5<\/td>\n<\/tr>\n<tr bgcolor=\"#e2e3e4\">\n<td align=\"center\">5700 24 0026<\/td>\n<td align=\"center\">26<\/td>\n<td align=\"center\">170<\/td>\n<td align=\"center\">355<\/td>\n<td align=\"center\">5<\/td>\n<\/tr>\n<tr bgcolor=\"#ffffff\">\n<td align=\"center\">5700 24 0027<\/td>\n<td align=\"center\">27<\/td>\n<td align=\"center\">180<\/td>\n<td align=\"center\">415<\/td>\n<td align=\"center\">5<\/td>\n<\/tr>\n<tr bgcolor=\"#e2e3e4\">\n<td align=\"center\">5700 24 0028<\/td>\n<td align=\"center\">28<\/td>\n<td align=\"center\">180<\/td>\n<td align=\"center\">420<\/td>\n<td align=\"center\">5<\/td>\n<\/tr>\n<tr bgcolor=\"#ffffff\">\n<td align=\"center\">5700 24 0029<\/td>\n<td align=\"center\">29<\/td>\n<td align=\"center\">190<\/td>\n<td align=\"center\">465<\/td>\n<td align=\"center\">5<\/td>\n<\/tr>\n<tr bgcolor=\"#e2e3e4\">\n<td align=\"center\">5700 24 0030<\/td>\n<td align=\"center\">30<\/td>\n<td align=\"center\">190<\/td>\n<td align=\"center\">475<\/td>\n<td align=\"center\">5<\/td>\n<\/tr>\n<tr bgcolor=\"#ffffff\">\n<td align=\"center\">5700 24 0032<\/td>\n<td align=\"center\">32<\/td>\n<td align=\"center\">190<\/td>\n<td align=\"center\">500<\/td>\n<td align=\"center\">5<\/td>\n<\/tr>\n<\/tbody>\n<\/table>\n","protected":false},"excerpt":{"rendered":"<p>KOD 5700 24 0003 3 105 35 10 5700 24 0004 4 105 40 10 5700 24 0005 5 110 50 10 5700 24 0006 6 110 60 10 5700 24 0007 7 115 75 10 5700 24 0008 8 115 90 10 5700 24 0009 9 120 100 10 5700 24 0010 10 120 [&hellip;]<\/p>\n","protected":false},"featured_media":18279,"comment_status":"closed","ping_status":"closed","template":"","meta":[],"product_brand":[],"product_cat":[262,257],"product_tag":[],"class_list":{"0":"post-19972","1":"product","2":"type-product","3":"status-publish","4":"has-post-thumbnail","6":"product_cat-cekicler-ve-keskiler","7":"product_cat-el-aletleri","9":"first","10":"instock","11":"shipping-taxable","12":"product-type-simple"},"_links":{"self":[{"href":"https:\/\/korogluhirdavat.com.tr\/index.php?rest_route=\/wp\/v2\/product\/19972","targetHints":{"allow":["GET"]}}],"collection":[{"href":"https:\/\/korogluhirdavat.com.tr\/index.php?rest_route=\/wp\/v2\/product"}],"about":[{"href":"https:\/\/korogluhirdavat.com.tr\/index.php?rest_route=\/wp\/v2\/types\/product"}],"replies":[{"embeddable":true,"href":"https:\/\/korogluhirdavat.com.tr\/index.php?rest_route=%2Fwp%2Fv2%2Fcomments&post=19972"}],"wp:featuredmedia":[{"embeddable":true,"href":"https:\/\/korogluhirdavat.com.tr\/index.php?rest_route=\/wp\/v2\/media\/18279"}],"wp:attachment":[{"href":"https:\/\/korogluhirdavat.com.tr\/index.php?rest_route=%2Fwp%2Fv2%2Fmedia&parent=19972"}],"wp:term":[{"taxonomy":"product_brand","embeddable":true,"href":"https:\/\/korogluhirdavat.com.tr\/index.php?rest_route=%2Fwp%2Fv2%2Fproduct_brand&post=19972"},{"taxonomy":"product_cat","embeddable":true,"href":"https:\/\/korogluhirdavat.com.tr\/index.php?rest_route=%2Fwp%2Fv2%2Fproduct_cat&post=19972"},{"taxonomy":"product_tag","embeddable":true,"href":"https:\/\/korogluhirdavat.com.tr\/index.php?rest_route=%2Fwp%2Fv2%2Fproduct_tag&post=19972"}],"curies":[{"name":"wp","href":"https:\/\/api.w.org\/{rel}","templated":true}]}}