{"id":19980,"date":"2021-09-03T21:01:17","date_gmt":"2021-09-03T21:01:17","guid":{"rendered":"https:\/\/koroglucivata.com\/?post_type=product&#038;p=19980"},"modified":"2021-09-03T21:01:22","modified_gmt":"2021-09-03T21:01:22","slug":"5010-iskarpela-takim-6-parca","status":"publish","type":"product","link":"https:\/\/korogluhirdavat.com.tr\/?product=5010-iskarpela-takim-6-parca","title":{"rendered":"5010 Iskarpela Tak\u0131m (6 Par\u00e7a)"},"content":{"rendered":"<table border=\"0\" width=\"100%\" cellspacing=\"2\" cellpadding=\"2\">\n<tbody>\n<tr>\n<td align=\"center\" bgcolor=\"#cecfd1\"><strong>KOD<\/strong><\/td>\n<td align=\"center\" bgcolor=\"#cecfd1\"><strong>\u0130\u00c7ER\u0130K<\/strong><\/td>\n<td align=\"center\" bgcolor=\"#cecfd1\"><img loading=\"lazy\" decoding=\"async\" src=\"https:\/\/www.izeltas.com.tr\/izeltascomtr\/upl\/Image\/terazi_G.jpg\" alt=\"\" width=\"34\" height=\"34\" \/><\/td>\n<td align=\"center\" bgcolor=\"#cecfd1\"><img loading=\"lazy\" decoding=\"async\" src=\"https:\/\/www.izeltas.com.tr\/izeltascomtr\/upl\/Image\/kare.jpg\" alt=\"\" width=\"34\" height=\"34\" \/><\/td>\n<\/tr>\n<tr>\n<td align=\"center\" bgcolor=\"#ffffff\">5010 00 8106<\/td>\n<td align=\"center\" bgcolor=\"#ffffff\">10-12-14<br \/>\n16-18-20<\/td>\n<td align=\"center\" bgcolor=\"#ffffff\">985<\/td>\n<td align=\"center\" bgcolor=\"#ffffff\">6<\/td>\n<\/tr>\n<\/tbody>\n<\/table>\n<p>&nbsp;<\/p>\n","protected":false},"excerpt":{"rendered":"<p>KOD \u0130\u00c7ER\u0130K 5010 00 8106 10-12-14 16-18-20 985 6 &nbsp;<\/p>\n","protected":false},"featured_media":18287,"comment_status":"closed","ping_status":"closed","template":"","meta":[],"product_brand":[],"product_cat":[262,257],"product_tag":[],"class_list":{"0":"post-19980","1":"product","2":"type-product","3":"status-publish","4":"has-post-thumbnail","6":"product_cat-cekicler-ve-keskiler","7":"product_cat-el-aletleri","9":"first","10":"instock","11":"shipping-taxable","12":"product-type-simple"},"_links":{"self":[{"href":"https:\/\/korogluhirdavat.com.tr\/index.php?rest_route=\/wp\/v2\/product\/19980","targetHints":{"allow":["GET"]}}],"collection":[{"href":"https:\/\/korogluhirdavat.com.tr\/index.php?rest_route=\/wp\/v2\/product"}],"about":[{"href":"https:\/\/korogluhirdavat.com.tr\/index.php?rest_route=\/wp\/v2\/types\/product"}],"replies":[{"embeddable":true,"href":"https:\/\/korogluhirdavat.com.tr\/index.php?rest_route=%2Fwp%2Fv2%2Fcomments&post=19980"}],"wp:featuredmedia":[{"embeddable":true,"href":"https:\/\/korogluhirdavat.com.tr\/index.php?rest_route=\/wp\/v2\/media\/18287"}],"wp:attachment":[{"href":"https:\/\/korogluhirdavat.com.tr\/index.php?rest_route=%2Fwp%2Fv2%2Fmedia&parent=19980"}],"wp:term":[{"taxonomy":"product_brand","embeddable":true,"href":"https:\/\/korogluhirdavat.com.tr\/index.php?rest_route=%2Fwp%2Fv2%2Fproduct_brand&post=19980"},{"taxonomy":"product_cat","embeddable":true,"href":"https:\/\/korogluhirdavat.com.tr\/index.php?rest_route=%2Fwp%2Fv2%2Fproduct_cat&post=19980"},{"taxonomy":"product_tag","embeddable":true,"href":"https:\/\/korogluhirdavat.com.tr\/index.php?rest_route=%2Fwp%2Fv2%2Fproduct_tag&post=19980"}],"curies":[{"name":"wp","href":"https:\/\/api.w.org\/{rel}","templated":true}]}}