{"id":19986,"date":"2021-09-03T21:01:18","date_gmt":"2021-09-03T21:01:18","guid":{"rendered":"https:\/\/koroglucivata.com\/?post_type=product&#038;p=19986"},"modified":"2021-09-03T21:01:23","modified_gmt":"2021-09-03T21:01:23","slug":"5800-cekic-sapi-kamali","status":"publish","type":"product","link":"https:\/\/korogluhirdavat.com.tr\/?product=5800-cekic-sapi-kamali","title":{"rendered":"5800 \u00c7eki\u00e7 Sap\u0131 (Kamal\u0131)"},"content":{"rendered":"<table border=\"0\" width=\"100%\" cellspacing=\"2\" cellpadding=\"2\">\n<tbody>\n<tr>\n<td align=\"center\" bgcolor=\"#cecfd1\"><strong>KOD<\/strong><\/td>\n<td align=\"center\" bgcolor=\"#cecfd1\"><img loading=\"lazy\" decoding=\"async\" src=\"https:\/\/www.izeltas.com.tr\/izeltascomtr\/upl\/Image\/L.jpg\" alt=\"\" width=\"34\" height=\"34\" \/><\/td>\n<td align=\"center\" bgcolor=\"#cecfd1\"><img loading=\"lazy\" decoding=\"async\" src=\"https:\/\/www.izeltas.com.tr\/izeltascomtr\/upl\/Image\/terazi_G.jpg\" alt=\"\" width=\"34\" height=\"34\" \/><\/td>\n<td align=\"center\" bgcolor=\"#cecfd1\"><img loading=\"lazy\" decoding=\"async\" src=\"https:\/\/www.izeltas.com.tr\/izeltascomtr\/upl\/Image\/kare.jpg\" alt=\"\" width=\"34\" height=\"34\" \/><\/td>\n<\/tr>\n<tr bgcolor=\"#ffffff\">\n<td>5800 25 0001<\/td>\n<td align=\"center\">260<\/td>\n<td align=\"center\">60<\/td>\n<td align=\"center\">10<\/td>\n<\/tr>\n<tr bgcolor=\"#e2e3e4\">\n<td>5800 25 0002<\/td>\n<td align=\"center\">280<\/td>\n<td align=\"center\">60<\/td>\n<td align=\"center\">10<\/td>\n<\/tr>\n<tr bgcolor=\"#ffffff\">\n<td>5800 25 0003<\/td>\n<td align=\"center\">300<\/td>\n<td align=\"center\">95<\/td>\n<td align=\"center\">10<\/td>\n<\/tr>\n<tr bgcolor=\"#e2e3e4\">\n<td>5800 25 0005<\/td>\n<td align=\"center\">320<\/td>\n<td align=\"center\">100<\/td>\n<td align=\"center\">10<\/td>\n<\/tr>\n<tr bgcolor=\"#ffffff\">\n<td>5800 25 0008<\/td>\n<td align=\"center\">350<\/td>\n<td align=\"center\">145<\/td>\n<td align=\"center\">10<\/td>\n<\/tr>\n<tr bgcolor=\"#e2e3e4\">\n<td>5800 25 0010<\/td>\n<td align=\"center\">360<\/td>\n<td align=\"center\">165<\/td>\n<td align=\"center\">10<\/td>\n<\/tr>\n<tr bgcolor=\"#ffffff\">\n<td>5800 25 0015<\/td>\n<td align=\"center\">380<\/td>\n<td align=\"center\">185<\/td>\n<td align=\"center\">10<\/td>\n<\/tr>\n<tr bgcolor=\"#e2e3e4\">\n<td>5800 25 0020<\/td>\n<td align=\"center\">400<\/td>\n<td align=\"center\">205<\/td>\n<td align=\"center\">10<\/td>\n<\/tr>\n<\/tbody>\n<\/table>\n","protected":false},"excerpt":{"rendered":"<p>KOD 5800 25 0001 260 60 10 5800 25 0002 280 60 10 5800 25 0003 300 95 10 5800 25 0005 320 100 10 5800 25 0008 350 145 10 5800 25 0010 360 165 10 5800 25 0015 380 185 10 5800 25 0020 400 205 10<\/p>\n","protected":false},"featured_media":18293,"comment_status":"closed","ping_status":"closed","template":"","meta":[],"product_brand":[],"product_cat":[262,257],"product_tag":[],"class_list":{"0":"post-19986","1":"product","2":"type-product","3":"status-publish","4":"has-post-thumbnail","6":"product_cat-cekicler-ve-keskiler","7":"product_cat-el-aletleri","9":"first","10":"instock","11":"shipping-taxable","12":"product-type-simple"},"_links":{"self":[{"href":"https:\/\/korogluhirdavat.com.tr\/index.php?rest_route=\/wp\/v2\/product\/19986","targetHints":{"allow":["GET"]}}],"collection":[{"href":"https:\/\/korogluhirdavat.com.tr\/index.php?rest_route=\/wp\/v2\/product"}],"about":[{"href":"https:\/\/korogluhirdavat.com.tr\/index.php?rest_route=\/wp\/v2\/types\/product"}],"replies":[{"embeddable":true,"href":"https:\/\/korogluhirdavat.com.tr\/index.php?rest_route=%2Fwp%2Fv2%2Fcomments&post=19986"}],"wp:featuredmedia":[{"embeddable":true,"href":"https:\/\/korogluhirdavat.com.tr\/index.php?rest_route=\/wp\/v2\/media\/18293"}],"wp:attachment":[{"href":"https:\/\/korogluhirdavat.com.tr\/index.php?rest_route=%2Fwp%2Fv2%2Fmedia&parent=19986"}],"wp:term":[{"taxonomy":"product_brand","embeddable":true,"href":"https:\/\/korogluhirdavat.com.tr\/index.php?rest_route=%2Fwp%2Fv2%2Fproduct_brand&post=19986"},{"taxonomy":"product_cat","embeddable":true,"href":"https:\/\/korogluhirdavat.com.tr\/index.php?rest_route=%2Fwp%2Fv2%2Fproduct_cat&post=19986"},{"taxonomy":"product_tag","embeddable":true,"href":"https:\/\/korogluhirdavat.com.tr\/index.php?rest_route=%2Fwp%2Fv2%2Fproduct_tag&post=19986"}],"curies":[{"name":"wp","href":"https:\/\/api.w.org\/{rel}","templated":true}]}}