{"id":19992,"date":"2021-09-03T21:01:25","date_gmt":"2021-09-03T21:01:25","guid":{"rendered":"https:\/\/koroglucivata.com\/?post_type=product&#038;p=19992"},"modified":"2021-09-03T21:01:28","modified_gmt":"2021-09-03T21:01:28","slug":"2350-demir-kesme-makasi","status":"publish","type":"product","link":"https:\/\/korogluhirdavat.com.tr\/?product=2350-demir-kesme-makasi","title":{"rendered":"2350 Demir Kesme Makas\u0131"},"content":{"rendered":"<table border=\"0\" width=\"100%\" cellspacing=\"2\" cellpadding=\"2\">\n<tbody>\n<tr>\n<td align=\"center\" bgcolor=\"#cecfd1\"><strong>KOD<\/strong><\/td>\n<td align=\"center\" bgcolor=\"#cecfd1\"><img loading=\"lazy\" decoding=\"async\" class=\"style1\" src=\"https:\/\/www.izeltas.com.tr\/izeltascomtr\/upl\/Image\/L.jpg\" alt=\"\" width=\"34\" height=\"34\" \/><\/td>\n<td align=\"center\" bgcolor=\"#cecfd1\"><img loading=\"lazy\" decoding=\"async\" src=\"https:\/\/www.izeltas.com.tr\/izeltascomtr\/upl\/Image\/L_inch.jpg\" alt=\"\" width=\"34\" height=\"34\" \/><\/td>\n<td align=\"center\" bgcolor=\"#cecfd1\"><strong>Kapasite\u00a0kg\/mm<br \/>\n50<\/strong><\/td>\n<td align=\"center\" bgcolor=\"#cecfd1\"><strong>Kapasite\u00a0kg\/mm<br \/>\n140<\/strong><\/td>\n<td align=\"center\" bgcolor=\"#cecfd1\"><img loading=\"lazy\" decoding=\"async\" src=\"https:\/\/www.izeltas.com.tr\/izeltascomtr\/upl\/Image\/terazi_G.jpg\" alt=\"\" width=\"34\" height=\"34\" \/><\/td>\n<td align=\"center\" bgcolor=\"#cecfd1\"><img loading=\"lazy\" decoding=\"async\" src=\"https:\/\/www.izeltas.com.tr\/izeltascomtr\/upl\/Image\/kare.jpg\" alt=\"\" width=\"34\" height=\"34\" \/><\/td>\n<\/tr>\n<tr bgcolor=\"#ffffff\">\n<td align=\"center\">2350 27 0018<\/td>\n<td align=\"center\">450<\/td>\n<td align=\"center\">18&#8243;<\/td>\n<td align=\"center\">6-8<\/td>\n<td align=\"center\">\u00f85<\/td>\n<td align=\"center\">1510<\/td>\n<td align=\"center\">1<\/td>\n<\/tr>\n<tr bgcolor=\"#e2e3e4\">\n<td align=\"center\">2350 27 0024<\/td>\n<td align=\"center\">600<\/td>\n<td align=\"center\">24&#8243;<\/td>\n<td align=\"center\">8-10<\/td>\n<td align=\"center\">\u00f86<\/td>\n<td align=\"center\">2350<\/td>\n<td align=\"center\">1<\/td>\n<\/tr>\n<tr bgcolor=\"#ffffff\">\n<td align=\"center\">2350 27 0030<\/td>\n<td align=\"center\">750<\/td>\n<td align=\"center\">30&#8243;<\/td>\n<td align=\"center\">9-13<\/td>\n<td align=\"center\">\u00f87<\/td>\n<td align=\"center\">3750<\/td>\n<td align=\"center\">1<\/td>\n<\/tr>\n<tr bgcolor=\"#e2e3e4\">\n<td align=\"center\">2350 27 0036<\/td>\n<td align=\"center\">900<\/td>\n<td align=\"center\">36&#8243;<\/td>\n<td align=\"center\">11-16<\/td>\n<td align=\"center\">\u00f88<\/td>\n<td align=\"center\">5500<\/td>\n<td align=\"center\">1<\/td>\n<\/tr>\n<\/tbody>\n<\/table>\n","protected":false},"excerpt":{"rendered":"<p>KOD Kapasite\u00a0kg\/mm 50 Kapasite\u00a0kg\/mm 140 2350 27 0018 450 18&#8243; 6-8 \u00f85 1510 1 2350 27 0024 600 24&#8243; 8-10 \u00f86 2350 1 2350 27 0030 750 30&#8243; 9-13 \u00f87 3750 1 2350 27 0036 900 36&#8243; 11-16 \u00f88 5500 1<\/p>\n","protected":false},"featured_media":18299,"comment_status":"closed","ping_status":"closed","template":"","meta":[],"product_brand":[],"product_cat":[257,263],"product_tag":[],"class_list":{"0":"post-19992","1":"product","2":"type-product","3":"status-publish","4":"has-post-thumbnail","6":"product_cat-el-aletleri","7":"product_cat-kesici-aletler","9":"first","10":"instock","11":"shipping-taxable","12":"product-type-simple"},"_links":{"self":[{"href":"https:\/\/korogluhirdavat.com.tr\/index.php?rest_route=\/wp\/v2\/product\/19992","targetHints":{"allow":["GET"]}}],"collection":[{"href":"https:\/\/korogluhirdavat.com.tr\/index.php?rest_route=\/wp\/v2\/product"}],"about":[{"href":"https:\/\/korogluhirdavat.com.tr\/index.php?rest_route=\/wp\/v2\/types\/product"}],"replies":[{"embeddable":true,"href":"https:\/\/korogluhirdavat.com.tr\/index.php?rest_route=%2Fwp%2Fv2%2Fcomments&post=19992"}],"wp:featuredmedia":[{"embeddable":true,"href":"https:\/\/korogluhirdavat.com.tr\/index.php?rest_route=\/wp\/v2\/media\/18299"}],"wp:attachment":[{"href":"https:\/\/korogluhirdavat.com.tr\/index.php?rest_route=%2Fwp%2Fv2%2Fmedia&parent=19992"}],"wp:term":[{"taxonomy":"product_brand","embeddable":true,"href":"https:\/\/korogluhirdavat.com.tr\/index.php?rest_route=%2Fwp%2Fv2%2Fproduct_brand&post=19992"},{"taxonomy":"product_cat","embeddable":true,"href":"https:\/\/korogluhirdavat.com.tr\/index.php?rest_route=%2Fwp%2Fv2%2Fproduct_cat&post=19992"},{"taxonomy":"product_tag","embeddable":true,"href":"https:\/\/korogluhirdavat.com.tr\/index.php?rest_route=%2Fwp%2Fv2%2Fproduct_tag&post=19992"}],"curies":[{"name":"wp","href":"https:\/\/api.w.org\/{rel}","templated":true}]}}