{"id":19993,"date":"2021-09-03T21:01:25","date_gmt":"2021-09-03T21:01:25","guid":{"rendered":"https:\/\/koroglucivata.com\/?post_type=product&#038;p=19993"},"modified":"2021-09-03T21:01:28","modified_gmt":"2021-09-03T21:01:28","slug":"2350-demir-kesme-makasi-sehpasi","status":"publish","type":"product","link":"https:\/\/korogluhirdavat.com.tr\/?product=2350-demir-kesme-makasi-sehpasi","title":{"rendered":"2350 Demir Kesme Makas\u0131 Sehpas\u0131"},"content":{"rendered":"<table border=\"0\" width=\"100%\" cellspacing=\"2\" cellpadding=\"2\">\n<tbody>\n<tr>\n<td align=\"center\" bgcolor=\"#cecfd1\"><strong>KOD<\/strong><\/td>\n<td align=\"center\" bgcolor=\"#cecfd1\"><strong>\u0130\u00c7ER\u0130K<\/strong><\/td>\n<td align=\"center\" bgcolor=\"#cecfd1\"><img loading=\"lazy\" decoding=\"async\" src=\"https:\/\/www.izeltas.com.tr\/izeltascomtr\/upl\/Image\/terazi_G.jpg\" alt=\"\" width=\"34\" height=\"34\" \/><\/td>\n<td align=\"center\" bgcolor=\"#cecfd1\"><img loading=\"lazy\" decoding=\"async\" src=\"https:\/\/www.izeltas.com.tr\/izeltascomtr\/upl\/Image\/kare.jpg\" alt=\"\" width=\"34\" height=\"34\" \/><\/td>\n<\/tr>\n<tr>\n<td align=\"center\" bgcolor=\"#ffffff\">2350 00 6104<\/td>\n<td align=\"center\" bgcolor=\"#ffffff\">18&#8243;(450)-24&#8243;(600)<br \/>\n30&#8243;(750)-36&#8243;(900)<\/td>\n<td align=\"center\" bgcolor=\"#ffffff\">21.11 0<\/td>\n<td align=\"center\" bgcolor=\"#ffffff\">4<\/td>\n<\/tr>\n<\/tbody>\n<\/table>\n","protected":false},"excerpt":{"rendered":"<p>KOD \u0130\u00c7ER\u0130K 2350 00 6104 18&#8243;(450)-24&#8243;(600) 30&#8243;(750)-36&#8243;(900) 21.11 0 4<\/p>\n","protected":false},"featured_media":18300,"comment_status":"closed","ping_status":"closed","template":"","meta":[],"product_brand":[],"product_cat":[257,263],"product_tag":[],"class_list":{"0":"post-19993","1":"product","2":"type-product","3":"status-publish","4":"has-post-thumbnail","6":"product_cat-el-aletleri","7":"product_cat-kesici-aletler","9":"first","10":"instock","11":"shipping-taxable","12":"product-type-simple"},"_links":{"self":[{"href":"https:\/\/korogluhirdavat.com.tr\/index.php?rest_route=\/wp\/v2\/product\/19993","targetHints":{"allow":["GET"]}}],"collection":[{"href":"https:\/\/korogluhirdavat.com.tr\/index.php?rest_route=\/wp\/v2\/product"}],"about":[{"href":"https:\/\/korogluhirdavat.com.tr\/index.php?rest_route=\/wp\/v2\/types\/product"}],"replies":[{"embeddable":true,"href":"https:\/\/korogluhirdavat.com.tr\/index.php?rest_route=%2Fwp%2Fv2%2Fcomments&post=19993"}],"wp:featuredmedia":[{"embeddable":true,"href":"https:\/\/korogluhirdavat.com.tr\/index.php?rest_route=\/wp\/v2\/media\/18300"}],"wp:attachment":[{"href":"https:\/\/korogluhirdavat.com.tr\/index.php?rest_route=%2Fwp%2Fv2%2Fmedia&parent=19993"}],"wp:term":[{"taxonomy":"product_brand","embeddable":true,"href":"https:\/\/korogluhirdavat.com.tr\/index.php?rest_route=%2Fwp%2Fv2%2Fproduct_brand&post=19993"},{"taxonomy":"product_cat","embeddable":true,"href":"https:\/\/korogluhirdavat.com.tr\/index.php?rest_route=%2Fwp%2Fv2%2Fproduct_cat&post=19993"},{"taxonomy":"product_tag","embeddable":true,"href":"https:\/\/korogluhirdavat.com.tr\/index.php?rest_route=%2Fwp%2Fv2%2Fproduct_tag&post=19993"}],"curies":[{"name":"wp","href":"https:\/\/api.w.org\/{rel}","templated":true}]}}