{"id":20010,"date":"2021-09-03T21:01:26","date_gmt":"2021-09-03T21:01:26","guid":{"rendered":"https:\/\/koroglucivata.com\/?post_type=product&#038;p=20010"},"modified":"2021-09-03T21:01:29","modified_gmt":"2021-09-03T21:01:29","slug":"8241-pro-serisi-takim-dolabi-5-6-7-8-cekmeceli","status":"publish","type":"product","link":"https:\/\/korogluhirdavat.com.tr\/?product=8241-pro-serisi-takim-dolabi-5-6-7-8-cekmeceli","title":{"rendered":"8241 Pro Serisi Tak\u0131m Dolab\u0131 ( 5-6-7-8 \u00c7ekmeceli )"},"content":{"rendered":"<table border=\"0\" width=\"100%\" cellspacing=\"2\" cellpadding=\"2\">\n<tbody>\n<tr>\n<td align=\"center\" bgcolor=\"#cccdcf\"><strong>KOD<\/strong><\/td>\n<td align=\"center\" bgcolor=\"#cccdcf\"><strong>\u00c7EKMECE<\/strong><\/td>\n<td align=\"center\" bgcolor=\"#cccdcf\"><img loading=\"lazy\" decoding=\"async\" src=\"https:\/\/www.izeltas.com.tr\/upl\/45kg.png\" alt=\"\" width=\"65\" height=\"38\" \/><\/td>\n<td align=\"center\" bgcolor=\"#cccdcf\"><img loading=\"lazy\" decoding=\"async\" src=\"https:\/\/www.izeltas.com.tr\/upl\/45kg(1).png\" alt=\"\" width=\"65\" height=\"38\" \/><\/td>\n<td align=\"center\" bgcolor=\"#cccdcf\"><img loading=\"lazy\" decoding=\"async\" src=\"https:\/\/www.izeltas.com.tr\/upl\/45kg(2).png\" alt=\"\" width=\"65\" height=\"38\" \/><\/td>\n<td align=\"center\" bgcolor=\"#cccdcf\">\u00a0<img loading=\"lazy\" decoding=\"async\" src=\"https:\/\/www.izeltas.com.tr\/upl\/terazi_G(2)(2).jpg\" alt=\"\" width=\"34\" height=\"34\" \/><\/td>\n<td align=\"center\" bgcolor=\"#cccdcf\"><strong>RENK<\/strong><\/td>\n<\/tr>\n<tr>\n<td align=\"center\" bgcolor=\"#cccdcf\"><\/td>\n<td align=\"center\" bgcolor=\"#cccdcf\"><\/td>\n<td align=\"center\" bgcolor=\"#cccdcf\">400x548x68<\/td>\n<td align=\"center\" bgcolor=\"#cccdcf\">400x548x143<\/td>\n<td align=\"center\" bgcolor=\"#cccdcf\">400x548x218<\/td>\n<td align=\"center\" bgcolor=\"#cccdcf\"><\/td>\n<td align=\"center\" bgcolor=\"#cccdcf\"><\/td>\n<\/tr>\n<tr>\n<td align=\"center\" bgcolor=\"#ffffff\">8241 32 1005<\/td>\n<td align=\"center\" bgcolor=\"#ffffff\">5<\/td>\n<td align=\"center\" bgcolor=\"#ffffff\">1X<\/td>\n<td align=\"center\" bgcolor=\"#ffffff\">4X<\/td>\n<td align=\"center\" bgcolor=\"#ffffff\">&#8212;<\/td>\n<td align=\"center\" bgcolor=\"#ffffff\">59<\/td>\n<td rowspan=\"4\" bgcolor=\"#ffffff\">&nbsp;<\/p>\n<p><img loading=\"lazy\" decoding=\"async\" src=\"https:\/\/www.izeltas.com.tr\/upl\/ral%207035-3020(6).jpg\" alt=\"\" width=\"55\" height=\"55\" \/><\/td>\n<\/tr>\n<tr>\n<td align=\"center\" bgcolor=\"#ffffff\">8241 32 1006<\/td>\n<td align=\"center\" bgcolor=\"#ffffff\">6<\/td>\n<td bgcolor=\"#ffffff\">4X<\/td>\n<td align=\"center\" bgcolor=\"#ffffff\">1X<\/td>\n<td align=\"center\" bgcolor=\"#ffffff\">1X<\/td>\n<td align=\"center\" bgcolor=\"#ffffff\">62<\/td>\n<\/tr>\n<tr>\n<td align=\"center\" bgcolor=\"#ffffff\">8241 32 1007<\/td>\n<td align=\"center\" bgcolor=\"#ffffff\">7<\/td>\n<td bgcolor=\"#ffffff\">5X<\/td>\n<td align=\"center\" bgcolor=\"#ffffff\">2X<\/td>\n<td align=\"center\" bgcolor=\"#ffffff\">&#8212;<\/td>\n<td align=\"center\" bgcolor=\"#ffffff\">65<\/td>\n<\/tr>\n<tr>\n<td align=\"center\" bgcolor=\"#ffffff\">8241 32 1008<\/td>\n<td align=\"center\" bgcolor=\"#ffffff\">8<\/td>\n<td bgcolor=\"#ffffff\">7X<\/td>\n<td align=\"center\" bgcolor=\"#ffffff\">1X<\/td>\n<td align=\"center\" bgcolor=\"#ffffff\">&#8212;<\/td>\n<td align=\"center\" bgcolor=\"#ffffff\">67<\/td>\n<\/tr>\n<tr>\n<td align=\"center\" bgcolor=\"#cccccc\">8241 32 2005<\/td>\n<td align=\"center\" bgcolor=\"#cccccc\">5<\/td>\n<td bgcolor=\"#cccccc\">1X<\/td>\n<td align=\"center\" bgcolor=\"#cccccc\">4X<\/td>\n<td align=\"center\" bgcolor=\"#cccccc\">&#8212;<\/td>\n<td align=\"center\" bgcolor=\"#cccccc\">59<\/td>\n<td rowspan=\"4\" align=\"center\" bgcolor=\"#ffffff\">&nbsp;<\/p>\n<p><img loading=\"lazy\" decoding=\"async\" src=\"https:\/\/www.izeltas.com.tr\/upl\/ral%207035-5003(7).jpg\" alt=\"\" width=\"55\" height=\"55\" \/><\/td>\n<\/tr>\n<tr>\n<td align=\"center\" bgcolor=\"#cccccc\">8241 32 2006<\/td>\n<td align=\"center\" bgcolor=\"#cccccc\">6<\/td>\n<td bgcolor=\"#cccccc\">4X<\/td>\n<td align=\"center\" bgcolor=\"#cccccc\">1X<\/td>\n<td align=\"center\" bgcolor=\"#cccccc\">1X<\/td>\n<td align=\"center\" bgcolor=\"#cccccc\">62<\/td>\n<\/tr>\n<tr>\n<td align=\"center\" bgcolor=\"#cccccc\">8241 32 2007<\/td>\n<td align=\"center\" bgcolor=\"#cccccc\">7<\/td>\n<td bgcolor=\"#cccccc\">5X<\/td>\n<td align=\"center\" bgcolor=\"#cccccc\">2X<\/td>\n<td align=\"center\" bgcolor=\"#cccccc\">&#8212;<\/td>\n<td align=\"center\" bgcolor=\"#cccccc\">65<\/td>\n<\/tr>\n<tr>\n<td align=\"center\" bgcolor=\"#cccccc\">8241 32 2008<\/td>\n<td align=\"center\" bgcolor=\"#cccccc\">8<\/td>\n<td bgcolor=\"#cccccc\">7X<\/td>\n<td align=\"center\" bgcolor=\"#cccccc\">1X<\/td>\n<td align=\"center\" bgcolor=\"#cccccc\">&#8212;<\/td>\n<td align=\"center\" bgcolor=\"#cccccc\">67<\/td>\n<\/tr>\n<tr>\n<td align=\"center\" bgcolor=\"#ffffff\">\u00a08241 32 3005<\/td>\n<td align=\"center\" bgcolor=\"#ffffff\">\u00a05<\/td>\n<td bgcolor=\"#ffffff\">1X<\/td>\n<td align=\"center\" bgcolor=\"#ffffff\">\u00a04X<\/td>\n<td align=\"center\" bgcolor=\"#ffffff\">\u00a0&#8212;<\/td>\n<td align=\"center\" bgcolor=\"#ffffff\">59<\/td>\n<td rowspan=\"4\" align=\"center\" bgcolor=\"#ffffff\">&nbsp;<\/p>\n<p><img loading=\"lazy\" decoding=\"async\" src=\"https:\/\/www.izeltas.com.tr\/upl\/ral%207035-7016(6).jpg\" alt=\"\" width=\"56\" height=\"56\" \/><\/td>\n<\/tr>\n<tr>\n<td align=\"center\" bgcolor=\"#ffffff\">8241 32 3006<\/td>\n<td align=\"center\" bgcolor=\"#ffffff\">6<\/td>\n<td bgcolor=\"#ffffff\">4X<\/td>\n<td align=\"center\" bgcolor=\"#ffffff\">1X<\/td>\n<td align=\"center\" bgcolor=\"#ffffff\">1X<\/td>\n<td align=\"center\" bgcolor=\"#ffffff\">62<\/td>\n<\/tr>\n<tr>\n<td align=\"center\" bgcolor=\"#ffffff\">8241 32 3007<\/td>\n<td align=\"center\" bgcolor=\"#ffffff\">7<\/td>\n<td bgcolor=\"#ffffff\">5X<\/td>\n<td align=\"center\" bgcolor=\"#ffffff\">2X<\/td>\n<td align=\"center\" bgcolor=\"#ffffff\">&#8212;<\/td>\n<td align=\"center\" bgcolor=\"#ffffff\">65<\/td>\n<\/tr>\n<tr>\n<td align=\"center\" bgcolor=\"#ffffff\">8241 32 3008<\/td>\n<td align=\"center\" bgcolor=\"#ffffff\">8<\/td>\n<td bgcolor=\"#ffffff\">7X<\/td>\n<td align=\"center\" bgcolor=\"#ffffff\">1X<\/td>\n<td align=\"center\" bgcolor=\"#ffffff\">&#8212;<\/td>\n<td align=\"center\" bgcolor=\"#ffffff\">67<\/td>\n<\/tr>\n<tr>\n<td align=\"center\" bgcolor=\"#cccccc\">8241 00 1209<\/p>\n<p>Dolu<\/p>\n<p>209 Par\u00e7a<\/td>\n<td align=\"center\" bgcolor=\"#cccccc\">8<\/td>\n<td bgcolor=\"#cccccc\">7x<\/td>\n<td align=\"center\" bgcolor=\"#cccccc\">1x<\/td>\n<td align=\"center\" bgcolor=\"#cccccc\">&#8212;<\/td>\n<td align=\"center\" bgcolor=\"#cccccc\"><\/td>\n<td align=\"center\" bgcolor=\"#cccccc\"><\/td>\n<\/tr>\n<\/tbody>\n<\/table>\n<p>&nbsp;<\/p>\n<table border=\"0\" width=\"100%\" cellspacing=\"2\" cellpadding=\"2\">\n<tbody>\n<tr>\n<td colspan=\"3\" bgcolor=\"#999999\"><strong>1. \u00c7EKMECE<\/strong><\/td>\n<\/tr>\n<tr>\n<td align=\"center\" bgcolor=\"#cccdcf\"><strong>KOD<\/strong><\/td>\n<td align=\"center\" bgcolor=\"#cccdcf\"><strong>\u0130\u00c7ER\u0130K<br \/>\n<\/strong><\/td>\n<td align=\"center\" bgcolor=\"#cccdcf\"><img loading=\"lazy\" decoding=\"async\" src=\"https:\/\/www.izeltas.com.tr\/izeltascomtr\/upl\/Image\/kare.jpg\" alt=\"\" width=\"34\" height=\"34\" \/><\/td>\n<\/tr>\n<tr>\n<td align=\"center\" bgcolor=\"#ffffff\">0130<\/td>\n<td align=\"center\" bgcolor=\"#ffffff\"><strong>0130 \u0130ki A\u011f\u0131z Anahtar<\/strong><\/p>\n<p>6&#215;7-8&#215;9-10&#215;11-12&#215;13<\/p>\n<p>14&#215;15-16&#215;17-18&#215;19-20&#215;22<\/p>\n<p>21&#215;23-24&#215;26<\/td>\n<td align=\"center\" bgcolor=\"#ffffff\">10<\/td>\n<\/tr>\n<tr>\n<td align=\"center\" bgcolor=\"#e2e3e4\">0330<\/td>\n<td align=\"center\" bgcolor=\"#e2e3e4\"><strong>0330 Kombine Anahtar<\/strong><\/p>\n<p>6-7-8-9-10-11-12-13<\/p>\n<p>14-17-19-22<\/td>\n<td align=\"center\" bgcolor=\"#e2e3e4\">12<\/td>\n<\/tr>\n<tr>\n<td align=\"center\" bgcolor=\"#ffffff\">0430<\/td>\n<td align=\"center\" bgcolor=\"#ffffff\"><strong>0430 Y\u0131ld\u0131z Anahtar<\/strong><\/p>\n<p>6&#215;7-8&#215;9-10&#215;11-12&#215;13<\/p>\n<p>14&#215;15-16&#215;17<\/p>\n<p>18&#215;19-20&#215;22<\/td>\n<td align=\"center\" bgcolor=\"#ffffff\">8<\/td>\n<\/tr>\n<\/tbody>\n<\/table>\n<table border=\"0\" width=\"100%\" cellspacing=\"2\" cellpadding=\"2\">\n<tbody>\n<tr>\n<td colspan=\"4\" bgcolor=\"#999999\"><strong>2. \u00c7EKMECE<\/strong><\/td>\n<\/tr>\n<tr>\n<td align=\"center\" bgcolor=\"#cccdcf\"><strong>KOD<\/strong><\/td>\n<td align=\"center\" bgcolor=\"#cccdcf\"><strong>LOKMALAR<\/strong><\/td>\n<td align=\"center\" bgcolor=\"#cccdcf\"><strong>AVADANLIKLAR<\/strong><\/td>\n<td align=\"center\" bgcolor=\"#cccdcf\"><img loading=\"lazy\" decoding=\"async\" src=\"https:\/\/www.izeltas.com.tr\/izeltascomtr\/upl\/Image\/kare.jpg\" alt=\"\" width=\"34\" height=\"34\" \/><\/td>\n<\/tr>\n<tr>\n<td rowspan=\"7\" align=\"center\" bgcolor=\"#ffffff\">\u00a01107<\/p>\n<p>&nbsp;<\/td>\n<td rowspan=\"7\" align=\"center\" bgcolor=\"#ffffff\">\u00a04-5-67-8-9-10<\/p>\n<p>11-12-13<\/p>\n<p>Alt\u0131 K\u00f6\u015fe<\/p>\n<p>8-10<\/p>\n<p>Sekiz K\u00f6\u015fe<\/td>\n<td bgcolor=\"#ffffff\">1\/4&#8221; Karb\u00fcrat\u00f6r Lokma Tak\u0131m\u0131<\/td>\n<td rowspan=\"7\" align=\"center\" bgcolor=\"#ffffff\">18<\/td>\n<\/tr>\n<tr>\n<td bgcolor=\"#e2e3e4\">\u00a01\/4&#8221; C\u0131rc\u0131r Kolu<\/td>\n<\/tr>\n<tr>\n<td bgcolor=\"#ffffff\">1\/4&#8221; Mafsal<\/td>\n<\/tr>\n<tr>\n<td bgcolor=\"#e2e3e4\">1\/4&#8221; T Kol<\/td>\n<\/tr>\n<tr>\n<td bgcolor=\"#ffffff\">1\/4&#8221; Ara Kol 54mm<\/td>\n<\/tr>\n<tr>\n<td bgcolor=\"#e2e3e4\">1\/4&#8221; Ara Kol 100mm<\/td>\n<\/tr>\n<tr>\n<td bgcolor=\"#ffffff\">1\/4&#8221; Mafsall\u0131 Kol<\/td>\n<\/tr>\n<\/tbody>\n<\/table>\n<table border=\"0\" width=\"100%\" cellspacing=\"2\" cellpadding=\"2\">\n<tbody>\n<tr>\n<td align=\"center\" bgcolor=\"#cccdcf\"><strong>KOD<\/strong><\/td>\n<td align=\"center\" bgcolor=\"#cccdcf\"><strong>LOKMALAR<\/strong><\/td>\n<td align=\"center\" bgcolor=\"#cccdcf\"><strong>AVADANLIKLAR<\/strong><\/td>\n<td align=\"center\" bgcolor=\"#cccdcf\"><img loading=\"lazy\" decoding=\"async\" src=\"https:\/\/www.izeltas.com.tr\/izeltascomtr\/upl\/Image\/kare.jpg\" alt=\"\" width=\"34\" height=\"34\" \/><\/td>\n<\/tr>\n<tr>\n<td rowspan=\"7\" align=\"center\" bgcolor=\"#ffffff\">1113<\/p>\n<p>&nbsp;<\/td>\n<td rowspan=\"7\" align=\"center\" bgcolor=\"#ffffff\">\u00a010-11-12-13-14<\/p>\n<p>15-16-17-18-19<\/p>\n<p>21-22-23-24-26<\/p>\n<p>27-28-30-32<\/td>\n<td bgcolor=\"#ffffff\">1\/2&#8221;\u00a0 Lokma Tak\u0131m\u0131<\/td>\n<td rowspan=\"7\" align=\"center\" bgcolor=\"#ffffff\">24<\/td>\n<\/tr>\n<tr>\n<td bgcolor=\"#e2e3e4\">\u00a01\/2&#8221; C\u0131rc\u0131r Kolu<\/td>\n<\/tr>\n<tr>\n<td bgcolor=\"#ffffff\">1\/2&#8221; Mafsal<\/td>\n<\/tr>\n<tr>\n<td bgcolor=\"#e2e3e4\">1\/2&#8221; T Kol<\/td>\n<\/tr>\n<tr>\n<td bgcolor=\"#ffffff\">1\/2&#8221; Ara Kol 125mm<\/td>\n<\/tr>\n<tr>\n<td bgcolor=\"#e2e3e4\">1\/2&#8221; Ara Kol 250mm<\/td>\n<\/tr>\n<\/tbody>\n<\/table>\n<table border=\"0\" width=\"100%\" cellspacing=\"2\" cellpadding=\"2\">\n<tbody>\n<tr>\n<td align=\"center\" bgcolor=\"#cccdcf\"><strong>KOD<\/strong><\/td>\n<td align=\"center\" bgcolor=\"#cccdcf\"><strong>\u0130\u00c7ER\u0130K<\/strong><\/td>\n<td align=\"center\" bgcolor=\"#cccdcf\"><img loading=\"lazy\" decoding=\"async\" src=\"https:\/\/www.izeltas.com.tr\/izeltascomtr\/upl\/Image\/kare.jpg\" alt=\"\" width=\"34\" height=\"34\" \/><\/td>\n<\/tr>\n<tr>\n<td align=\"center\" bgcolor=\"#ffffff\">1113<\/td>\n<td align=\"center\" bgcolor=\"#ffffff\">1\/2&#8221; Lokmal\u0131 Allen U\u00e7<\/p>\n<p>H5-H6-H7-H8-H10-H12-H14<\/td>\n<td align=\"center\" bgcolor=\"#ffffff\">7<\/td>\n<\/tr>\n<tr>\n<td align=\"center\" bgcolor=\"#e2e3e4\">1113<\/td>\n<td align=\"center\" bgcolor=\"#e2e3e4\">1\/2&#8221; Lokmal\u0131 Star U\u00e7<\/p>\n<p>T20-T25-T27-T30-T40<\/p>\n<p>T45-T50-T55-T60<\/td>\n<td align=\"center\" bgcolor=\"#e2e3e4\">9<\/td>\n<\/tr>\n<tr>\n<td align=\"center\" bgcolor=\"#ffffff\">0330<\/td>\n<td align=\"center\" bgcolor=\"#ffffff\">Kombine Anahtar Uzun Boy<\/p>\n<p>16-18mm<\/td>\n<td align=\"center\" bgcolor=\"#ffffff\">2<\/td>\n<\/tr>\n<tr>\n<td align=\"center\" bgcolor=\"#e2e3e4\">4900<\/td>\n<td align=\"center\" bgcolor=\"#e2e3e4\">Allen Tak\u0131m\u0131 6 K\u00f6\u015fe<\/p>\n<p>2-2,5-3-3,5-4-5-6-7-8-9-10-12<\/td>\n<td align=\"center\" bgcolor=\"#e2e3e4\">12<\/td>\n<\/tr>\n<\/tbody>\n<\/table>\n<p>&nbsp;<\/p>\n<table border=\"0\" width=\"100%\" cellspacing=\"2\" cellpadding=\"2\">\n<tbody>\n<tr>\n<td colspan=\"3\" bgcolor=\"#999999\"><strong>3. \u00c7EKMECE<\/strong><\/td>\n<\/tr>\n<tr>\n<td align=\"center\" bgcolor=\"#cccdcf\"><strong>KOD<\/strong><\/td>\n<td align=\"center\" bgcolor=\"#cccdcf\"><strong>\u0130\u00c7ER\u0130K<br \/>\n<\/strong><\/td>\n<td align=\"center\" bgcolor=\"#cccdcf\"><img loading=\"lazy\" decoding=\"async\" src=\"https:\/\/www.izeltas.com.tr\/izeltascomtr\/upl\/Image\/kare.jpg\" alt=\"\" width=\"34\" height=\"34\" \/><\/td>\n<\/tr>\n<tr>\n<td align=\"center\" bgcolor=\"#ffffff\">\u00a007415<\/td>\n<td align=\"center\" bgcolor=\"#ffffff\">S\u0131ral\u0131 Tel F\u0131r\u00e7a 3 S\u0131ral\u0131<\/td>\n<td align=\"center\" bgcolor=\"#ffffff\">1<\/td>\n<\/tr>\n<tr>\n<td align=\"center\" bgcolor=\"#e2e3e4\">\u00a06350<\/td>\n<td align=\"center\" bgcolor=\"#e2e3e4\">\u00a0Levye Oluklu 400 mm<\/td>\n<td align=\"center\" bgcolor=\"#e2e3e4\">\u00a01<\/td>\n<\/tr>\n<tr>\n<td align=\"center\" bgcolor=\"#ffffff\">\u00a06220<\/td>\n<td align=\"center\" bgcolor=\"#ffffff\">\u00a0Spiralli M\u0131knat\u0131s 500 gr<\/td>\n<td align=\"center\" bgcolor=\"#ffffff\">\u00a01<\/td>\n<\/tr>\n<tr>\n<td align=\"center\" bgcolor=\"#e2e3e4\">4310<\/td>\n<td align=\"center\" bgcolor=\"#e2e3e4\">D\u00fcz Topa\u00e7 Tornavida 6,5&#215;25<\/td>\n<td align=\"center\" bgcolor=\"#e2e3e4\">1<\/td>\n<\/tr>\n<tr>\n<td align=\"center\" bgcolor=\"#ffffff\">4330<\/td>\n<td align=\"center\" bgcolor=\"#ffffff\">Y\u0131ld\u0131z Topa\u00e7 Tornavida 6&#215;25<\/td>\n<td align=\"center\" bgcolor=\"#ffffff\">1<\/td>\n<\/tr>\n<tr>\n<td align=\"center\" bgcolor=\"#e2e3e4\">4770<\/td>\n<td align=\"center\" bgcolor=\"#e2e3e4\">Lokma U\u00e7lu Tornavida\u00a0 6-7-8-9-10-13<\/td>\n<td align=\"center\" bgcolor=\"#e2e3e4\">6<\/td>\n<\/tr>\n<tr>\n<td align=\"center\" bgcolor=\"#ffffff\">4780<\/td>\n<td align=\"center\" bgcolor=\"#ffffff\">Manyetik Bits Tutucu Tornavida 6,3&#215;120<\/td>\n<td align=\"center\" bgcolor=\"#ffffff\">1<\/td>\n<\/tr>\n<tr>\n<td align=\"center\" bgcolor=\"#e2e3e4\">4905<\/td>\n<td align=\"center\" bgcolor=\"#e2e3e4\">Yuvarlak Ba\u015fl\u0131 Allen Tak\u0131m\u0131 (Kutulu)<\/td>\n<td align=\"center\" bgcolor=\"#e2e3e4\">8<\/td>\n<\/tr>\n<tr>\n<td align=\"center\" bgcolor=\"#ffffff\">4800<\/td>\n<td align=\"center\" bgcolor=\"#ffffff\">Bits Set Tak\u0131m (Kutulu)<\/td>\n<td align=\"center\" bgcolor=\"#ffffff\">31<\/td>\n<\/tr>\n<\/tbody>\n<\/table>\n<p>&nbsp;<\/p>\n<table border=\"0\" width=\"100%\" cellspacing=\"2\" cellpadding=\"2\">\n<tbody>\n<tr>\n<td colspan=\"3\" bgcolor=\"#999999\"><strong>4. \u00c7EKMECE<\/strong><\/td>\n<\/tr>\n<tr>\n<td align=\"center\" bgcolor=\"#cccdcf\"><strong>KOD<\/strong><\/td>\n<td align=\"center\" bgcolor=\"#cccdcf\"><strong>\u0130\u00c7ER\u0130K<br \/>\n<\/strong><\/td>\n<td align=\"center\" bgcolor=\"#cccdcf\"><img loading=\"lazy\" decoding=\"async\" src=\"https:\/\/www.izeltas.com.tr\/izeltascomtr\/upl\/Image\/kare.jpg\" alt=\"\" width=\"34\" height=\"34\" \/><\/td>\n<\/tr>\n<tr>\n<td align=\"center\" bgcolor=\"#ffffff\">0340<\/td>\n<td align=\"center\" bgcolor=\"#ffffff\">C\u0131rc\u0131r Kombine Anahtar<\/p>\n<p>10-13-17-19 mm<\/td>\n<td align=\"center\" bgcolor=\"#ffffff\">4<\/td>\n<\/tr>\n<tr>\n<td align=\"center\" bgcolor=\"#e2e3e4\">4909<\/td>\n<td align=\"center\" bgcolor=\"#e2e3e4\">T Tipi Torx Allen Anahtar<\/p>\n<p>T9-T10-T15-T20-T25-T27-T30-T40<\/td>\n<td align=\"center\" bgcolor=\"#e2e3e4\">8<\/td>\n<\/tr>\n<tr>\n<td align=\"center\" bgcolor=\"#ffffff\">1108<\/td>\n<td align=\"center\" bgcolor=\"#ffffff\">1\/2&#8221; Alt\u0131 K\u00f6\u015fe Derin Lokma<\/p>\n<p>10-11-12-13-14-15-16-17-18-19<\/td>\n<td align=\"center\" bgcolor=\"#ffffff\">10<\/td>\n<\/tr>\n<tr>\n<td align=\"center\" bgcolor=\"#e2e3e4\">1113<\/td>\n<td align=\"center\" bgcolor=\"#e2e3e4\">1\/2&#8221; Alt\u0131 K\u00f6\u015fe Haval\u0131 Lokma<\/p>\n<p>13-17-18-19-24 mm<\/td>\n<td align=\"center\" bgcolor=\"#e2e3e4\">5<\/td>\n<\/tr>\n<\/tbody>\n<\/table>\n<p>&nbsp;<\/p>\n<table border=\"0\" width=\"100%\" cellspacing=\"2\" cellpadding=\"2\">\n<tbody>\n<tr>\n<td colspan=\"3\" bgcolor=\"#999999\"><strong>5. \u00c7EKMECE<\/strong><\/td>\n<\/tr>\n<tr>\n<td align=\"center\" bgcolor=\"#cccdcf\"><strong>KOD<\/strong><\/td>\n<td align=\"center\" bgcolor=\"#cccdcf\"><strong>\u0130\u00c7ER\u0130K<br \/>\n<\/strong><\/td>\n<td align=\"center\" bgcolor=\"#cccdcf\"><img loading=\"lazy\" decoding=\"async\" src=\"https:\/\/www.izeltas.com.tr\/izeltascomtr\/upl\/Image\/kare.jpg\" alt=\"\" width=\"34\" height=\"34\" \/><\/td>\n<\/tr>\n<tr>\n<td align=\"center\" bgcolor=\"#ffffff\">3331<\/td>\n<td bgcolor=\"#ffffff\">\u0130\u00e7 E\u011fri Segman Pense 170mm<\/td>\n<td align=\"center\" bgcolor=\"#ffffff\">1<\/td>\n<\/tr>\n<tr>\n<td align=\"center\" bgcolor=\"#e2e3e4\">3321<\/td>\n<td bgcolor=\"#e2e3e4\">\u0130\u00e7 D\u00fcz Segman Pense 180mm<\/td>\n<td align=\"center\" bgcolor=\"#e2e3e4\">1<\/td>\n<\/tr>\n<tr>\n<td align=\"center\" bgcolor=\"#ffffff\">3311<\/td>\n<td bgcolor=\"#ffffff\">D\u0131\u015f E\u011fri Segman Pense 170mm<\/td>\n<td align=\"center\" bgcolor=\"#ffffff\">1<\/td>\n<\/tr>\n<tr>\n<td align=\"center\" bgcolor=\"#e2e3e4\">3301<\/td>\n<td bgcolor=\"#e2e3e4\">D\u0131\u015f D\u00fcz Segman Pense 180mm<\/td>\n<td align=\"center\" bgcolor=\"#e2e3e4\">1<\/td>\n<\/tr>\n<tr>\n<td align=\"center\" bgcolor=\"#ffffff\">3700<\/td>\n<td bgcolor=\"#ffffff\">Yan Keski Rod \u0130zole 160mm<\/td>\n<td align=\"center\" bgcolor=\"#ffffff\">1<\/td>\n<\/tr>\n<tr>\n<td align=\"center\" bgcolor=\"#e2e3e4\">3220<\/td>\n<td bgcolor=\"#e2e3e4\">D\u00fcz Kargaburun Rod \u0130zole 200mm<\/td>\n<td align=\"center\" bgcolor=\"#e2e3e4\">1<\/td>\n<\/tr>\n<tr>\n<td align=\"center\" bgcolor=\"#ffffff\">3020<\/td>\n<td bgcolor=\"#ffffff\">Kombine Pense Rod \u0130zole 180mm<\/td>\n<td align=\"center\" bgcolor=\"#ffffff\">1<\/td>\n<\/tr>\n<tr>\n<td align=\"center\" bgcolor=\"#e2e3e4\">2510<\/td>\n<td bgcolor=\"#e2e3e4\">Special Ayarl\u0131 Pense (Krom)<\/td>\n<td align=\"center\" bgcolor=\"#e2e3e4\">1<\/td>\n<\/tr>\n<tr>\n<td align=\"center\" bgcolor=\"#ffffff\">0600<\/td>\n<td bgcolor=\"#ffffff\">Kurba\u011fc\u0131k Anahtar 10&#8221;<\/td>\n<td align=\"center\" bgcolor=\"#ffffff\">1<\/td>\n<\/tr>\n<tr>\n<td align=\"center\" bgcolor=\"#e2e3e4\">2400<\/td>\n<td bgcolor=\"#e2e3e4\">\u00dcniversal Fort Pense 240mm<\/td>\n<td align=\"center\" bgcolor=\"#e2e3e4\">1<\/td>\n<\/tr>\n<\/tbody>\n<\/table>\n<p>&nbsp;<\/p>\n<table border=\"0\" width=\"100%\" cellspacing=\"2\" cellpadding=\"2\">\n<tbody>\n<tr>\n<td colspan=\"3\" bgcolor=\"#999999\"><strong>6 . \u00c7EKMECE<\/strong><\/td>\n<\/tr>\n<tr>\n<td align=\"center\" bgcolor=\"#cccdcf\"><strong>KOD<\/strong><\/td>\n<td align=\"center\" bgcolor=\"#cccdcf\"><strong>\u0130\u00c7ER\u0130K<br \/>\n<\/strong><\/td>\n<td align=\"center\" bgcolor=\"#cccdcf\"><img loading=\"lazy\" decoding=\"async\" src=\"https:\/\/www.izeltas.com.tr\/izeltascomtr\/upl\/Image\/kare.jpg\" alt=\"\" width=\"34\" height=\"34\" \/><\/td>\n<\/tr>\n<tr>\n<td align=\"center\" bgcolor=\"#ffffff\">4300<\/td>\n<td align=\"center\" bgcolor=\"#ffffff\">Rod Seri D\u00fcz U\u00e7lu Tornavida<\/p>\n<p>4&#215;100-5&#215;125-6&#215;150-8&#215;175<\/td>\n<td align=\"center\" bgcolor=\"#ffffff\">4<\/td>\n<\/tr>\n<tr>\n<td align=\"center\" bgcolor=\"#e2e3e4\">4320<\/td>\n<td align=\"center\" bgcolor=\"#e2e3e4\">Rod Seri Y\u0131ld\u0131z U\u00e7lu Tornavida<\/p>\n<p>4,5&#215;80-6&#215;100<\/td>\n<td align=\"center\" bgcolor=\"#e2e3e4\">2<\/td>\n<\/tr>\n<tr>\n<td align=\"center\" bgcolor=\"#ffffff\">5800<\/td>\n<td align=\"center\" bgcolor=\"#ffffff\">Tesviyeci \u00c7eki\u00e7 300gr<\/td>\n<td align=\"center\" bgcolor=\"#ffffff\">1<\/td>\n<\/tr>\n<tr>\n<td align=\"center\" bgcolor=\"#e2e3e4\">5850<\/td>\n<td align=\"center\" bgcolor=\"#e2e3e4\">Plastik \u00c7eki\u00e7 \u00d830<\/td>\n<td align=\"center\" bgcolor=\"#e2e3e4\">1<\/td>\n<\/tr>\n<tr>\n<td align=\"center\" bgcolor=\"#ffffff\">5545<\/td>\n<td align=\"center\" bgcolor=\"#ffffff\">Konik Pim Z\u0131mba 5mm<\/td>\n<td align=\"center\" bgcolor=\"#ffffff\">1<\/td>\n<\/tr>\n<tr>\n<td align=\"center\" bgcolor=\"#e2e3e4\">5550<\/td>\n<td align=\"center\" bgcolor=\"#e2e3e4\">D\u00fcz Pim Z\u0131mba 5mm<\/td>\n<td align=\"center\" bgcolor=\"#e2e3e4\">1<\/td>\n<\/tr>\n<tr>\n<td align=\"center\" bgcolor=\"#ffffff\">5540<\/td>\n<td align=\"center\" bgcolor=\"#ffffff\">Nokta Z\u0131mba 5&#215;120<\/td>\n<td align=\"center\" bgcolor=\"#ffffff\">1<\/td>\n<\/tr>\n<tr>\n<td align=\"center\" bgcolor=\"#e2e3e4\">5500<\/td>\n<td align=\"center\" bgcolor=\"#e2e3e4\">D\u00fcz Keski 150mm<\/td>\n<td align=\"center\" bgcolor=\"#e2e3e4\">1<\/td>\n<\/tr>\n<tr>\n<td align=\"center\" bgcolor=\"#ffffff\">4920<\/td>\n<td align=\"center\" bgcolor=\"#ffffff\">T Tipi Allen Anahtar<\/p>\n<p>3-4-5-6-7-8<\/td>\n<td align=\"center\" bgcolor=\"#ffffff\">6<\/td>\n<\/tr>\n<\/tbody>\n<\/table>\n","protected":false},"excerpt":{"rendered":"<p>KOD \u00c7EKMECE \u00a0 RENK 400x548x68 400x548x143 400x548x218 8241 32 1005 5 1X 4X &#8212; 59 &nbsp; 8241 32 1006 6 4X 1X 1X 62 8241 32 1007 7 5X 2X &#8212; 65 8241 32 1008 8 7X 1X &#8212; 67 8241 32 2005 5 1X 4X &#8212; 59 &nbsp; 8241 32 2006 6 4X 1X [&hellip;]<\/p>\n","protected":false},"featured_media":18346,"comment_status":"closed","ping_status":"closed","template":"","meta":[],"product_brand":[],"product_cat":[257,264],"product_tag":[],"class_list":{"0":"post-20010","1":"product","2":"type-product","3":"status-publish","4":"has-post-thumbnail","6":"product_cat-el-aletleri","7":"product_cat-takim-dolaplari","9":"first","10":"instock","11":"shipping-taxable","12":"product-type-simple"},"_links":{"self":[{"href":"https:\/\/korogluhirdavat.com.tr\/index.php?rest_route=\/wp\/v2\/product\/20010","targetHints":{"allow":["GET"]}}],"collection":[{"href":"https:\/\/korogluhirdavat.com.tr\/index.php?rest_route=\/wp\/v2\/product"}],"about":[{"href":"https:\/\/korogluhirdavat.com.tr\/index.php?rest_route=\/wp\/v2\/types\/product"}],"replies":[{"embeddable":true,"href":"https:\/\/korogluhirdavat.com.tr\/index.php?rest_route=%2Fwp%2Fv2%2Fcomments&post=20010"}],"wp:featuredmedia":[{"embeddable":true,"href":"https:\/\/korogluhirdavat.com.tr\/index.php?rest_route=\/wp\/v2\/media\/18346"}],"wp:attachment":[{"href":"https:\/\/korogluhirdavat.com.tr\/index.php?rest_route=%2Fwp%2Fv2%2Fmedia&parent=20010"}],"wp:term":[{"taxonomy":"product_brand","embeddable":true,"href":"https:\/\/korogluhirdavat.com.tr\/index.php?rest_route=%2Fwp%2Fv2%2Fproduct_brand&post=20010"},{"taxonomy":"product_cat","embeddable":true,"href":"https:\/\/korogluhirdavat.com.tr\/index.php?rest_route=%2Fwp%2Fv2%2Fproduct_cat&post=20010"},{"taxonomy":"product_tag","embeddable":true,"href":"https:\/\/korogluhirdavat.com.tr\/index.php?rest_route=%2Fwp%2Fv2%2Fproduct_tag&post=20010"}],"curies":[{"name":"wp","href":"https:\/\/api.w.org\/{rel}","templated":true}]}}