{"id":20012,"date":"2021-09-03T21:01:27","date_gmt":"2021-09-03T21:01:27","guid":{"rendered":"https:\/\/koroglucivata.com\/?post_type=product&#038;p=20012"},"modified":"2021-09-03T21:01:30","modified_gmt":"2021-09-03T21:01:30","slug":"8242-garaj-serisi-takim-dolabi-5-6-7-8-cekmeceli","status":"publish","type":"product","link":"https:\/\/korogluhirdavat.com.tr\/?product=8242-garaj-serisi-takim-dolabi-5-6-7-8-cekmeceli","title":{"rendered":"8242 Garaj Serisi Tak\u0131m Dolab\u0131 ( 5-6-7-8 \u00c7ekmeceli )"},"content":{"rendered":"<table border=\"0\" width=\"100%\" cellspacing=\"2\" cellpadding=\"2\">\n<tbody>\n<tr>\n<td align=\"center\" bgcolor=\"#cccdcf\"><strong>KOD<\/strong><\/td>\n<td align=\"center\" bgcolor=\"#cccdcf\"><strong>\u00c7EKMECE<\/strong><\/td>\n<td align=\"center\" bgcolor=\"#cccdcf\"><img loading=\"lazy\" decoding=\"async\" src=\"https:\/\/www.izeltas.com.tr\/upl\/45kg(4).png\" alt=\"\" width=\"65\" height=\"38\" \/><\/td>\n<td align=\"center\" bgcolor=\"#cccdcf\"><img loading=\"lazy\" decoding=\"async\" src=\"https:\/\/www.izeltas.com.tr\/upl\/45kg(5).png\" alt=\"\" width=\"65\" height=\"38\" \/><\/td>\n<td align=\"center\" bgcolor=\"#cccdcf\"><img loading=\"lazy\" decoding=\"async\" src=\"https:\/\/www.izeltas.com.tr\/upl\/45kg(6).png\" alt=\"\" width=\"65\" height=\"38\" \/><\/td>\n<td align=\"center\" bgcolor=\"#cccdcf\">\u00a0<img loading=\"lazy\" decoding=\"async\" src=\"https:\/\/www.izeltas.com.tr\/upl\/terazi_G(2)(2).jpg\" alt=\"\" width=\"34\" height=\"34\" \/><\/td>\n<td align=\"center\" bgcolor=\"#cccdcf\"><strong>RENK<\/strong><\/td>\n<\/tr>\n<tr>\n<td align=\"center\" bgcolor=\"#cccdcf\"><\/td>\n<td align=\"center\" bgcolor=\"#cccdcf\"><\/td>\n<td align=\"center\" bgcolor=\"#cccdcf\">400x545x68<\/td>\n<td align=\"center\" bgcolor=\"#cccdcf\">400x545x143<\/td>\n<td align=\"center\" bgcolor=\"#cccdcf\">400x545x218<\/td>\n<td align=\"center\" bgcolor=\"#cccdcf\"><\/td>\n<td align=\"center\" bgcolor=\"#cccdcf\"><\/td>\n<\/tr>\n<tr>\n<td align=\"center\" bgcolor=\"#ffffff\">8242 32 1005<\/td>\n<td align=\"center\" bgcolor=\"#ffffff\">5<\/td>\n<td align=\"center\" bgcolor=\"#ffffff\">1X<\/td>\n<td align=\"center\" bgcolor=\"#ffffff\">4X<\/td>\n<td align=\"center\" bgcolor=\"#ffffff\">&#8212;<\/td>\n<td align=\"center\" bgcolor=\"#ffffff\">59<\/td>\n<td rowspan=\"4\" bgcolor=\"#ffffff\">\n<img loading=\"lazy\" decoding=\"async\" src=\"https:\/\/www.izeltas.com.tr\/upl\/ral%207016-3020(4).jpg\" alt=\"\" width=\"56\" height=\"56\" \/><\/td>\n<\/tr>\n<tr>\n<td align=\"center\" bgcolor=\"#ffffff\">8242 32 1006<\/td>\n<td align=\"center\" bgcolor=\"#ffffff\">6<\/td>\n<td bgcolor=\"#ffffff\">4X<\/td>\n<td align=\"center\" bgcolor=\"#ffffff\">1X<\/td>\n<td align=\"center\" bgcolor=\"#ffffff\">1X<\/td>\n<td align=\"center\" bgcolor=\"#ffffff\">62<\/td>\n<\/tr>\n<tr>\n<td align=\"center\" bgcolor=\"#ffffff\">8242 32 1007<\/td>\n<td align=\"center\" bgcolor=\"#ffffff\">7<\/td>\n<td bgcolor=\"#ffffff\">5X<\/td>\n<td align=\"center\" bgcolor=\"#ffffff\">2X<\/td>\n<td align=\"center\" bgcolor=\"#ffffff\">&#8212;<\/td>\n<td align=\"center\" bgcolor=\"#ffffff\">65<\/td>\n<\/tr>\n<tr>\n<td align=\"center\" bgcolor=\"#ffffff\">8242 32 1008<\/td>\n<td align=\"center\" bgcolor=\"#ffffff\">8<\/td>\n<td bgcolor=\"#ffffff\">7X<\/td>\n<td align=\"center\" bgcolor=\"#ffffff\">1X<\/td>\n<td align=\"center\" bgcolor=\"#ffffff\">&#8212;<\/td>\n<td align=\"center\" bgcolor=\"#ffffff\">67<\/td>\n<\/tr>\n<tr>\n<td align=\"center\" bgcolor=\"#cccccc\">8242 32 2005<\/td>\n<td align=\"center\" bgcolor=\"#cccccc\">5<\/td>\n<td bgcolor=\"#cccccc\">1X<\/td>\n<td align=\"center\" bgcolor=\"#cccccc\">4X<\/td>\n<td align=\"center\" bgcolor=\"#cccccc\">&#8212;<\/td>\n<td align=\"center\" bgcolor=\"#cccccc\">59<\/td>\n<td rowspan=\"4\" align=\"center\" bgcolor=\"#ffffff\">\n<img loading=\"lazy\" decoding=\"async\" src=\"https:\/\/www.izeltas.com.tr\/upl\/ral%2070016%205003(1).jpg\" alt=\"\" width=\"54\" height=\"54\" \/><\/td>\n<\/tr>\n<tr>\n<td align=\"center\" bgcolor=\"#cccccc\">8242 32 2006<\/td>\n<td align=\"center\" bgcolor=\"#cccccc\">6<\/td>\n<td bgcolor=\"#cccccc\">4X<\/td>\n<td align=\"center\" bgcolor=\"#cccccc\">1X<\/td>\n<td align=\"center\" bgcolor=\"#cccccc\">1X<\/td>\n<td align=\"center\" bgcolor=\"#cccccc\">62<\/td>\n<\/tr>\n<tr>\n<td align=\"center\" bgcolor=\"#cccccc\">8242 32 2007<\/td>\n<td align=\"center\" bgcolor=\"#cccccc\">7<\/td>\n<td bgcolor=\"#cccccc\">5X<\/td>\n<td align=\"center\" bgcolor=\"#cccccc\">2X<\/td>\n<td align=\"center\" bgcolor=\"#cccccc\">&#8212;<\/td>\n<td align=\"center\" bgcolor=\"#cccccc\">65<\/td>\n<\/tr>\n<tr>\n<td align=\"center\" bgcolor=\"#cccccc\">8242 32 2008<\/td>\n<td align=\"center\" bgcolor=\"#cccccc\">8<\/td>\n<td bgcolor=\"#cccccc\">7X<\/td>\n<td align=\"center\" bgcolor=\"#cccccc\">1X<\/td>\n<td align=\"center\" bgcolor=\"#cccccc\">&#8212;<\/td>\n<td align=\"center\" bgcolor=\"#cccccc\">67<\/td>\n<\/tr>\n<tr>\n<td align=\"center\" bgcolor=\"#ffffff\">\u00a08242 32 3005<\/td>\n<td align=\"center\" bgcolor=\"#ffffff\">\u00a05<\/td>\n<td bgcolor=\"#ffffff\">1X<\/td>\n<td align=\"center\" bgcolor=\"#ffffff\">\u00a04X<\/td>\n<td align=\"center\" bgcolor=\"#ffffff\">\u00a0&#8212;<\/td>\n<td align=\"center\" bgcolor=\"#ffffff\">59<\/td>\n<td rowspan=\"4\" align=\"center\" bgcolor=\"#ffffff\">\n<img loading=\"lazy\" decoding=\"async\" src=\"https:\/\/www.izeltas.com.tr\/upl\/ral%207016-7035.png\" alt=\"\" width=\"54\" height=\"54\" \/><\/td>\n<\/tr>\n<tr>\n<td align=\"center\" bgcolor=\"#ffffff\">8242 32 3006<\/td>\n<td align=\"center\" bgcolor=\"#ffffff\">6<\/td>\n<td bgcolor=\"#ffffff\">4X<\/td>\n<td align=\"center\" bgcolor=\"#ffffff\">1X<\/td>\n<td align=\"center\" bgcolor=\"#ffffff\">1X<\/td>\n<td align=\"center\" bgcolor=\"#ffffff\">62<\/td>\n<\/tr>\n<tr>\n<td align=\"center\" bgcolor=\"#ffffff\">8242 32 3007<\/td>\n<td align=\"center\" bgcolor=\"#ffffff\">7<\/td>\n<td bgcolor=\"#ffffff\">5X<\/td>\n<td align=\"center\" bgcolor=\"#ffffff\">2X<\/td>\n<td align=\"center\" bgcolor=\"#ffffff\">&#8212;<\/td>\n<td align=\"center\" bgcolor=\"#ffffff\">65<\/td>\n<\/tr>\n<tr>\n<td align=\"center\" bgcolor=\"#ffffff\">8242 32 3008<\/td>\n<td align=\"center\" bgcolor=\"#ffffff\">8<\/td>\n<td bgcolor=\"#ffffff\">7X<\/td>\n<td align=\"center\" bgcolor=\"#ffffff\">1X<\/td>\n<td align=\"center\" bgcolor=\"#ffffff\">&#8212;<\/td>\n<td align=\"center\" bgcolor=\"#ffffff\">67<\/td>\n<\/tr>\n<tr>\n<td align=\"center\" bgcolor=\"#cccccc\">8242 00 1142<\/p>\n<p>Dolu<\/p>\n<p>142 Par\u00e7a<\/td>\n<td align=\"center\" bgcolor=\"#cccccc\">7<\/td>\n<td bgcolor=\"#cccccc\">5x<\/td>\n<td align=\"center\" bgcolor=\"#cccccc\">2x<\/td>\n<td align=\"center\" bgcolor=\"#cccccc\">&#8212;<\/td>\n<td align=\"center\" bgcolor=\"#cccccc\"><\/td>\n<td align=\"center\" bgcolor=\"#cccccc\"><\/td>\n<\/tr>\n<\/tbody>\n<\/table>\n<p>&nbsp;<\/p>\n<table border=\"0\" width=\"100%\" cellspacing=\"2\" cellpadding=\"2\">\n<tbody>\n<tr>\n<td bgcolor=\"#999999\"><strong>1.Garaj Seri \u00c7ekmece<\/strong><\/td>\n<td bgcolor=\"#999999\"><strong>Kod: 8242 00 1030<\/strong><\/td>\n<td align=\"center\" bgcolor=\"#999999\"><\/td>\n<td align=\"center\" bgcolor=\"#999999\"><\/td>\n<\/tr>\n<tr>\n<td align=\"center\" bgcolor=\"#cccdcf\"><strong>KOD<\/strong><\/td>\n<td align=\"center\" bgcolor=\"#cccdcf\"><\/td>\n<td align=\"center\" bgcolor=\"#cccdcf\"><strong>\u0130\u00c7ER\u0130K<\/strong><\/td>\n<td align=\"center\" bgcolor=\"#cccdcf\"><img loading=\"lazy\" decoding=\"async\" src=\"https:\/\/www.izeltas.com.tr\/izeltascomtr\/upl\/Image\/kare.jpg\" alt=\"\" width=\"34\" height=\"34\" \/><\/td>\n<\/tr>\n<tr>\n<td align=\"center\" bgcolor=\"#ffffff\">0130<\/td>\n<td align=\"center\" bgcolor=\"#ffffff\"><\/td>\n<td align=\"center\" bgcolor=\"#ffffff\">0130 iki A\u011f\u0131z Anahtar<\/p>\n<p>6&#215;7-8&#215;9-10&#215;11-12&#215;13-14&#215;15<\/p>\n<p>16&#215;17-18&#215;19-20&#215;22-21&#215;23-24&#215;26<\/td>\n<td align=\"center\" bgcolor=\"#ffffff\">\u00a010<\/td>\n<\/tr>\n<tr>\n<td align=\"center\" bgcolor=\"#e2e3e4\">0330<\/td>\n<td align=\"center\" bgcolor=\"#e2e3e4\"><\/td>\n<td align=\"center\" bgcolor=\"#e2e3e4\">0330 Kombine Anahtar<\/p>\n<p>6-7-8-9-10-11-12-13-14-17-19-22<\/td>\n<td align=\"center\" bgcolor=\"#e2e3e4\">\u00a012<\/td>\n<\/tr>\n<tr>\n<td align=\"center\" bgcolor=\"#ffffff\">0430<\/td>\n<td align=\"center\" bgcolor=\"#ffffff\"><\/td>\n<td align=\"center\" bgcolor=\"#ffffff\">0430 Y\u0131ld\u0131z Anahtar<\/p>\n<p>6&#215;7-8&#215;9-10&#215;11-12&#215;13-14&#215;15-16&#215;17<\/p>\n<p>18&#215;19-20&#215;22<\/td>\n<td align=\"center\" bgcolor=\"#ffffff\">\u00a08<\/td>\n<\/tr>\n<\/tbody>\n<\/table>\n<table border=\"0\" width=\"100%\" cellspacing=\"2\" cellpadding=\"2\">\n<tbody>\n<tr>\n<td bgcolor=\"#999999\"><strong>2.<\/strong><strong>Garaj Seri \u00c7ekmece<\/strong><\/td>\n<td bgcolor=\"#999999\"><strong>Kod: 8242 00 2072<\/strong><\/td>\n<td align=\"center\" bgcolor=\"#999999\"><\/td>\n<td align=\"center\" bgcolor=\"#999999\"><\/td>\n<\/tr>\n<tr>\n<td align=\"center\" bgcolor=\"#cccdcf\"><strong>KOD<\/strong><\/td>\n<td align=\"center\" bgcolor=\"#cccdcf\"><\/td>\n<td align=\"center\" bgcolor=\"#cccdcf\"><strong>\u0130\u00c7ER\u0130K<br \/>\n<\/strong><\/td>\n<td align=\"center\" bgcolor=\"#cccdcf\"><img loading=\"lazy\" decoding=\"async\" src=\"https:\/\/www.izeltas.com.tr\/izeltascomtr\/upl\/Image\/kare.jpg\" alt=\"\" width=\"34\" height=\"34\" \/><\/td>\n<\/tr>\n<tr>\n<td align=\"center\" bgcolor=\"#ffffff\">4900<\/td>\n<td align=\"center\" bgcolor=\"#ffffff\"><\/td>\n<td align=\"center\" bgcolor=\"#ffffff\">Allen Tak\u0131m\u0131 6 K\u00f6\u015fe<\/p>\n<p>2-2,5-3-3,5-4-5-6-7-8-9-10-12<\/td>\n<td align=\"center\" bgcolor=\"#ffffff\">\u00a012<\/td>\n<\/tr>\n<\/tbody>\n<\/table>\n<table border=\"0\" width=\"100%\" cellspacing=\"2\" cellpadding=\"2\">\n<tbody>\n<tr>\n<td align=\"center\" bgcolor=\"#cccdcf\"><strong>KOD<\/strong><\/td>\n<td align=\"center\" bgcolor=\"#cccdcf\"><strong>LOKMALAR<\/strong><\/td>\n<td align=\"center\" bgcolor=\"#cccdcf\"><strong>AVADANLIKLAR<\/strong><\/td>\n<td align=\"center\" bgcolor=\"#cccdcf\"><img loading=\"lazy\" decoding=\"async\" src=\"https:\/\/www.izeltas.com.tr\/izeltascomtr\/upl\/Image\/kare.jpg\" alt=\"\" width=\"34\" height=\"34\" \/><\/td>\n<\/tr>\n<tr>\n<td rowspan=\"7\" align=\"center\" bgcolor=\"#ffffff\">\u00a01107<\/td>\n<td rowspan=\"7\" align=\"center\" bgcolor=\"#ffffff\">4-5-6<\/p>\n<p>7-8-9-10<\/p>\n<p>11-12-13<\/p>\n<p>Alt\u0131 K\u00f6\u015fe<\/p>\n<p>&nbsp;<\/p>\n<p>&nbsp;<\/p>\n<p>&nbsp;<\/p>\n<p>8-10<\/p>\n<p>Sekiz K\u00f6\u015fe<\/td>\n<td align=\"center\" bgcolor=\"#ffffff\">1\/4&#8221; Karb\u00fcrat\u00f6r Lokma Tak\u0131m\u0131<\/td>\n<td rowspan=\"7\" align=\"center\" bgcolor=\"#ffffff\">18<\/td>\n<\/tr>\n<tr>\n<td bgcolor=\"#e2e3e4\">1\/4&#8221; C\u0131rc\u0131r Kolu<\/td>\n<\/tr>\n<tr>\n<td bgcolor=\"#ffffff\">1\/4&#8221; Mafsal<\/td>\n<\/tr>\n<tr>\n<td bgcolor=\"#e2e3e4\">1\/4&#8221; T Kol<\/td>\n<\/tr>\n<tr>\n<td bgcolor=\"#ffffff\">1\/4&#8221; Ara Kol 54mm<\/td>\n<\/tr>\n<tr>\n<td bgcolor=\"#e2e3e4\">1\/4&#8221; Ara Kol 100mm<\/td>\n<\/tr>\n<tr>\n<td bgcolor=\"#ffffff\">1\/4&#8221; Mafsall\u0131 Kol<\/td>\n<\/tr>\n<\/tbody>\n<\/table>\n<table border=\"0\" width=\"100%\" cellspacing=\"2\" cellpadding=\"2\">\n<tbody>\n<tr>\n<td align=\"center\" bgcolor=\"#cccdcf\"><strong>KOD<\/strong><\/td>\n<td align=\"center\" bgcolor=\"#cccdcf\"><strong>LOKMALAR<\/strong><\/td>\n<td align=\"center\" bgcolor=\"#cccdcf\"><strong>AVADANLIKLAR<\/strong><\/td>\n<td align=\"center\" bgcolor=\"#cccdcf\"><img loading=\"lazy\" decoding=\"async\" src=\"https:\/\/www.izeltas.com.tr\/izeltascomtr\/upl\/Image\/kare.jpg\" alt=\"\" width=\"34\" height=\"34\" \/><\/td>\n<\/tr>\n<tr>\n<td rowspan=\"7\" align=\"center\" bgcolor=\"#ffffff\">1113<\/td>\n<td rowspan=\"7\" align=\"center\" bgcolor=\"#ffffff\">10-11-12<\/p>\n<p>13-14-15<\/p>\n<p>16-17-18<\/p>\n<p>19-21-22<\/p>\n<p>23-24-26<\/p>\n<p>27-28-30<\/p>\n<p>32<\/td>\n<td align=\"center\" bgcolor=\"#ffffff\">1\/2&#8221; Lokma Tak\u0131m\u0131<\/td>\n<td rowspan=\"7\" align=\"center\" bgcolor=\"#ffffff\">24<\/td>\n<\/tr>\n<tr>\n<td bgcolor=\"#e2e3e4\">\u00a01\/2&#8221; C\u0131rc\u0131r Kolu<\/td>\n<\/tr>\n<tr>\n<td bgcolor=\"#e2e3e4\">1\/2&#8243; U Kol<\/td>\n<\/tr>\n<tr>\n<td bgcolor=\"#ffffff\">\u00a01\/2&#8221; Mafsal<\/td>\n<\/tr>\n<tr>\n<td bgcolor=\"#e2e3e4\">\u00a01\/2&#8221; T Kol<\/td>\n<\/tr>\n<tr>\n<td bgcolor=\"#ffffff\">\u00a01\/2&#8221; Ara Kol\u00a0 125mm<\/td>\n<\/tr>\n<tr>\n<td bgcolor=\"#e2e3e4\">\u00a01\/2&#8221; Ara Kol\u00a0 250mm<\/td>\n<\/tr>\n<\/tbody>\n<\/table>\n<p>&nbsp;<\/p>\n<table border=\"0\" width=\"100%\" cellspacing=\"2\" cellpadding=\"2\">\n<tbody>\n<tr>\n<td align=\"center\" bgcolor=\"#cccdcf\"><strong>KOD<\/strong><\/td>\n<td align=\"center\" bgcolor=\"#cccdcf\"><strong>\u0130\u00c7ER\u0130K<\/strong><\/td>\n<td align=\"center\" bgcolor=\"#cccdcf\"><img loading=\"lazy\" decoding=\"async\" src=\"https:\/\/www.izeltas.com.tr\/izeltascomtr\/upl\/Image\/kare.jpg\" alt=\"\" width=\"34\" height=\"34\" \/><\/td>\n<\/tr>\n<tr>\n<td align=\"center\" bgcolor=\"#ffffff\">1113<\/td>\n<td align=\"center\" bgcolor=\"#ffffff\">1\/2&#8221; Lokmal\u0131 Allen U\u00e7<\/p>\n<p>H5-H6-H7-H8-H10-H12-H14<\/td>\n<td align=\"center\" bgcolor=\"#ffffff\">\u00a07<\/td>\n<\/tr>\n<\/tbody>\n<\/table>\n<table border=\"0\" width=\"100%\" cellspacing=\"2\" cellpadding=\"2\">\n<tbody>\n<tr>\n<td align=\"center\" bgcolor=\"#cccdcf\"><strong>KOD<\/strong><\/td>\n<td align=\"center\" bgcolor=\"#cccdcf\"><strong>\u0130\u00c7ER\u0130K\u00a0<\/strong><\/td>\n<td align=\"center\" bgcolor=\"#cccdcf\"><img loading=\"lazy\" decoding=\"async\" src=\"https:\/\/www.izeltas.com.tr\/izeltascomtr\/upl\/Image\/kare.jpg\" alt=\"\" width=\"34\" height=\"34\" \/><\/td>\n<\/tr>\n<tr>\n<td align=\"center\" bgcolor=\"#ffffff\">1113<\/td>\n<td align=\"center\" bgcolor=\"#ffffff\">1\/2&#8221; Lokmal\u0131 Star U\u00e7<\/p>\n<p>T20-T25-T27-T30-T40-T45-T50-T55-T60<\/td>\n<td align=\"center\" bgcolor=\"#ffffff\">\u00a09<\/td>\n<\/tr>\n<\/tbody>\n<\/table>\n<table border=\"0\" width=\"100%\" cellspacing=\"2\" cellpadding=\"2\">\n<tbody>\n<tr>\n<td align=\"center\" bgcolor=\"#cccdcf\"><strong>KOD<\/strong><\/td>\n<td align=\"center\" bgcolor=\"#cccdcf\"><strong>\u0130\u00c7ER\u0130K<\/strong><\/td>\n<td align=\"center\" bgcolor=\"#cccdcf\"><img loading=\"lazy\" decoding=\"async\" src=\"https:\/\/www.izeltas.com.tr\/izeltascomtr\/upl\/Image\/kare.jpg\" alt=\"\" width=\"34\" height=\"34\" \/><\/td>\n<\/tr>\n<tr>\n<td align=\"center\" bgcolor=\"#ffffff\">\u00a00330<\/td>\n<td align=\"center\" bgcolor=\"#ffffff\">Kombine Anahtar Uzun Boy<\/p>\n<p>16-18 mm<\/td>\n<td align=\"center\" bgcolor=\"#ffffff\">\u00a02<\/td>\n<\/tr>\n<\/tbody>\n<\/table>\n<table border=\"0\" width=\"100%\" cellspacing=\"2\" cellpadding=\"2\">\n<tbody>\n<tr>\n<td bgcolor=\"#999999\"><strong>3.<\/strong><strong>Garaj Seri \u00c7ekmece\u00a0 \u00a0 \u00a0 \u00a0 \u00a0Kod: 8242 00 3010<\/strong><\/td>\n<td align=\"center\" bgcolor=\"#999999\"><\/td>\n<td align=\"center\" bgcolor=\"#999999\"><\/td>\n<\/tr>\n<tr>\n<td align=\"center\" bgcolor=\"#cccdcf\"><strong>KOD<\/strong><\/td>\n<td align=\"center\" bgcolor=\"#cccdcf\"><strong>\u0130\u00c7ER\u0130K<\/strong><\/td>\n<td align=\"center\" bgcolor=\"#cccdcf\"><img loading=\"lazy\" decoding=\"async\" src=\"https:\/\/www.izeltas.com.tr\/izeltascomtr\/upl\/Image\/kare.jpg\" alt=\"\" width=\"34\" height=\"34\" \/><\/td>\n<\/tr>\n<tr>\n<td align=\"center\" bgcolor=\"#ffffff\">\u00a03331<\/td>\n<td align=\"center\" bgcolor=\"#ffffff\">\u0130\u00e7 E\u011fri Segman Pense 170mm<\/td>\n<td align=\"center\" bgcolor=\"#ffffff\">1<\/td>\n<\/tr>\n<tr>\n<td align=\"center\" bgcolor=\"#e2e3e4\">\u00a03321<\/td>\n<td align=\"center\" bgcolor=\"#e2e3e4\">\u00a0\u0130\u00e7 D\u00fcz Segman Pense 180mm<\/td>\n<td align=\"center\" bgcolor=\"#e2e3e4\">\u00a01<\/td>\n<\/tr>\n<tr>\n<td align=\"center\" bgcolor=\"#ffffff\">3311<\/td>\n<td align=\"center\" bgcolor=\"#ffffff\">D\u0131\u015f E\u011fri Segman Pense 170mm<\/td>\n<td align=\"center\" bgcolor=\"#ffffff\">1<\/td>\n<\/tr>\n<tr>\n<td align=\"center\" bgcolor=\"#e2e3e4\">3301<\/td>\n<td align=\"center\" bgcolor=\"#e2e3e4\">D\u0131\u015f D\u00fcz Segman Pense 180mm<\/td>\n<td align=\"center\" bgcolor=\"#e2e3e4\">1<\/td>\n<\/tr>\n<tr>\n<td align=\"center\" bgcolor=\"#ffffff\">3700<\/td>\n<td align=\"center\" bgcolor=\"#ffffff\">Yan Keski Rod \u0130zole 160mm<\/td>\n<td align=\"center\" bgcolor=\"#ffffff\">1<\/td>\n<\/tr>\n<tr>\n<td align=\"center\" bgcolor=\"#e2e3e4\">3220<\/td>\n<td align=\"center\" bgcolor=\"#e2e3e4\">D\u00fcz Kargaburun Rod \u0130zole 200mm<\/td>\n<td align=\"center\" bgcolor=\"#e2e3e4\">1<\/td>\n<\/tr>\n<tr>\n<td align=\"center\" bgcolor=\"#ffffff\">3020<\/td>\n<td align=\"center\" bgcolor=\"#ffffff\">Kombine Pense Rod \u0130zole 180mm<\/td>\n<td align=\"center\" bgcolor=\"#ffffff\">1<\/td>\n<\/tr>\n<tr>\n<td align=\"center\" bgcolor=\"#e2e3e4\">2510<\/td>\n<td align=\"center\" bgcolor=\"#e2e3e4\">Special Ayarl\u0131 Pense 250mm<\/td>\n<td align=\"center\" bgcolor=\"#e2e3e4\">1<\/td>\n<\/tr>\n<tr>\n<td align=\"center\" bgcolor=\"#ffffff\">0600<\/td>\n<td align=\"center\" bgcolor=\"#ffffff\">Kurba\u011fc\u0131k Anahtar 10&#8221;<\/td>\n<td align=\"center\" bgcolor=\"#ffffff\">1<\/td>\n<\/tr>\n<tr>\n<td align=\"center\" bgcolor=\"#e2e3e4\">2400<\/td>\n<td align=\"center\" bgcolor=\"#e2e3e4\">\u00dcniversal Fort Pense 240mm<\/td>\n<td align=\"center\" bgcolor=\"#e2e3e4\">1<\/td>\n<\/tr>\n<\/tbody>\n<\/table>\n<table border=\"0\" width=\"100%\" cellspacing=\"2\" cellpadding=\"2\">\n<tbody>\n<tr>\n<td bgcolor=\"#999999\"><strong>4.<\/strong><strong>Garaj Seri \u00c7ekmece\u00a0 \u00a0 \u00a0 \u00a0Kod: 8242 00 4018<\/strong><\/td>\n<td align=\"center\" bgcolor=\"#999999\"><\/td>\n<td align=\"center\" bgcolor=\"#999999\"><\/td>\n<\/tr>\n<tr>\n<td align=\"center\" bgcolor=\"#cccdcf\"><strong>KOD<\/strong><\/td>\n<td align=\"center\" bgcolor=\"#cccdcf\"><strong>\u0130\u00c7ER\u0130K\u00a0<\/strong><\/td>\n<td align=\"center\" bgcolor=\"#cccdcf\"><img loading=\"lazy\" decoding=\"async\" src=\"https:\/\/www.izeltas.com.tr\/izeltascomtr\/upl\/Image\/kare.jpg\" alt=\"\" width=\"34\" height=\"34\" \/><\/td>\n<\/tr>\n<tr>\n<td align=\"center\" bgcolor=\"#ffffff\">\u00a04300<\/td>\n<td align=\"center\" bgcolor=\"#ffffff\">Rod Seri D\u00fcz U\u00e7lu Tornavida\u00a0 5&#215;125-4&#215;100-6&#215;150-8&#215;175<\/td>\n<td align=\"center\" bgcolor=\"#ffffff\">4<\/td>\n<\/tr>\n<tr>\n<td align=\"center\" bgcolor=\"#e2e3e4\">4320<\/td>\n<td align=\"center\" bgcolor=\"#e2e3e4\">\u00a0Rod Seri Y\u0131ld\u0131z U\u00e7lu Tornavida\u00a0 4,5&#215;80-6&#215;100<\/td>\n<td align=\"center\" bgcolor=\"#e2e3e4\">\u00a02<\/td>\n<\/tr>\n<tr>\n<td align=\"center\" bgcolor=\"#ffffff\">5800<\/td>\n<td align=\"center\" bgcolor=\"#ffffff\">Tesviyeci \u00c7eki\u00e7\u00a0 300gr<\/td>\n<td align=\"center\" bgcolor=\"#ffffff\">1<\/td>\n<\/tr>\n<tr>\n<td align=\"center\" bgcolor=\"#e2e3e4\">5850<\/td>\n<td align=\"center\" bgcolor=\"#e2e3e4\">Plastik \u00c7eki\u00e7\u00a0 \u00d830<\/td>\n<td align=\"center\" bgcolor=\"#e2e3e4\">1<\/td>\n<\/tr>\n<tr>\n<td align=\"center\" bgcolor=\"#ffffff\">5545<\/td>\n<td align=\"center\" bgcolor=\"#ffffff\">Konik Pim Z\u0131mba\u00a0 5mm<\/td>\n<td align=\"center\" bgcolor=\"#ffffff\">1<\/td>\n<\/tr>\n<tr>\n<td align=\"center\" bgcolor=\"#e2e3e4\">5550<\/td>\n<td align=\"center\" bgcolor=\"#e2e3e4\">D\u00fcz Pim Z\u0131mba\u00a0 5mm<\/td>\n<td align=\"center\" bgcolor=\"#e2e3e4\">1<\/td>\n<\/tr>\n<tr>\n<td align=\"center\" bgcolor=\"#ffffff\">5540<\/td>\n<td align=\"center\" bgcolor=\"#ffffff\">Nokta Z\u0131mba\u00a0 5&#215;120<\/td>\n<td align=\"center\" bgcolor=\"#ffffff\">1<\/td>\n<\/tr>\n<tr>\n<td align=\"center\" bgcolor=\"#e2e3e4\">5500<\/td>\n<td align=\"center\" bgcolor=\"#e2e3e4\">D\u00fcz Keski\u00a0 150mm<\/td>\n<td align=\"center\" bgcolor=\"#e2e3e4\">1<\/td>\n<\/tr>\n<tr>\n<td align=\"center\" bgcolor=\"#ffffff\">4920<\/td>\n<td align=\"center\" bgcolor=\"#ffffff\">T Tipi Allen Anahtar\u00a0 3-4-5-6-7-8<\/td>\n<td align=\"center\" bgcolor=\"#ffffff\">6<\/td>\n<\/tr>\n<\/tbody>\n<\/table>\n<table border=\"0\" width=\"100%\" cellspacing=\"2\" cellpadding=\"2\">\n<tbody>\n<tr>\n<td bgcolor=\"#999999\"><strong>5.<\/strong><strong>Garaj Seri \u00c7ekmece\u00a0 \u00a0 \u00a0 Kod: 8242 00 5011<\/strong><\/td>\n<td bgcolor=\"#999999\"><\/td>\n<td align=\"center\" bgcolor=\"#999999\"><\/td>\n<\/tr>\n<tr>\n<td align=\"center\" bgcolor=\"#cccdcf\"><strong>KOD<\/strong><\/td>\n<td align=\"center\" bgcolor=\"#cccdcf\"><strong>\u0130\u00c7ER\u0130K<\/strong><\/td>\n<td align=\"center\" bgcolor=\"#cccdcf\"><img loading=\"lazy\" decoding=\"async\" src=\"https:\/\/www.izeltas.com.tr\/izeltascomtr\/upl\/Image\/kare.jpg\" alt=\"\" width=\"34\" height=\"34\" \/><\/td>\n<\/tr>\n<tr>\n<td align=\"center\" bgcolor=\"#ffffff\">\u00a007415<\/td>\n<td align=\"center\" bgcolor=\"#ffffff\">S\u0131ral\u0131 Tel F\u0131r\u00e7a 3 S\u0131ral\u0131<\/td>\n<td align=\"center\" bgcolor=\"#ffffff\">1<\/td>\n<\/tr>\n<tr>\n<td align=\"center\" bgcolor=\"#e2e3e4\">\u00a06350<\/td>\n<td align=\"center\" bgcolor=\"#e2e3e4\">Levye Oluklu 400mm<\/td>\n<td align=\"center\" bgcolor=\"#e2e3e4\">\u00a01<\/td>\n<\/tr>\n<tr>\n<td align=\"center\" bgcolor=\"#ffffff\">6220<\/td>\n<td align=\"center\" bgcolor=\"#ffffff\">Spiralli M\u0131knat\u0131s 500gr<\/td>\n<td align=\"center\" bgcolor=\"#ffffff\">1<\/td>\n<\/tr>\n<tr>\n<td align=\"center\" bgcolor=\"#e2e3e4\">4310<\/td>\n<td align=\"center\" bgcolor=\"#e2e3e4\">D\u00fcz Topa\u00e7 Tornavida 6,25&#215;25<\/td>\n<td align=\"center\" bgcolor=\"#e2e3e4\">1<\/td>\n<\/tr>\n<tr>\n<td align=\"center\" bgcolor=\"#ffffff\">4330<\/td>\n<td align=\"center\" bgcolor=\"#ffffff\">Y\u0131ld\u0131z Topa\u00e7 Tornavida 6&#215;25<\/td>\n<td align=\"center\" bgcolor=\"#ffffff\">1<\/td>\n<\/tr>\n<tr>\n<td align=\"center\" bgcolor=\"#e2e3e4\">4770<\/td>\n<td align=\"center\" bgcolor=\"#e2e3e4\">Lokma U\u00e7lu Tornavida 6-7-8-9-10-13<\/td>\n<td align=\"center\" bgcolor=\"#e2e3e4\">6<\/td>\n<\/tr>\n<\/tbody>\n<\/table>\n","protected":false},"excerpt":{"rendered":"<p>KOD \u00c7EKMECE \u00a0 RENK 400x545x68 400x545x143 400x545x218 8242 32 1005 5 1X 4X &#8212; 59 8242 32 1006 6 4X 1X 1X 62 8242 32 1007 7 5X 2X &#8212; 65 8242 32 1008 8 7X 1X &#8212; 67 8242 32 2005 5 1X 4X &#8212; 59 8242 32 2006 6 4X 1X 1X 62 [&hellip;]<\/p>\n","protected":false},"featured_media":18350,"comment_status":"closed","ping_status":"closed","template":"","meta":[],"product_brand":[],"product_cat":[257,264],"product_tag":[],"class_list":{"0":"post-20012","1":"product","2":"type-product","3":"status-publish","4":"has-post-thumbnail","6":"product_cat-el-aletleri","7":"product_cat-takim-dolaplari","9":"first","10":"instock","11":"shipping-taxable","12":"product-type-simple"},"_links":{"self":[{"href":"https:\/\/korogluhirdavat.com.tr\/index.php?rest_route=\/wp\/v2\/product\/20012","targetHints":{"allow":["GET"]}}],"collection":[{"href":"https:\/\/korogluhirdavat.com.tr\/index.php?rest_route=\/wp\/v2\/product"}],"about":[{"href":"https:\/\/korogluhirdavat.com.tr\/index.php?rest_route=\/wp\/v2\/types\/product"}],"replies":[{"embeddable":true,"href":"https:\/\/korogluhirdavat.com.tr\/index.php?rest_route=%2Fwp%2Fv2%2Fcomments&post=20012"}],"wp:featuredmedia":[{"embeddable":true,"href":"https:\/\/korogluhirdavat.com.tr\/index.php?rest_route=\/wp\/v2\/media\/18350"}],"wp:attachment":[{"href":"https:\/\/korogluhirdavat.com.tr\/index.php?rest_route=%2Fwp%2Fv2%2Fmedia&parent=20012"}],"wp:term":[{"taxonomy":"product_brand","embeddable":true,"href":"https:\/\/korogluhirdavat.com.tr\/index.php?rest_route=%2Fwp%2Fv2%2Fproduct_brand&post=20012"},{"taxonomy":"product_cat","embeddable":true,"href":"https:\/\/korogluhirdavat.com.tr\/index.php?rest_route=%2Fwp%2Fv2%2Fproduct_cat&post=20012"},{"taxonomy":"product_tag","embeddable":true,"href":"https:\/\/korogluhirdavat.com.tr\/index.php?rest_route=%2Fwp%2Fv2%2Fproduct_tag&post=20012"}],"curies":[{"name":"wp","href":"https:\/\/api.w.org\/{rel}","templated":true}]}}