{"id":20013,"date":"2021-09-03T21:01:27","date_gmt":"2021-09-03T21:01:27","guid":{"rendered":"https:\/\/koroglucivata.com\/?post_type=product&#038;p=20013"},"modified":"2021-09-03T21:01:30","modified_gmt":"2021-09-03T21:01:30","slug":"8243-eko-serisi-takim-dolabi-5-7-cekmeceli","status":"publish","type":"product","link":"https:\/\/korogluhirdavat.com.tr\/?product=8243-eko-serisi-takim-dolabi-5-7-cekmeceli","title":{"rendered":"8243 Eko Serisi Tak\u0131m Dolab\u0131 (5-7 \u00c7ekmeceli)"},"content":{"rendered":"<table border=\"0\" width=\"100%\" cellspacing=\"2\" cellpadding=\"2\">\n<tbody>\n<tr>\n<td align=\"center\" bgcolor=\"#cecfd1\"><strong>KOD<\/strong><\/td>\n<td align=\"center\" bgcolor=\"#cecfd1\"><strong>\u00c7EKMECE<\/strong><\/td>\n<td align=\"center\" bgcolor=\"#cecfd1\"><img loading=\"lazy\" decoding=\"async\" src=\"https:\/\/www.izeltas.com.tr\/upl\/35kg(1).png\" alt=\"\" width=\"65\" height=\"38\" \/><\/td>\n<td align=\"center\" bgcolor=\"#cecfd1\"><img loading=\"lazy\" decoding=\"async\" src=\"https:\/\/www.izeltas.com.tr\/upl\/45kg(7).png\" alt=\"\" width=\"65\" height=\"38\" \/><\/td>\n<td align=\"center\" bgcolor=\"#cecfd1\"><img loading=\"lazy\" decoding=\"async\" src=\"https:\/\/www.izeltas.com.tr\/upl\/terazi_G(2)(3).jpg\" alt=\"\" width=\"34\" height=\"34\" \/><\/td>\n<td align=\"center\" bgcolor=\"#cecfd1\"><strong>RENK\u00a0<\/strong><\/td>\n<\/tr>\n<tr>\n<td align=\"center\" bgcolor=\"#cecfd1\"><\/td>\n<td align=\"center\" bgcolor=\"#cecfd1\"><\/td>\n<td align=\"center\" bgcolor=\"#cecfd1\"><strong>350x503x82<\/strong><\/td>\n<td align=\"center\" bgcolor=\"#cecfd1\"><strong>400x503x176<\/strong><\/td>\n<td align=\"center\" bgcolor=\"#cecfd1\"><\/td>\n<td align=\"center\" bgcolor=\"#cecfd1\"><\/td>\n<\/tr>\n<tr>\n<td bgcolor=\"#ffffff\">&nbsp;<\/p>\n<p>8243 32 1005<\/td>\n<td bgcolor=\"#ffffff\">5<\/td>\n<td bgcolor=\"#ffffff\">3x<\/td>\n<td bgcolor=\"#ffffff\">2x<\/td>\n<td bgcolor=\"#ffffff\">\u00a064<\/td>\n<td rowspan=\"2\" bgcolor=\"#ffffff\"><img loading=\"lazy\" decoding=\"async\" src=\"https:\/\/www.izeltas.com.tr\/upl\/ral%207016-3020(5).jpg\" alt=\"\" width=\"56\" height=\"56\" \/><\/td>\n<\/tr>\n<tr>\n<td bgcolor=\"#cccccc\">&nbsp;<\/p>\n<p>8243 32 1007<\/td>\n<td bgcolor=\"#cccccc\">7<\/td>\n<td bgcolor=\"#cccccc\">7x<\/td>\n<td bgcolor=\"#cccccc\">&#8212;<\/td>\n<td bgcolor=\"#cccccc\"><\/td>\n<\/tr>\n<tr>\n<td bgcolor=\"#ffffff\">&nbsp;<\/p>\n<p>8243 32 2005<\/td>\n<td bgcolor=\"#ffffff\">5<\/td>\n<td bgcolor=\"#ffffff\">3x<\/td>\n<td bgcolor=\"#ffffff\">2x<\/td>\n<td bgcolor=\"#ffffff\">\u00a064<\/td>\n<td rowspan=\"2\" bgcolor=\"#ffffff\"><img loading=\"lazy\" decoding=\"async\" src=\"https:\/\/www.izeltas.com.tr\/upl\/ral%2070016%205003(2).jpg\" alt=\"\" width=\"54\" height=\"54\" \/><\/td>\n<\/tr>\n<tr>\n<td bgcolor=\"#cccccc\">&nbsp;<\/p>\n<p>8243 32 2007<\/td>\n<td bgcolor=\"#cccccc\">7<\/td>\n<td bgcolor=\"#cccccc\">7x<\/td>\n<td bgcolor=\"#cccccc\">&#8212;<\/td>\n<td bgcolor=\"#cccccc\"><\/td>\n<\/tr>\n<tr>\n<td bgcolor=\"#ffffff\">&nbsp;<\/p>\n<p>8243 32 3005<\/td>\n<td align=\"center\" bgcolor=\"#ffffff\">5<\/td>\n<td align=\"center\" bgcolor=\"#ffffff\">3x<\/td>\n<td align=\"center\" bgcolor=\"#ffffff\">2x<\/td>\n<td align=\"center\" bgcolor=\"#ffffff\">\u00a064<\/td>\n<td rowspan=\"2\" align=\"center\" bgcolor=\"#ffffff\"><img loading=\"lazy\" decoding=\"async\" src=\"https:\/\/www.izeltas.com.tr\/upl\/ral%207016-7035(2).png\" alt=\"\" width=\"54\" height=\"54\" \/><\/td>\n<\/tr>\n<tr>\n<td bgcolor=\"#cccccc\">&nbsp;<\/p>\n<p>8243 32 3007<\/td>\n<td align=\"center\" bgcolor=\"#cccccc\">7<\/td>\n<td align=\"center\" bgcolor=\"#cccccc\">7x<\/td>\n<td align=\"center\" bgcolor=\"#cccccc\">&#8212;<\/td>\n<td align=\"center\" bgcolor=\"#cccccc\"><\/td>\n<\/tr>\n<tr>\n<td bgcolor=\"#ffffff\">&nbsp;<\/p>\n<p>8243 00 1096<\/p>\n<p>Dolu<\/p>\n<p>96 Par\u00e7a<\/td>\n<td align=\"center\" bgcolor=\"#ffffff\">5<\/td>\n<td align=\"center\" bgcolor=\"#ffffff\">3x<\/td>\n<td align=\"center\" bgcolor=\"#ffffff\">2x<\/td>\n<td align=\"center\" bgcolor=\"#ffffff\"><\/td>\n<td align=\"center\" bgcolor=\"#ffffff\"><\/td>\n<\/tr>\n<\/tbody>\n<\/table>\n<p>&nbsp;<\/p>\n<table border=\"0\" width=\"100%\" cellspacing=\"1\" cellpadding=\"1\">\n<tbody>\n<tr>\n<td bgcolor=\"#999999\">\u00a0<strong>1.Eko Seri \u00c7ekmece<\/strong><\/td>\n<td bgcolor=\"#999999\"><strong>Kod: 8243 00 1030<\/strong><\/td>\n<td bgcolor=\"#999999\"><\/td>\n<td bgcolor=\"#999999\"><\/td>\n<\/tr>\n<tr>\n<td bgcolor=\"#cccccc\"><strong>KOD<\/strong><\/td>\n<td bgcolor=\"#cccccc\"><\/td>\n<td bgcolor=\"#cccccc\">\u00a0<b>\u0130\u00c7ER\u0130K<\/b><\/td>\n<td bgcolor=\"#cccccc\"><img loading=\"lazy\" decoding=\"async\" src=\"https:\/\/www.izeltas.com.tr\/upl\/kare(3).jpg\" alt=\"\" width=\"34\" height=\"34\" \/><\/td>\n<\/tr>\n<tr>\n<td bgcolor=\"#ffffff\">\u00a00100<\/td>\n<td bgcolor=\"#ffffff\"><\/td>\n<td bgcolor=\"#ffffff\"><strong>\u00a00100 \u0130ki a\u011f\u0131z Anahtar<\/strong><\/p>\n<p>6&#215;7 &#8211; 8&#215;9 &#8211; 10&#215;11 &#8211; 12&#215;13 &#8211; 14&#215;15 &#8211; 16&#215;17 &#8211; 18&#215;19 &#8211; 20&#215;22 &#8211; 21&#215;23 &#8211; 24&#215;26<\/td>\n<td bgcolor=\"#ffffff\">\u00a010<\/td>\n<\/tr>\n<tr>\n<td bgcolor=\"#cccccc\">\u00a00320<\/td>\n<td bgcolor=\"#cccccc\"><\/td>\n<td bgcolor=\"#cccccc\"><strong>0320 Kombine Anahtar\u00a0<\/strong><\/p>\n<p>8 &#8211; 9 &#8211; 10 &#8211; 11 &#8211; 12 &#8211; 13 &#8211; 14 &#8211; 15 &#8211; 16 &#8211; 17 &#8211; 19 &#8211; 22<\/td>\n<td bgcolor=\"#cccccc\">\u00a012<\/td>\n<\/tr>\n<tr>\n<td bgcolor=\"#ffffff\">&nbsp;<\/p>\n<p>0430<\/td>\n<td bgcolor=\"#ffffff\"><\/td>\n<td bgcolor=\"#ffffff\"><strong>\u00a00430 Y\u0131ld\u0131z Anahtar<\/strong><\/p>\n<p>6&#215;7 &#8211; 8&#215;9 &#8211; 10&#215;11 &#8211; 12&#215;13 &#8211; 14&#215;15 &#8211; 16&#215;17 &#8211; 18&#215;19 &#8211; 20&#215;22<\/td>\n<td bgcolor=\"#ffffff\">\u00a08<\/td>\n<\/tr>\n<tr>\n<td bgcolor=\"#999999\">\u00a0<strong>2.Eko Seri \u00c7ekmece<\/strong><strong><br \/>\n<\/strong><\/td>\n<td bgcolor=\"#999999\"><strong>Kod: 8243 00 2052<\/strong><\/td>\n<td bgcolor=\"#999999\"><\/td>\n<td bgcolor=\"#999999\"><\/td>\n<\/tr>\n<tr>\n<td bgcolor=\"#cccccc\"><strong>\u00a0KOD \u00a0 \u00a0\u00a0<\/strong><\/td>\n<td bgcolor=\"#cccccc\"><\/td>\n<td bgcolor=\"#cccccc\">\u00a0\u00a0<strong>\u0130\u00c7ER\u0130K\u00a0<\/strong><\/td>\n<td bgcolor=\"#cccccc\">\u00a0<img loading=\"lazy\" decoding=\"async\" src=\"https:\/\/www.izeltas.com.tr\/upl\/kare(4).jpg\" alt=\"\" width=\"34\" height=\"34\" \/><\/td>\n<\/tr>\n<tr>\n<td bgcolor=\"#ffffff\">\u00a01113<\/td>\n<td bgcolor=\"#ffffff\"><\/td>\n<td bgcolor=\"#ffffff\"><strong>1113 \u00a01\/2&#8243; 17&#8217;li Lokma Tak\u0131m\u0131<\/strong><\/p>\n<p>10 &#8211; 11 &#8211; 12 &#8211; 13 &#8211; 15 &#8211; 17 &#8211; 19 &#8211; 22 &#8211; 24 &#8211; 27 &#8211; 30 &#8211; 32<\/p>\n<p>250 &#8211; 250 &#8211; 250 &#8211; 70<\/p>\n<p><strong>\u00a0<\/strong><\/td>\n<td bgcolor=\"#ffffff\">\u00a017<\/td>\n<\/tr>\n<tr>\n<td bgcolor=\"#cccccc\"><\/td>\n<td bgcolor=\"#cccccc\"><\/td>\n<td bgcolor=\"#cccccc\"><strong>1\/4&#8243;mm Karb\u00fcrat\u00f6r Lokma Tak\u0131m\u0131\u00a0<\/strong><\/p>\n<p>4 &#8211; 5 &#8211; 6 &#8211; 7 &#8211; 8 &#8211; 9 &#8211; 10 &#8211; 11 &#8211; 12 &#8211; 13<\/p>\n<p><strong>Sekiz k\u00f6\u015fe<\/strong>\u00a08 &#8211; 10<\/p>\n<p>140 &#8211; 115 &#8211; 100 &#8211; 50 &#8211; 38 &#8211; 130<\/td>\n<td bgcolor=\"#cccccc\">\u00a018<\/td>\n<\/tr>\n<tr>\n<td bgcolor=\"#ffffff\">\u00a0<strong>4900<\/strong><\/td>\n<td bgcolor=\"#ffffff\"><\/td>\n<td bgcolor=\"#ffffff\"><strong>4900 Allen Anahtar Tak\u0131m\u0131<\/strong><\/p>\n<p>2 &#8211; 2.5 &#8211; 3 &#8211; 3.5 &#8211; 4 &#8211; 5 &#8211; 6 &#8211; 7 &#8211; 8 &#8211; 9 &#8211; 10 &#8211; 12<\/td>\n<td bgcolor=\"#ffffff\">\u00a012<\/td>\n<\/tr>\n<tr>\n<td bgcolor=\"#cccccc\"><\/td>\n<td bgcolor=\"#cccccc\"><\/td>\n<td bgcolor=\"#cccccc\"><strong>Lokma U\u00e7lu Tornavidalar<\/strong><\/p>\n<p>6 &#8211; 7 &#8211; 8 &#8211; 10 &#8211; 13<\/td>\n<td bgcolor=\"#cccccc\">\u00a05<\/td>\n<\/tr>\n<tr>\n<td bgcolor=\"#999999\"><strong>3.Eko Seri \u00c7ekmece<\/strong><strong><br \/>\n<\/strong><\/td>\n<td bgcolor=\"#999999\"><strong>Kod: 8243 00 3013<\/strong><\/td>\n<td bgcolor=\"#999999\"><\/td>\n<td bgcolor=\"#999999\"><\/td>\n<\/tr>\n<tr>\n<td bgcolor=\"#cccccc\"><strong>KOD<\/strong><\/td>\n<td bgcolor=\"#cccccc\"><\/td>\n<td bgcolor=\"#cccccc\">\u00a0<strong>\u0130\u00c7ER\u0130K\u00a0<\/strong><\/td>\n<td bgcolor=\"#cccccc\">\u00a0<img loading=\"lazy\" decoding=\"async\" src=\"https:\/\/www.izeltas.com.tr\/upl\/kare(5).jpg\" alt=\"\" width=\"34\" height=\"34\" \/><\/td>\n<\/tr>\n<tr>\n<td bgcolor=\"#ffffff\">4320<\/td>\n<td bgcolor=\"#ffffff\"><\/td>\n<td bgcolor=\"#ffffff\"><strong>4320 Rod Y\u0131ld\u0131z U\u00e7lu Tornavida<\/strong><\/p>\n<p>4,5&#215;80 &#8211; 6&#215;100 mm<\/td>\n<td bgcolor=\"#ffffff\">\u00a02<\/td>\n<\/tr>\n<tr>\n<td bgcolor=\"#cccccc\">4300<\/td>\n<td bgcolor=\"#cccccc\"><\/td>\n<td bgcolor=\"#cccccc\"><strong>4300 Rod D\u00fcz U\u00e7lu Tornavida\u00a0<\/strong><\/p>\n<p>5&#215;125 &#8211; 4&#215;100 &#8211; 6&#215;150 &#8211; 8&#215;175<\/td>\n<td bgcolor=\"#cccccc\">\u00a04<\/td>\n<\/tr>\n<tr>\n<td bgcolor=\"#ffffff\">\u00a03700<\/td>\n<td bgcolor=\"#ffffff\"><\/td>\n<td bgcolor=\"#ffffff\"><strong>3700 Yan Keski Opak<\/strong><\/p>\n<p>160 mm<\/td>\n<td bgcolor=\"#ffffff\">\u00a01<\/td>\n<\/tr>\n<tr>\n<td bgcolor=\"#cccccc\">\u00a03020<\/td>\n<td bgcolor=\"#cccccc\"><\/td>\n<td bgcolor=\"#cccccc\"><strong>\u00a03020 Kombine Pense Opak<\/strong><\/p>\n<p>180 mm<\/td>\n<td bgcolor=\"#cccccc\">\u00a01<\/td>\n<\/tr>\n<tr>\n<td bgcolor=\"#ffffff\">\u00a03220<\/td>\n<td bgcolor=\"#ffffff\"><\/td>\n<td bgcolor=\"#ffffff\"><strong>3220 Uzun Kargaburun D\u00fcz U\u00e7lu Opak<\/strong><\/p>\n<p>160 mm<\/td>\n<td bgcolor=\"#ffffff\">\u00a01<\/td>\n<\/tr>\n<tr>\n<td bgcolor=\"#cccccc\">\u00a05500<\/td>\n<td bgcolor=\"#cccccc\"><\/td>\n<td bgcolor=\"#cccccc\"><strong>5500 D\u00fcz Keski Krom<\/strong><\/p>\n<p>150 mm<\/td>\n<td bgcolor=\"#cccccc\">\u00a01<\/td>\n<\/tr>\n<tr>\n<td bgcolor=\"#ffffff\">5800<\/td>\n<td bgcolor=\"#ffffff\"><\/td>\n<td bgcolor=\"#ffffff\"><strong>5800 Tesviyeci \u00c7ekici\u00a0<\/strong><\/p>\n<p>300 gr<\/td>\n<td bgcolor=\"#ffffff\">\u00a01<\/td>\n<\/tr>\n<tr>\n<td bgcolor=\"#cccccc\">\u00a02510<\/td>\n<td bgcolor=\"#cccccc\"><\/td>\n<td bgcolor=\"#cccccc\"><strong>2510 Special Ayarl\u0131 Pense<\/strong><\/p>\n<p>250 mm<\/td>\n<td bgcolor=\"#cccccc\">\u00a0 1<\/td>\n<\/tr>\n<tr>\n<td bgcolor=\"#ffffff\">\u00a02400<\/td>\n<td bgcolor=\"#ffffff\"><\/td>\n<td bgcolor=\"#ffffff\"><strong>2400 \u00dcniversal Fort Pense PVC<\/strong><\/p>\n<p>240 mm<\/td>\n<td bgcolor=\"#ffffff\">\u00a01<\/td>\n<\/tr>\n<\/tbody>\n<\/table>\n","protected":false},"excerpt":{"rendered":"<p>KOD \u00c7EKMECE RENK\u00a0 350x503x82 400x503x176 &nbsp; 8243 32 1005 5 3x 2x \u00a064 &nbsp; 8243 32 1007 7 7x &#8212; &nbsp; 8243 32 2005 5 3x 2x \u00a064 &nbsp; 8243 32 2007 7 7x &#8212; &nbsp; 8243 32 3005 5 3x 2x \u00a064 &nbsp; 8243 32 3007 7 7x &#8212; &nbsp; 8243 00 1096 Dolu [&hellip;]<\/p>\n","protected":false},"featured_media":18352,"comment_status":"closed","ping_status":"closed","template":"","meta":[],"product_brand":[],"product_cat":[257,264],"product_tag":[],"class_list":{"0":"post-20013","1":"product","2":"type-product","3":"status-publish","4":"has-post-thumbnail","6":"product_cat-el-aletleri","7":"product_cat-takim-dolaplari","9":"first","10":"instock","11":"shipping-taxable","12":"product-type-simple"},"_links":{"self":[{"href":"https:\/\/korogluhirdavat.com.tr\/index.php?rest_route=\/wp\/v2\/product\/20013","targetHints":{"allow":["GET"]}}],"collection":[{"href":"https:\/\/korogluhirdavat.com.tr\/index.php?rest_route=\/wp\/v2\/product"}],"about":[{"href":"https:\/\/korogluhirdavat.com.tr\/index.php?rest_route=\/wp\/v2\/types\/product"}],"replies":[{"embeddable":true,"href":"https:\/\/korogluhirdavat.com.tr\/index.php?rest_route=%2Fwp%2Fv2%2Fcomments&post=20013"}],"wp:featuredmedia":[{"embeddable":true,"href":"https:\/\/korogluhirdavat.com.tr\/index.php?rest_route=\/wp\/v2\/media\/18352"}],"wp:attachment":[{"href":"https:\/\/korogluhirdavat.com.tr\/index.php?rest_route=%2Fwp%2Fv2%2Fmedia&parent=20013"}],"wp:term":[{"taxonomy":"product_brand","embeddable":true,"href":"https:\/\/korogluhirdavat.com.tr\/index.php?rest_route=%2Fwp%2Fv2%2Fproduct_brand&post=20013"},{"taxonomy":"product_cat","embeddable":true,"href":"https:\/\/korogluhirdavat.com.tr\/index.php?rest_route=%2Fwp%2Fv2%2Fproduct_cat&post=20013"},{"taxonomy":"product_tag","embeddable":true,"href":"https:\/\/korogluhirdavat.com.tr\/index.php?rest_route=%2Fwp%2Fv2%2Fproduct_tag&post=20013"}],"curies":[{"name":"wp","href":"https:\/\/api.w.org\/{rel}","templated":true}]}}