{"id":20015,"date":"2021-09-03T21:01:27","date_gmt":"2021-09-03T21:01:27","guid":{"rendered":"https:\/\/koroglucivata.com\/?post_type=product&#038;p=20015"},"modified":"2021-09-03T21:01:30","modified_gmt":"2021-09-03T21:01:30","slug":"8160-takim-dolabi-serisi","status":"publish","type":"product","link":"https:\/\/korogluhirdavat.com.tr\/?product=8160-takim-dolabi-serisi","title":{"rendered":"8160 Tak\u0131m Dolab\u0131 Serisi"},"content":{"rendered":"<table border=\"0\" width=\"100%\" cellspacing=\"2\" cellpadding=\"2\">\n<tbody>\n<tr>\n<td align=\"center\" bgcolor=\"#cecfd1\"><b>KOD<\/b><\/td>\n<td align=\"center\" bgcolor=\"#cecfd1\"><img loading=\"lazy\" decoding=\"async\" src=\"https:\/\/www.izeltas.com.tr\/upl\/%C3%A7ekmece%20bo%C5%9F.png\" alt=\"\" width=\"65\" height=\"32\" \/><\/td>\n<td align=\"center\" bgcolor=\"#cecfd1\"><strong>\u00d6L\u00c7\u00dc mm<\/strong><\/td>\n<td align=\"center\" bgcolor=\"#cecfd1\"><b>RENK<\/b><\/td>\n<td align=\"center\" bgcolor=\"#cecfd1\"><img loading=\"lazy\" decoding=\"async\" src=\"https:\/\/www.izeltas.com.tr\/upl\/terazi_G(2)(4).jpg\" alt=\"\" width=\"34\" height=\"34\" \/><\/td>\n<\/tr>\n<tr>\n<td align=\"center\" bgcolor=\"#cecfd1\"><\/td>\n<td align=\"center\" bgcolor=\"#cecfd1\">200x500x55<\/td>\n<td align=\"center\" bgcolor=\"#cecfd1\"><\/td>\n<td align=\"center\" bgcolor=\"#cecfd1\"><\/td>\n<td align=\"center\" bgcolor=\"#cecfd1\"><\/td>\n<\/tr>\n<tr>\n<td align=\"center\" bgcolor=\"#ffffff\">8160 32 6001<\/td>\n<td align=\"center\" bgcolor=\"#ffffff\">3x<\/td>\n<td align=\"center\" bgcolor=\"#ffffff\">250x650x1010<\/td>\n<td align=\"center\" bgcolor=\"#ffffff\">\u00a0<img loading=\"lazy\" decoding=\"async\" src=\"https:\/\/www.izeltas.com.tr\/upl\/ral%207016-3020(2).jpg\" alt=\"\" width=\"56\" height=\"56\" \/><\/td>\n<td align=\"center\" bgcolor=\"#ffffff\">35<\/td>\n<\/tr>\n<\/tbody>\n<\/table>\n","protected":false},"excerpt":{"rendered":"<p>KOD \u00d6L\u00c7\u00dc mm RENK 200x500x55 8160 32 6001 3x 250x650x1010 \u00a0 35<\/p>\n","protected":false},"featured_media":18374,"comment_status":"closed","ping_status":"closed","template":"","meta":[],"product_brand":[],"product_cat":[257,264],"product_tag":[],"class_list":{"0":"post-20015","1":"product","2":"type-product","3":"status-publish","4":"has-post-thumbnail","6":"product_cat-el-aletleri","7":"product_cat-takim-dolaplari","9":"first","10":"instock","11":"shipping-taxable","12":"product-type-simple"},"_links":{"self":[{"href":"https:\/\/korogluhirdavat.com.tr\/index.php?rest_route=\/wp\/v2\/product\/20015","targetHints":{"allow":["GET"]}}],"collection":[{"href":"https:\/\/korogluhirdavat.com.tr\/index.php?rest_route=\/wp\/v2\/product"}],"about":[{"href":"https:\/\/korogluhirdavat.com.tr\/index.php?rest_route=\/wp\/v2\/types\/product"}],"replies":[{"embeddable":true,"href":"https:\/\/korogluhirdavat.com.tr\/index.php?rest_route=%2Fwp%2Fv2%2Fcomments&post=20015"}],"wp:featuredmedia":[{"embeddable":true,"href":"https:\/\/korogluhirdavat.com.tr\/index.php?rest_route=\/wp\/v2\/media\/18374"}],"wp:attachment":[{"href":"https:\/\/korogluhirdavat.com.tr\/index.php?rest_route=%2Fwp%2Fv2%2Fmedia&parent=20015"}],"wp:term":[{"taxonomy":"product_brand","embeddable":true,"href":"https:\/\/korogluhirdavat.com.tr\/index.php?rest_route=%2Fwp%2Fv2%2Fproduct_brand&post=20015"},{"taxonomy":"product_cat","embeddable":true,"href":"https:\/\/korogluhirdavat.com.tr\/index.php?rest_route=%2Fwp%2Fv2%2Fproduct_cat&post=20015"},{"taxonomy":"product_tag","embeddable":true,"href":"https:\/\/korogluhirdavat.com.tr\/index.php?rest_route=%2Fwp%2Fv2%2Fproduct_tag&post=20015"}],"curies":[{"name":"wp","href":"https:\/\/api.w.org\/{rel}","templated":true}]}}