{"id":20016,"date":"2021-09-03T21:01:27","date_gmt":"2021-09-03T21:01:27","guid":{"rendered":"https:\/\/koroglucivata.com\/?post_type=product&#038;p=20016"},"modified":"2021-09-03T21:01:30","modified_gmt":"2021-09-03T21:01:30","slug":"1107-1-4-alti-kose-lokma-anahtar-mm","status":"publish","type":"product","link":"https:\/\/korogluhirdavat.com.tr\/?product=1107-1-4-alti-kose-lokma-anahtar-mm","title":{"rendered":"1107 1\/4&#8243; Alt\u0131 K\u00f6\u015fe Lokma Anahtar (mm)"},"content":{"rendered":"<table border=\"0\" width=\"100%\" cellspacing=\"2\" cellpadding=\"2\">\n<tbody>\n<tr>\n<td align=\"center\" bgcolor=\"#cecfd1\"><strong>KOD<\/strong><\/td>\n<td align=\"center\" bgcolor=\"#cecfd1\"><img loading=\"lazy\" decoding=\"async\" src=\"https:\/\/www.izeltas.com.tr\/izeltascomtr\/upl\/Image\/yuvarlakAltigen_mm.jpg\" alt=\"\" width=\"34\" height=\"34\" \/><\/td>\n<td align=\"center\" bgcolor=\"#cecfd1\"><img loading=\"lazy\" decoding=\"async\" src=\"https:\/\/www.izeltas.com.tr\/izeltascomtr\/upl\/Image\/d1.jpg\" alt=\"\" width=\"34\" height=\"34\" \/><\/td>\n<td align=\"center\" bgcolor=\"#cecfd1\"><img loading=\"lazy\" decoding=\"async\" src=\"https:\/\/www.izeltas.com.tr\/izeltascomtr\/upl\/Image\/d2.jpg\" alt=\"\" width=\"34\" height=\"34\" \/><\/td>\n<td align=\"center\" bgcolor=\"#cecfd1\"><img loading=\"lazy\" decoding=\"async\" src=\"https:\/\/www.izeltas.com.tr\/izeltascomtr\/upl\/Image\/L1.jpg\" alt=\"\" width=\"34\" height=\"34\" \/><\/td>\n<td align=\"center\" bgcolor=\"#cecfd1\"><img loading=\"lazy\" decoding=\"async\" src=\"https:\/\/www.izeltas.com.tr\/izeltascomtr\/upl\/Image\/L.jpg\" alt=\"\" width=\"34\" height=\"34\" \/><\/td>\n<td align=\"center\" bgcolor=\"#cecfd1\"><img loading=\"lazy\" decoding=\"async\" src=\"https:\/\/www.izeltas.com.tr\/izeltascomtr\/upl\/Image\/terazi_G.jpg\" alt=\"\" width=\"34\" height=\"34\" \/><\/td>\n<td align=\"center\" bgcolor=\"#cecfd1\"><img loading=\"lazy\" decoding=\"async\" src=\"https:\/\/www.izeltas.com.tr\/izeltascomtr\/upl\/Image\/kare.jpg\" alt=\"\" width=\"34\" height=\"34\" \/><\/td>\n<\/tr>\n<tr bgcolor=\"#ffffff\">\n<td align=\"center\">1107 06 0004<\/td>\n<td align=\"center\">4<\/td>\n<td align=\"center\">6.8<\/td>\n<td align=\"center\">11.8<\/td>\n<td align=\"center\">4<\/td>\n<td align=\"center\">24.5<\/td>\n<td align=\"center\">10<\/td>\n<td align=\"center\">10<\/td>\n<\/tr>\n<tr bgcolor=\"#e2e3e4\">\n<td align=\"center\">\u00a01107 06 0045<\/td>\n<td align=\"center\">4.5<\/td>\n<td align=\"center\">7.4<\/td>\n<td align=\"center\">11.8<\/td>\n<td align=\"center\">5<\/td>\n<td align=\"center\">24.5<\/td>\n<td align=\"center\">10<\/td>\n<td align=\"center\">10<\/td>\n<\/tr>\n<tr bgcolor=\"#ffffff\">\n<td align=\"center\">1107 06 0005<\/td>\n<td align=\"center\">5<\/td>\n<td align=\"center\">8<\/td>\n<td align=\"center\">11.8<\/td>\n<td align=\"center\">6<\/td>\n<td align=\"center\">24.5<\/td>\n<td align=\"center\">10<\/td>\n<td align=\"center\">10<\/td>\n<\/tr>\n<tr bgcolor=\"#e2e3e4\">\n<td align=\"center\">1107 06 0055<\/td>\n<td align=\"center\">5.5<\/td>\n<td align=\"center\">8.7<\/td>\n<td align=\"center\">11.8<\/td>\n<td align=\"center\">6<\/td>\n<td align=\"center\">24.5<\/td>\n<td align=\"center\">10<\/td>\n<td align=\"center\">10<\/td>\n<\/tr>\n<tr bgcolor=\"#ffffff\">\n<td align=\"center\">\u00a01107 06 0006<\/td>\n<td align=\"center\">6<\/td>\n<td align=\"center\">9.2<\/td>\n<td align=\"center\">11.8<\/td>\n<td align=\"center\">7<\/td>\n<td align=\"center\">24.5<\/td>\n<td align=\"center\">10<\/td>\n<td align=\"center\">10<\/td>\n<\/tr>\n<tr bgcolor=\"#e2e3e4\">\n<td align=\"center\">1107 06 0007<\/td>\n<td align=\"center\">7<\/td>\n<td align=\"center\">10.3<\/td>\n<td align=\"center\">11.8<\/td>\n<td align=\"center\">7<\/td>\n<td align=\"center\">24.5<\/td>\n<td align=\"center\">10<\/td>\n<td align=\"center\">10<\/td>\n<\/tr>\n<tr bgcolor=\"#ffffff\">\n<td align=\"center\">\u00a01107 06 0008<\/td>\n<td align=\"center\">8<\/td>\n<td align=\"center\">11.4<\/td>\n<td align=\"center\">11.8<\/td>\n<td align=\"center\">8<\/td>\n<td align=\"center\">24.5<\/td>\n<td align=\"center\">10<\/td>\n<td align=\"center\">10<\/td>\n<\/tr>\n<tr bgcolor=\"#e2e3e4\">\n<td align=\"center\">\u00a01107 06 0009<\/td>\n<td align=\"center\">9<\/td>\n<td align=\"center\">12.9<\/td>\n<td align=\"center\">12.2<\/td>\n<td align=\"center\">8<\/td>\n<td align=\"center\">24.5<\/td>\n<td align=\"center\">15<\/td>\n<td align=\"center\">10<\/td>\n<\/tr>\n<tr bgcolor=\"#ffffff\">\n<td align=\"center\">1107 06 0010<\/td>\n<td align=\"center\">10<\/td>\n<td align=\"center\">14.3<\/td>\n<td align=\"center\">13<\/td>\n<td align=\"center\">9<\/td>\n<td align=\"center\">24.5<\/td>\n<td align=\"center\">20<\/td>\n<td align=\"center\">10<\/td>\n<\/tr>\n<tr bgcolor=\"#e2e3e4\">\n<td align=\"center\">\u00a01107 06 0011<\/td>\n<td align=\"center\">11<\/td>\n<td align=\"center\">15.8<\/td>\n<td align=\"center\">14.2<\/td>\n<td align=\"center\">9<\/td>\n<td align=\"center\">24.5<\/td>\n<td align=\"center\">20<\/td>\n<td align=\"center\">10<\/td>\n<\/tr>\n<tr bgcolor=\"#ffffff\">\n<td align=\"center\">1107 06 0012<\/td>\n<td align=\"center\">12<\/td>\n<td align=\"center\">16.8<\/td>\n<td align=\"center\">15.5<\/td>\n<td align=\"center\">9<\/td>\n<td align=\"center\">24.5<\/td>\n<td align=\"center\">25<\/td>\n<td align=\"center\">10<\/td>\n<\/tr>\n<tr bgcolor=\"#e2e3e4\">\n<td align=\"center\">\u00a01107 06 0013<\/td>\n<td align=\"center\">13<\/td>\n<td align=\"center\">17.8<\/td>\n<td align=\"center\">16.5<\/td>\n<td align=\"center\">9<\/td>\n<td align=\"center\">24.5<\/td>\n<td align=\"center\">30<\/td>\n<td align=\"center\">10<\/td>\n<\/tr>\n<\/tbody>\n<\/table>\n","protected":false},"excerpt":{"rendered":"<p>KOD 1107 06 0004 4 6.8 11.8 4 24.5 10 10 \u00a01107 06 0045 4.5 7.4 11.8 5 24.5 10 10 1107 06 0005 5 8 11.8 6 24.5 10 10 1107 06 0055 5.5 8.7 11.8 6 24.5 10 10 \u00a01107 06 0006 6 9.2 11.8 7 24.5 10 10 1107 06 0007 7 [&hellip;]<\/p>\n","protected":false},"featured_media":18376,"comment_status":"closed","ping_status":"closed","template":"","meta":[],"product_brand":[],"product_cat":[257,265],"product_tag":[],"class_list":{"0":"post-20016","1":"product","2":"type-product","3":"status-publish","4":"has-post-thumbnail","6":"product_cat-el-aletleri","7":"product_cat-lokma-anahtarlar","9":"first","10":"instock","11":"shipping-taxable","12":"product-type-simple"},"_links":{"self":[{"href":"https:\/\/korogluhirdavat.com.tr\/index.php?rest_route=\/wp\/v2\/product\/20016","targetHints":{"allow":["GET"]}}],"collection":[{"href":"https:\/\/korogluhirdavat.com.tr\/index.php?rest_route=\/wp\/v2\/product"}],"about":[{"href":"https:\/\/korogluhirdavat.com.tr\/index.php?rest_route=\/wp\/v2\/types\/product"}],"replies":[{"embeddable":true,"href":"https:\/\/korogluhirdavat.com.tr\/index.php?rest_route=%2Fwp%2Fv2%2Fcomments&post=20016"}],"wp:featuredmedia":[{"embeddable":true,"href":"https:\/\/korogluhirdavat.com.tr\/index.php?rest_route=\/wp\/v2\/media\/18376"}],"wp:attachment":[{"href":"https:\/\/korogluhirdavat.com.tr\/index.php?rest_route=%2Fwp%2Fv2%2Fmedia&parent=20016"}],"wp:term":[{"taxonomy":"product_brand","embeddable":true,"href":"https:\/\/korogluhirdavat.com.tr\/index.php?rest_route=%2Fwp%2Fv2%2Fproduct_brand&post=20016"},{"taxonomy":"product_cat","embeddable":true,"href":"https:\/\/korogluhirdavat.com.tr\/index.php?rest_route=%2Fwp%2Fv2%2Fproduct_cat&post=20016"},{"taxonomy":"product_tag","embeddable":true,"href":"https:\/\/korogluhirdavat.com.tr\/index.php?rest_route=%2Fwp%2Fv2%2Fproduct_tag&post=20016"}],"curies":[{"name":"wp","href":"https:\/\/api.w.org\/{rel}","templated":true}]}}