{"id":20026,"date":"2021-09-03T21:01:31","date_gmt":"2021-09-03T21:01:31","guid":{"rendered":"https:\/\/koroglucivata.com\/?post_type=product&#038;p=20026"},"modified":"2021-09-03T21:01:36","modified_gmt":"2021-09-03T21:01:36","slug":"1107-1-4-karburator-lokma-takimi-18-parca-mm","status":"publish","type":"product","link":"https:\/\/korogluhirdavat.com.tr\/?product=1107-1-4-karburator-lokma-takimi-18-parca-mm","title":{"rendered":"1107 1\/4&#8243; Karb\u00fcrat\u00f6r Lokma Tak\u0131m\u0131 (18 par\u00e7a mm)"},"content":{"rendered":"<p>&nbsp;<\/p>\n<table border=\"0\" width=\"100%\" cellspacing=\"2\" cellpadding=\"2\">\n<tbody>\n<tr>\n<td align=\"center\" bgcolor=\"#cecfd1\"><strong>KOD<\/strong><\/td>\n<td align=\"center\" bgcolor=\"#cecfd1\"><strong>Lokmalar<\/strong><\/td>\n<td align=\"center\" bgcolor=\"#cecfd1\"><strong>Avadanl\u0131klar<\/strong><\/td>\n<td align=\"center\" bgcolor=\"#cecfd1\"><img loading=\"lazy\" decoding=\"async\" src=\"https:\/\/www.izeltas.com.tr\/izeltascomtr\/upl\/Image\/terazi_G.jpg\" alt=\"\" width=\"34\" height=\"34\" \/><\/td>\n<td align=\"center\" bgcolor=\"#cecfd1\"><img loading=\"lazy\" decoding=\"async\" src=\"https:\/\/www.izeltas.com.tr\/izeltascomtr\/upl\/Image\/kare.jpg\" alt=\"\" width=\"34\" height=\"34\" \/><\/td>\n<\/tr>\n<tr>\n<td rowspan=\"6\" align=\"center\" bgcolor=\"#ffffff\">1107 00 6018<\/td>\n<td rowspan=\"6\" align=\"center\" bgcolor=\"#ffffff\">4-5-6<br \/>\n7-8-9-10-11-12-13<br \/>\nAlt\u0131 K\u00f6\u015fe<\/p>\n<p>8-10<br \/>\nSekiz K\u00f6\u015fe<\/td>\n<td bgcolor=\"#ffffff\">1\/4&#8243; C\u0131rc\u0131r kolu<\/td>\n<td rowspan=\"6\" align=\"center\" bgcolor=\"#ffffff\">960<\/td>\n<td rowspan=\"6\" align=\"center\" bgcolor=\"#ffffff\">18<\/td>\n<\/tr>\n<\/tbody>\n<\/table>\n<p>&nbsp;<\/p>\n<p>&nbsp;<\/p>\n<p>&nbsp;<\/p>\n<p>&nbsp;<\/p>\n","protected":false},"excerpt":{"rendered":"<p>&nbsp; KOD Lokmalar Avadanl\u0131klar 1107 00 6018 4-5-6 7-8-9-10-11-12-13 Alt\u0131 K\u00f6\u015fe 8-10 Sekiz K\u00f6\u015fe 1\/4&#8243; C\u0131rc\u0131r kolu 960 18 &nbsp; &nbsp; &nbsp; &nbsp;<\/p>\n","protected":false},"featured_media":18386,"comment_status":"closed","ping_status":"closed","template":"","meta":[],"product_brand":[],"product_cat":[257,265],"product_tag":[],"class_list":{"0":"post-20026","1":"product","2":"type-product","3":"status-publish","4":"has-post-thumbnail","6":"product_cat-el-aletleri","7":"product_cat-lokma-anahtarlar","9":"first","10":"instock","11":"shipping-taxable","12":"product-type-simple"},"_links":{"self":[{"href":"https:\/\/korogluhirdavat.com.tr\/index.php?rest_route=\/wp\/v2\/product\/20026","targetHints":{"allow":["GET"]}}],"collection":[{"href":"https:\/\/korogluhirdavat.com.tr\/index.php?rest_route=\/wp\/v2\/product"}],"about":[{"href":"https:\/\/korogluhirdavat.com.tr\/index.php?rest_route=\/wp\/v2\/types\/product"}],"replies":[{"embeddable":true,"href":"https:\/\/korogluhirdavat.com.tr\/index.php?rest_route=%2Fwp%2Fv2%2Fcomments&post=20026"}],"wp:featuredmedia":[{"embeddable":true,"href":"https:\/\/korogluhirdavat.com.tr\/index.php?rest_route=\/wp\/v2\/media\/18386"}],"wp:attachment":[{"href":"https:\/\/korogluhirdavat.com.tr\/index.php?rest_route=%2Fwp%2Fv2%2Fmedia&parent=20026"}],"wp:term":[{"taxonomy":"product_brand","embeddable":true,"href":"https:\/\/korogluhirdavat.com.tr\/index.php?rest_route=%2Fwp%2Fv2%2Fproduct_brand&post=20026"},{"taxonomy":"product_cat","embeddable":true,"href":"https:\/\/korogluhirdavat.com.tr\/index.php?rest_route=%2Fwp%2Fv2%2Fproduct_cat&post=20026"},{"taxonomy":"product_tag","embeddable":true,"href":"https:\/\/korogluhirdavat.com.tr\/index.php?rest_route=%2Fwp%2Fv2%2Fproduct_tag&post=20026"}],"curies":[{"name":"wp","href":"https:\/\/api.w.org\/{rel}","templated":true}]}}