{"id":20027,"date":"2021-09-03T21:01:31","date_gmt":"2021-09-03T21:01:31","guid":{"rendered":"https:\/\/koroglucivata.com\/?post_type=product&#038;p=20027"},"modified":"2021-09-03T21:01:36","modified_gmt":"2021-09-03T21:01:36","slug":"1110-3-8-alti-kose-lokma-anahtar-mm","status":"publish","type":"product","link":"https:\/\/korogluhirdavat.com.tr\/?product=1110-3-8-alti-kose-lokma-anahtar-mm","title":{"rendered":"1110 3\/8&#8243; Alt\u0131 K\u00f6\u015fe Lokma Anahtar (mm)"},"content":{"rendered":"<table border=\"0\" width=\"100%\" cellspacing=\"2\" cellpadding=\"2\">\n<tbody>\n<tr>\n<td align=\"center\" bgcolor=\"#cecfd1\"><strong>KOD<\/strong><\/td>\n<td align=\"center\" bgcolor=\"#cecfd1\"><img loading=\"lazy\" decoding=\"async\" src=\"https:\/\/www.izeltas.com.tr\/izeltascomtr\/upl\/Image\/yuvarlakAltigen_mm.jpg\" alt=\"\" width=\"34\" height=\"34\" \/><\/td>\n<td align=\"center\" bgcolor=\"#cecfd1\"><img loading=\"lazy\" decoding=\"async\" src=\"https:\/\/www.izeltas.com.tr\/izeltascomtr\/upl\/Image\/d1.jpg\" alt=\"\" width=\"34\" height=\"34\" \/><\/td>\n<td align=\"center\" bgcolor=\"#cecfd1\"><img loading=\"lazy\" decoding=\"async\" src=\"https:\/\/www.izeltas.com.tr\/izeltascomtr\/upl\/Image\/d2.jpg\" alt=\"\" width=\"34\" height=\"34\" \/><\/td>\n<td align=\"center\" bgcolor=\"#cecfd1\"><img loading=\"lazy\" decoding=\"async\" src=\"https:\/\/www.izeltas.com.tr\/izeltascomtr\/upl\/Image\/L1.jpg\" alt=\"\" width=\"34\" height=\"34\" \/><\/td>\n<td align=\"center\" bgcolor=\"#cecfd1\"><img loading=\"lazy\" decoding=\"async\" src=\"https:\/\/www.izeltas.com.tr\/izeltascomtr\/upl\/Image\/L.jpg\" alt=\"\" width=\"34\" height=\"34\" \/><\/td>\n<td align=\"center\" bgcolor=\"#cecfd1\"><img loading=\"lazy\" decoding=\"async\" src=\"https:\/\/www.izeltas.com.tr\/izeltascomtr\/upl\/Image\/terazi_G.jpg\" alt=\"\" width=\"34\" height=\"34\" \/><\/td>\n<td align=\"center\" bgcolor=\"#cecfd1\"><img loading=\"lazy\" decoding=\"async\" src=\"https:\/\/www.izeltas.com.tr\/izeltascomtr\/upl\/Image\/kare.jpg\" alt=\"\" width=\"34\" height=\"34\" \/><\/td>\n<\/tr>\n<tr bgcolor=\"#ffffff\">\n<td align=\"center\">\u00a01110 06 0006<\/td>\n<td align=\"center\">6<\/td>\n<td align=\"center\">9.8<\/td>\n<td align=\"center\">17.8<\/td>\n<td align=\"center\">9<\/td>\n<td align=\"center\">27<\/td>\n<td align=\"center\">25<\/td>\n<td align=\"center\">10<\/td>\n<\/tr>\n<tr bgcolor=\"#e2e3e4\">\n<td align=\"center\">\u00a01110 06 0007<\/td>\n<td align=\"center\">7<\/td>\n<td align=\"center\">10.8<\/td>\n<td align=\"center\">17.8<\/td>\n<td align=\"center\">9<\/td>\n<td align=\"center\">27<\/td>\n<td align=\"center\">25<\/td>\n<td align=\"center\">10<\/td>\n<\/tr>\n<tr bgcolor=\"#ffffff\">\n<td align=\"center\">1110 06 0008<\/td>\n<td align=\"center\">8<\/td>\n<td align=\"center\">12<\/td>\n<td align=\"center\">17.8<\/td>\n<td align=\"center\">9<\/td>\n<td align=\"center\">27<\/td>\n<td align=\"center\">25<\/td>\n<td align=\"center\">10<\/td>\n<\/tr>\n<tr bgcolor=\"#e2e3e4\">\n<td align=\"center\">1110 06 0009<\/td>\n<td align=\"center\">9<\/td>\n<td align=\"center\">13.2<\/td>\n<td align=\"center\">17.8<\/td>\n<td align=\"center\">9<\/td>\n<td align=\"center\">27<\/td>\n<td align=\"center\">25<\/td>\n<td align=\"center\">10<\/td>\n<\/tr>\n<tr bgcolor=\"#ffffff\">\n<td align=\"center\">1110 06 0010<\/td>\n<td align=\"center\">10<\/td>\n<td align=\"center\">14.5<\/td>\n<td align=\"center\">17.8<\/td>\n<td align=\"center\">9<\/td>\n<td align=\"center\">27<\/td>\n<td align=\"center\">25<\/td>\n<td align=\"center\">10<\/td>\n<\/tr>\n<tr bgcolor=\"#e2e3e4\">\n<td align=\"center\">1110 06 0011<\/td>\n<td align=\"center\">11<\/td>\n<td align=\"center\">15.8<\/td>\n<td align=\"center\">17.8<\/td>\n<td align=\"center\">9<\/td>\n<td align=\"center\">27<\/td>\n<td align=\"center\">30<\/td>\n<td align=\"center\">10<\/td>\n<\/tr>\n<tr bgcolor=\"#ffffff\">\n<td align=\"center\">1110 06 0012<\/td>\n<td align=\"center\">12<\/td>\n<td align=\"center\">16.8<\/td>\n<td align=\"center\">17.8<\/td>\n<td align=\"center\">9<\/td>\n<td align=\"center\">27<\/td>\n<td align=\"center\">30<\/td>\n<td align=\"center\">10<\/td>\n<\/tr>\n<tr bgcolor=\"#e2e3e4\">\n<td align=\"center\">1110 06 0013<\/td>\n<td align=\"center\">13<\/td>\n<td align=\"center\">17.8<\/td>\n<td align=\"center\">16.8<\/td>\n<td align=\"center\">9<\/td>\n<td align=\"center\">27<\/td>\n<td align=\"center\">30<\/td>\n<td align=\"center\">10<\/td>\n<\/tr>\n<tr bgcolor=\"#ffffff\">\n<td align=\"center\">1110 06 0014<\/td>\n<td align=\"center\">14<\/td>\n<td align=\"center\">19.6<\/td>\n<td align=\"center\">17.5<\/td>\n<td align=\"center\">11<\/td>\n<td align=\"center\">29<\/td>\n<td align=\"center\">35<\/td>\n<td align=\"center\">10<\/td>\n<\/tr>\n<tr bgcolor=\"#e2e3e4\">\n<td align=\"center\">1110 06 0015<\/td>\n<td align=\"center\">15<\/td>\n<td align=\"center\">20.8<\/td>\n<td align=\"center\">18<\/td>\n<td align=\"center\">11<\/td>\n<td align=\"center\">29<\/td>\n<td align=\"center\">45<\/td>\n<td align=\"center\">10<\/td>\n<\/tr>\n<tr bgcolor=\"#ffffff\">\n<td align=\"center\">1110 06 0016<\/td>\n<td align=\"center\">16<\/td>\n<td align=\"center\">21.8<\/td>\n<td align=\"center\">19<\/td>\n<td align=\"center\">11<\/td>\n<td align=\"center\">29<\/td>\n<td align=\"center\">45<\/td>\n<td align=\"center\">10<\/td>\n<\/tr>\n<tr bgcolor=\"#e2e3e4\">\n<td align=\"center\">1110 06 0017<\/td>\n<td align=\"center\">17<\/td>\n<td align=\"center\">23.4<\/td>\n<td align=\"center\">20<\/td>\n<td align=\"center\">11<\/td>\n<td align=\"center\">29<\/td>\n<td align=\"center\">55<\/td>\n<td align=\"center\">10<\/td>\n<\/tr>\n<tr bgcolor=\"#ffffff\">\n<td align=\"center\">1110 06 0018<\/td>\n<td align=\"center\">18<\/td>\n<td align=\"center\">24.7<\/td>\n<td align=\"center\">21<\/td>\n<td align=\"center\">13<\/td>\n<td align=\"center\">29<\/td>\n<td align=\"center\">60<\/td>\n<td align=\"center\">10<\/td>\n<\/tr>\n<tr bgcolor=\"#e2e3e4\">\n<td align=\"center\">1110 06 0019<\/td>\n<td align=\"center\">19<\/td>\n<td align=\"center\">25.8<\/td>\n<td align=\"center\">22<\/td>\n<td align=\"center\">13<\/td>\n<td align=\"center\">29<\/td>\n<td align=\"center\">65<\/td>\n<td align=\"center\">10<\/td>\n<\/tr>\n<tr bgcolor=\"#ffffff\">\n<td align=\"center\">*\u00a01110 06 0020<\/td>\n<td align=\"center\">20<\/td>\n<td align=\"center\">27.1<\/td>\n<td align=\"center\">24<\/td>\n<td align=\"center\">13<\/td>\n<td align=\"center\">32<\/td>\n<td align=\"center\">75<\/td>\n<td align=\"center\">10<\/td>\n<\/tr>\n<tr bgcolor=\"#e2e3e4\">\n<td align=\"center\">1110 06 0021<\/td>\n<td align=\"center\">21<\/td>\n<td align=\"center\">27.8<\/td>\n<td align=\"center\">24<\/td>\n<td align=\"center\">13<\/td>\n<td align=\"center\">32<\/td>\n<td align=\"center\">80<\/td>\n<td align=\"center\">10<\/td>\n<\/tr>\n<tr bgcolor=\"#ffffff\">\n<td align=\"center\">1110 06 0022<\/td>\n<td align=\"center\">22<\/td>\n<td align=\"center\">29.7<\/td>\n<td align=\"center\">26<\/td>\n<td align=\"center\">15<\/td>\n<td align=\"center\">32<\/td>\n<td align=\"center\">85<\/td>\n<td align=\"center\">10<\/td>\n<\/tr>\n<tr bgcolor=\"#e2e3e4\">\n<td align=\"center\">*\u00a01110 06 0023<\/td>\n<td align=\"center\">23<\/td>\n<td align=\"center\">29.7<\/td>\n<td align=\"center\">26<\/td>\n<td align=\"center\">15<\/td>\n<td align=\"center\">32<\/td>\n<td align=\"center\">90<\/td>\n<td align=\"center\">10<\/td>\n<\/tr>\n<\/tbody>\n<\/table>\n<p>&nbsp;<\/p>\n<p>&nbsp;<\/p>\n<p>&nbsp;<\/p>\n<p>&nbsp;<\/p>\n","protected":false},"excerpt":{"rendered":"<p>KOD \u00a01110 06 0006 6 9.8 17.8 9 27 25 10 \u00a01110 06 0007 7 10.8 17.8 9 27 25 10 1110 06 0008 8 12 17.8 9 27 25 10 1110 06 0009 9 13.2 17.8 9 27 25 10 1110 06 0010 10 14.5 17.8 9 27 25 10 1110 06 0011 11 [&hellip;]<\/p>\n","protected":false},"featured_media":18387,"comment_status":"closed","ping_status":"closed","template":"","meta":[],"product_brand":[],"product_cat":[257,265],"product_tag":[],"class_list":{"0":"post-20027","1":"product","2":"type-product","3":"status-publish","4":"has-post-thumbnail","6":"product_cat-el-aletleri","7":"product_cat-lokma-anahtarlar","9":"first","10":"instock","11":"shipping-taxable","12":"product-type-simple"},"_links":{"self":[{"href":"https:\/\/korogluhirdavat.com.tr\/index.php?rest_route=\/wp\/v2\/product\/20027","targetHints":{"allow":["GET"]}}],"collection":[{"href":"https:\/\/korogluhirdavat.com.tr\/index.php?rest_route=\/wp\/v2\/product"}],"about":[{"href":"https:\/\/korogluhirdavat.com.tr\/index.php?rest_route=\/wp\/v2\/types\/product"}],"replies":[{"embeddable":true,"href":"https:\/\/korogluhirdavat.com.tr\/index.php?rest_route=%2Fwp%2Fv2%2Fcomments&post=20027"}],"wp:featuredmedia":[{"embeddable":true,"href":"https:\/\/korogluhirdavat.com.tr\/index.php?rest_route=\/wp\/v2\/media\/18387"}],"wp:attachment":[{"href":"https:\/\/korogluhirdavat.com.tr\/index.php?rest_route=%2Fwp%2Fv2%2Fmedia&parent=20027"}],"wp:term":[{"taxonomy":"product_brand","embeddable":true,"href":"https:\/\/korogluhirdavat.com.tr\/index.php?rest_route=%2Fwp%2Fv2%2Fproduct_brand&post=20027"},{"taxonomy":"product_cat","embeddable":true,"href":"https:\/\/korogluhirdavat.com.tr\/index.php?rest_route=%2Fwp%2Fv2%2Fproduct_cat&post=20027"},{"taxonomy":"product_tag","embeddable":true,"href":"https:\/\/korogluhirdavat.com.tr\/index.php?rest_route=%2Fwp%2Fv2%2Fproduct_tag&post=20027"}],"curies":[{"name":"wp","href":"https:\/\/api.w.org\/{rel}","templated":true}]}}