{"id":20035,"date":"2021-09-03T21:01:32","date_gmt":"2021-09-03T21:01:32","guid":{"rendered":"https:\/\/koroglucivata.com\/?post_type=product&#038;p=20035"},"modified":"2021-09-03T21:01:37","modified_gmt":"2021-09-03T21:01:37","slug":"1110-3-8-lokma-takimi-altikose-20-parca-mm","status":"publish","type":"product","link":"https:\/\/korogluhirdavat.com.tr\/?product=1110-3-8-lokma-takimi-altikose-20-parca-mm","title":{"rendered":"1110 3\/8&#8243; Lokma Tak\u0131m\u0131 Alt\u0131k\u00f6\u015fe (20 par\u00e7a, mm)"},"content":{"rendered":"<table border=\"0\" width=\"100%\" cellspacing=\"2\" cellpadding=\"2\">\n<tbody>\n<tr>\n<td align=\"center\" bgcolor=\"#cecfd1\"><strong>KOD<\/strong><\/td>\n<td align=\"center\" bgcolor=\"#cecfd1\"><strong>Lokmalar<\/strong><\/td>\n<td bgcolor=\"#cecfd1\"><strong>Avadanl\u0131klar<\/strong><\/td>\n<td align=\"center\" bgcolor=\"#cecfd1\"><img loading=\"lazy\" decoding=\"async\" src=\"https:\/\/www.izeltas.com.tr\/izeltascomtr\/upl\/Image\/terazi_G.jpg\" alt=\"\" width=\"34\" height=\"34\" \/><\/td>\n<td align=\"center\" bgcolor=\"#cecfd1\"><img loading=\"lazy\" decoding=\"async\" src=\"https:\/\/www.izeltas.com.tr\/izeltascomtr\/upl\/Image\/kare.jpg\" alt=\"\" width=\"34\" height=\"34\" \/><\/td>\n<\/tr>\n<tr>\n<td rowspan=\"6\" align=\"center\" bgcolor=\"#ffffff\">\u00a01110 00 6020<\/td>\n<td rowspan=\"6\" align=\"center\" bgcolor=\"#ffffff\">6-7-8-9-10<br \/>\n11-12-13-14<br \/>\n17-19-21-22<\/p>\n<p>Alt\u0131 K\u00f6\u015fe<\/p>\n<p>20.8 Buji Lokma<br \/>\n(Lastikli Alt\u0131 K\u00f6\u015fe)<\/td>\n<td bgcolor=\"#ffffff\">3\/8&#8243; C\u0131rc\u0131r Kolu<\/td>\n<td rowspan=\"6\" align=\"center\" bgcolor=\"#ffffff\">2500<\/td>\n<td rowspan=\"6\" align=\"center\" bgcolor=\"#ffffff\">20<\/td>\n<\/tr>\n<\/tbody>\n<\/table>\n<p>&nbsp;<\/p>\n<p>&nbsp;<\/p>\n<p>&nbsp;<\/p>\n<p>&nbsp;<\/p>\n","protected":false},"excerpt":{"rendered":"<p>KOD Lokmalar Avadanl\u0131klar \u00a01110 00 6020 6-7-8-9-10 11-12-13-14 17-19-21-22 Alt\u0131 K\u00f6\u015fe 20.8 Buji Lokma (Lastikli Alt\u0131 K\u00f6\u015fe) 3\/8&#8243; C\u0131rc\u0131r Kolu 2500 20 &nbsp; &nbsp; &nbsp; &nbsp;<\/p>\n","protected":false},"featured_media":18395,"comment_status":"closed","ping_status":"closed","template":"","meta":[],"product_brand":[],"product_cat":[257,265],"product_tag":[],"class_list":{"0":"post-20035","1":"product","2":"type-product","3":"status-publish","4":"has-post-thumbnail","6":"product_cat-el-aletleri","7":"product_cat-lokma-anahtarlar","9":"first","10":"instock","11":"shipping-taxable","12":"product-type-simple"},"_links":{"self":[{"href":"https:\/\/korogluhirdavat.com.tr\/index.php?rest_route=\/wp\/v2\/product\/20035","targetHints":{"allow":["GET"]}}],"collection":[{"href":"https:\/\/korogluhirdavat.com.tr\/index.php?rest_route=\/wp\/v2\/product"}],"about":[{"href":"https:\/\/korogluhirdavat.com.tr\/index.php?rest_route=\/wp\/v2\/types\/product"}],"replies":[{"embeddable":true,"href":"https:\/\/korogluhirdavat.com.tr\/index.php?rest_route=%2Fwp%2Fv2%2Fcomments&post=20035"}],"wp:featuredmedia":[{"embeddable":true,"href":"https:\/\/korogluhirdavat.com.tr\/index.php?rest_route=\/wp\/v2\/media\/18395"}],"wp:attachment":[{"href":"https:\/\/korogluhirdavat.com.tr\/index.php?rest_route=%2Fwp%2Fv2%2Fmedia&parent=20035"}],"wp:term":[{"taxonomy":"product_brand","embeddable":true,"href":"https:\/\/korogluhirdavat.com.tr\/index.php?rest_route=%2Fwp%2Fv2%2Fproduct_brand&post=20035"},{"taxonomy":"product_cat","embeddable":true,"href":"https:\/\/korogluhirdavat.com.tr\/index.php?rest_route=%2Fwp%2Fv2%2Fproduct_cat&post=20035"},{"taxonomy":"product_tag","embeddable":true,"href":"https:\/\/korogluhirdavat.com.tr\/index.php?rest_route=%2Fwp%2Fv2%2Fproduct_tag&post=20035"}],"curies":[{"name":"wp","href":"https:\/\/api.w.org\/{rel}","templated":true}]}}