{"id":20036,"date":"2021-09-03T21:01:33","date_gmt":"2021-09-03T21:01:33","guid":{"rendered":"https:\/\/koroglucivata.com\/?post_type=product&#038;p=20036"},"modified":"2021-09-03T21:01:38","modified_gmt":"2021-09-03T21:01:38","slug":"1108-1-2-derin-lokma-alti-kose-mm","status":"publish","type":"product","link":"https:\/\/korogluhirdavat.com.tr\/?product=1108-1-2-derin-lokma-alti-kose-mm","title":{"rendered":"1108 1\/2&#8221; Derin Lokma Alt\u0131 K\u00f6\u015fe (mm)"},"content":{"rendered":"<table border=\"0\" width=\"100%\" cellspacing=\"2\" cellpadding=\"2\">\n<tbody>\n<tr>\n<td align=\"center\" bgcolor=\"#cecfd1\"><strong>KOD<\/strong><\/td>\n<td align=\"center\" bgcolor=\"#cecfd1\"><img loading=\"lazy\" decoding=\"async\" src=\"https:\/\/www.izeltas.com.tr\/izeltascomtr\/upl\/Image\/yuvarlakAltigen_mm.jpg\" alt=\"\" width=\"34\" height=\"34\" \/><\/td>\n<td align=\"center\" bgcolor=\"#cecfd1\"><img loading=\"lazy\" decoding=\"async\" src=\"https:\/\/www.izeltas.com.tr\/izeltascomtr\/upl\/Image\/d1.jpg\" alt=\"\" width=\"34\" height=\"34\" \/><\/td>\n<td align=\"center\" bgcolor=\"#cecfd1\"><img loading=\"lazy\" decoding=\"async\" src=\"https:\/\/www.izeltas.com.tr\/izeltascomtr\/upl\/Image\/d2.jpg\" alt=\"\" width=\"34\" height=\"34\" \/><\/td>\n<td align=\"center\" bgcolor=\"#cecfd1\"><img loading=\"lazy\" decoding=\"async\" src=\"https:\/\/www.izeltas.com.tr\/upl\/L(3).jpg\" alt=\"\" width=\"34\" height=\"34\" \/><\/td>\n<td align=\"center\" bgcolor=\"#cecfd1\"><img loading=\"lazy\" decoding=\"async\" src=\"https:\/\/www.izeltas.com.tr\/upl\/L1(2).jpg\" alt=\"\" width=\"34\" height=\"34\" \/><\/td>\n<td align=\"center\" bgcolor=\"#cecfd1\"><img loading=\"lazy\" decoding=\"async\" src=\"https:\/\/www.izeltas.com.tr\/izeltascomtr\/upl\/Image\/terazi_G.jpg\" alt=\"\" width=\"34\" height=\"34\" \/><\/td>\n<td align=\"center\" bgcolor=\"#cecfd1\"><img loading=\"lazy\" decoding=\"async\" src=\"https:\/\/www.izeltas.com.tr\/izeltascomtr\/upl\/Image\/kare.jpg\" alt=\"\" width=\"34\" height=\"34\" \/><\/td>\n<\/tr>\n<tr bgcolor=\"#ffffff\">\n<td align=\"center\">1108 06 0010<\/td>\n<td align=\"center\">10<\/td>\n<td align=\"center\">15.5<\/td>\n<td align=\"center\">24<\/td>\n<td align=\"center\">75<\/td>\n<td align=\"center\">6<\/td>\n<td align=\"center\">110<\/td>\n<td align=\"center\">10<\/td>\n<\/tr>\n<tr bgcolor=\"#e2e3e4\">\n<td align=\"center\">1108 06 0011<\/td>\n<td align=\"center\">11<\/td>\n<td align=\"center\">16.7<\/td>\n<td align=\"center\">24<\/td>\n<td align=\"center\">75<\/td>\n<td align=\"center\">7<\/td>\n<td align=\"center\">110<\/td>\n<td align=\"center\">10<\/td>\n<\/tr>\n<tr bgcolor=\"#ffffff\">\n<td align=\"center\">1108 06 0012<\/td>\n<td align=\"center\">12<\/td>\n<td align=\"center\">18<\/td>\n<td align=\"center\">24<\/td>\n<td align=\"center\">75<\/td>\n<td align=\"center\">8<\/td>\n<td align=\"center\">110<\/td>\n<td align=\"center\">10<\/td>\n<\/tr>\n<tr bgcolor=\"#e2e3e4\">\n<td align=\"center\">1108 06 0013<\/td>\n<td align=\"center\">13<\/td>\n<td align=\"center\">19.2<\/td>\n<td align=\"center\">24<\/td>\n<td align=\"center\">75<\/td>\n<td align=\"center\">8<\/td>\n<td align=\"center\">120<\/td>\n<td align=\"center\">10<\/td>\n<\/tr>\n<tr bgcolor=\"#ffffff\">\n<td align=\"center\">1108 06 0014<\/td>\n<td align=\"center\">14<\/td>\n<td align=\"center\">20.5<\/td>\n<td align=\"center\">24<\/td>\n<td align=\"center\">75<\/td>\n<td align=\"center\">10<\/td>\n<td align=\"center\">120<\/td>\n<td align=\"center\">10<\/td>\n<\/tr>\n<tr bgcolor=\"#e2e3e4\">\n<td align=\"center\">1108 06 0015<\/td>\n<td align=\"center\">15<\/td>\n<td align=\"center\">21.7<\/td>\n<td align=\"center\">24<\/td>\n<td align=\"center\">75<\/td>\n<td align=\"center\">10<\/td>\n<td align=\"center\">140<\/td>\n<td align=\"center\">10<\/td>\n<\/tr>\n<tr bgcolor=\"#ffffff\">\n<td align=\"center\">1108 06 0016<\/td>\n<td align=\"center\">16<\/td>\n<td align=\"center\">23<\/td>\n<td align=\"center\">25.5<\/td>\n<td align=\"center\">75<\/td>\n<td align=\"center\">10<\/td>\n<td align=\"center\">140<\/td>\n<td align=\"center\">10<\/td>\n<\/tr>\n<tr bgcolor=\"#e2e3e4\">\n<td align=\"center\">1108 06 0017<\/td>\n<td align=\"center\">17<\/td>\n<td align=\"center\">24.2<\/td>\n<td align=\"center\">25.5<\/td>\n<td align=\"center\">75<\/td>\n<td align=\"center\">10<\/td>\n<td align=\"center\">140<\/td>\n<td align=\"center\">10<\/td>\n<\/tr>\n<tr bgcolor=\"#ffffff\">\n<td align=\"center\">1108 06 0018<\/td>\n<td align=\"center\">18<\/td>\n<td align=\"center\">25.5<\/td>\n<td align=\"center\">25.5<\/td>\n<td align=\"center\">75<\/td>\n<td align=\"center\">12<\/td>\n<td align=\"center\">150<\/td>\n<td align=\"center\">10<\/td>\n<\/tr>\n<tr bgcolor=\"#e2e3e4\">\n<td align=\"center\">1108 06 0019<\/td>\n<td align=\"center\">19<\/td>\n<td align=\"center\">26.7<\/td>\n<td align=\"center\">26.7<\/td>\n<td align=\"center\">75<\/td>\n<td align=\"center\">12<\/td>\n<td align=\"center\">150<\/td>\n<td align=\"center\">10<\/td>\n<\/tr>\n<\/tbody>\n<\/table>\n<p>&nbsp;<\/p>\n<p>&nbsp;<\/p>\n<p>&nbsp;<\/p>\n","protected":false},"excerpt":{"rendered":"<p>KOD 1108 06 0010 10 15.5 24 75 6 110 10 1108 06 0011 11 16.7 24 75 7 110 10 1108 06 0012 12 18 24 75 8 110 10 1108 06 0013 13 19.2 24 75 8 120 10 1108 06 0014 14 20.5 24 75 10 120 10 1108 06 0015 15 [&hellip;]<\/p>\n","protected":false},"featured_media":18396,"comment_status":"closed","ping_status":"closed","template":"","meta":[],"product_brand":[],"product_cat":[257,265],"product_tag":[],"class_list":{"0":"post-20036","1":"product","2":"type-product","3":"status-publish","4":"has-post-thumbnail","6":"product_cat-el-aletleri","7":"product_cat-lokma-anahtarlar","9":"first","10":"instock","11":"shipping-taxable","12":"product-type-simple"},"_links":{"self":[{"href":"https:\/\/korogluhirdavat.com.tr\/index.php?rest_route=\/wp\/v2\/product\/20036","targetHints":{"allow":["GET"]}}],"collection":[{"href":"https:\/\/korogluhirdavat.com.tr\/index.php?rest_route=\/wp\/v2\/product"}],"about":[{"href":"https:\/\/korogluhirdavat.com.tr\/index.php?rest_route=\/wp\/v2\/types\/product"}],"replies":[{"embeddable":true,"href":"https:\/\/korogluhirdavat.com.tr\/index.php?rest_route=%2Fwp%2Fv2%2Fcomments&post=20036"}],"wp:featuredmedia":[{"embeddable":true,"href":"https:\/\/korogluhirdavat.com.tr\/index.php?rest_route=\/wp\/v2\/media\/18396"}],"wp:attachment":[{"href":"https:\/\/korogluhirdavat.com.tr\/index.php?rest_route=%2Fwp%2Fv2%2Fmedia&parent=20036"}],"wp:term":[{"taxonomy":"product_brand","embeddable":true,"href":"https:\/\/korogluhirdavat.com.tr\/index.php?rest_route=%2Fwp%2Fv2%2Fproduct_brand&post=20036"},{"taxonomy":"product_cat","embeddable":true,"href":"https:\/\/korogluhirdavat.com.tr\/index.php?rest_route=%2Fwp%2Fv2%2Fproduct_cat&post=20036"},{"taxonomy":"product_tag","embeddable":true,"href":"https:\/\/korogluhirdavat.com.tr\/index.php?rest_route=%2Fwp%2Fv2%2Fproduct_tag&post=20036"}],"curies":[{"name":"wp","href":"https:\/\/api.w.org\/{rel}","templated":true}]}}