{"id":20037,"date":"2021-09-03T21:01:33","date_gmt":"2021-09-03T21:01:33","guid":{"rendered":"https:\/\/koroglucivata.com\/?post_type=product&#038;p=20037"},"modified":"2021-09-03T21:01:38","modified_gmt":"2021-09-03T21:01:38","slug":"1113-1-2-alti-kose-lokma-anahtar-mm","status":"publish","type":"product","link":"https:\/\/korogluhirdavat.com.tr\/?product=1113-1-2-alti-kose-lokma-anahtar-mm","title":{"rendered":"1113 1\/2&#8243; Alt\u0131 K\u00f6\u015fe Lokma Anahtar (mm)"},"content":{"rendered":"<table border=\"0\" width=\"100%\" cellspacing=\"2\" cellpadding=\"2\">\n<tbody>\n<tr>\n<td align=\"center\" bgcolor=\"#cecfd1\"><strong>KOD<\/strong><\/td>\n<td align=\"center\" bgcolor=\"#cecfd1\"><img loading=\"lazy\" decoding=\"async\" src=\"https:\/\/www.izeltas.com.tr\/izeltascomtr\/upl\/Image\/yuvarlakAltigen_mm.jpg\" alt=\"\" width=\"34\" height=\"34\" \/><\/td>\n<td align=\"center\" bgcolor=\"#cecfd1\"><img loading=\"lazy\" decoding=\"async\" src=\"https:\/\/www.izeltas.com.tr\/izeltascomtr\/upl\/Image\/d1.jpg\" alt=\"\" width=\"34\" height=\"34\" \/><\/td>\n<td align=\"center\" bgcolor=\"#cecfd1\"><img loading=\"lazy\" decoding=\"async\" src=\"https:\/\/www.izeltas.com.tr\/izeltascomtr\/upl\/Image\/d2.jpg\" alt=\"\" width=\"34\" height=\"34\" \/><\/td>\n<td align=\"center\" bgcolor=\"#cecfd1\"><img loading=\"lazy\" decoding=\"async\" src=\"https:\/\/www.izeltas.com.tr\/izeltascomtr\/upl\/Image\/L1.jpg\" alt=\"\" width=\"34\" height=\"34\" \/><\/td>\n<td align=\"center\" bgcolor=\"#cecfd1\"><img loading=\"lazy\" decoding=\"async\" src=\"https:\/\/www.izeltas.com.tr\/izeltascomtr\/upl\/Image\/L.jpg\" alt=\"\" width=\"34\" height=\"34\" \/><\/td>\n<td align=\"center\" bgcolor=\"#cecfd1\"><img loading=\"lazy\" decoding=\"async\" src=\"https:\/\/www.izeltas.com.tr\/izeltascomtr\/upl\/Image\/terazi_G.jpg\" alt=\"\" width=\"34\" height=\"34\" \/><\/td>\n<td align=\"center\" bgcolor=\"#cecfd1\"><img loading=\"lazy\" decoding=\"async\" src=\"https:\/\/www.izeltas.com.tr\/izeltascomtr\/upl\/Image\/kare.jpg\" alt=\"\" width=\"34\" height=\"34\" \/><\/td>\n<\/tr>\n<tr bgcolor=\"#ffffff\">\n<td align=\"center\">1113 06 1008<\/td>\n<td align=\"center\">8<\/td>\n<td align=\"center\">13.2<\/td>\n<td align=\"center\">21.8<\/td>\n<td align=\"center\">7<\/td>\n<td align=\"center\">38<\/td>\n<td align=\"center\">55<\/td>\n<td align=\"center\">10<\/td>\n<\/tr>\n<tr bgcolor=\"#e2e3e4\">\n<td align=\"center\">1113 06 1009<\/td>\n<td align=\"center\">9<\/td>\n<td align=\"center\">14<\/td>\n<td align=\"center\">21.8<\/td>\n<td align=\"center\">7<\/td>\n<td align=\"center\">38<\/td>\n<td align=\"center\">55<\/td>\n<td align=\"center\">10<\/td>\n<\/tr>\n<tr bgcolor=\"#ffffff\">\n<td align=\"center\">1113 06 1010<\/td>\n<td align=\"center\">10<\/td>\n<td align=\"center\">15<\/td>\n<td align=\"center\">23.3<\/td>\n<td align=\"center\">8<\/td>\n<td align=\"center\">38<\/td>\n<td align=\"center\">55<\/td>\n<td align=\"center\">10<\/td>\n<\/tr>\n<tr bgcolor=\"#e2e3e4\">\n<td align=\"center\">1113 06 1011<\/td>\n<td align=\"center\">11<\/td>\n<td align=\"center\">16.4<\/td>\n<td align=\"center\">23.3<\/td>\n<td align=\"center\">8<\/td>\n<td align=\"center\">38<\/td>\n<td align=\"center\">60<\/td>\n<td align=\"center\">10<\/td>\n<\/tr>\n<tr bgcolor=\"#ffffff\">\n<td align=\"center\">1113 06 1012<\/td>\n<td align=\"center\">12<\/td>\n<td align=\"center\">17.8<\/td>\n<td align=\"center\">23.3<\/td>\n<td align=\"center\">9<\/td>\n<td align=\"center\">38<\/td>\n<td align=\"center\">60<\/td>\n<td align=\"center\">10<\/td>\n<\/tr>\n<tr bgcolor=\"#e2e3e4\">\n<td align=\"center\">1113 06 1013<\/td>\n<td align=\"center\">13<\/td>\n<td align=\"center\">19<\/td>\n<td align=\"center\">23.3<\/td>\n<td align=\"center\">10<\/td>\n<td align=\"center\">38<\/td>\n<td align=\"center\">65<\/td>\n<td align=\"center\">10<\/td>\n<\/tr>\n<tr bgcolor=\"#ffffff\">\n<td align=\"center\">1113 06 1014<\/td>\n<td align=\"center\">14<\/td>\n<td align=\"center\">20.4<\/td>\n<td align=\"center\">23.3<\/td>\n<td align=\"center\">11<\/td>\n<td align=\"center\">38<\/td>\n<td align=\"center\">65<\/td>\n<td align=\"center\">10<\/td>\n<\/tr>\n<tr bgcolor=\"#e2e3e4\">\n<td align=\"center\">1113 06 1015<\/td>\n<td align=\"center\">15<\/td>\n<td align=\"center\">21.6<\/td>\n<td align=\"center\">23.3<\/td>\n<td align=\"center\">11<\/td>\n<td align=\"center\">38<\/td>\n<td align=\"center\">65<\/td>\n<td align=\"center\">10<\/td>\n<\/tr>\n<tr bgcolor=\"#ffffff\">\n<td align=\"center\">1113 06 1016<\/td>\n<td align=\"center\">16<\/td>\n<td align=\"center\">22.9<\/td>\n<td align=\"center\">24<\/td>\n<td align=\"center\">11<\/td>\n<td align=\"center\">38<\/td>\n<td align=\"center\">70<\/td>\n<td align=\"center\">10<\/td>\n<\/tr>\n<tr bgcolor=\"#e2e3e4\">\n<td align=\"center\">1113 06 1017<\/td>\n<td align=\"center\">17<\/td>\n<td align=\"center\">24<\/td>\n<td align=\"center\">22.5<\/td>\n<td align=\"center\">12<\/td>\n<td align=\"center\">38<\/td>\n<td align=\"center\">70<\/td>\n<td align=\"center\">10<\/td>\n<\/tr>\n<tr bgcolor=\"#ffffff\">\n<td align=\"center\">1113 06 1018<\/td>\n<td align=\"center\">18<\/td>\n<td align=\"center\">25.2<\/td>\n<td align=\"center\">23<\/td>\n<td align=\"center\">13<\/td>\n<td align=\"center\">38<\/td>\n<td align=\"center\">75<\/td>\n<td align=\"center\">10<\/td>\n<\/tr>\n<tr bgcolor=\"#e2e3e4\">\n<td align=\"center\">1113 06 1019<\/td>\n<td align=\"center\">19<\/td>\n<td align=\"center\">26.8<\/td>\n<td align=\"center\">23<\/td>\n<td align=\"center\">13<\/td>\n<td align=\"center\">38<\/td>\n<td align=\"center\">75<\/td>\n<td align=\"center\">10<\/td>\n<\/tr>\n<tr bgcolor=\"#ffffff\">\n<td align=\"center\">1113 06 1020<\/td>\n<td align=\"center\">20<\/td>\n<td align=\"center\">28<\/td>\n<td align=\"center\">23<\/td>\n<td align=\"center\">13<\/td>\n<td align=\"center\">38<\/td>\n<td align=\"center\">80<\/td>\n<td align=\"center\">10<\/td>\n<\/tr>\n<tr bgcolor=\"#e2e3e4\">\n<td align=\"center\">1113 06 1021<\/td>\n<td align=\"center\">21<\/td>\n<td align=\"center\">29.2<\/td>\n<td align=\"center\">23<\/td>\n<td align=\"center\">13<\/td>\n<td align=\"center\">38<\/td>\n<td align=\"center\">85<\/td>\n<td align=\"center\">5<\/td>\n<\/tr>\n<tr bgcolor=\"#ffffff\">\n<td align=\"center\">1113 06 1022<\/td>\n<td align=\"center\">22<\/td>\n<td align=\"center\">30.2<\/td>\n<td align=\"center\">24<\/td>\n<td align=\"center\">15<\/td>\n<td align=\"center\">40<\/td>\n<td align=\"center\">95<\/td>\n<td align=\"center\">5<\/td>\n<\/tr>\n<tr bgcolor=\"#e2e3e4\">\n<td align=\"center\">1113 06 1023<\/td>\n<td align=\"center\">23<\/td>\n<td align=\"center\">31.4<\/td>\n<td align=\"center\">25<\/td>\n<td align=\"center\">15<\/td>\n<td align=\"center\">40<\/td>\n<td align=\"center\">100<\/td>\n<td align=\"center\">5<\/td>\n<\/tr>\n<tr bgcolor=\"#ffffff\">\n<td align=\"center\">1113 06 1024<\/td>\n<td align=\"center\">24<\/td>\n<td align=\"center\">32.6<\/td>\n<td align=\"center\">26<\/td>\n<td align=\"center\">17<\/td>\n<td align=\"center\">42<\/td>\n<td align=\"center\">115<\/td>\n<td align=\"center\">5<\/td>\n<\/tr>\n<tr bgcolor=\"#e2e3e4\">\n<td align=\"center\">1113 06 1025<\/td>\n<td align=\"center\">25<\/td>\n<td align=\"center\">34<\/td>\n<td align=\"center\">27<\/td>\n<td align=\"center\">17<\/td>\n<td align=\"center\">42<\/td>\n<td align=\"center\">125<\/td>\n<td align=\"center\">5<\/td>\n<\/tr>\n<tr bgcolor=\"#ffffff\">\n<td align=\"center\">1113 06 1026<\/td>\n<td align=\"center\">26<\/td>\n<td align=\"center\">35.3<\/td>\n<td align=\"center\">28<\/td>\n<td align=\"center\">17<\/td>\n<td align=\"center\">42<\/td>\n<td align=\"center\">135<\/td>\n<td align=\"center\">5<\/td>\n<\/tr>\n<tr bgcolor=\"#e2e3e4\">\n<td align=\"center\">1113 06 1027<\/td>\n<td align=\"center\">27<\/td>\n<td align=\"center\">36.6<\/td>\n<td align=\"center\">28<\/td>\n<td align=\"center\">19<\/td>\n<td align=\"center\">42<\/td>\n<td align=\"center\">140<\/td>\n<td align=\"center\">5<\/td>\n<\/tr>\n<tr bgcolor=\"#ffffff\">\n<td align=\"center\">1113 06 1028<\/td>\n<td align=\"center\">28<\/td>\n<td align=\"center\">37.8<\/td>\n<td align=\"center\">30<\/td>\n<td align=\"center\">20<\/td>\n<td align=\"center\">42<\/td>\n<td align=\"center\">160<\/td>\n<td align=\"center\">5<\/td>\n<\/tr>\n<tr bgcolor=\"#e2e3e4\">\n<td align=\"center\">1113 06 1029<\/td>\n<td align=\"center\">29<\/td>\n<td align=\"center\">39<\/td>\n<td align=\"center\">30<\/td>\n<td align=\"center\">21<\/td>\n<td align=\"center\">44<\/td>\n<td align=\"center\">170<\/td>\n<td align=\"center\">5<\/td>\n<\/tr>\n<tr bgcolor=\"#ffffff\">\n<td align=\"center\">1113 06 1030<\/td>\n<td align=\"center\">30<\/td>\n<td align=\"center\">40<\/td>\n<td align=\"center\">29.5<\/td>\n<td align=\"center\">21<\/td>\n<td align=\"center\">44<\/td>\n<td align=\"center\">180<\/td>\n<td align=\"center\">5<\/td>\n<\/tr>\n<tr bgcolor=\"#e2e3e4\">\n<td align=\"center\">1113 06 1032<\/td>\n<td align=\"center\">32<\/td>\n<td align=\"center\">42.5<\/td>\n<td align=\"center\">30<\/td>\n<td align=\"center\">23<\/td>\n<td align=\"center\">44<\/td>\n<td align=\"center\">190<\/td>\n<td align=\"center\">5<\/td>\n<\/tr>\n<\/tbody>\n<\/table>\n<p>&nbsp;<\/p>\n","protected":false},"excerpt":{"rendered":"<p>KOD 1113 06 1008 8 13.2 21.8 7 38 55 10 1113 06 1009 9 14 21.8 7 38 55 10 1113 06 1010 10 15 23.3 8 38 55 10 1113 06 1011 11 16.4 23.3 8 38 60 10 1113 06 1012 12 17.8 23.3 9 38 60 10 1113 06 1013 13 [&hellip;]<\/p>\n","protected":false},"featured_media":18397,"comment_status":"closed","ping_status":"closed","template":"","meta":[],"product_brand":[],"product_cat":[257,265],"product_tag":[],"class_list":{"0":"post-20037","1":"product","2":"type-product","3":"status-publish","4":"has-post-thumbnail","6":"product_cat-el-aletleri","7":"product_cat-lokma-anahtarlar","9":"first","10":"instock","11":"shipping-taxable","12":"product-type-simple"},"_links":{"self":[{"href":"https:\/\/korogluhirdavat.com.tr\/index.php?rest_route=\/wp\/v2\/product\/20037","targetHints":{"allow":["GET"]}}],"collection":[{"href":"https:\/\/korogluhirdavat.com.tr\/index.php?rest_route=\/wp\/v2\/product"}],"about":[{"href":"https:\/\/korogluhirdavat.com.tr\/index.php?rest_route=\/wp\/v2\/types\/product"}],"replies":[{"embeddable":true,"href":"https:\/\/korogluhirdavat.com.tr\/index.php?rest_route=%2Fwp%2Fv2%2Fcomments&post=20037"}],"wp:featuredmedia":[{"embeddable":true,"href":"https:\/\/korogluhirdavat.com.tr\/index.php?rest_route=\/wp\/v2\/media\/18397"}],"wp:attachment":[{"href":"https:\/\/korogluhirdavat.com.tr\/index.php?rest_route=%2Fwp%2Fv2%2Fmedia&parent=20037"}],"wp:term":[{"taxonomy":"product_brand","embeddable":true,"href":"https:\/\/korogluhirdavat.com.tr\/index.php?rest_route=%2Fwp%2Fv2%2Fproduct_brand&post=20037"},{"taxonomy":"product_cat","embeddable":true,"href":"https:\/\/korogluhirdavat.com.tr\/index.php?rest_route=%2Fwp%2Fv2%2Fproduct_cat&post=20037"},{"taxonomy":"product_tag","embeddable":true,"href":"https:\/\/korogluhirdavat.com.tr\/index.php?rest_route=%2Fwp%2Fv2%2Fproduct_tag&post=20037"}],"curies":[{"name":"wp","href":"https:\/\/api.w.org\/{rel}","templated":true}]}}