{"id":20043,"date":"2021-09-03T21:01:34","date_gmt":"2021-09-03T21:01:34","guid":{"rendered":"https:\/\/koroglucivata.com\/?post_type=product&#038;p=20043"},"modified":"2021-09-03T21:01:39","modified_gmt":"2021-09-03T21:01:39","slug":"1113-1-2-manyetik-lokmali-uc-takimi-20-parca","status":"publish","type":"product","link":"https:\/\/korogluhirdavat.com.tr\/?product=1113-1-2-manyetik-lokmali-uc-takimi-20-parca","title":{"rendered":"1113 1\/2&#8221; Manyetik Lokmal\u0131 U\u00e7 Tak\u0131m\u0131 (20 par\u00e7a)"},"content":{"rendered":"<table border=\"0\" width=\"100%\" cellspacing=\"2\" cellpadding=\"2\">\n<tbody>\n<tr>\n<td align=\"center\" bgcolor=\"#cecfd1\"><strong>KOD<\/strong><\/td>\n<td align=\"center\" bgcolor=\"#cecfd1\">\u0130\u00c7ER\u0130K<\/td>\n<td align=\"center\" bgcolor=\"#cecfd1\"><img loading=\"lazy\" decoding=\"async\" src=\"https:\/\/www.izeltas.com.tr\/izeltascomtr\/upl\/Image\/kare.jpg\" alt=\"\" width=\"34\" height=\"34\" \/><\/td>\n<\/tr>\n<tr>\n<td rowspan=\"3\" align=\"center\" bgcolor=\"#ffffff\">1113 00 3020<\/td>\n<td bgcolor=\"#ffffff\">Manyetik Lokma (1\/2&#8243;)<\/p>\n<p>8 &#8211; 10 &#8211; 12 &#8211; 14<\/td>\n<td rowspan=\"3\" align=\"center\" bgcolor=\"#ffffff\">20<\/td>\n<\/tr>\n<\/tbody>\n<\/table>\n","protected":false},"excerpt":{"rendered":"<p>KOD \u0130\u00c7ER\u0130K 1113 00 3020 Manyetik Lokma (1\/2&#8243;) 8 &#8211; 10 &#8211; 12 &#8211; 14 20<\/p>\n","protected":false},"featured_media":18403,"comment_status":"closed","ping_status":"closed","template":"","meta":[],"product_brand":[],"product_cat":[257,265],"product_tag":[],"class_list":{"0":"post-20043","1":"product","2":"type-product","3":"status-publish","4":"has-post-thumbnail","6":"product_cat-el-aletleri","7":"product_cat-lokma-anahtarlar","9":"first","10":"instock","11":"shipping-taxable","12":"product-type-simple"},"_links":{"self":[{"href":"https:\/\/korogluhirdavat.com.tr\/index.php?rest_route=\/wp\/v2\/product\/20043","targetHints":{"allow":["GET"]}}],"collection":[{"href":"https:\/\/korogluhirdavat.com.tr\/index.php?rest_route=\/wp\/v2\/product"}],"about":[{"href":"https:\/\/korogluhirdavat.com.tr\/index.php?rest_route=\/wp\/v2\/types\/product"}],"replies":[{"embeddable":true,"href":"https:\/\/korogluhirdavat.com.tr\/index.php?rest_route=%2Fwp%2Fv2%2Fcomments&post=20043"}],"wp:featuredmedia":[{"embeddable":true,"href":"https:\/\/korogluhirdavat.com.tr\/index.php?rest_route=\/wp\/v2\/media\/18403"}],"wp:attachment":[{"href":"https:\/\/korogluhirdavat.com.tr\/index.php?rest_route=%2Fwp%2Fv2%2Fmedia&parent=20043"}],"wp:term":[{"taxonomy":"product_brand","embeddable":true,"href":"https:\/\/korogluhirdavat.com.tr\/index.php?rest_route=%2Fwp%2Fv2%2Fproduct_brand&post=20043"},{"taxonomy":"product_cat","embeddable":true,"href":"https:\/\/korogluhirdavat.com.tr\/index.php?rest_route=%2Fwp%2Fv2%2Fproduct_cat&post=20043"},{"taxonomy":"product_tag","embeddable":true,"href":"https:\/\/korogluhirdavat.com.tr\/index.php?rest_route=%2Fwp%2Fv2%2Fproduct_tag&post=20043"}],"curies":[{"name":"wp","href":"https:\/\/api.w.org\/{rel}","templated":true}]}}