{"id":20046,"date":"2021-09-03T21:01:34","date_gmt":"2021-09-03T21:01:34","guid":{"rendered":"https:\/\/koroglucivata.com\/?post_type=product&#038;p=20046"},"modified":"2021-09-03T21:01:39","modified_gmt":"2021-09-03T21:01:39","slug":"1113-1-2-lokma-anahtar-sehpasi","status":"publish","type":"product","link":"https:\/\/korogluhirdavat.com.tr\/?product=1113-1-2-lokma-anahtar-sehpasi","title":{"rendered":"1113 1\/2&#8243; Lokma Anahtar Sehpas\u0131"},"content":{"rendered":"<table border=\"0\" width=\"100%\" cellspacing=\"2\" cellpadding=\"2\">\n<tbody>\n<tr>\n<td align=\"center\" bgcolor=\"#d0d1d3\"><strong>KOD<\/strong><\/td>\n<td bgcolor=\"#cccccc\"><strong>\u0130\u00c7ER\u0130K<\/strong><\/td>\n<td align=\"center\" bgcolor=\"#d0d1d3\"><img loading=\"lazy\" decoding=\"async\" src=\"https:\/\/www.izeltas.com.tr\/izeltascomtr\/upl\/Image\/terazi_G.jpg\" alt=\"\" width=\"34\" height=\"34\" \/><\/td>\n<td align=\"center\" bgcolor=\"#d0d1d3\"><img loading=\"lazy\" decoding=\"async\" src=\"https:\/\/www.izeltas.com.tr\/izeltascomtr\/upl\/Image\/kare.jpg\" alt=\"\" width=\"34\" height=\"34\" \/><\/td>\n<\/tr>\n<tr>\n<td align=\"center\" bgcolor=\"#ffffff\">1113 00 6145<\/td>\n<td align=\"center\" bgcolor=\"#ffffff\">(10 &#8211; 11 &#8211; 12 &#8211; 13 &#8211; 14 &#8211; 15 &#8211; 16 &#8211; 17 &#8211; 18 &#8211; 19) x 10<\/p>\n<p>(21-22-23-24-26-27-28-30-32) x 5<\/td>\n<td align=\"center\" bgcolor=\"#ffffff\">18,236<\/td>\n<td align=\"center\" bgcolor=\"#ffffff\">1<\/td>\n<\/tr>\n<\/tbody>\n<\/table>\n","protected":false},"excerpt":{"rendered":"<p>KOD \u0130\u00c7ER\u0130K 1113 00 6145 (10 &#8211; 11 &#8211; 12 &#8211; 13 &#8211; 14 &#8211; 15 &#8211; 16 &#8211; 17 &#8211; 18 &#8211; 19) x 10 (21-22-23-24-26-27-28-30-32) x 5 18,236 1<\/p>\n","protected":false},"featured_media":18436,"comment_status":"closed","ping_status":"closed","template":"","meta":[],"product_brand":[],"product_cat":[257,265],"product_tag":[],"class_list":{"0":"post-20046","1":"product","2":"type-product","3":"status-publish","4":"has-post-thumbnail","6":"product_cat-el-aletleri","7":"product_cat-lokma-anahtarlar","9":"first","10":"instock","11":"shipping-taxable","12":"product-type-simple"},"_links":{"self":[{"href":"https:\/\/korogluhirdavat.com.tr\/index.php?rest_route=\/wp\/v2\/product\/20046","targetHints":{"allow":["GET"]}}],"collection":[{"href":"https:\/\/korogluhirdavat.com.tr\/index.php?rest_route=\/wp\/v2\/product"}],"about":[{"href":"https:\/\/korogluhirdavat.com.tr\/index.php?rest_route=\/wp\/v2\/types\/product"}],"replies":[{"embeddable":true,"href":"https:\/\/korogluhirdavat.com.tr\/index.php?rest_route=%2Fwp%2Fv2%2Fcomments&post=20046"}],"wp:featuredmedia":[{"embeddable":true,"href":"https:\/\/korogluhirdavat.com.tr\/index.php?rest_route=\/wp\/v2\/media\/18436"}],"wp:attachment":[{"href":"https:\/\/korogluhirdavat.com.tr\/index.php?rest_route=%2Fwp%2Fv2%2Fmedia&parent=20046"}],"wp:term":[{"taxonomy":"product_brand","embeddable":true,"href":"https:\/\/korogluhirdavat.com.tr\/index.php?rest_route=%2Fwp%2Fv2%2Fproduct_brand&post=20046"},{"taxonomy":"product_cat","embeddable":true,"href":"https:\/\/korogluhirdavat.com.tr\/index.php?rest_route=%2Fwp%2Fv2%2Fproduct_cat&post=20046"},{"taxonomy":"product_tag","embeddable":true,"href":"https:\/\/korogluhirdavat.com.tr\/index.php?rest_route=%2Fwp%2Fv2%2Fproduct_tag&post=20046"}],"curies":[{"name":"wp","href":"https:\/\/api.w.org\/{rel}","templated":true}]}}