{"id":20062,"date":"2021-09-03T21:01:41","date_gmt":"2021-09-03T21:01:41","guid":{"rendered":"https:\/\/koroglucivata.com\/?post_type=product&#038;p=20062"},"modified":"2021-09-03T21:01:44","modified_gmt":"2021-09-03T21:01:44","slug":"1114-1-2-lokma-takimi-oniki-kose-25-parca-mm","status":"publish","type":"product","link":"https:\/\/korogluhirdavat.com.tr\/?product=1114-1-2-lokma-takimi-oniki-kose-25-parca-mm","title":{"rendered":"1114 1\/2&#8243; Lokma Tak\u0131m\u0131 Oniki K\u00f6\u015fe (25 Par\u00e7a mm)"},"content":{"rendered":"<table style=\"font-weight: 400;\" width=\"100%\">\n<tbody>\n<tr>\n<td>\n<p style=\"font-weight: 300;\"><b><strong>KOD<\/strong><\/b><\/p>\n<\/td>\n<td>\n<p style=\"font-weight: 300;\"><b><strong>Lokmalar<\/strong><\/b><\/p>\n<\/td>\n<td>\n<p style=\"font-weight: 300;\"><b><strong>Avadanl\u0131klar<\/strong><\/b><\/p>\n<\/td>\n<td><\/td>\n<td><\/td>\n<\/tr>\n<tr>\n<td rowspan=\"6\">\n<p style=\"font-weight: 300;\">1114 00 6025<\/p>\n<\/td>\n<td rowspan=\"6\">\n<p style=\"font-weight: 300;\">10-11-12-13<br \/>\n14-15-16-17<br \/>\n18-19-21-22<br \/>\n23-24-26-27<br \/>\n28-30-32<\/p>\n<\/td>\n<td>\n<p style=\"font-weight: 300;\">1\/2&#8243; C\u0131rc\u0131r Kolu<\/p>\n<\/td>\n<td rowspan=\"6\">\n<p style=\"font-weight: 300;\">4150<\/p>\n<\/td>\n<td rowspan=\"6\">\n<p style=\"font-weight: 300;\">25<\/p>\n<\/td>\n<\/tr>\n<tr>\n<td>\n<p style=\"font-weight: 300;\">1\/2&#8243; U Kol<\/p>\n<\/td>\n<\/tr>\n<tr>\n<td>\n<p style=\"font-weight: 300;\">1\/2&#8243; Mafsal<\/p>\n<\/td>\n<\/tr>\n<tr>\n<td>\n<p style=\"font-weight: 300;\">1\/2&#8243; T Kol<\/p>\n<\/td>\n<\/tr>\n<tr>\n<td>\n<p style=\"font-weight: 300;\">1\/2&#8243;Ara Kol<br \/>\n125mm<\/p>\n<\/td>\n<\/tr>\n<tr>\n<td>\n<p style=\"font-weight: 300;\">1\/2&#8243; Ara Kol<br \/>\n250mm<\/p>\n<\/td>\n<\/tr>\n<\/tbody>\n<\/table>\n","protected":false},"excerpt":{"rendered":"<p>KOD Lokmalar Avadanl\u0131klar 1114 00 6025 10-11-12-13 14-15-16-17 18-19-21-22 23-24-26-27 28-30-32 1\/2&#8243; C\u0131rc\u0131r Kolu 4150 25 1\/2&#8243; U Kol 1\/2&#8243; Mafsal 1\/2&#8243; T Kol 1\/2&#8243;Ara Kol 125mm 1\/2&#8243; Ara Kol 250mm<\/p>\n","protected":false},"featured_media":18452,"comment_status":"closed","ping_status":"closed","template":"","meta":[],"product_brand":[],"product_cat":[257,265],"product_tag":[],"class_list":{"0":"post-20062","1":"product","2":"type-product","3":"status-publish","4":"has-post-thumbnail","6":"product_cat-el-aletleri","7":"product_cat-lokma-anahtarlar","9":"first","10":"instock","11":"shipping-taxable","12":"product-type-simple"},"_links":{"self":[{"href":"https:\/\/korogluhirdavat.com.tr\/index.php?rest_route=\/wp\/v2\/product\/20062","targetHints":{"allow":["GET"]}}],"collection":[{"href":"https:\/\/korogluhirdavat.com.tr\/index.php?rest_route=\/wp\/v2\/product"}],"about":[{"href":"https:\/\/korogluhirdavat.com.tr\/index.php?rest_route=\/wp\/v2\/types\/product"}],"replies":[{"embeddable":true,"href":"https:\/\/korogluhirdavat.com.tr\/index.php?rest_route=%2Fwp%2Fv2%2Fcomments&post=20062"}],"wp:featuredmedia":[{"embeddable":true,"href":"https:\/\/korogluhirdavat.com.tr\/index.php?rest_route=\/wp\/v2\/media\/18452"}],"wp:attachment":[{"href":"https:\/\/korogluhirdavat.com.tr\/index.php?rest_route=%2Fwp%2Fv2%2Fmedia&parent=20062"}],"wp:term":[{"taxonomy":"product_brand","embeddable":true,"href":"https:\/\/korogluhirdavat.com.tr\/index.php?rest_route=%2Fwp%2Fv2%2Fproduct_brand&post=20062"},{"taxonomy":"product_cat","embeddable":true,"href":"https:\/\/korogluhirdavat.com.tr\/index.php?rest_route=%2Fwp%2Fv2%2Fproduct_cat&post=20062"},{"taxonomy":"product_tag","embeddable":true,"href":"https:\/\/korogluhirdavat.com.tr\/index.php?rest_route=%2Fwp%2Fv2%2Fproduct_tag&post=20062"}],"curies":[{"name":"wp","href":"https:\/\/api.w.org\/{rel}","templated":true}]}}