{"id":20064,"date":"2021-09-03T21:01:41","date_gmt":"2021-09-03T21:01:41","guid":{"rendered":"https:\/\/koroglucivata.com\/?post_type=product&#038;p=20064"},"modified":"2021-09-03T21:01:44","modified_gmt":"2021-09-03T21:01:44","slug":"1113-1-2-alti-kose-havali-lokma-anahtar-mm","status":"publish","type":"product","link":"https:\/\/korogluhirdavat.com.tr\/?product=1113-1-2-alti-kose-havali-lokma-anahtar-mm","title":{"rendered":"1113 1\/2&#8243; Alt\u0131 K\u00f6\u015fe Haval\u0131 Lokma Anahtar (mm)"},"content":{"rendered":"<table border=\"0\" width=\"100%\" cellspacing=\"2\" cellpadding=\"2\">\n<tbody>\n<tr>\n<td align=\"center\" bgcolor=\"#cecfd1\"><strong>KOD<\/strong><\/td>\n<td align=\"center\" bgcolor=\"#cecfd1\"><img loading=\"lazy\" decoding=\"async\" src=\"https:\/\/www.izeltas.com.tr\/izeltascomtr\/upl\/Image\/yuvarlakAltigen_mm.jpg\" alt=\"\" width=\"34\" height=\"34\" \/><\/td>\n<td align=\"center\" bgcolor=\"#cecfd1\"><img loading=\"lazy\" decoding=\"async\" src=\"https:\/\/www.izeltas.com.tr\/izeltascomtr\/upl\/Image\/d1.jpg\" alt=\"\" width=\"34\" height=\"34\" \/><\/td>\n<td align=\"center\" bgcolor=\"#cecfd1\"><img loading=\"lazy\" decoding=\"async\" src=\"https:\/\/www.izeltas.com.tr\/izeltascomtr\/upl\/Image\/d2.jpg\" alt=\"\" width=\"34\" height=\"34\" \/><\/td>\n<td align=\"center\" bgcolor=\"#cecfd1\"><img loading=\"lazy\" decoding=\"async\" src=\"https:\/\/www.izeltas.com.tr\/izeltascomtr\/upl\/Image\/L1.jpg\" alt=\"\" width=\"34\" height=\"34\" \/><\/td>\n<td align=\"center\" bgcolor=\"#cecfd1\"><img loading=\"lazy\" decoding=\"async\" src=\"https:\/\/www.izeltas.com.tr\/izeltascomtr\/upl\/Image\/L.jpg\" alt=\"\" width=\"34\" height=\"34\" \/><\/td>\n<td align=\"center\" bgcolor=\"#cecfd1\"><img loading=\"lazy\" decoding=\"async\" src=\"https:\/\/www.izeltas.com.tr\/izeltascomtr\/upl\/Image\/terazi_G.jpg\" alt=\"\" width=\"34\" height=\"34\" \/><\/td>\n<td align=\"center\" bgcolor=\"#cecfd1\"><img loading=\"lazy\" decoding=\"async\" src=\"https:\/\/www.izeltas.com.tr\/izeltascomtr\/upl\/Image\/kare.jpg\" alt=\"\" width=\"34\" height=\"34\" \/><\/td>\n<\/tr>\n<tr bgcolor=\"#ffffff\">\n<td align=\"center\">*\u00a01113 06 7008<\/td>\n<td align=\"center\">8<\/td>\n<td align=\"center\">14<\/td>\n<td align=\"center\">25<\/td>\n<td align=\"center\">7<\/td>\n<td align=\"center\">38<\/td>\n<td align=\"center\">65<\/td>\n<td align=\"center\">10<\/td>\n<\/tr>\n<tr bgcolor=\"#e2e3e4\">\n<td align=\"center\">*\u00a01113 06 7009<\/td>\n<td align=\"center\">9<\/td>\n<td align=\"center\">15<\/td>\n<td align=\"center\">25<\/td>\n<td align=\"center\">7<\/td>\n<td align=\"center\">38<\/td>\n<td align=\"center\">65<\/td>\n<td align=\"center\">10<\/td>\n<\/tr>\n<tr bgcolor=\"#ffffff\">\n<td align=\"center\">1113 06 7010<\/td>\n<td align=\"center\">10<\/td>\n<td align=\"center\">17<\/td>\n<td align=\"center\">25<\/td>\n<td align=\"center\">8<\/td>\n<td align=\"center\">38<\/td>\n<td align=\"center\">70<\/td>\n<td align=\"center\">10<\/td>\n<\/tr>\n<tr bgcolor=\"#e2e3e4\">\n<td align=\"center\">1113 06 7011<\/td>\n<td align=\"center\">11<\/td>\n<td align=\"center\">18<\/td>\n<td align=\"center\">25<\/td>\n<td align=\"center\">8<\/td>\n<td align=\"center\">38<\/td>\n<td align=\"center\">70<\/td>\n<td align=\"center\">10<\/td>\n<\/tr>\n<tr bgcolor=\"#ffffff\">\n<td align=\"center\">1113 06 7012<\/td>\n<td align=\"center\">12<\/td>\n<td align=\"center\">19<\/td>\n<td align=\"center\">25<\/td>\n<td align=\"center\">9<\/td>\n<td align=\"center\">38<\/td>\n<td align=\"center\">70<\/td>\n<td align=\"center\">10<\/td>\n<\/tr>\n<tr bgcolor=\"#e2e3e4\">\n<td align=\"center\">1113 06 7013<\/td>\n<td align=\"center\">13<\/td>\n<td align=\"center\">20<\/td>\n<td align=\"center\">25<\/td>\n<td align=\"center\">10<\/td>\n<td align=\"center\">38<\/td>\n<td align=\"center\">70<\/td>\n<td align=\"center\">10<\/td>\n<\/tr>\n<tr bgcolor=\"#ffffff\">\n<td align=\"center\">1113 06 7014<\/td>\n<td align=\"center\">14<\/td>\n<td align=\"center\">22<\/td>\n<td align=\"center\">25<\/td>\n<td align=\"center\">10<\/td>\n<td align=\"center\">38<\/td>\n<td align=\"center\">75<\/td>\n<td align=\"center\">10<\/td>\n<\/tr>\n<tr bgcolor=\"#e2e3e4\">\n<td align=\"center\">1113 06 7015<\/td>\n<td align=\"center\">15<\/td>\n<td align=\"center\">23<\/td>\n<td align=\"center\">30<\/td>\n<td align=\"center\">11<\/td>\n<td align=\"center\">38<\/td>\n<td align=\"center\">110<\/td>\n<td align=\"center\">10<\/td>\n<\/tr>\n<tr bgcolor=\"#ffffff\">\n<td align=\"center\">1113 06 7016<\/td>\n<td align=\"center\">16<\/td>\n<td align=\"center\">24<\/td>\n<td align=\"center\">30<\/td>\n<td align=\"center\">11<\/td>\n<td align=\"center\">38<\/td>\n<td align=\"center\">110<\/td>\n<td align=\"center\">10<\/td>\n<\/tr>\n<tr bgcolor=\"#e2e3e4\">\n<td align=\"center\">1113 06 7017<\/td>\n<td align=\"center\">17<\/td>\n<td align=\"center\">26<\/td>\n<td align=\"center\">30<\/td>\n<td align=\"center\">12<\/td>\n<td align=\"center\">38<\/td>\n<td align=\"center\">115<\/td>\n<td align=\"center\">10<\/td>\n<\/tr>\n<tr bgcolor=\"#ffffff\">\n<td align=\"center\">1113 06 7018<\/td>\n<td align=\"center\">18<\/td>\n<td align=\"center\">27<\/td>\n<td align=\"center\">30<\/td>\n<td align=\"center\">13<\/td>\n<td align=\"center\">38<\/td>\n<td align=\"center\">115<\/td>\n<td align=\"center\">10<\/td>\n<\/tr>\n<tr bgcolor=\"#e2e3e4\">\n<td align=\"center\">1113 06 7019<\/td>\n<td align=\"center\">19<\/td>\n<td align=\"center\">28<\/td>\n<td align=\"center\">30<\/td>\n<td align=\"center\">13<\/td>\n<td align=\"center\">38<\/td>\n<td align=\"center\">120<\/td>\n<td align=\"center\">10<\/td>\n<\/tr>\n<tr bgcolor=\"#ffffff\">\n<td align=\"center\">*\u00a01113 06 7020<\/td>\n<td align=\"center\">20<\/td>\n<td align=\"center\">29<\/td>\n<td align=\"center\">30<\/td>\n<td align=\"center\">13<\/td>\n<td align=\"center\">38<\/td>\n<td align=\"center\">120<\/td>\n<td align=\"center\">10<\/td>\n<\/tr>\n<tr bgcolor=\"#e2e3e4\">\n<td align=\"center\">\u00a01113 06 7021<\/td>\n<td align=\"center\">21<\/td>\n<td align=\"center\">30<\/td>\n<td align=\"center\">30<\/td>\n<td align=\"center\">14<\/td>\n<td align=\"center\">40<\/td>\n<td align=\"center\">125<\/td>\n<td align=\"center\">5<\/td>\n<\/tr>\n<tr bgcolor=\"#ffffff\">\n<td align=\"center\">1113 06 7022<\/td>\n<td align=\"center\">22<\/td>\n<td align=\"center\">32<\/td>\n<td align=\"center\">30<\/td>\n<td align=\"center\">14<\/td>\n<td align=\"center\">40<\/td>\n<td align=\"center\">145<\/td>\n<td align=\"center\">5<\/td>\n<\/tr>\n<tr bgcolor=\"#e2e3e4\">\n<td align=\"center\">*\u00a01113 06 7023<\/td>\n<td align=\"center\">23<\/td>\n<td align=\"center\">33<\/td>\n<td align=\"center\">30<\/td>\n<td align=\"center\">15<\/td>\n<td align=\"center\">40<\/td>\n<td align=\"center\">150<\/td>\n<td align=\"center\">5<\/td>\n<\/tr>\n<tr bgcolor=\"#ffffff\">\n<td align=\"center\">1113 06 7024<\/td>\n<td align=\"center\">24<\/td>\n<td align=\"center\">34<\/td>\n<td align=\"center\">30<\/td>\n<td align=\"center\">15<\/td>\n<td align=\"center\">42<\/td>\n<td align=\"center\">150<\/td>\n<td align=\"center\">5<\/td>\n<\/tr>\n<tr bgcolor=\"#e2e3e4\">\n<td align=\"center\">*\u00a01113 06 7025<\/td>\n<td align=\"center\">25<\/td>\n<td align=\"center\">36<\/td>\n<td align=\"center\">30<\/td>\n<td align=\"center\">15<\/td>\n<td align=\"center\">42<\/td>\n<td align=\"center\">170<\/td>\n<td align=\"center\">5<\/td>\n<\/tr>\n<tr bgcolor=\"#ffffff\">\n<td align=\"center\">*\u00a01113 06 7026<\/td>\n<td align=\"center\">26<\/td>\n<td align=\"center\">37<\/td>\n<td align=\"center\">30<\/td>\n<td align=\"center\">15<\/td>\n<td align=\"center\">42<\/td>\n<td align=\"center\">175<\/td>\n<td align=\"center\">5<\/td>\n<\/tr>\n<tr bgcolor=\"#e2e3e4\">\n<td align=\"center\">1113 06 7027<\/td>\n<td align=\"center\">27<\/td>\n<td align=\"center\">38<\/td>\n<td align=\"center\">30<\/td>\n<td align=\"center\">16<\/td>\n<td align=\"center\">44<\/td>\n<td align=\"center\">175<\/td>\n<td align=\"center\">5<\/td>\n<\/tr>\n<tr bgcolor=\"#ffffff\">\n<td align=\"center\">*\u00a01113 06 7028<\/td>\n<td align=\"center\">28<\/td>\n<td align=\"center\">41<\/td>\n<td align=\"center\">30<\/td>\n<td align=\"center\">16<\/td>\n<td align=\"center\">44<\/td>\n<td align=\"center\">195<\/td>\n<td align=\"center\">5<\/td>\n<\/tr>\n<tr bgcolor=\"#e2e3e4\">\n<td align=\"center\">*\u00a01113 06 7029<\/td>\n<td align=\"center\">29<\/td>\n<td align=\"center\">41<\/td>\n<td align=\"center\">30<\/td>\n<td align=\"center\">17<\/td>\n<td align=\"center\">44<\/td>\n<td align=\"center\">195<\/td>\n<td align=\"center\">5<\/td>\n<\/tr>\n<tr bgcolor=\"#ffffff\">\n<td align=\"center\">*\u00a01113 06 7030<\/td>\n<td align=\"center\">30<\/td>\n<td align=\"center\">42<\/td>\n<td align=\"center\">30<\/td>\n<td align=\"center\">17<\/td>\n<td align=\"center\">44<\/td>\n<td align=\"center\">200<\/td>\n<td align=\"center\">5<\/td>\n<\/tr>\n<tr bgcolor=\"#e2e3e4\">\n<td align=\"center\">*\u00a01113 06 7032<\/td>\n<td align=\"center\">32<\/td>\n<td align=\"center\">44<\/td>\n<td align=\"center\">30<\/td>\n<td align=\"center\">18<\/td>\n<td align=\"center\">44<\/td>\n<td align=\"center\">205<\/td>\n<td align=\"center\">5<\/td>\n<\/tr>\n<\/tbody>\n<\/table>\n","protected":false},"excerpt":{"rendered":"<p>KOD *\u00a01113 06 7008 8 14 25 7 38 65 10 *\u00a01113 06 7009 9 15 25 7 38 65 10 1113 06 7010 10 17 25 8 38 70 10 1113 06 7011 11 18 25 8 38 70 10 1113 06 7012 12 19 25 9 38 70 10 1113 06 7013 13 [&hellip;]<\/p>\n","protected":false},"featured_media":18454,"comment_status":"closed","ping_status":"closed","template":"","meta":[],"product_brand":[],"product_cat":[257,265],"product_tag":[],"class_list":{"0":"post-20064","1":"product","2":"type-product","3":"status-publish","4":"has-post-thumbnail","6":"product_cat-el-aletleri","7":"product_cat-lokma-anahtarlar","9":"first","10":"instock","11":"shipping-taxable","12":"product-type-simple"},"_links":{"self":[{"href":"https:\/\/korogluhirdavat.com.tr\/index.php?rest_route=\/wp\/v2\/product\/20064","targetHints":{"allow":["GET"]}}],"collection":[{"href":"https:\/\/korogluhirdavat.com.tr\/index.php?rest_route=\/wp\/v2\/product"}],"about":[{"href":"https:\/\/korogluhirdavat.com.tr\/index.php?rest_route=\/wp\/v2\/types\/product"}],"replies":[{"embeddable":true,"href":"https:\/\/korogluhirdavat.com.tr\/index.php?rest_route=%2Fwp%2Fv2%2Fcomments&post=20064"}],"wp:featuredmedia":[{"embeddable":true,"href":"https:\/\/korogluhirdavat.com.tr\/index.php?rest_route=\/wp\/v2\/media\/18454"}],"wp:attachment":[{"href":"https:\/\/korogluhirdavat.com.tr\/index.php?rest_route=%2Fwp%2Fv2%2Fmedia&parent=20064"}],"wp:term":[{"taxonomy":"product_brand","embeddable":true,"href":"https:\/\/korogluhirdavat.com.tr\/index.php?rest_route=%2Fwp%2Fv2%2Fproduct_brand&post=20064"},{"taxonomy":"product_cat","embeddable":true,"href":"https:\/\/korogluhirdavat.com.tr\/index.php?rest_route=%2Fwp%2Fv2%2Fproduct_cat&post=20064"},{"taxonomy":"product_tag","embeddable":true,"href":"https:\/\/korogluhirdavat.com.tr\/index.php?rest_route=%2Fwp%2Fv2%2Fproduct_tag&post=20064"}],"curies":[{"name":"wp","href":"https:\/\/api.w.org\/{rel}","templated":true}]}}