{"id":20065,"date":"2021-09-03T21:01:42","date_gmt":"2021-09-03T21:01:42","guid":{"rendered":"https:\/\/koroglucivata.com\/?post_type=product&#038;p=20065"},"modified":"2021-09-03T21:01:44","modified_gmt":"2021-09-03T21:01:44","slug":"1513-1-2-havali-lokma-adaptoru","status":"publish","type":"product","link":"https:\/\/korogluhirdavat.com.tr\/?product=1513-1-2-havali-lokma-adaptoru","title":{"rendered":"1513 1\/2&#8243; Haval\u0131 Lokma Adapt\u00f6r\u00fc"},"content":{"rendered":"<table border=\"0\" width=\"100%\" cellspacing=\"2\" cellpadding=\"2\">\n<tbody>\n<tr>\n<td align=\"center\" bgcolor=\"#d0d0d2\"><strong>KOD<\/strong><\/td>\n<td align=\"center\" bgcolor=\"#d0d0d2\"><img loading=\"lazy\" decoding=\"async\" src=\"https:\/\/www.izeltas.com.tr\/izeltascomtr\/upl\/Image\/yuvarlakKareInch.jpg\" alt=\"\" width=\"34\" height=\"34\" \/><\/td>\n<td align=\"center\" bgcolor=\"#d0d0d2\"><img loading=\"lazy\" decoding=\"async\" src=\"https:\/\/www.izeltas.com.tr\/izeltascomtr\/upl\/Image\/terazi_G.jpg\" alt=\"\" width=\"34\" height=\"34\" \/><\/td>\n<td align=\"center\" bgcolor=\"#d0d0d2\"><img loading=\"lazy\" decoding=\"async\" src=\"https:\/\/www.izeltas.com.tr\/izeltascomtr\/upl\/Image\/kare.jpg\" alt=\"\" width=\"34\" height=\"34\" \/><\/td>\n<\/tr>\n<tr>\n<td align=\"center\" bgcolor=\"#ffffff\">1513 06 7002<\/td>\n<td align=\"center\" bgcolor=\"#ffffff\">1\/2&#8243;Fx3\/8&#8243;M<\/td>\n<td align=\"center\" bgcolor=\"#ffffff\">95<\/td>\n<td align=\"center\" bgcolor=\"#ffffff\">5<\/td>\n<\/tr>\n<tr bgcolor=\"#e2e3e4\">\n<td align=\"center\">1513 06 7003<\/td>\n<td align=\"center\">1\/2&#8243;Fx3\/4&#8243;M<\/td>\n<td align=\"center\">175<\/td>\n<td align=\"center\">5<\/td>\n<\/tr>\n<\/tbody>\n<\/table>\n","protected":false},"excerpt":{"rendered":"<p>KOD 1513 06 7002 1\/2&#8243;Fx3\/8&#8243;M 95 5 1513 06 7003 1\/2&#8243;Fx3\/4&#8243;M 175 5<\/p>\n","protected":false},"featured_media":18455,"comment_status":"closed","ping_status":"closed","template":"","meta":[],"product_brand":[],"product_cat":[257,265],"product_tag":[],"class_list":{"0":"post-20065","1":"product","2":"type-product","3":"status-publish","4":"has-post-thumbnail","6":"product_cat-el-aletleri","7":"product_cat-lokma-anahtarlar","9":"first","10":"instock","11":"shipping-taxable","12":"product-type-simple"},"_links":{"self":[{"href":"https:\/\/korogluhirdavat.com.tr\/index.php?rest_route=\/wp\/v2\/product\/20065","targetHints":{"allow":["GET"]}}],"collection":[{"href":"https:\/\/korogluhirdavat.com.tr\/index.php?rest_route=\/wp\/v2\/product"}],"about":[{"href":"https:\/\/korogluhirdavat.com.tr\/index.php?rest_route=\/wp\/v2\/types\/product"}],"replies":[{"embeddable":true,"href":"https:\/\/korogluhirdavat.com.tr\/index.php?rest_route=%2Fwp%2Fv2%2Fcomments&post=20065"}],"wp:featuredmedia":[{"embeddable":true,"href":"https:\/\/korogluhirdavat.com.tr\/index.php?rest_route=\/wp\/v2\/media\/18455"}],"wp:attachment":[{"href":"https:\/\/korogluhirdavat.com.tr\/index.php?rest_route=%2Fwp%2Fv2%2Fmedia&parent=20065"}],"wp:term":[{"taxonomy":"product_brand","embeddable":true,"href":"https:\/\/korogluhirdavat.com.tr\/index.php?rest_route=%2Fwp%2Fv2%2Fproduct_brand&post=20065"},{"taxonomy":"product_cat","embeddable":true,"href":"https:\/\/korogluhirdavat.com.tr\/index.php?rest_route=%2Fwp%2Fv2%2Fproduct_cat&post=20065"},{"taxonomy":"product_tag","embeddable":true,"href":"https:\/\/korogluhirdavat.com.tr\/index.php?rest_route=%2Fwp%2Fv2%2Fproduct_tag&post=20065"}],"curies":[{"name":"wp","href":"https:\/\/api.w.org\/{rel}","templated":true}]}}