{"id":20066,"date":"2021-09-03T21:01:42","date_gmt":"2021-09-03T21:01:42","guid":{"rendered":"https:\/\/koroglucivata.com\/?post_type=product&#038;p=20066"},"modified":"2021-09-03T21:01:44","modified_gmt":"2021-09-03T21:01:44","slug":"1119-3-4-alti-kose-lokma-anahtar-mm","status":"publish","type":"product","link":"https:\/\/korogluhirdavat.com.tr\/?product=1119-3-4-alti-kose-lokma-anahtar-mm","title":{"rendered":"1119 3\/4&#8243; Alt\u0131 K\u00f6\u015fe Lokma Anahtar (mm)"},"content":{"rendered":"<table border=\"0\" width=\"100%\" cellspacing=\"2\" cellpadding=\"2\">\n<tbody>\n<tr>\n<td align=\"center\" bgcolor=\"#cecfd1\"><strong>KOD<\/strong><\/td>\n<td align=\"center\" bgcolor=\"#cecfd1\"><img loading=\"lazy\" decoding=\"async\" src=\"https:\/\/www.izeltas.com.tr\/izeltascomtr\/upl\/Image\/yuvarlakAltigen_mm.jpg\" alt=\"\" width=\"34\" height=\"34\" \/><\/td>\n<td align=\"center\" bgcolor=\"#cecfd1\"><img loading=\"lazy\" decoding=\"async\" src=\"https:\/\/www.izeltas.com.tr\/izeltascomtr\/upl\/Image\/d1.jpg\" alt=\"\" width=\"34\" height=\"34\" \/><\/td>\n<td align=\"center\" bgcolor=\"#cecfd1\"><img loading=\"lazy\" decoding=\"async\" src=\"https:\/\/www.izeltas.com.tr\/izeltascomtr\/upl\/Image\/d2.jpg\" alt=\"\" width=\"34\" height=\"34\" \/><\/td>\n<td align=\"center\" bgcolor=\"#cecfd1\"><img loading=\"lazy\" decoding=\"async\" src=\"https:\/\/www.izeltas.com.tr\/izeltascomtr\/upl\/Image\/L1.jpg\" alt=\"\" width=\"34\" height=\"34\" \/><\/td>\n<td align=\"center\" bgcolor=\"#cecfd1\"><img loading=\"lazy\" decoding=\"async\" src=\"https:\/\/www.izeltas.com.tr\/izeltascomtr\/upl\/Image\/L.jpg\" alt=\"\" width=\"34\" height=\"34\" \/><\/td>\n<td align=\"center\" bgcolor=\"#cecfd1\"><img loading=\"lazy\" decoding=\"async\" src=\"https:\/\/www.izeltas.com.tr\/izeltascomtr\/upl\/Image\/terazi_G.jpg\" alt=\"\" width=\"34\" height=\"34\" \/><\/td>\n<td align=\"center\" bgcolor=\"#cecfd1\"><img loading=\"lazy\" decoding=\"async\" src=\"https:\/\/www.izeltas.com.tr\/izeltascomtr\/upl\/Image\/kare.jpg\" alt=\"\" width=\"34\" height=\"34\" \/><\/td>\n<\/tr>\n<tr bgcolor=\"#ffffff\">\n<td align=\"center\">*\u00a01119 06 1018<\/td>\n<td align=\"center\">18<\/td>\n<td align=\"center\">28<\/td>\n<td align=\"center\">36<\/td>\n<td align=\"center\">14<\/td>\n<td align=\"center\">52<\/td>\n<td align=\"center\">220<\/td>\n<td align=\"center\">5<\/td>\n<\/tr>\n<tr bgcolor=\"#e2e3e4\">\n<td align=\"center\">*\u00a01119 06 1019<\/td>\n<td align=\"center\">19<\/td>\n<td align=\"center\">30<\/td>\n<td align=\"center\">36<\/td>\n<td align=\"center\">14<\/td>\n<td align=\"center\">52<\/td>\n<td align=\"center\">225<\/td>\n<td align=\"center\">5<\/td>\n<\/tr>\n<tr bgcolor=\"#ffffff\">\n<td align=\"center\">*\u00a01119 06 1021<\/td>\n<td align=\"center\">21<\/td>\n<td align=\"center\">32<\/td>\n<td align=\"center\">36<\/td>\n<td align=\"center\">16<\/td>\n<td align=\"center\">52<\/td>\n<td align=\"center\">225<\/td>\n<td align=\"center\">5<\/td>\n<\/tr>\n<tr bgcolor=\"#e2e3e4\">\n<td align=\"center\">1119 06 1022<\/td>\n<td align=\"center\">22<\/td>\n<td align=\"center\">33<\/td>\n<td align=\"center\">36<\/td>\n<td align=\"center\">16<\/td>\n<td align=\"center\">52<\/td>\n<td align=\"center\">225<\/td>\n<td align=\"center\">5<\/td>\n<\/tr>\n<tr bgcolor=\"#ffffff\">\n<td align=\"center\">1119 06 1024<\/td>\n<td align=\"center\">24<\/td>\n<td align=\"center\">35<\/td>\n<td align=\"center\">36<\/td>\n<td align=\"center\">16<\/td>\n<td align=\"center\">52<\/td>\n<td align=\"center\">230<\/td>\n<td align=\"center\">5<\/td>\n<\/tr>\n<tr bgcolor=\"#e2e3e4\">\n<td align=\"center\">1119 06 1027<\/td>\n<td align=\"center\">27<\/td>\n<td align=\"center\">38<\/td>\n<td align=\"center\">36<\/td>\n<td align=\"center\">19<\/td>\n<td align=\"center\">52<\/td>\n<td align=\"center\">235<\/td>\n<td align=\"center\">5<\/td>\n<\/tr>\n<tr bgcolor=\"#ffffff\">\n<td align=\"center\">1119 06 1030<\/td>\n<td align=\"center\">30<\/td>\n<td align=\"center\">42<\/td>\n<td align=\"center\">38<\/td>\n<td align=\"center\">21<\/td>\n<td align=\"center\">54<\/td>\n<td align=\"center\">300<\/td>\n<td align=\"center\">5<\/td>\n<\/tr>\n<tr bgcolor=\"#e2e3e4\">\n<td align=\"center\">1119 06 1032<\/td>\n<td align=\"center\">32<\/td>\n<td align=\"center\">44<\/td>\n<td align=\"center\">38<\/td>\n<td align=\"center\">23<\/td>\n<td align=\"center\">56<\/td>\n<td align=\"center\">320<\/td>\n<td align=\"center\">5<\/td>\n<\/tr>\n<tr bgcolor=\"#ffffff\">\n<td align=\"center\">*\u00a01119 06 1033<\/td>\n<td align=\"center\">33<\/td>\n<td align=\"center\">46<\/td>\n<td align=\"center\">38<\/td>\n<td align=\"center\">23<\/td>\n<td align=\"center\">56<\/td>\n<td align=\"center\">350<\/td>\n<td align=\"center\">5<\/td>\n<\/tr>\n<tr bgcolor=\"#e2e3e4\">\n<td align=\"center\">1119 06 1034<\/td>\n<td align=\"center\">34<\/td>\n<td align=\"center\">47<\/td>\n<td align=\"center\">42<\/td>\n<td align=\"center\">24<\/td>\n<td align=\"center\">58<\/td>\n<td align=\"center\">400<\/td>\n<td align=\"center\">5<\/td>\n<\/tr>\n<tr bgcolor=\"#ffffff\">\n<td align=\"center\">1119 06 1036<\/td>\n<td align=\"center\">36<\/td>\n<td align=\"center\">50<\/td>\n<td align=\"center\">42<\/td>\n<td align=\"center\">25<\/td>\n<td align=\"center\">58<\/td>\n<td align=\"center\">440<\/td>\n<td align=\"center\">5<\/td>\n<\/tr>\n<tr bgcolor=\"#e2e3e4\">\n<td align=\"center\">1119 06 1038<\/td>\n<td align=\"center\">38<\/td>\n<td align=\"center\">52<\/td>\n<td align=\"center\">45<\/td>\n<td align=\"center\">27<\/td>\n<td align=\"center\">60<\/td>\n<td align=\"center\">500<\/td>\n<td align=\"center\">5<\/td>\n<\/tr>\n<tr bgcolor=\"#ffffff\">\n<td align=\"center\">1119 06 1041<\/td>\n<td align=\"center\">41<\/td>\n<td align=\"center\">56<\/td>\n<td align=\"center\">45<\/td>\n<td align=\"center\">29<\/td>\n<td align=\"center\">64<\/td>\n<td align=\"center\">580<\/td>\n<td align=\"center\">1<\/td>\n<\/tr>\n<tr bgcolor=\"#e2e3e4\">\n<td align=\"center\">1119 06 1046<\/td>\n<td align=\"center\">46<\/td>\n<td align=\"center\">62<\/td>\n<td align=\"center\">48<\/td>\n<td align=\"center\">33<\/td>\n<td align=\"center\">68<\/td>\n<td align=\"center\">730<\/td>\n<td align=\"center\">1<\/td>\n<\/tr>\n<tr bgcolor=\"#ffffff\">\n<td align=\"center\">1119 06 1050<\/td>\n<td align=\"center\">50<\/td>\n<td align=\"center\">68<\/td>\n<td align=\"center\">48<\/td>\n<td align=\"center\">34<\/td>\n<td align=\"center\">72<\/td>\n<td align=\"center\">885<\/td>\n<td align=\"center\">1<\/td>\n<\/tr>\n<tr bgcolor=\"#e2e3e4\">\n<td align=\"center\">1119 06 1055<\/td>\n<td align=\"center\">55<\/td>\n<td align=\"center\">76<\/td>\n<td align=\"center\">48<\/td>\n<td align=\"center\">37<\/td>\n<td align=\"center\">76<\/td>\n<td align=\"center\">1070<\/td>\n<td align=\"center\">1<\/td>\n<\/tr>\n<tr bgcolor=\"#ffffff\">\n<td align=\"center\">1119 06 1060<\/td>\n<td align=\"center\">60<\/td>\n<td align=\"center\">80<\/td>\n<td align=\"center\">48<\/td>\n<td align=\"center\">38<\/td>\n<td align=\"center\">78<\/td>\n<td align=\"center\">1170<\/td>\n<td align=\"center\">1<\/td>\n<\/tr>\n<\/tbody>\n<\/table>\n","protected":false},"excerpt":{"rendered":"<p>KOD *\u00a01119 06 1018 18 28 36 14 52 220 5 *\u00a01119 06 1019 19 30 36 14 52 225 5 *\u00a01119 06 1021 21 32 36 16 52 225 5 1119 06 1022 22 33 36 16 52 225 5 1119 06 1024 24 35 36 16 52 230 5 1119 06 1027 27 [&hellip;]<\/p>\n","protected":false},"featured_media":18456,"comment_status":"closed","ping_status":"closed","template":"","meta":[],"product_brand":[],"product_cat":[257,265],"product_tag":[],"class_list":{"0":"post-20066","1":"product","2":"type-product","3":"status-publish","4":"has-post-thumbnail","6":"product_cat-el-aletleri","7":"product_cat-lokma-anahtarlar","9":"first","10":"instock","11":"shipping-taxable","12":"product-type-simple"},"_links":{"self":[{"href":"https:\/\/korogluhirdavat.com.tr\/index.php?rest_route=\/wp\/v2\/product\/20066","targetHints":{"allow":["GET"]}}],"collection":[{"href":"https:\/\/korogluhirdavat.com.tr\/index.php?rest_route=\/wp\/v2\/product"}],"about":[{"href":"https:\/\/korogluhirdavat.com.tr\/index.php?rest_route=\/wp\/v2\/types\/product"}],"replies":[{"embeddable":true,"href":"https:\/\/korogluhirdavat.com.tr\/index.php?rest_route=%2Fwp%2Fv2%2Fcomments&post=20066"}],"wp:featuredmedia":[{"embeddable":true,"href":"https:\/\/korogluhirdavat.com.tr\/index.php?rest_route=\/wp\/v2\/media\/18456"}],"wp:attachment":[{"href":"https:\/\/korogluhirdavat.com.tr\/index.php?rest_route=%2Fwp%2Fv2%2Fmedia&parent=20066"}],"wp:term":[{"taxonomy":"product_brand","embeddable":true,"href":"https:\/\/korogluhirdavat.com.tr\/index.php?rest_route=%2Fwp%2Fv2%2Fproduct_brand&post=20066"},{"taxonomy":"product_cat","embeddable":true,"href":"https:\/\/korogluhirdavat.com.tr\/index.php?rest_route=%2Fwp%2Fv2%2Fproduct_cat&post=20066"},{"taxonomy":"product_tag","embeddable":true,"href":"https:\/\/korogluhirdavat.com.tr\/index.php?rest_route=%2Fwp%2Fv2%2Fproduct_tag&post=20066"}],"curies":[{"name":"wp","href":"https:\/\/api.w.org\/{rel}","templated":true}]}}