{"id":20077,"date":"2021-09-03T21:01:43","date_gmt":"2021-09-03T21:01:43","guid":{"rendered":"https:\/\/koroglucivata.com\/?post_type=product&#038;p=20077"},"modified":"2021-09-03T21:01:46","modified_gmt":"2021-09-03T21:01:46","slug":"1120-3-4-lokma-takimi-oniki-kose-14-parca-mm","status":"publish","type":"product","link":"https:\/\/korogluhirdavat.com.tr\/?product=1120-3-4-lokma-takimi-oniki-kose-14-parca-mm","title":{"rendered":"1120 3\/4&#8243; Lokma Tak\u0131m\u0131 Oniki K\u00f6\u015fe (14 Par\u00e7a mm)"},"content":{"rendered":"<table border=\"0\" width=\"100%\" cellspacing=\"2\" cellpadding=\"2\">\n<tbody>\n<tr>\n<td align=\"center\" bgcolor=\"#cecfd1\"><strong>KOD<\/strong><\/td>\n<td align=\"center\" bgcolor=\"#cecfd1\"><strong>Lokmalar<\/strong><\/td>\n<td align=\"center\" bgcolor=\"#cecfd1\"><strong>Avadanl\u0131klar<\/strong><\/td>\n<td align=\"center\" bgcolor=\"#cecfd1\"><img loading=\"lazy\" decoding=\"async\" src=\"https:\/\/www.izeltas.com.tr\/izeltascomtr\/upl\/Image\/terazi_G.jpg\" alt=\"\" width=\"34\" height=\"34\" \/><\/td>\n<td align=\"center\" bgcolor=\"#cecfd1\"><img loading=\"lazy\" decoding=\"async\" src=\"https:\/\/www.izeltas.com.tr\/izeltascomtr\/upl\/Image\/kare.jpg\" alt=\"\" width=\"34\" height=\"34\" \/><\/td>\n<\/tr>\n<tr>\n<td rowspan=\"4\" align=\"center\" bgcolor=\"#e2e3e4\">1120 00 6014<\/td>\n<td rowspan=\"4\" align=\"center\" bgcolor=\"#e2e3e4\">22 &#8211; 24 &#8211; 27 &#8211; 30 &#8211; 32<\/p>\n<p>34 &#8211; 36 &#8211; 41 &#8211; 46 &#8211; 50<\/td>\n<td>3\/4&#8243; C\u0131rc\u0131r Kolu<\/td>\n<td rowspan=\"4\" align=\"center\" bgcolor=\"#e2e3e4\">13700<\/td>\n<td rowspan=\"4\" align=\"center\" bgcolor=\"#e2e3e4\">14<\/td>\n<\/tr>\n<tr>\n<td bgcolor=\"#e2e3e4\">3\/4&#8243; T Kol<\/td>\n<\/tr>\n<tr>\n<td align=\"center\">3\/4&#8243; Ara Kol\u00a0\u00a0\u00a0 200mm<\/td>\n<\/tr>\n<tr>\n<td align=\"center\" bgcolor=\"#e2e3e4\">3\/4&#8243; Ara Kol\u00a0\u00a0\u00a0 400mm<\/td>\n<\/tr>\n<\/tbody>\n<\/table>\n","protected":false},"excerpt":{"rendered":"<p>KOD Lokmalar Avadanl\u0131klar 1120 00 6014 22 &#8211; 24 &#8211; 27 &#8211; 30 &#8211; 32 34 &#8211; 36 &#8211; 41 &#8211; 46 &#8211; 50 3\/4&#8243; C\u0131rc\u0131r Kolu 13700 14 3\/4&#8243; T Kol 3\/4&#8243; Ara Kol\u00a0\u00a0\u00a0 200mm 3\/4&#8243; Ara Kol\u00a0\u00a0\u00a0 400mm<\/p>\n","protected":false},"featured_media":18497,"comment_status":"closed","ping_status":"closed","template":"","meta":[],"product_brand":[],"product_cat":[257,265],"product_tag":[],"class_list":{"0":"post-20077","1":"product","2":"type-product","3":"status-publish","4":"has-post-thumbnail","6":"product_cat-el-aletleri","7":"product_cat-lokma-anahtarlar","9":"first","10":"instock","11":"shipping-taxable","12":"product-type-simple"},"_links":{"self":[{"href":"https:\/\/korogluhirdavat.com.tr\/index.php?rest_route=\/wp\/v2\/product\/20077","targetHints":{"allow":["GET"]}}],"collection":[{"href":"https:\/\/korogluhirdavat.com.tr\/index.php?rest_route=\/wp\/v2\/product"}],"about":[{"href":"https:\/\/korogluhirdavat.com.tr\/index.php?rest_route=\/wp\/v2\/types\/product"}],"replies":[{"embeddable":true,"href":"https:\/\/korogluhirdavat.com.tr\/index.php?rest_route=%2Fwp%2Fv2%2Fcomments&post=20077"}],"wp:featuredmedia":[{"embeddable":true,"href":"https:\/\/korogluhirdavat.com.tr\/index.php?rest_route=\/wp\/v2\/media\/18497"}],"wp:attachment":[{"href":"https:\/\/korogluhirdavat.com.tr\/index.php?rest_route=%2Fwp%2Fv2%2Fmedia&parent=20077"}],"wp:term":[{"taxonomy":"product_brand","embeddable":true,"href":"https:\/\/korogluhirdavat.com.tr\/index.php?rest_route=%2Fwp%2Fv2%2Fproduct_brand&post=20077"},{"taxonomy":"product_cat","embeddable":true,"href":"https:\/\/korogluhirdavat.com.tr\/index.php?rest_route=%2Fwp%2Fv2%2Fproduct_cat&post=20077"},{"taxonomy":"product_tag","embeddable":true,"href":"https:\/\/korogluhirdavat.com.tr\/index.php?rest_route=%2Fwp%2Fv2%2Fproduct_tag&post=20077"}],"curies":[{"name":"wp","href":"https:\/\/api.w.org\/{rel}","templated":true}]}}