{"id":20078,"date":"2021-09-03T21:01:43","date_gmt":"2021-09-03T21:01:43","guid":{"rendered":"https:\/\/koroglucivata.com\/?post_type=product&#038;p=20078"},"modified":"2021-09-03T21:01:46","modified_gmt":"2021-09-03T21:01:46","slug":"1419-3-4-lokma-takimi-oniki-kose-14-parca-sae","status":"publish","type":"product","link":"https:\/\/korogluhirdavat.com.tr\/?product=1419-3-4-lokma-takimi-oniki-kose-14-parca-sae","title":{"rendered":"1419 3\/4&#8243; Lokma Tak\u0131m\u0131 Oniki K\u00f6\u015fe (14 par\u00e7a SAE)"},"content":{"rendered":"<table border=\"0\" width=\"100%\" cellspacing=\"2\" cellpadding=\"2\">\n<tbody>\n<tr>\n<td align=\"center\" bgcolor=\"#cecfd1\"><strong>KOD<\/strong><\/td>\n<td align=\"center\" bgcolor=\"#cecfd1\"><strong>Lokmalar<\/strong><\/td>\n<td align=\"center\" bgcolor=\"#cecfd1\"><strong>Avadanl\u0131klar<\/strong><\/td>\n<td align=\"center\" bgcolor=\"#cecfd1\"><img loading=\"lazy\" decoding=\"async\" src=\"https:\/\/www.izeltas.com.tr\/izeltascomtr\/upl\/Image\/terazi_G.jpg\" alt=\"\" width=\"34\" height=\"34\" \/><\/td>\n<td align=\"center\" bgcolor=\"#cecfd1\"><img loading=\"lazy\" decoding=\"async\" src=\"https:\/\/www.izeltas.com.tr\/izeltascomtr\/upl\/Image\/kare.jpg\" alt=\"\" width=\"34\" height=\"34\" \/><\/td>\n<\/tr>\n<tr>\n<td rowspan=\"4\" align=\"center\" bgcolor=\"#ffffff\">1419 00 6114<\/td>\n<td rowspan=\"4\" align=\"center\" bgcolor=\"#ffffff\">15\/16&#8243;-1.1\/6&#8243;-1.1\/8&#8243;<br \/>\n1 1\/4&#8243;-1 5\/16&#8243;-1 3\/8&#8243;<br \/>\n1 1\/2&#8243;-1 5\/8&#8243;-1 7\/8&#8243;-2&#8243;<\/td>\n<td bgcolor=\"#ffffff\">3\/4&#8243; C\u0131rc\u0131r Kolu<\/td>\n<td rowspan=\"4\" align=\"center\" bgcolor=\"#ffffff\">10180<\/td>\n<td rowspan=\"4\" align=\"center\" bgcolor=\"#ffffff\">14<\/td>\n<\/tr>\n<\/tbody>\n<\/table>\n","protected":false},"excerpt":{"rendered":"<p>KOD Lokmalar Avadanl\u0131klar 1419 00 6114 15\/16&#8243;-1.1\/6&#8243;-1.1\/8&#8243; 1 1\/4&#8243;-1 5\/16&#8243;-1 3\/8&#8243; 1 1\/2&#8243;-1 5\/8&#8243;-1 7\/8&#8243;-2&#8243; 3\/4&#8243; C\u0131rc\u0131r Kolu 10180 14<\/p>\n","protected":false},"featured_media":18498,"comment_status":"closed","ping_status":"closed","template":"","meta":[],"product_brand":[],"product_cat":[257,265],"product_tag":[],"class_list":{"0":"post-20078","1":"product","2":"type-product","3":"status-publish","4":"has-post-thumbnail","6":"product_cat-el-aletleri","7":"product_cat-lokma-anahtarlar","9":"first","10":"instock","11":"shipping-taxable","12":"product-type-simple"},"_links":{"self":[{"href":"https:\/\/korogluhirdavat.com.tr\/index.php?rest_route=\/wp\/v2\/product\/20078","targetHints":{"allow":["GET"]}}],"collection":[{"href":"https:\/\/korogluhirdavat.com.tr\/index.php?rest_route=\/wp\/v2\/product"}],"about":[{"href":"https:\/\/korogluhirdavat.com.tr\/index.php?rest_route=\/wp\/v2\/types\/product"}],"replies":[{"embeddable":true,"href":"https:\/\/korogluhirdavat.com.tr\/index.php?rest_route=%2Fwp%2Fv2%2Fcomments&post=20078"}],"wp:featuredmedia":[{"embeddable":true,"href":"https:\/\/korogluhirdavat.com.tr\/index.php?rest_route=\/wp\/v2\/media\/18498"}],"wp:attachment":[{"href":"https:\/\/korogluhirdavat.com.tr\/index.php?rest_route=%2Fwp%2Fv2%2Fmedia&parent=20078"}],"wp:term":[{"taxonomy":"product_brand","embeddable":true,"href":"https:\/\/korogluhirdavat.com.tr\/index.php?rest_route=%2Fwp%2Fv2%2Fproduct_brand&post=20078"},{"taxonomy":"product_cat","embeddable":true,"href":"https:\/\/korogluhirdavat.com.tr\/index.php?rest_route=%2Fwp%2Fv2%2Fproduct_cat&post=20078"},{"taxonomy":"product_tag","embeddable":true,"href":"https:\/\/korogluhirdavat.com.tr\/index.php?rest_route=%2Fwp%2Fv2%2Fproduct_tag&post=20078"}],"curies":[{"name":"wp","href":"https:\/\/api.w.org\/{rel}","templated":true}]}}