{"id":20085,"date":"2021-09-03T21:01:47","date_gmt":"2021-09-03T21:01:47","guid":{"rendered":"https:\/\/koroglucivata.com\/?post_type=product&#038;p=20085"},"modified":"2021-09-03T21:01:52","modified_gmt":"2021-09-03T21:01:52","slug":"1125-1-alti-kose-havali-lokma-anahtar-mm","status":"publish","type":"product","link":"https:\/\/korogluhirdavat.com.tr\/?product=1125-1-alti-kose-havali-lokma-anahtar-mm","title":{"rendered":"1125 1&#8243; Alt\u0131 K\u00f6\u015fe Haval\u0131 Lokma Anahtar (mm)"},"content":{"rendered":"<table border=\"0\" width=\"100%\" cellspacing=\"2\" cellpadding=\"2\">\n<tbody>\n<tr>\n<td align=\"center\" bgcolor=\"#cecfd1\"><strong>KOD<\/strong><\/td>\n<td align=\"center\" bgcolor=\"#cecfd1\"><img loading=\"lazy\" decoding=\"async\" src=\"https:\/\/www.izeltas.com.tr\/izeltascomtr\/upl\/Image\/yuvarlakAltigen_mm.jpg\" alt=\"\" width=\"34\" height=\"34\" \/><\/td>\n<td align=\"center\" bgcolor=\"#cecfd1\"><img loading=\"lazy\" decoding=\"async\" src=\"https:\/\/www.izeltas.com.tr\/izeltascomtr\/upl\/Image\/d1.jpg\" alt=\"\" width=\"34\" height=\"34\" \/><\/td>\n<td align=\"center\" bgcolor=\"#cecfd1\"><img loading=\"lazy\" decoding=\"async\" src=\"https:\/\/www.izeltas.com.tr\/izeltascomtr\/upl\/Image\/d2.jpg\" alt=\"\" width=\"34\" height=\"34\" \/><\/td>\n<td align=\"center\" bgcolor=\"#cecfd1\"><img loading=\"lazy\" decoding=\"async\" src=\"https:\/\/www.izeltas.com.tr\/izeltascomtr\/upl\/Image\/L1.jpg\" alt=\"\" width=\"34\" height=\"34\" \/><\/td>\n<td align=\"center\" bgcolor=\"#cecfd1\"><img loading=\"lazy\" decoding=\"async\" src=\"https:\/\/www.izeltas.com.tr\/izeltascomtr\/upl\/Image\/L.jpg\" alt=\"\" width=\"34\" height=\"34\" \/><\/td>\n<td align=\"center\" bgcolor=\"#cecfd1\"><img loading=\"lazy\" decoding=\"async\" src=\"https:\/\/www.izeltas.com.tr\/izeltascomtr\/upl\/Image\/terazi_G.jpg\" alt=\"\" width=\"34\" height=\"34\" \/><\/td>\n<td align=\"center\" bgcolor=\"#cecfd1\"><img loading=\"lazy\" decoding=\"async\" src=\"https:\/\/www.izeltas.com.tr\/izeltascomtr\/upl\/Image\/kare.jpg\" alt=\"\" width=\"34\" height=\"34\" \/><\/td>\n<\/tr>\n<tr bgcolor=\"#ffffff\">\n<td align=\"center\">*\u00a01125 06 7022<\/td>\n<td align=\"center\">22<\/td>\n<td align=\"center\">38<\/td>\n<td align=\"center\">54<\/td>\n<td align=\"center\">17<\/td>\n<td align=\"center\">58<\/td>\n<td align=\"center\">520<\/td>\n<td align=\"center\">1<\/td>\n<\/tr>\n<tr bgcolor=\"#e2e3e4\">\n<td align=\"center\">1125 06 7024<\/td>\n<td align=\"center\">24<\/td>\n<td align=\"center\">41<\/td>\n<td align=\"center\">54<\/td>\n<td align=\"center\">17<\/td>\n<td align=\"center\">58<\/td>\n<td align=\"center\">560<\/td>\n<td align=\"center\">1<\/td>\n<\/tr>\n<tr bgcolor=\"#ffffff\">\n<td align=\"center\">1125 06 7027<\/td>\n<td align=\"center\">27<\/td>\n<td align=\"center\">44<\/td>\n<td align=\"center\">54<\/td>\n<td align=\"center\">19<\/td>\n<td align=\"center\">58<\/td>\n<td align=\"center\">565<\/td>\n<td align=\"center\">1<\/td>\n<\/tr>\n<tr bgcolor=\"#e2e3e4\">\n<td align=\"center\">1125 06 7030<\/td>\n<td align=\"center\">30<\/td>\n<td align=\"center\">48<\/td>\n<td align=\"center\">54<\/td>\n<td align=\"center\">21<\/td>\n<td align=\"center\">60<\/td>\n<td align=\"center\">605<\/td>\n<td align=\"center\">1<\/td>\n<\/tr>\n<tr bgcolor=\"#ffffff\">\n<td align=\"center\">1125 06 7032<\/td>\n<td align=\"center\">32<\/td>\n<td align=\"center\">51<\/td>\n<td align=\"center\">54<\/td>\n<td align=\"center\">21<\/td>\n<td align=\"center\">62<\/td>\n<td align=\"center\">650<\/td>\n<td align=\"center\">1<\/td>\n<\/tr>\n<tr bgcolor=\"#e2e3e4\">\n<td align=\"center\">1125 06 7033<\/td>\n<td align=\"center\">33<\/td>\n<td align=\"center\">52<\/td>\n<td align=\"center\">54<\/td>\n<td align=\"center\">21<\/td>\n<td align=\"center\">62<\/td>\n<td align=\"center\">660<\/td>\n<td align=\"center\">1<\/td>\n<\/tr>\n<tr bgcolor=\"#ffffff\">\n<td align=\"center\">1125 06 7034<\/td>\n<td align=\"center\">34<\/td>\n<td align=\"center\">53<\/td>\n<td align=\"center\">54<\/td>\n<td align=\"center\">24<\/td>\n<td align=\"center\">62<\/td>\n<td align=\"center\">765<\/td>\n<td align=\"center\">1<\/td>\n<\/tr>\n<tr bgcolor=\"#e2e3e4\">\n<td align=\"center\">1125 06 7036<\/td>\n<td align=\"center\">36<\/td>\n<td align=\"center\">56<\/td>\n<td align=\"center\">54<\/td>\n<td align=\"center\">24<\/td>\n<td align=\"center\">65<\/td>\n<td align=\"center\">720<\/td>\n<td align=\"center\">1<\/td>\n<\/tr>\n<tr bgcolor=\"#ffffff\">\n<td align=\"center\">1125 06 7038<\/td>\n<td align=\"center\">38<\/td>\n<td align=\"center\">58<\/td>\n<td align=\"center\">54<\/td>\n<td align=\"center\">26<\/td>\n<td align=\"center\">65<\/td>\n<td align=\"center\">735<\/td>\n<td align=\"center\">1<\/td>\n<\/tr>\n<tr bgcolor=\"#e2e3e4\">\n<td align=\"center\">1125 06 7041<\/td>\n<td align=\"center\">41<\/td>\n<td align=\"center\">61<\/td>\n<td align=\"center\">54<\/td>\n<td align=\"center\">28<\/td>\n<td align=\"center\">70<\/td>\n<td align=\"center\">845<\/td>\n<td align=\"center\">1<\/td>\n<\/tr>\n<tr bgcolor=\"#ffffff\">\n<td align=\"center\">*\u00a01125 06 7042<\/td>\n<td align=\"center\">42<\/td>\n<td align=\"center\">64<\/td>\n<td align=\"center\">54<\/td>\n<td align=\"center\">28<\/td>\n<td align=\"center\">70<\/td>\n<td align=\"center\">890<\/td>\n<td align=\"center\">1<\/td>\n<\/tr>\n<tr bgcolor=\"#e2e3e4\">\n<td align=\"center\">\u00a01125 06 7046<\/td>\n<td align=\"center\">46<\/td>\n<td align=\"center\">68<\/td>\n<td align=\"center\">54<\/td>\n<td align=\"center\">30<\/td>\n<td align=\"center\">75<\/td>\n<td align=\"center\">1075<\/td>\n<td align=\"center\">1<\/td>\n<\/tr>\n<tr bgcolor=\"#ffffff\">\n<td align=\"center\">1125 06 7050<\/td>\n<td align=\"center\">50<\/td>\n<td align=\"center\">73<\/td>\n<td align=\"center\">54<\/td>\n<td align=\"center\">32<\/td>\n<td align=\"center\">75<\/td>\n<td align=\"center\">1170<\/td>\n<td align=\"center\">1<\/td>\n<\/tr>\n<tr bgcolor=\"#e2e3e4\">\n<td align=\"center\">1125 06 7055<\/td>\n<td align=\"center\">55<\/td>\n<td align=\"center\">79<\/td>\n<td align=\"center\">54<\/td>\n<td align=\"center\">37<\/td>\n<td align=\"center\">83<\/td>\n<td align=\"center\">1435<\/td>\n<td align=\"center\">1<\/td>\n<\/tr>\n<tr bgcolor=\"#ffffff\">\n<td align=\"center\">1125 06 7060<\/td>\n<td align=\"center\">60<\/td>\n<td align=\"center\">86<\/td>\n<td align=\"center\">54<\/td>\n<td align=\"center\">37<\/td>\n<td align=\"center\">87<\/td>\n<td align=\"center\">1760<\/td>\n<td align=\"center\">1<\/td>\n<\/tr>\n<tr bgcolor=\"#e2e3e4\">\n<td align=\"center\">*\u00a01125 06 7065<\/td>\n<td align=\"center\">65<\/td>\n<td align=\"center\">92<\/td>\n<td align=\"center\">54<\/td>\n<td align=\"center\">39<\/td>\n<td align=\"center\">90<\/td>\n<td align=\"center\">1760<\/td>\n<td align=\"center\">1<\/td>\n<\/tr>\n<tr bgcolor=\"#ffffff\">\n<td align=\"center\">*\u00a01125 06 7070<\/td>\n<td align=\"center\">70<\/td>\n<td align=\"center\">97<\/td>\n<td align=\"center\">54<\/td>\n<td align=\"center\">39<\/td>\n<td align=\"center\">93<\/td>\n<td align=\"center\">2110<\/td>\n<td align=\"center\">1<\/td>\n<\/tr>\n<tr bgcolor=\"#e2e3e4\">\n<td align=\"center\">*\u00a01125 06 7075<\/td>\n<td align=\"center\">75<\/td>\n<td align=\"center\">104<\/td>\n<td align=\"center\">86<\/td>\n<td align=\"center\">41<\/td>\n<td align=\"center\">95<\/td>\n<td align=\"center\">3190<\/td>\n<td align=\"center\">1<\/td>\n<\/tr>\n<tr bgcolor=\"#ffffff\">\n<td align=\"center\">*\u00a01125 06 7080<\/td>\n<td align=\"center\">80<\/td>\n<td align=\"center\">110<\/td>\n<td align=\"center\">86<\/td>\n<td align=\"center\">43<\/td>\n<td align=\"center\">95<\/td>\n<td align=\"center\">3350<\/td>\n<td align=\"center\">1<\/td>\n<\/tr>\n<\/tbody>\n<\/table>\n","protected":false},"excerpt":{"rendered":"<p>KOD *\u00a01125 06 7022 22 38 54 17 58 520 1 1125 06 7024 24 41 54 17 58 560 1 1125 06 7027 27 44 54 19 58 565 1 1125 06 7030 30 48 54 21 60 605 1 1125 06 7032 32 51 54 21 62 650 1 1125 06 7033 33 [&hellip;]<\/p>\n","protected":false},"featured_media":18505,"comment_status":"closed","ping_status":"closed","template":"","meta":[],"product_brand":[],"product_cat":[257,265],"product_tag":[],"class_list":{"0":"post-20085","1":"product","2":"type-product","3":"status-publish","4":"has-post-thumbnail","6":"product_cat-el-aletleri","7":"product_cat-lokma-anahtarlar","9":"first","10":"instock","11":"shipping-taxable","12":"product-type-simple"},"_links":{"self":[{"href":"https:\/\/korogluhirdavat.com.tr\/index.php?rest_route=\/wp\/v2\/product\/20085","targetHints":{"allow":["GET"]}}],"collection":[{"href":"https:\/\/korogluhirdavat.com.tr\/index.php?rest_route=\/wp\/v2\/product"}],"about":[{"href":"https:\/\/korogluhirdavat.com.tr\/index.php?rest_route=\/wp\/v2\/types\/product"}],"replies":[{"embeddable":true,"href":"https:\/\/korogluhirdavat.com.tr\/index.php?rest_route=%2Fwp%2Fv2%2Fcomments&post=20085"}],"wp:featuredmedia":[{"embeddable":true,"href":"https:\/\/korogluhirdavat.com.tr\/index.php?rest_route=\/wp\/v2\/media\/18505"}],"wp:attachment":[{"href":"https:\/\/korogluhirdavat.com.tr\/index.php?rest_route=%2Fwp%2Fv2%2Fmedia&parent=20085"}],"wp:term":[{"taxonomy":"product_brand","embeddable":true,"href":"https:\/\/korogluhirdavat.com.tr\/index.php?rest_route=%2Fwp%2Fv2%2Fproduct_brand&post=20085"},{"taxonomy":"product_cat","embeddable":true,"href":"https:\/\/korogluhirdavat.com.tr\/index.php?rest_route=%2Fwp%2Fv2%2Fproduct_cat&post=20085"},{"taxonomy":"product_tag","embeddable":true,"href":"https:\/\/korogluhirdavat.com.tr\/index.php?rest_route=%2Fwp%2Fv2%2Fproduct_tag&post=20085"}],"curies":[{"name":"wp","href":"https:\/\/api.w.org\/{rel}","templated":true}]}}