{"id":20089,"date":"2021-09-03T21:01:48","date_gmt":"2021-09-03T21:01:48","guid":{"rendered":"https:\/\/koroglucivata.com\/?post_type=product&#038;p=20089"},"modified":"2021-09-03T21:01:53","modified_gmt":"2021-09-03T21:01:53","slug":"1800-kovan-anahtar-iki-agiz-mm","status":"publish","type":"product","link":"https:\/\/korogluhirdavat.com.tr\/?product=1800-kovan-anahtar-iki-agiz-mm","title":{"rendered":"1800 Kovan Anahtar \u0130ki A\u011f\u0131z (mm)"},"content":{"rendered":"<table border=\"0\" width=\"100%\" cellspacing=\"2\" cellpadding=\"2\">\n<tbody>\n<tr>\n<td align=\"center\" bgcolor=\"#cecfd1\"><strong>KOD<\/strong><\/td>\n<td align=\"center\" bgcolor=\"#cecfd1\"><img loading=\"lazy\" decoding=\"async\" src=\"https:\/\/www.izeltas.com.tr\/izeltascomtr\/upl\/Image\/altigenGenis.jpg\" alt=\"\" width=\"34\" height=\"34\" \/><\/td>\n<td align=\"center\" bgcolor=\"#cecfd1\"><img loading=\"lazy\" decoding=\"async\" src=\"https:\/\/www.izeltas.com.tr\/izeltascomtr\/upl\/Image\/L.jpg\" alt=\"\" width=\"34\" height=\"34\" \/><\/td>\n<td align=\"center\" bgcolor=\"#cecfd1\"><img loading=\"lazy\" decoding=\"async\" src=\"https:\/\/www.izeltas.com.tr\/izeltascomtr\/upl\/Image\/aa1.jpg\" alt=\"\" width=\"34\" height=\"34\" \/><\/td>\n<td align=\"center\" bgcolor=\"#cecfd1\"><img loading=\"lazy\" decoding=\"async\" src=\"https:\/\/www.izeltas.com.tr\/izeltascomtr\/upl\/Image\/aa2.jpg\" alt=\"\" width=\"34\" height=\"34\" \/><\/td>\n<td align=\"center\" bgcolor=\"#cecfd1\"><img loading=\"lazy\" decoding=\"async\" src=\"https:\/\/www.izeltas.com.tr\/izeltascomtr\/upl\/Image\/h1.jpg\" alt=\"\" width=\"34\" height=\"34\" \/><\/td>\n<td align=\"center\" bgcolor=\"#cecfd1\"><img loading=\"lazy\" decoding=\"async\" src=\"https:\/\/www.izeltas.com.tr\/izeltascomtr\/upl\/Image\/h2.jpg\" alt=\"\" width=\"34\" height=\"34\" \/><\/td>\n<td align=\"center\" bgcolor=\"#cecfd1\"><img loading=\"lazy\" decoding=\"async\" src=\"https:\/\/www.izeltas.com.tr\/izeltascomtr\/upl\/Image\/d.jpg\" alt=\"\" width=\"34\" height=\"34\" \/><\/td>\n<td align=\"center\" bgcolor=\"#cecfd1\"><img loading=\"lazy\" decoding=\"async\" src=\"https:\/\/www.izeltas.com.tr\/izeltascomtr\/upl\/Image\/terazi_G.jpg\" alt=\"\" width=\"34\" height=\"34\" \/><\/td>\n<td align=\"center\" bgcolor=\"#cecfd1\"><img loading=\"lazy\" decoding=\"async\" src=\"https:\/\/www.izeltas.com.tr\/izeltascomtr\/upl\/Image\/kare.jpg\" alt=\"\" width=\"34\" height=\"34\" \/><\/td>\n<\/tr>\n<tr bgcolor=\"#ffffff\">\n<td align=\"center\">1800 07 0607<\/td>\n<td align=\"center\">6&#215;7<\/td>\n<td align=\"center\">105<\/td>\n<td align=\"center\">8.6<\/td>\n<td align=\"center\">9.6<\/td>\n<td align=\"center\">7<\/td>\n<td align=\"center\">8<\/td>\n<td align=\"center\">8<\/td>\n<td align=\"center\">25<\/td>\n<td align=\"center\">5<\/td>\n<\/tr>\n<tr bgcolor=\"#e2e3e4\">\n<td align=\"center\">1800 07 0809<\/td>\n<td align=\"center\">8&#215;9<\/td>\n<td align=\"center\">105<\/td>\n<td align=\"center\">11.2<\/td>\n<td align=\"center\">12.2<\/td>\n<td align=\"center\">9<\/td>\n<td align=\"center\">10<\/td>\n<td align=\"center\">10<\/td>\n<td align=\"center\">35<\/td>\n<td align=\"center\">5<\/td>\n<\/tr>\n<tr bgcolor=\"#ffffff\">\n<td align=\"center\">1800 07 1011<\/td>\n<td align=\"center\">10&#215;11<\/td>\n<td align=\"center\">120<\/td>\n<td align=\"center\">13.6<\/td>\n<td align=\"center\">14.6<\/td>\n<td align=\"center\">11<\/td>\n<td align=\"center\">11.5<\/td>\n<td align=\"center\">12<\/td>\n<td align=\"center\">55<\/td>\n<td align=\"center\">5<\/td>\n<\/tr>\n<tr bgcolor=\"#e2e3e4\">\n<td align=\"center\">1800 07 1213<\/td>\n<td align=\"center\">12&#215;13<\/td>\n<td align=\"center\">135<\/td>\n<td align=\"center\">16<\/td>\n<td align=\"center\">17<\/td>\n<td align=\"center\">12<\/td>\n<td align=\"center\">12.5<\/td>\n<td align=\"center\">14<\/td>\n<td align=\"center\">80<\/td>\n<td align=\"center\">5<\/td>\n<\/tr>\n<tr bgcolor=\"#ffffff\">\n<td align=\"center\">1800 07 1415<\/td>\n<td align=\"center\">14&#215;15<\/td>\n<td align=\"center\">135<\/td>\n<td align=\"center\">18.5<\/td>\n<td align=\"center\">19.5<\/td>\n<td align=\"center\">13<\/td>\n<td align=\"center\">13.5<\/td>\n<td align=\"center\">16<\/td>\n<td align=\"center\">110<\/td>\n<td align=\"center\">5<\/td>\n<\/tr>\n<tr bgcolor=\"#e2e3e4\">\n<td align=\"center\">1800 07 1617<\/td>\n<td align=\"center\">16&#215;17<\/td>\n<td align=\"center\">150<\/td>\n<td align=\"center\">21<\/td>\n<td align=\"center\">22<\/td>\n<td align=\"center\">14<\/td>\n<td align=\"center\">14.5<\/td>\n<td align=\"center\">18<\/td>\n<td align=\"center\">150<\/td>\n<td align=\"center\">5<\/td>\n<\/tr>\n<tr bgcolor=\"#ffffff\">\n<td align=\"center\">1800 07 1819<\/td>\n<td align=\"center\">18&#215;19<\/td>\n<td align=\"center\">150<\/td>\n<td align=\"center\">23<\/td>\n<td align=\"center\">24<\/td>\n<td align=\"center\">15<\/td>\n<td align=\"center\">15.5<\/td>\n<td align=\"center\">20<\/td>\n<td align=\"center\">170<\/td>\n<td align=\"center\">5<\/td>\n<\/tr>\n<tr bgcolor=\"#e2e3e4\">\n<td align=\"center\">1800 07 2022<\/td>\n<td align=\"center\">20&#215;22<\/td>\n<td align=\"center\">165<\/td>\n<td align=\"center\">25.4<\/td>\n<td align=\"center\">27.4<\/td>\n<td align=\"center\">16<\/td>\n<td align=\"center\">18<\/td>\n<td align=\"center\">22<\/td>\n<td align=\"center\">220<\/td>\n<td align=\"center\">5<\/td>\n<\/tr>\n<tr bgcolor=\"#ffffff\">\n<td align=\"center\">1800 07 2123<\/td>\n<td align=\"center\">21&#215;23<\/td>\n<td align=\"center\">165<\/td>\n<td align=\"center\">26.4<\/td>\n<td align=\"center\">28.4<\/td>\n<td align=\"center\">17<\/td>\n<td align=\"center\">19<\/td>\n<td align=\"center\">24<\/td>\n<td align=\"center\">240<\/td>\n<td align=\"center\">5<\/td>\n<\/tr>\n<tr bgcolor=\"#e2e3e4\">\n<td align=\"center\">1800 07 2224<\/td>\n<td align=\"center\">22&#215;24<\/td>\n<td align=\"center\">180<\/td>\n<td align=\"center\">27.4<\/td>\n<td align=\"center\">29.4<\/td>\n<td align=\"center\">18<\/td>\n<td align=\"center\">20<\/td>\n<td align=\"center\">24<\/td>\n<td align=\"center\">330<\/td>\n<td align=\"center\">5<\/td>\n<\/tr>\n<tr bgcolor=\"#ffffff\">\n<td align=\"center\">1800 07 2426<\/td>\n<td align=\"center\">24&#215;26<\/td>\n<td align=\"center\">180<\/td>\n<td align=\"center\">30.4<\/td>\n<td align=\"center\">32.4<\/td>\n<td align=\"center\">20<\/td>\n<td align=\"center\">22<\/td>\n<td align=\"center\">26<\/td>\n<td align=\"center\">340<\/td>\n<td align=\"center\">5<\/td>\n<\/tr>\n<tr bgcolor=\"#e2e3e4\">\n<td align=\"center\">1800 07 2427<\/td>\n<td align=\"center\">24&#215;27<\/td>\n<td align=\"center\">180<\/td>\n<td align=\"center\">30.4<\/td>\n<td align=\"center\">33.4<\/td>\n<td align=\"center\">20<\/td>\n<td align=\"center\">23<\/td>\n<td align=\"center\">26<\/td>\n<td align=\"center\">400<\/td>\n<td align=\"center\">5<\/td>\n<\/tr>\n<tr bgcolor=\"#ffffff\">\n<td align=\"center\">1800 07 2528<\/td>\n<td align=\"center\">25&#215;28<\/td>\n<td align=\"center\">200<\/td>\n<td align=\"center\">31.4<\/td>\n<td align=\"center\">34.4<\/td>\n<td align=\"center\">21<\/td>\n<td align=\"center\">24<\/td>\n<td align=\"center\">28<\/td>\n<td align=\"center\">400<\/td>\n<td align=\"center\">5<\/td>\n<\/tr>\n<tr bgcolor=\"#e2e3e4\">\n<td align=\"center\">1800 07 2732<\/td>\n<td align=\"center\">27&#215;32<\/td>\n<td align=\"center\">200<\/td>\n<td align=\"center\">33.4<\/td>\n<td align=\"center\">38.4<\/td>\n<td align=\"center\">23<\/td>\n<td align=\"center\">26<\/td>\n<td align=\"center\">30<\/td>\n<td align=\"center\">435<\/td>\n<td align=\"center\">5<\/td>\n<\/tr>\n<\/tbody>\n<\/table>\n","protected":false},"excerpt":{"rendered":"<p>KOD 1800 07 0607 6&#215;7 105 8.6 9.6 7 8 8 25 5 1800 07 0809 8&#215;9 105 11.2 12.2 9 10 10 35 5 1800 07 1011 10&#215;11 120 13.6 14.6 11 11.5 12 55 5 1800 07 1213 12&#215;13 135 16 17 12 12.5 14 80 5 1800 07 1415 14&#215;15 135 18.5 [&hellip;]<\/p>\n","protected":false},"featured_media":18509,"comment_status":"closed","ping_status":"closed","template":"","meta":[],"product_brand":[],"product_cat":[260,257],"product_tag":[],"class_list":{"0":"post-20089","1":"product","2":"type-product","3":"status-publish","4":"has-post-thumbnail","6":"product_cat-anahtarlar","7":"product_cat-el-aletleri","9":"first","10":"instock","11":"shipping-taxable","12":"product-type-simple"},"_links":{"self":[{"href":"https:\/\/korogluhirdavat.com.tr\/index.php?rest_route=\/wp\/v2\/product\/20089","targetHints":{"allow":["GET"]}}],"collection":[{"href":"https:\/\/korogluhirdavat.com.tr\/index.php?rest_route=\/wp\/v2\/product"}],"about":[{"href":"https:\/\/korogluhirdavat.com.tr\/index.php?rest_route=\/wp\/v2\/types\/product"}],"replies":[{"embeddable":true,"href":"https:\/\/korogluhirdavat.com.tr\/index.php?rest_route=%2Fwp%2Fv2%2Fcomments&post=20089"}],"wp:featuredmedia":[{"embeddable":true,"href":"https:\/\/korogluhirdavat.com.tr\/index.php?rest_route=\/wp\/v2\/media\/18509"}],"wp:attachment":[{"href":"https:\/\/korogluhirdavat.com.tr\/index.php?rest_route=%2Fwp%2Fv2%2Fmedia&parent=20089"}],"wp:term":[{"taxonomy":"product_brand","embeddable":true,"href":"https:\/\/korogluhirdavat.com.tr\/index.php?rest_route=%2Fwp%2Fv2%2Fproduct_brand&post=20089"},{"taxonomy":"product_cat","embeddable":true,"href":"https:\/\/korogluhirdavat.com.tr\/index.php?rest_route=%2Fwp%2Fv2%2Fproduct_cat&post=20089"},{"taxonomy":"product_tag","embeddable":true,"href":"https:\/\/korogluhirdavat.com.tr\/index.php?rest_route=%2Fwp%2Fv2%2Fproduct_tag&post=20089"}],"curies":[{"name":"wp","href":"https:\/\/api.w.org\/{rel}","templated":true}]}}