{"id":20091,"date":"2021-09-03T21:01:48","date_gmt":"2021-09-03T21:01:48","guid":{"rendered":"https:\/\/koroglucivata.com\/?post_type=product&#038;p=20091"},"modified":"2021-09-03T21:01:53","modified_gmt":"2021-09-03T21:01:53","slug":"1800-kovan-anahtar-takimi-iki-agiz-mil-dahil-mm","status":"publish","type":"product","link":"https:\/\/korogluhirdavat.com.tr\/?product=1800-kovan-anahtar-takimi-iki-agiz-mil-dahil-mm","title":{"rendered":"1800 Kovan Anahtar Tak\u0131m\u0131 \u0130ki A\u011f\u0131z (mil dahil, mm)"},"content":{"rendered":"<table border=\"0\" width=\"100%\" cellspacing=\"2\" cellpadding=\"2\">\n<tbody>\n<tr>\n<td align=\"center\" bgcolor=\"#cfd0d2\"><strong>KOD<\/strong><\/td>\n<td align=\"center\" bgcolor=\"#cfd0d2\"><img loading=\"lazy\" decoding=\"async\" src=\"https:\/\/www.izeltas.com.tr\/izeltascomtr\/upl\/Image\/altigenGenis.jpg\" alt=\"\" width=\"34\" height=\"34\" \/><\/td>\n<td align=\"center\" bgcolor=\"#cfd0d2\"><img loading=\"lazy\" decoding=\"async\" src=\"https:\/\/www.izeltas.com.tr\/izeltascomtr\/upl\/Image\/terazi_G.jpg\" alt=\"\" width=\"34\" height=\"34\" \/><\/td>\n<td align=\"center\" bgcolor=\"#cfd0d2\"><img loading=\"lazy\" decoding=\"async\" src=\"https:\/\/www.izeltas.com.tr\/izeltascomtr\/upl\/Image\/kare.jpg\" alt=\"\" width=\"34\" height=\"34\" \/><\/td>\n<\/tr>\n<tr bgcolor=\"#ffffff\">\n<td align=\"center\">1800 00 2106<\/td>\n<td align=\"center\">06&#215;07 &#8211; 08&#215;09 &#8211; 10&#215;11<br \/>\n12&#215;13 &#8211; 14&#215;15 &#8211; 16&#215;17<\/td>\n<td align=\"center\">525<\/td>\n<td align=\"center\">6<\/td>\n<\/tr>\n<tr bgcolor=\"#e2e3e4\">\n<td align=\"center\">1800 00 2108<\/td>\n<td align=\"center\">06&#215;07 &#8211; 08&#215;09 &#8211; 10&#215;11 &#8211; 12&#215;13<br \/>\n14&#215;15 &#8211; 16&#215;17 &#8211; 18&#215;19 &#8211; 20&#215;22<\/td>\n<td align=\"center\">920<\/td>\n<td align=\"center\">8<\/td>\n<\/tr>\n<tr bgcolor=\"#ffffff\">\n<td align=\"center\">1800 00 2110<\/td>\n<td align=\"center\">06&#215;07 &#8211; 08&#215;09 &#8211; 10&#215;11 &#8211; 12&#215;13<br \/>\n14&#215;15 &#8211; 16&#215;17 &#8211; 18&#215;19 &#8211; 20&#215;22<br \/>\n21&#215;23 &#8211; 24&#215;26<\/td>\n<td align=\"center\">1615<\/td>\n<td align=\"center\">10<\/td>\n<\/tr>\n<tr bgcolor=\"#e2e3e4\">\n<td align=\"center\">1800 00 2112<\/td>\n<td align=\"center\">06&#215;07 &#8211; 08&#215;09 &#8211; 10&#215;11 &#8211; 12&#215;13<br \/>\n14&#215;15 &#8211; 16&#215;17 &#8211; 18&#215;19 &#8211; 20&#215;22<br \/>\n21&#215;23 &#8211; 24&#215;26 &#8211; 25&#215;28 &#8211; 27&#215;32<\/td>\n<td align=\"center\">2445<\/td>\n<td align=\"center\">12<\/td>\n<\/tr>\n<\/tbody>\n<\/table>\n","protected":false},"excerpt":{"rendered":"<p>KOD 1800 00 2106 06&#215;07 &#8211; 08&#215;09 &#8211; 10&#215;11 12&#215;13 &#8211; 14&#215;15 &#8211; 16&#215;17 525 6 1800 00 2108 06&#215;07 &#8211; 08&#215;09 &#8211; 10&#215;11 &#8211; 12&#215;13 14&#215;15 &#8211; 16&#215;17 &#8211; 18&#215;19 &#8211; 20&#215;22 920 8 1800 00 2110 06&#215;07 &#8211; 08&#215;09 &#8211; 10&#215;11 &#8211; 12&#215;13 14&#215;15 &#8211; 16&#215;17 &#8211; 18&#215;19 &#8211; 20&#215;22 21&#215;23 &#8211; 24&#215;26 [&hellip;]<\/p>\n","protected":false},"featured_media":18511,"comment_status":"closed","ping_status":"closed","template":"","meta":[],"product_brand":[],"product_cat":[260,257],"product_tag":[],"class_list":{"0":"post-20091","1":"product","2":"type-product","3":"status-publish","4":"has-post-thumbnail","6":"product_cat-anahtarlar","7":"product_cat-el-aletleri","9":"first","10":"instock","11":"shipping-taxable","12":"product-type-simple"},"_links":{"self":[{"href":"https:\/\/korogluhirdavat.com.tr\/index.php?rest_route=\/wp\/v2\/product\/20091","targetHints":{"allow":["GET"]}}],"collection":[{"href":"https:\/\/korogluhirdavat.com.tr\/index.php?rest_route=\/wp\/v2\/product"}],"about":[{"href":"https:\/\/korogluhirdavat.com.tr\/index.php?rest_route=\/wp\/v2\/types\/product"}],"replies":[{"embeddable":true,"href":"https:\/\/korogluhirdavat.com.tr\/index.php?rest_route=%2Fwp%2Fv2%2Fcomments&post=20091"}],"wp:featuredmedia":[{"embeddable":true,"href":"https:\/\/korogluhirdavat.com.tr\/index.php?rest_route=\/wp\/v2\/media\/18511"}],"wp:attachment":[{"href":"https:\/\/korogluhirdavat.com.tr\/index.php?rest_route=%2Fwp%2Fv2%2Fmedia&parent=20091"}],"wp:term":[{"taxonomy":"product_brand","embeddable":true,"href":"https:\/\/korogluhirdavat.com.tr\/index.php?rest_route=%2Fwp%2Fv2%2Fproduct_brand&post=20091"},{"taxonomy":"product_cat","embeddable":true,"href":"https:\/\/korogluhirdavat.com.tr\/index.php?rest_route=%2Fwp%2Fv2%2Fproduct_cat&post=20091"},{"taxonomy":"product_tag","embeddable":true,"href":"https:\/\/korogluhirdavat.com.tr\/index.php?rest_route=%2Fwp%2Fv2%2Fproduct_tag&post=20091"}],"curies":[{"name":"wp","href":"https:\/\/api.w.org\/{rel}","templated":true}]}}