{"id":20093,"date":"2021-09-03T21:01:48","date_gmt":"2021-09-03T21:01:48","guid":{"rendered":"https:\/\/koroglucivata.com\/?post_type=product&#038;p=20093"},"modified":"2021-09-03T21:01:53","modified_gmt":"2021-09-03T21:01:53","slug":"1870-agir-tip-bijon-anahtari-iki-agiz-uzun","status":"publish","type":"product","link":"https:\/\/korogluhirdavat.com.tr\/?product=1870-agir-tip-bijon-anahtari-iki-agiz-uzun","title":{"rendered":"1870 A\u011f\u0131r Tip Bijon Anahtar\u0131 \u0130ki A\u011f\u0131z Uzun"},"content":{"rendered":"<table border=\"0\" width=\"100%\" cellspacing=\"2\" cellpadding=\"2\">\n<tbody>\n<tr>\n<td align=\"center\" bgcolor=\"#cecfd1\"><strong>KOD<\/strong><\/td>\n<td align=\"center\" bgcolor=\"#cecfd1\"><img loading=\"lazy\" decoding=\"async\" src=\"https:\/\/www.izeltas.com.tr\/izeltascomtr\/upl\/Image\/yuvarlakAltigen_mm.jpg\" alt=\"\" width=\"34\" height=\"34\" \/><\/td>\n<td align=\"center\" bgcolor=\"#cecfd1\"><img loading=\"lazy\" decoding=\"async\" src=\"https:\/\/www.izeltas.com.tr\/izeltascomtr\/upl\/Image\/L.jpg\" alt=\"\" width=\"34\" height=\"34\" \/><\/td>\n<td align=\"center\" bgcolor=\"#cecfd1\"><img loading=\"lazy\" decoding=\"async\" src=\"https:\/\/www.izeltas.com.tr\/izeltascomtr\/upl\/Image\/t.jpg\" alt=\"\" width=\"34\" height=\"34\" \/><\/td>\n<td align=\"center\" bgcolor=\"#cecfd1\"><img loading=\"lazy\" decoding=\"async\" src=\"https:\/\/www.izeltas.com.tr\/izeltascomtr\/upl\/Image\/d1.jpg\" alt=\"\" width=\"34\" height=\"34\" \/><\/td>\n<td align=\"center\" bgcolor=\"#cecfd1\"><img loading=\"lazy\" decoding=\"async\" src=\"https:\/\/www.izeltas.com.tr\/izeltascomtr\/upl\/Image\/d2.jpg\" alt=\"\" width=\"34\" height=\"34\" \/><\/td>\n<td align=\"center\" bgcolor=\"#cecfd1\"><img loading=\"lazy\" decoding=\"async\" src=\"https:\/\/www.izeltas.com.tr\/izeltas\/upl\/image\/terazi_G.jpg\" alt=\"\" width=\"34\" height=\"34\" \/><\/td>\n<td align=\"center\" bgcolor=\"#cecfd1\"><img loading=\"lazy\" decoding=\"async\" src=\"https:\/\/www.izeltas.com.tr\/izeltascomtr\/upl\/Image\/kare.jpg\" alt=\"\" width=\"34\" height=\"34\" \/><\/td>\n<\/tr>\n<tr bgcolor=\"#ffffff\">\n<td align=\"center\">*\u00a01870 09 2224<\/td>\n<td align=\"center\">22&#215;24<\/td>\n<td align=\"center\">400<\/td>\n<td align=\"center\">34.5<\/td>\n<td align=\"center\">34<\/td>\n<td align=\"center\">36<\/td>\n<td align=\"center\">1000<\/td>\n<td align=\"center\">10<\/td>\n<\/tr>\n<tr bgcolor=\"#e2e3e4\">\n<td align=\"center\">*\u00a01870 09 2227<\/td>\n<td align=\"center\">22&#215;27<\/td>\n<td align=\"center\">400<\/td>\n<td align=\"center\">34.5<\/td>\n<td align=\"center\">34<\/td>\n<td align=\"center\">40<\/td>\n<td align=\"center\">1050<\/td>\n<td align=\"center\">10<\/td>\n<\/tr>\n<tr bgcolor=\"#ffffff\">\n<td align=\"center\">1870 09 2427<\/td>\n<td align=\"center\">24&#215;27<\/td>\n<td align=\"center\">400<\/td>\n<td align=\"center\">34.5<\/td>\n<td align=\"center\">36<\/td>\n<td align=\"center\">40<\/td>\n<td align=\"center\">1135<\/td>\n<td align=\"center\">10<\/td>\n<\/tr>\n<tr bgcolor=\"#e2e3e4\">\n<td align=\"center\">*1870 09 2430<\/td>\n<td align=\"center\">24&#215;30<\/td>\n<td align=\"center\">400<\/td>\n<td align=\"center\">34.5<\/td>\n<td align=\"center\">36<\/td>\n<td align=\"center\">44<\/td>\n<td align=\"center\">1250<\/td>\n<td align=\"center\">10<\/td>\n<\/tr>\n<tr bgcolor=\"#ffffff\">\n<td align=\"center\">*\u00a01870 09 2727<\/td>\n<td align=\"center\">27&#215;27<\/td>\n<td align=\"center\">400<\/td>\n<td align=\"center\">34.5<\/td>\n<td align=\"center\">40<\/td>\n<td align=\"center\">40<\/td>\n<td align=\"center\">1170<\/td>\n<td align=\"center\">10<\/td>\n<\/tr>\n<tr bgcolor=\"#e2e3e4\">\n<td align=\"center\">1870 09 2730<\/td>\n<td align=\"center\">27&#215;30<\/td>\n<td align=\"center\">400<\/td>\n<td align=\"center\">34.5<\/td>\n<td align=\"center\">40<\/td>\n<td align=\"center\">44<\/td>\n<td align=\"center\">1380<\/td>\n<td align=\"center\">10<\/td>\n<\/tr>\n<tr bgcolor=\"#ffffff\">\n<td align=\"center\">1870 09 2732<\/td>\n<td align=\"center\">27&#215;32<\/td>\n<td align=\"center\">400<\/td>\n<td align=\"center\">34.5<\/td>\n<td align=\"center\">40<\/td>\n<td align=\"center\">46<\/td>\n<td align=\"center\">1380<\/td>\n<td align=\"center\">10<\/td>\n<\/tr>\n<tr bgcolor=\"#e2e3e4\">\n<td align=\"center\">1870 09 3032<\/td>\n<td align=\"center\">30&#215;32<\/td>\n<td align=\"center\">400<\/td>\n<td align=\"center\">34.5<\/td>\n<td align=\"center\">44<\/td>\n<td align=\"center\">46<\/td>\n<td align=\"center\">1380<\/td>\n<td align=\"center\">10<\/td>\n<\/tr>\n<tr bgcolor=\"#ffffff\">\n<td align=\"center\">1870 09 3233<\/td>\n<td align=\"center\">32&#215;33<\/td>\n<td align=\"center\">400<\/td>\n<td align=\"center\">34.5<\/td>\n<td align=\"center\">46<\/td>\n<td align=\"center\">47<\/td>\n<td align=\"center\">1450<\/td>\n<td align=\"center\">10<\/td>\n<\/tr>\n<\/tbody>\n<\/table>\n","protected":false},"excerpt":{"rendered":"<p>KOD *\u00a01870 09 2224 22&#215;24 400 34.5 34 36 1000 10 *\u00a01870 09 2227 22&#215;27 400 34.5 34 40 1050 10 1870 09 2427 24&#215;27 400 34.5 36 40 1135 10 *1870 09 2430 24&#215;30 400 34.5 36 44 1250 10 *\u00a01870 09 2727 27&#215;27 400 34.5 40 40 1170 10 1870 09 2730 27&#215;30 [&hellip;]<\/p>\n","protected":false},"featured_media":18513,"comment_status":"closed","ping_status":"closed","template":"","meta":[],"product_brand":[],"product_cat":[260,257],"product_tag":[],"class_list":{"0":"post-20093","1":"product","2":"type-product","3":"status-publish","4":"has-post-thumbnail","6":"product_cat-anahtarlar","7":"product_cat-el-aletleri","9":"first","10":"instock","11":"shipping-taxable","12":"product-type-simple"},"_links":{"self":[{"href":"https:\/\/korogluhirdavat.com.tr\/index.php?rest_route=\/wp\/v2\/product\/20093","targetHints":{"allow":["GET"]}}],"collection":[{"href":"https:\/\/korogluhirdavat.com.tr\/index.php?rest_route=\/wp\/v2\/product"}],"about":[{"href":"https:\/\/korogluhirdavat.com.tr\/index.php?rest_route=\/wp\/v2\/types\/product"}],"replies":[{"embeddable":true,"href":"https:\/\/korogluhirdavat.com.tr\/index.php?rest_route=%2Fwp%2Fv2%2Fcomments&post=20093"}],"wp:featuredmedia":[{"embeddable":true,"href":"https:\/\/korogluhirdavat.com.tr\/index.php?rest_route=\/wp\/v2\/media\/18513"}],"wp:attachment":[{"href":"https:\/\/korogluhirdavat.com.tr\/index.php?rest_route=%2Fwp%2Fv2%2Fmedia&parent=20093"}],"wp:term":[{"taxonomy":"product_brand","embeddable":true,"href":"https:\/\/korogluhirdavat.com.tr\/index.php?rest_route=%2Fwp%2Fv2%2Fproduct_brand&post=20093"},{"taxonomy":"product_cat","embeddable":true,"href":"https:\/\/korogluhirdavat.com.tr\/index.php?rest_route=%2Fwp%2Fv2%2Fproduct_cat&post=20093"},{"taxonomy":"product_tag","embeddable":true,"href":"https:\/\/korogluhirdavat.com.tr\/index.php?rest_route=%2Fwp%2Fv2%2Fproduct_tag&post=20093"}],"curies":[{"name":"wp","href":"https:\/\/api.w.org\/{rel}","templated":true}]}}