{"id":20095,"date":"2021-09-03T21:01:49","date_gmt":"2021-09-03T21:01:49","guid":{"rendered":"https:\/\/koroglucivata.com\/?post_type=product&#038;p=20095"},"modified":"2021-09-03T21:01:53","modified_gmt":"2021-09-03T21:01:53","slug":"1872-agir-tip-bijon-anahtari-bir-agiz-uzun","status":"publish","type":"product","link":"https:\/\/korogluhirdavat.com.tr\/?product=1872-agir-tip-bijon-anahtari-bir-agiz-uzun","title":{"rendered":"1872 A\u011f\u0131r Tip Bijon Anahtar\u0131 Bir A\u011f\u0131z Uzun"},"content":{"rendered":"<table border=\"0\" width=\"100%\" cellspacing=\"2\" cellpadding=\"2\">\n<tbody>\n<tr>\n<td align=\"center\" bgcolor=\"#cecfd1\"><strong>KOD<\/strong><\/td>\n<td align=\"center\" bgcolor=\"#cecfd1\"><img loading=\"lazy\" decoding=\"async\" src=\"https:\/\/www.izeltas.com.tr\/izeltascomtr\/upl\/Image\/yuvarlakKareAltigen.jpg\" alt=\"\" width=\"34\" height=\"34\" \/><\/td>\n<td align=\"center\" bgcolor=\"#cecfd1\"><img loading=\"lazy\" decoding=\"async\" src=\"https:\/\/www.izeltas.com.tr\/izeltascomtr\/upl\/Image\/L.jpg\" alt=\"\" width=\"34\" height=\"34\" \/><\/td>\n<td align=\"center\" bgcolor=\"#cecfd1\"><img loading=\"lazy\" decoding=\"async\" src=\"https:\/\/www.izeltas.com.tr\/izeltascomtr\/upl\/Image\/t.jpg\" alt=\"\" width=\"34\" height=\"34\" \/><\/td>\n<td align=\"center\" bgcolor=\"#cecfd1\"><img loading=\"lazy\" decoding=\"async\" src=\"https:\/\/www.izeltas.com.tr\/izeltascomtr\/upl\/Image\/d1.jpg\" alt=\"\" width=\"34\" height=\"34\" \/><\/td>\n<td align=\"center\" bgcolor=\"#cecfd1\"><img loading=\"lazy\" decoding=\"async\" src=\"https:\/\/www.izeltas.com.tr\/izeltascomtr\/upl\/Image\/d2.jpg\" alt=\"\" width=\"34\" height=\"34\" \/><\/td>\n<td align=\"center\" bgcolor=\"#cecfd1\"><img loading=\"lazy\" decoding=\"async\" src=\"https:\/\/www.izeltas.com.tr\/izeltas\/upl\/image\/terazi_G.jpg\" alt=\"\" width=\"34\" height=\"34\" \/><\/td>\n<td align=\"center\" bgcolor=\"#cecfd1\"><img loading=\"lazy\" decoding=\"async\" src=\"https:\/\/www.izeltas.com.tr\/izeltascomtr\/upl\/Image\/kare.jpg\" alt=\"\" width=\"34\" height=\"34\" \/><\/td>\n<\/tr>\n<tr bgcolor=\"#ffffff\">\n<td align=\"center\">*\u00a01872 09 1735<\/td>\n<td align=\"center\">17&#215;35<\/td>\n<td align=\"center\">450<\/td>\n<td align=\"center\">30<\/td>\n<td align=\"center\">36<\/td>\n<td align=\"center\">50<\/td>\n<td align=\"center\">1900<\/td>\n<td align=\"center\">10<\/td>\n<\/tr>\n<tr bgcolor=\"#e2e3e4\">\n<td align=\"center\">*\u00a01872 09 1938<\/td>\n<td align=\"center\">19&#215;38<\/td>\n<td align=\"center\">450<\/td>\n<td align=\"center\">34<\/td>\n<td align=\"center\">40<\/td>\n<td align=\"center\">54<\/td>\n<td align=\"center\">1950<\/td>\n<td align=\"center\">10<\/td>\n<\/tr>\n<tr bgcolor=\"#ffffff\">\n<td align=\"center\">*\u00a01872 09 2138<\/td>\n<td align=\"center\">21&#215;38<\/td>\n<td align=\"center\">450<\/td>\n<td align=\"center\">34<\/td>\n<td align=\"center\">40<\/td>\n<td align=\"center\">54<\/td>\n<td align=\"center\">1950<\/td>\n<td align=\"center\">10<\/td>\n<\/tr>\n<tr bgcolor=\"#e2e3e4\">\n<td align=\"center\">*\u00a01872 09 2141<\/td>\n<td align=\"center\">21&#215;41<\/td>\n<td align=\"center\">450<\/td>\n<td align=\"center\">34<\/td>\n<td align=\"center\">40<\/td>\n<td align=\"center\">56<\/td>\n<td align=\"center\">2000<\/td>\n<td align=\"center\">10<\/td>\n<\/tr>\n<\/tbody>\n<\/table>\n","protected":false},"excerpt":{"rendered":"<p>KOD *\u00a01872 09 1735 17&#215;35 450 30 36 50 1900 10 *\u00a01872 09 1938 19&#215;38 450 34 40 54 1950 10 *\u00a01872 09 2138 21&#215;38 450 34 40 54 1950 10 *\u00a01872 09 2141 21&#215;41 450 34 40 56 2000 10<\/p>\n","protected":false},"featured_media":18515,"comment_status":"closed","ping_status":"closed","template":"","meta":[],"product_brand":[],"product_cat":[260,257],"product_tag":[],"class_list":{"0":"post-20095","1":"product","2":"type-product","3":"status-publish","4":"has-post-thumbnail","6":"product_cat-anahtarlar","7":"product_cat-el-aletleri","9":"first","10":"instock","11":"shipping-taxable","12":"product-type-simple"},"_links":{"self":[{"href":"https:\/\/korogluhirdavat.com.tr\/index.php?rest_route=\/wp\/v2\/product\/20095","targetHints":{"allow":["GET"]}}],"collection":[{"href":"https:\/\/korogluhirdavat.com.tr\/index.php?rest_route=\/wp\/v2\/product"}],"about":[{"href":"https:\/\/korogluhirdavat.com.tr\/index.php?rest_route=\/wp\/v2\/types\/product"}],"replies":[{"embeddable":true,"href":"https:\/\/korogluhirdavat.com.tr\/index.php?rest_route=%2Fwp%2Fv2%2Fcomments&post=20095"}],"wp:featuredmedia":[{"embeddable":true,"href":"https:\/\/korogluhirdavat.com.tr\/index.php?rest_route=\/wp\/v2\/media\/18515"}],"wp:attachment":[{"href":"https:\/\/korogluhirdavat.com.tr\/index.php?rest_route=%2Fwp%2Fv2%2Fmedia&parent=20095"}],"wp:term":[{"taxonomy":"product_brand","embeddable":true,"href":"https:\/\/korogluhirdavat.com.tr\/index.php?rest_route=%2Fwp%2Fv2%2Fproduct_brand&post=20095"},{"taxonomy":"product_cat","embeddable":true,"href":"https:\/\/korogluhirdavat.com.tr\/index.php?rest_route=%2Fwp%2Fv2%2Fproduct_cat&post=20095"},{"taxonomy":"product_tag","embeddable":true,"href":"https:\/\/korogluhirdavat.com.tr\/index.php?rest_route=%2Fwp%2Fv2%2Fproduct_tag&post=20095"}],"curies":[{"name":"wp","href":"https:\/\/api.w.org\/{rel}","templated":true}]}}