{"id":20098,"date":"2021-09-03T21:01:49","date_gmt":"2021-09-03T21:01:49","guid":{"rendered":"https:\/\/koroglucivata.com\/?post_type=product&#038;p=20098"},"modified":"2021-09-03T21:01:54","modified_gmt":"2021-09-03T21:01:54","slug":"1940-bijon-anahtari-pipo-tipi-tornavida-agizli","status":"publish","type":"product","link":"https:\/\/korogluhirdavat.com.tr\/?product=1940-bijon-anahtari-pipo-tipi-tornavida-agizli","title":{"rendered":"1940 Bijon Anahtar\u0131 Pipo Tipi (Tornavida A\u011f\u0131zl\u0131)"},"content":{"rendered":"<table border=\"0\" width=\"100%\" cellspacing=\"2\" cellpadding=\"2\">\n<tbody>\n<tr>\n<td align=\"center\" bgcolor=\"#cecfd1\"><strong>KOD<\/strong><\/td>\n<td align=\"center\" bgcolor=\"#cecfd1\"><img loading=\"lazy\" decoding=\"async\" src=\"https:\/\/www.izeltas.com.tr\/izeltascomtr\/upl\/Image\/yuvarlakAltigen_mm.jpg\" alt=\"\" width=\"34\" height=\"34\" \/><\/td>\n<td align=\"center\" bgcolor=\"#cecfd1\"><img loading=\"lazy\" decoding=\"async\" src=\"https:\/\/www.izeltas.com.tr\/izeltascomtr\/upl\/Image\/yuvarlakAltigen_inch.jpg\" alt=\"\" width=\"34\" height=\"34\" \/><\/td>\n<td align=\"center\" bgcolor=\"#cecfd1\"><img loading=\"lazy\" decoding=\"async\" src=\"https:\/\/www.izeltas.com.tr\/izeltascomtr\/upl\/Image\/L.jpg\" alt=\"\" width=\"34\" height=\"34\" \/><\/td>\n<td align=\"center\" bgcolor=\"#cecfd1\"><img loading=\"lazy\" decoding=\"async\" src=\"https:\/\/www.izeltas.com.tr\/izeltascomtr\/upl\/Image\/d.jpg\" alt=\"\" width=\"34\" height=\"34\" \/><\/td>\n<td align=\"center\" bgcolor=\"#cecfd1\"><img loading=\"lazy\" decoding=\"async\" src=\"https:\/\/www.izeltas.com.tr\/izeltascomtr\/upl\/Image\/h.jpg\" alt=\"\" width=\"34\" height=\"34\" \/><\/td>\n<td align=\"center\" bgcolor=\"#cecfd1\"><img loading=\"lazy\" decoding=\"async\" src=\"https:\/\/www.izeltas.com.tr\/izeltascomtr\/upl\/Image\/t.jpg\" alt=\"\" width=\"34\" height=\"34\" \/><\/td>\n<td align=\"center\" bgcolor=\"#cecfd1\"><img loading=\"lazy\" decoding=\"async\" src=\"https:\/\/www.izeltas.com.tr\/izeltascomtr\/upl\/Image\/terazi_G.jpg\" alt=\"\" width=\"34\" height=\"34\" \/><\/td>\n<td align=\"center\" bgcolor=\"#cecfd1\"><img loading=\"lazy\" decoding=\"async\" src=\"https:\/\/www.izeltas.com.tr\/izeltascomtr\/upl\/Image\/kare.jpg\" alt=\"\" width=\"34\" height=\"34\" \/><\/td>\n<\/tr>\n<tr>\n<td align=\"center\" bgcolor=\"#ffffff\">*\u00a01940 09 0017<\/td>\n<td align=\"center\" bgcolor=\"#ffffff\">17<\/td>\n<td align=\"center\" bgcolor=\"#ffffff\">11\/16&#8243;<\/td>\n<td align=\"center\" bgcolor=\"#ffffff\">270<\/td>\n<td align=\"center\" bgcolor=\"#ffffff\">28<\/td>\n<td align=\"center\" bgcolor=\"#ffffff\">65<\/td>\n<td align=\"center\" bgcolor=\"#ffffff\">12<\/td>\n<td align=\"center\" bgcolor=\"#ffffff\">380<\/td>\n<td align=\"center\" bgcolor=\"#ffffff\">10<\/td>\n<\/tr>\n<tr bgcolor=\"#e2e3e4\">\n<td align=\"center\">1940 09 0019<\/td>\n<td align=\"center\">19<\/td>\n<td align=\"center\">3\/4&#8243;<\/td>\n<td align=\"center\">285<\/td>\n<td align=\"center\">28<\/td>\n<td align=\"center\">65<\/td>\n<td align=\"center\">14<\/td>\n<td align=\"center\">470<\/td>\n<td align=\"center\">10<\/td>\n<\/tr>\n<tr>\n<td align=\"center\" bgcolor=\"#ffffff\">1940 09 0021<\/td>\n<td align=\"center\" bgcolor=\"#ffffff\">21<\/td>\n<td align=\"center\" bgcolor=\"#ffffff\">13\/16&#8243;<\/td>\n<td align=\"center\" bgcolor=\"#ffffff\">320<\/td>\n<td align=\"center\" bgcolor=\"#ffffff\">30<\/td>\n<td align=\"center\" bgcolor=\"#ffffff\">85<\/td>\n<td align=\"center\" bgcolor=\"#ffffff\">16<\/td>\n<td align=\"center\" bgcolor=\"#ffffff\">575<\/td>\n<td align=\"center\" bgcolor=\"#ffffff\">10<\/td>\n<\/tr>\n<tr bgcolor=\"#e2e3e4\">\n<td align=\"center\">*\u00a01940 09 0022<\/td>\n<td align=\"center\">22<\/td>\n<td align=\"center\">7\/8&#8243;<\/td>\n<td align=\"center\">335<\/td>\n<td align=\"center\">30<\/td>\n<td align=\"center\">85<\/td>\n<td align=\"center\">17<\/td>\n<td align=\"center\">530<\/td>\n<td align=\"center\">10<\/td>\n<\/tr>\n<\/tbody>\n<\/table>\n","protected":false},"excerpt":{"rendered":"<p>KOD *\u00a01940 09 0017 17 11\/16&#8243; 270 28 65 12 380 10 1940 09 0019 19 3\/4&#8243; 285 28 65 14 470 10 1940 09 0021 21 13\/16&#8243; 320 30 85 16 575 10 *\u00a01940 09 0022 22 7\/8&#8243; 335 30 85 17 530 10<\/p>\n","protected":false},"featured_media":18518,"comment_status":"closed","ping_status":"closed","template":"","meta":[],"product_brand":[],"product_cat":[260,257],"product_tag":[],"class_list":{"0":"post-20098","1":"product","2":"type-product","3":"status-publish","4":"has-post-thumbnail","6":"product_cat-anahtarlar","7":"product_cat-el-aletleri","9":"first","10":"instock","11":"shipping-taxable","12":"product-type-simple"},"_links":{"self":[{"href":"https:\/\/korogluhirdavat.com.tr\/index.php?rest_route=\/wp\/v2\/product\/20098","targetHints":{"allow":["GET"]}}],"collection":[{"href":"https:\/\/korogluhirdavat.com.tr\/index.php?rest_route=\/wp\/v2\/product"}],"about":[{"href":"https:\/\/korogluhirdavat.com.tr\/index.php?rest_route=\/wp\/v2\/types\/product"}],"replies":[{"embeddable":true,"href":"https:\/\/korogluhirdavat.com.tr\/index.php?rest_route=%2Fwp%2Fv2%2Fcomments&post=20098"}],"wp:featuredmedia":[{"embeddable":true,"href":"https:\/\/korogluhirdavat.com.tr\/index.php?rest_route=\/wp\/v2\/media\/18518"}],"wp:attachment":[{"href":"https:\/\/korogluhirdavat.com.tr\/index.php?rest_route=%2Fwp%2Fv2%2Fmedia&parent=20098"}],"wp:term":[{"taxonomy":"product_brand","embeddable":true,"href":"https:\/\/korogluhirdavat.com.tr\/index.php?rest_route=%2Fwp%2Fv2%2Fproduct_brand&post=20098"},{"taxonomy":"product_cat","embeddable":true,"href":"https:\/\/korogluhirdavat.com.tr\/index.php?rest_route=%2Fwp%2Fv2%2Fproduct_cat&post=20098"},{"taxonomy":"product_tag","embeddable":true,"href":"https:\/\/korogluhirdavat.com.tr\/index.php?rest_route=%2Fwp%2Fv2%2Fproduct_tag&post=20098"}],"curies":[{"name":"wp","href":"https:\/\/api.w.org\/{rel}","templated":true}]}}