{"id":20101,"date":"2021-09-03T21:01:49","date_gmt":"2021-09-03T21:01:49","guid":{"rendered":"https:\/\/koroglucivata.com\/?post_type=product&#038;p=20101"},"modified":"2021-09-03T21:01:54","modified_gmt":"2021-09-03T21:01:54","slug":"1975-1-2-adaptorlu-bijon-anahtari-istavroz-tipi","status":"publish","type":"product","link":"https:\/\/korogluhirdavat.com.tr\/?product=1975-1-2-adaptorlu-bijon-anahtari-istavroz-tipi","title":{"rendered":"1975 1\/2&#8243; Adapt\u00f6rl\u00fc Bijon Anahtar\u0131 \u0130stavroz Tipi"},"content":{"rendered":"<table border=\"0\" width=\"100%\" cellspacing=\"2\" cellpadding=\"2\">\n<tbody>\n<tr>\n<td align=\"center\" bgcolor=\"#cecfd1\"><strong>KOD<\/strong><\/td>\n<td align=\"center\" bgcolor=\"#cecfd1\"><img loading=\"lazy\" decoding=\"async\" src=\"https:\/\/www.izeltas.com.tr\/izeltascomtr\/upl\/Image\/yuvarlakAltigen_mm.jpg\" alt=\"\" width=\"34\" height=\"34\" \/><\/td>\n<td align=\"center\" bgcolor=\"#cecfd1\"><img loading=\"lazy\" decoding=\"async\" src=\"https:\/\/www.izeltas.com.tr\/izeltascomtr\/upl\/Image\/yuvarlakAltigen_inch.jpg\" alt=\"\" width=\"34\" height=\"34\" \/><\/td>\n<td align=\"center\" bgcolor=\"#cecfd1\"><img loading=\"lazy\" decoding=\"async\" src=\"https:\/\/www.izeltas.com.tr\/izeltascomtr\/upl\/Image\/d.jpg\" alt=\"\" width=\"34\" height=\"34\" \/><\/td>\n<td align=\"center\" bgcolor=\"#cecfd1\"><img loading=\"lazy\" decoding=\"async\" src=\"https:\/\/www.izeltas.com.tr\/izeltascomtr\/upl\/Image\/h.jpg\" alt=\"\" width=\"34\" height=\"34\" \/><\/td>\n<td align=\"center\" bgcolor=\"#cecfd1\"><img loading=\"lazy\" decoding=\"async\" src=\"https:\/\/www.izeltas.com.tr\/izeltascomtr\/upl\/Image\/d_kucuk.jpg\" alt=\"\" width=\"34\" height=\"34\" \/><\/td>\n<td align=\"center\" bgcolor=\"#cecfd1\"><img loading=\"lazy\" decoding=\"async\" src=\"https:\/\/www.izeltas.com.tr\/izeltascomtr\/upl\/Image\/L.jpg\" alt=\"\" width=\"34\" height=\"34\" \/><\/td>\n<td align=\"center\" bgcolor=\"#cecfd1\"><img loading=\"lazy\" decoding=\"async\" src=\"https:\/\/www.izeltas.com.tr\/izeltascomtr\/upl\/Image\/A_mm.jpg\" alt=\"\" width=\"34\" height=\"34\" \/><\/td>\n<td align=\"center\" bgcolor=\"#cecfd1\"><img loading=\"lazy\" decoding=\"async\" src=\"https:\/\/www.izeltas.com.tr\/izeltascomtr\/upl\/Image\/terazi_G.jpg\" alt=\"\" width=\"34\" height=\"34\" \/><\/td>\n<td align=\"center\" bgcolor=\"#cecfd1\"><img loading=\"lazy\" decoding=\"async\" src=\"https:\/\/www.izeltas.com.tr\/izeltascomtr\/upl\/Image\/kare.jpg\" alt=\"\" width=\"34\" height=\"34\" \/><\/td>\n<\/tr>\n<tr>\n<td rowspan=\"4\" align=\"center\" bgcolor=\"#ffffff\">1975 09 1322<\/td>\n<td align=\"center\" bgcolor=\"#ffffff\">17<\/td>\n<td align=\"center\" bgcolor=\"#ffffff\">11\/16&#8243;<\/td>\n<td align=\"center\" bgcolor=\"#ffffff\">26<\/td>\n<td align=\"center\" bgcolor=\"#ffffff\">12<\/td>\n<td rowspan=\"4\" align=\"center\" bgcolor=\"#ffffff\">16<\/td>\n<td rowspan=\"4\" align=\"center\" bgcolor=\"#ffffff\">420<\/td>\n<td rowspan=\"4\" align=\"center\" bgcolor=\"#ffffff\">12.65<\/td>\n<td rowspan=\"4\" align=\"center\" bgcolor=\"#ffffff\">1375<\/td>\n<td rowspan=\"4\" align=\"center\" bgcolor=\"#ffffff\">10<\/td>\n<\/tr>\n<tr>\n<td align=\"center\" bgcolor=\"#e2e3e4\">19<\/td>\n<td align=\"center\" bgcolor=\"#e2e3e4\">3\/4&#8243;<\/td>\n<td align=\"center\" bgcolor=\"#e2e3e4\">28<\/td>\n<td align=\"center\" bgcolor=\"#e2e3e4\">14<\/td>\n<\/tr>\n<tr>\n<td align=\"center\" bgcolor=\"#ffffff\">22<\/td>\n<td align=\"center\" bgcolor=\"#ffffff\">7\/8&#8243;<\/td>\n<td align=\"center\" bgcolor=\"#ffffff\">32<\/td>\n<td align=\"center\" bgcolor=\"#ffffff\">17<\/td>\n<\/tr>\n<tr>\n<td align=\"center\" bgcolor=\"#e2e3e4\"><\/td>\n<td align=\"center\" bgcolor=\"#e2e3e4\">1\/2&#8243;<\/td>\n<td align=\"center\" bgcolor=\"#e2e3e4\"><\/td>\n<td align=\"center\" bgcolor=\"#e2e3e4\"><\/td>\n<\/tr>\n<\/tbody>\n<\/table>\n<p>&nbsp;<\/p>\n","protected":false},"excerpt":{"rendered":"<p>KOD 1975 09 1322 17 11\/16&#8243; 26 12 16 420 12.65 1375 10 19 3\/4&#8243; 28 14 22 7\/8&#8243; 32 17 1\/2&#8243; &nbsp;<\/p>\n","protected":false},"featured_media":18521,"comment_status":"closed","ping_status":"closed","template":"","meta":[],"product_brand":[],"product_cat":[260,257],"product_tag":[],"class_list":{"0":"post-20101","1":"product","2":"type-product","3":"status-publish","4":"has-post-thumbnail","6":"product_cat-anahtarlar","7":"product_cat-el-aletleri","9":"first","10":"instock","11":"shipping-taxable","12":"product-type-simple"},"_links":{"self":[{"href":"https:\/\/korogluhirdavat.com.tr\/index.php?rest_route=\/wp\/v2\/product\/20101","targetHints":{"allow":["GET"]}}],"collection":[{"href":"https:\/\/korogluhirdavat.com.tr\/index.php?rest_route=\/wp\/v2\/product"}],"about":[{"href":"https:\/\/korogluhirdavat.com.tr\/index.php?rest_route=\/wp\/v2\/types\/product"}],"replies":[{"embeddable":true,"href":"https:\/\/korogluhirdavat.com.tr\/index.php?rest_route=%2Fwp%2Fv2%2Fcomments&post=20101"}],"wp:featuredmedia":[{"embeddable":true,"href":"https:\/\/korogluhirdavat.com.tr\/index.php?rest_route=\/wp\/v2\/media\/18521"}],"wp:attachment":[{"href":"https:\/\/korogluhirdavat.com.tr\/index.php?rest_route=%2Fwp%2Fv2%2Fmedia&parent=20101"}],"wp:term":[{"taxonomy":"product_brand","embeddable":true,"href":"https:\/\/korogluhirdavat.com.tr\/index.php?rest_route=%2Fwp%2Fv2%2Fproduct_brand&post=20101"},{"taxonomy":"product_cat","embeddable":true,"href":"https:\/\/korogluhirdavat.com.tr\/index.php?rest_route=%2Fwp%2Fv2%2Fproduct_cat&post=20101"},{"taxonomy":"product_tag","embeddable":true,"href":"https:\/\/korogluhirdavat.com.tr\/index.php?rest_route=%2Fwp%2Fv2%2Fproduct_tag&post=20101"}],"curies":[{"name":"wp","href":"https:\/\/api.w.org\/{rel}","templated":true}]}}